{"id":1,"date":"2011-01-09T22:00:00","date_gmt":"2011-01-09T20:00:00","guid":{"rendered":"http:\/\/caferabbasoglu.moldibi.com\/varis-nedir\/"},"modified":"2016-02-27T12:23:17","modified_gmt":"2016-02-27T10:23:17","slug":"varis-nedir","status":"publish","type":"page","link":"https:\/\/www.caferabbasoglu.com\/en\/varis-nedir\/","title":{"rendered":"Varis Nedir ?"},"content":{"rendered":"<p><a href=\"http:\/\/www.caferabbasoglu.com\/wp-content\/uploads\/2011\/01\/varis.jpg\"><img decoding=\"async\" class=\"alignleft wp-image-102 size-medium lazyload\" data-src=\"http:\/\/www.caferabbasoglu.com\/wp-content\/uploads\/2011\/01\/varis-300x225.jpg\" alt=\"Varis\" width=\"300\" height=\"225\" data-srcset=\"https:\/\/www.caferabbasoglu.com\/wp-content\/uploads\/2011\/01\/varis-300x225.jpg 300w, https:\/\/www.caferabbasoglu.com\/wp-content\/uploads\/2011\/01\/varis.jpg 343w\" data-sizes=\"(max-width: 300px) 100vw, 300px\" src=\"data:image\/gif;base64,R0lGODlhAQABAAAAACH5BAEKAAEALAAAAAABAAEAAAICTAEAOw==\" style=\"--smush-placeholder-width: 300px; --smush-placeholder-aspect-ratio: 300\/225;\" \/><\/a><\/p>\n<p>Varis hastal\u0131\u011f\u0131 toplar damarlar\u0131m\u0131z\u0131n bas\u0131n\u00e7 alt\u0131nda herhangi bir nedene ba\u011fl\u0131 olarak geni\u015flemesidir.<\/p>\n<p>Varis hastal\u0131\u011f\u0131 bacaklardaki toplardamarlar\u0131n tansiyonunun y\u00fcksek olmas\u0131 hastal\u0131\u011f\u0131d\u0131r. Di\u011fer bir deyi\u015fle bacaklar\u0131m\u0131zdaki toplardamarlar\u0131n bas\u0131nc\u0131n\u0131n y\u00fcksek olmas\u0131na varis denir.<\/p>\n<p>Derin yerle\u015fimli popliteal ve femoral venler \u00e7evrelerindeki kas pompas\u0131 yard\u0131m\u0131yla kan ak\u0131m\u0131n\u0131n %95&#8217;ini sa\u011flamaktad\u0131r. Bu sisteme derin toplardamar sistemi deriz.<\/p>\n<ul>\n<li>Y\u00fczeyel venler cilt alt\u0131nda yerle\u015fmekte olup, safeyna magna dahil\u00a0kan ak\u0131m\u0131n\u0131n %5&#8217;ini sa\u011flar. Bu sisteme y\u00fczeyel toplardamar sistemi deriz. Bu sistemdeki toplardamarlar\u0131n geni\u015flemesi, g\u00f6r\u00fcn\u00fcr hale gelmesi halk aras\u0131nda varis hastal\u0131\u011f\u0131 olarak bilinmektedir.<\/li>\n<li>Perforan venler derin ve y\u00fczeyel toplar damar sistemini birle\u015ftirir. Perforan venlerin yetmezli\u011fi ve kapak\u00e7\u0131klar\u0131n\u0131n bas\u0131nca maruz kalarak bozulmas\u0131 y\u00fczeyel toplardamarlarda geni\u015flemeye ve varisle\u015fmeye neden olmaktad\u0131r.<\/li>\n<\/ul>\n<p>Yukar\u0131da bahsedilen her 3 toplar damar sisteminde kan ak\u0131m\u0131n\u0131 yukar\u0131ya do\u011fru sa\u011flayan kapakc\u0131klar bulunmaktad\u0131r. Kas pompas\u0131 ise \u00f6zellikle derin ven\u00f6z sistemde etkili olup toplar damarlardaki kan\u0131n yukar\u0131ya do\u011fru akmas\u0131n\u0131 sa\u011flar.<\/p>\n<p>Varis hastal\u0131\u011f\u0131 y\u00fczeyel toplar damarlar\u0131n hastal\u0131\u011f\u0131d\u0131r. M\u00fcltiple fakt\u00f6rlerin etkisi alt\u0131nda y\u00fczeyel toplar damarlar dilate olup elastisitelerini kayb ediyorlar. Venlerdeki kapakc\u0131klar ise normal fonksiyonlar\u0131n\u0131 kayb edip kan ak\u0131m\u0131 s\u0131ras\u0131nda tamamen kapanm\u0131yorlar ve bunun sonucunda kan ters y\u00f6nde kalbe do\u011fru de\u011fil ayaklara do\u011fru akar.<\/p>\n<p>Derin ven\u00f6z sistemdeki dolgunluk perforan venler yoluyla y\u00fczeyel ven\u00f6z sistemi de etkiler ve y\u00fczeyel ven\u00f6z sistemde geni\u015fleme ve dolgunluk ortaya \u00e7\u0131kar.<\/p>\n<table border=\"0\" cellspacing=\"0\" cellpadding=\"5\">\n<tbody>\n<tr>\n<td>\n<div id=\"attachment_118\" style=\"width: 235px\" class=\"wp-caption alignnone\"><a href=\"http:\/\/wwwcaferabbasoglu.com\/wp-content\/uploads\/2011\/01\/4ncu_derecede_varisler.jpg\"><img decoding=\"async\" aria-describedby=\"caption-attachment-118\" class=\"wp-image-118 lazyload\" data-src=\"http:\/\/www.caferabbasoglu.com\/wp-content\/uploads\/2011\/01\/4ncu_derecede_varisler-285x300.jpg\" alt=\"Erkek hastada y\u00fczeyel toplar, damarda ilerlemi\u015f varis\" width=\"225\" height=\"237\" data-srcset=\"https:\/\/www.caferabbasoglu.com\/wp-content\/uploads\/2011\/01\/4ncu_derecede_varisler-285x300.jpg 285w, https:\/\/www.caferabbasoglu.com\/wp-content\/uploads\/2011\/01\/4ncu_derecede_varisler.jpg 445w\" data-sizes=\"(max-width: 225px) 100vw, 225px\" src=\"data:image\/gif;base64,R0lGODlhAQABAAAAACH5BAEKAAEALAAAAAABAAEAAAICTAEAOw==\" style=\"--smush-placeholder-width: 225px; --smush-placeholder-aspect-ratio: 225\/237;\" \/><\/a><p id=\"caption-attachment-118\" class=\"wp-caption-text\">Erkek \u00f6\u011fretmen hastada ilerlemi\u015f varis<\/p><\/div><\/td>\n<td>\n<div id=\"attachment_119\" style=\"width: 235px\" class=\"wp-caption alignnone\"><a href=\"http:\/\/www.caferabbasoglu.com\/wp-content\/uploads\/2011\/01\/ilerlemis_varisler_bayan_hasta.jpg\"><img decoding=\"async\" aria-describedby=\"caption-attachment-119\" class=\"wp-image-119 size-medium lazyload\" data-src=\"http:\/\/www.caferabbasoglu.com\/wp-content\/uploads\/2011\/01\/ilerlemis_varisler_bayan_hasta-225x300.jpg\" alt=\"Kad\u0131n Hastada 4. Do\u011fumdan Sonra \u0130lerlemi\u015f Varis\" width=\"225\" height=\"300\" data-srcset=\"https:\/\/www.caferabbasoglu.com\/wp-content\/uploads\/2011\/01\/ilerlemis_varisler_bayan_hasta-225x300.jpg 225w, https:\/\/www.caferabbasoglu.com\/wp-content\/uploads\/2011\/01\/ilerlemis_varisler_bayan_hasta.jpg 480w\" data-sizes=\"(max-width: 225px) 100vw, 225px\" src=\"data:image\/gif;base64,R0lGODlhAQABAAAAACH5BAEKAAEALAAAAAABAAEAAAICTAEAOw==\" style=\"--smush-placeholder-width: 225px; --smush-placeholder-aspect-ratio: 225\/300;\" \/><\/a><p id=\"caption-attachment-119\" class=\"wp-caption-text\">Kad\u0131n hastada 4. do\u011fumdan sonra ilerlemi\u015f varis<\/p><\/div><\/td>\n<\/tr>\n<tr>\n<td>\n<div id=\"attachment_117\" style=\"width: 210px\" class=\"wp-caption alignnone\"><a href=\"http:\/\/www.caferabbasoglu.com\/wp-content\/uploads\/2011\/01\/ilerlemis_varis_bayan_hasta.jpg\"><img decoding=\"async\" aria-describedby=\"caption-attachment-117\" class=\"wp-image-117 lazyload\" data-src=\"http:\/\/www.caferabbasoglu.com\/wp-content\/uploads\/2011\/01\/ilerlemis_varis_bayan_hasta.jpg\" alt=\"Kad\u0131n \u00f6\u011fretmen hastada ilerlemi\u015f varis\" width=\"200\" height=\"329\" data-srcset=\"https:\/\/www.caferabbasoglu.com\/wp-content\/uploads\/2011\/01\/ilerlemis_varis_bayan_hasta.jpg 292w, https:\/\/www.caferabbasoglu.com\/wp-content\/uploads\/2011\/01\/ilerlemis_varis_bayan_hasta-183x300.jpg 183w\" data-sizes=\"(max-width: 200px) 100vw, 200px\" src=\"data:image\/gif;base64,R0lGODlhAQABAAAAACH5BAEKAAEALAAAAAABAAEAAAICTAEAOw==\" style=\"--smush-placeholder-width: 200px; --smush-placeholder-aspect-ratio: 200\/329;\" \/><\/a><p id=\"caption-attachment-117\" class=\"wp-caption-text\">Kad\u0131n \u00f6\u011fretmen hastada ilerlemi\u015f varis<\/p><\/div><\/td>\n<td>\n<div id=\"attachment_116\" style=\"width: 210px\" class=\"wp-caption alignnone\"><a href=\"http:\/\/www.caferabbasoglu.com\/wp-content\/uploads\/2011\/01\/varisler_agrili_bacak.jpg\"><img decoding=\"async\" aria-describedby=\"caption-attachment-116\" class=\"wp-image-116 lazyload\" data-src=\"http:\/\/www.caferabbasoglu.com\/wp-content\/uploads\/2011\/01\/varisler_agrili_bacak.jpg\" alt=\"Di\u015f hekimi hastada 4'nc\u00fc derece varis\" width=\"200\" height=\"150\" data-srcset=\"https:\/\/www.caferabbasoglu.com\/wp-content\/uploads\/2011\/01\/varisler_agrili_bacak.jpg 640w, https:\/\/www.caferabbasoglu.com\/wp-content\/uploads\/2011\/01\/varisler_agrili_bacak-300x225.jpg 300w\" data-sizes=\"(max-width: 200px) 100vw, 200px\" src=\"data:image\/gif;base64,R0lGODlhAQABAAAAACH5BAEKAAEALAAAAAABAAEAAAICTAEAOw==\" style=\"--smush-placeholder-width: 200px; --smush-placeholder-aspect-ratio: 200\/150;\" \/><\/a><p id=\"caption-attachment-116\" class=\"wp-caption-text\">Di\u015f hekimi hastada 4&#8217;nc\u00fc derece varis<\/p><\/div><\/td>\n<\/tr>\n<\/tbody>\n<\/table>\n","protected":false},"excerpt":{"rendered":"<p>Varis hastal\u0131\u011f\u0131 toplar damarlar\u0131m\u0131z\u0131n bas\u0131n\u00e7 alt\u0131nda herhangi bir nedene ba\u011fl\u0131 olarak geni\u015flemesidir. Varis hastal\u0131\u011f\u0131 bacaklardaki toplardamarlar\u0131n tansiyonunun y\u00fcksek olmas\u0131 hastal\u0131\u011f\u0131d\u0131r. Di\u011fer bir deyi\u015fle bacaklar\u0131m\u0131zdaki toplardamarlar\u0131n bas\u0131nc\u0131n\u0131n y\u00fcksek olmas\u0131na varis denir. Derin yerle\u015fimli popliteal ve femoral venler \u00e7evrelerindeki kas pompas\u0131 yard\u0131m\u0131yla kan ak\u0131m\u0131n\u0131n %95&#8217;ini sa\u011flamaktad\u0131r. Bu sisteme derin toplardamar sistemi deriz. Y\u00fczeyel venler cilt alt\u0131nda yerle\u015fmekte [&hellip;]<\/p>\n","protected":false},"author":5,"featured_media":0,"parent":0,"menu_order":2,"comment_status":"closed","ping_status":"closed","template":"","meta":{"two_page_speed":[],"footnotes":""},"class_list":["post-1","page","type-page","status-publish","hentry"],"translation":{"provider":"WPGlobus","version":"3.0.0","language":"en","enabled_languages":["tr","en"],"languages":{"tr":{"title":true,"content":true,"excerpt":false},"en":{"title":false,"content":false,"excerpt":false}}},"yoast_head":"<!-- This site is optimized with the Yoast SEO plugin v24.9 - https:\/\/yoast.com\/wordpress\/plugins\/seo\/ -->\n<title>Varis Nedir ? - Opr.Dr.Cafer Abbaso\u011flu<\/title>\n<meta name=\"robots\" content=\"index, follow, max-snippet:-1, max-image-preview:large, max-video-preview:-1\" \/>\n<link rel=\"canonical\" href=\"https:\/\/www.caferabbasoglu.com\/varis-nedir\/\" \/>\n<meta property=\"og:locale\" content=\"en_US\" \/>\n<meta property=\"og:type\" content=\"article\" \/>\n<meta property=\"og:title\" content=\"Varis Nedir ? - Opr.Dr.Cafer Abbaso\u011flu\" \/>\n<meta property=\"og:url\" content=\"https:\/\/www.caferabbasoglu.com\/varis-nedir\/\" \/>\n<meta property=\"og:site_name\" content=\"Opr.Dr.Cafer Abbaso\u011flu\" \/>\n<meta property=\"article:modified_time\" content=\"2016-02-27T10:23:17+00:00\" \/>\n<meta property=\"og:image\" content=\"http:\/\/www.caferabbasoglu.com\/wp-content\/uploads\/2011\/01\/varis-300x225.jpg\" \/>\n<meta name=\"twitter:card\" content=\"summary_large_image\" \/>\n<meta name=\"twitter:label1\" content=\"Est. reading time\" \/>\n\t<meta name=\"twitter:data1\" content=\"2 minutes\" \/>\n<script type=\"application\/ld+json\" class=\"yoast-schema-graph\">{\"@context\":\"https:\/\/schema.org\",\"@graph\":[{\"@type\":\"WebPage\",\"@id\":\"https:\/\/www.caferabbasoglu.com\/varis-nedir\/\",\"url\":\"https:\/\/www.caferabbasoglu.com\/varis-nedir\/\",\"name\":\"Varis Nedir ? - Opr.Dr.Cafer Abbaso\u011flu\",\"isPartOf\":{\"@id\":\"https:\/\/www.caferabbasoglu.com\/#website\"},\"primaryImageOfPage\":{\"@id\":\"https:\/\/www.caferabbasoglu.com\/varis-nedir\/#primaryimage\"},\"image\":{\"@id\":\"https:\/\/www.caferabbasoglu.com\/varis-nedir\/#primaryimage\"},\"thumbnailUrl\":\"http:\/\/www.caferabbasoglu.com\/wp-content\/uploads\/2011\/01\/varis-300x225.jpg\",\"datePublished\":\"2011-01-09T20:00:00+00:00\",\"dateModified\":\"2016-02-27T10:23:17+00:00\",\"breadcrumb\":{\"@id\":\"https:\/\/www.caferabbasoglu.com\/varis-nedir\/#breadcrumb\"},\"inLanguage\":\"en-US\",\"potentialAction\":[{\"@type\":\"ReadAction\",\"target\":[\"https:\/\/www.caferabbasoglu.com\/varis-nedir\/\"]}]},{\"@type\":\"ImageObject\",\"inLanguage\":\"en-US\",\"@id\":\"https:\/\/www.caferabbasoglu.com\/varis-nedir\/#primaryimage\",\"url\":\"http:\/\/www.caferabbasoglu.com\/wp-content\/uploads\/2011\/01\/varis-300x225.jpg\",\"contentUrl\":\"http:\/\/www.caferabbasoglu.com\/wp-content\/uploads\/2011\/01\/varis-300x225.jpg\"},{\"@type\":\"BreadcrumbList\",\"@id\":\"https:\/\/www.caferabbasoglu.com\/varis-nedir\/#breadcrumb\",\"itemListElement\":[{\"@type\":\"ListItem\",\"position\":1,\"name\":\"Ana Sayfa\",\"item\":\"https:\/\/www.caferabbasoglu.com\/\"},{\"@type\":\"ListItem\",\"position\":2,\"name\":\"Varis Nedir ?\"}]},{\"@type\":\"WebSite\",\"@id\":\"https:\/\/www.caferabbasoglu.com\/#website\",\"url\":\"https:\/\/www.caferabbasoglu.com\/\",\"name\":\"Opr.Dr.Cafer Abbaso\u011flu\",\"description\":\"Damar Hastal\u0131klar\u0131, Varis ve Diyabet Hakk\u0131nda Bilgiler\",\"publisher\":{\"@id\":\"https:\/\/www.caferabbasoglu.com\/#organization\"},\"potentialAction\":[{\"@type\":\"SearchAction\",\"target\":{\"@type\":\"EntryPoint\",\"urlTemplate\":\"https:\/\/www.caferabbasoglu.com\/?s={search_term_string}\"},\"query-input\":{\"@type\":\"PropertyValueSpecification\",\"valueRequired\":true,\"valueName\":\"search_term_string\"}}],\"inLanguage\":\"en-US\"},{\"@type\":\"Organization\",\"@id\":\"https:\/\/www.caferabbasoglu.com\/#organization\",\"name\":\"Damar Hastal\u0131klar\u0131 ve Varis Tedavileri Merkezi\",\"url\":\"https:\/\/www.caferabbasoglu.com\/\",\"logo\":{\"@type\":\"ImageObject\",\"inLanguage\":\"en-US\",\"@id\":\"https:\/\/www.caferabbasoglu.com\/#\/schema\/logo\/image\/\",\"url\":\"http:\/\/www.caferabbasoglu.com\/wp-content\/uploads\/2010\/08\/imza_eposta.jpg\",\"contentUrl\":\"http:\/\/www.caferabbasoglu.com\/wp-content\/uploads\/2010\/08\/imza_eposta.jpg\",\"width\":640,\"height\":121,\"caption\":\"Damar Hastal\u0131klar\u0131 ve Varis Tedavileri Merkezi\"},\"image\":{\"@id\":\"https:\/\/www.caferabbasoglu.com\/#\/schema\/logo\/image\/\"}}]}<\/script>\n<!-- \/ Yoast SEO plugin. -->","yoast_head_json":{"title":"Varis Nedir ? - Opr.Dr.Cafer Abbaso\u011flu","robots":{"index":"index","follow":"follow","max-snippet":"max-snippet:-1","max-image-preview":"max-image-preview:large","max-video-preview":"max-video-preview:-1"},"canonical":"https:\/\/www.caferabbasoglu.com\/varis-nedir\/","og_locale":"en_US","og_type":"article","og_title":"Varis Nedir ? - Opr.Dr.Cafer Abbaso\u011flu","og_url":"https:\/\/www.caferabbasoglu.com\/varis-nedir\/","og_site_name":"Opr.Dr.Cafer Abbaso\u011flu","article_modified_time":"2016-02-27T10:23:17+00:00","og_image":[{"url":"http:\/\/www.caferabbasoglu.com\/wp-content\/uploads\/2011\/01\/varis-300x225.jpg","type":"","width":"","height":""}],"twitter_card":"summary_large_image","twitter_misc":{"Est. reading time":"2 minutes"},"schema":{"@context":"https:\/\/schema.org","@graph":[{"@type":"WebPage","@id":"https:\/\/www.caferabbasoglu.com\/varis-nedir\/","url":"https:\/\/www.caferabbasoglu.com\/varis-nedir\/","name":"Varis Nedir ? - Opr.Dr.Cafer Abbaso\u011flu","isPartOf":{"@id":"https:\/\/www.caferabbasoglu.com\/#website"},"primaryImageOfPage":{"@id":"https:\/\/www.caferabbasoglu.com\/varis-nedir\/#primaryimage"},"image":{"@id":"https:\/\/www.caferabbasoglu.com\/varis-nedir\/#primaryimage"},"thumbnailUrl":"http:\/\/www.caferabbasoglu.com\/wp-content\/uploads\/2011\/01\/varis-300x225.jpg","datePublished":"2011-01-09T20:00:00+00:00","dateModified":"2016-02-27T10:23:17+00:00","breadcrumb":{"@id":"https:\/\/www.caferabbasoglu.com\/varis-nedir\/#breadcrumb"},"inLanguage":"en-US","potentialAction":[{"@type":"ReadAction","target":["https:\/\/www.caferabbasoglu.com\/varis-nedir\/"]}]},{"@type":"ImageObject","inLanguage":"en-US","@id":"https:\/\/www.caferabbasoglu.com\/varis-nedir\/#primaryimage","url":"http:\/\/www.caferabbasoglu.com\/wp-content\/uploads\/2011\/01\/varis-300x225.jpg","contentUrl":"http:\/\/www.caferabbasoglu.com\/wp-content\/uploads\/2011\/01\/varis-300x225.jpg"},{"@type":"BreadcrumbList","@id":"https:\/\/www.caferabbasoglu.com\/varis-nedir\/#breadcrumb","itemListElement":[{"@type":"ListItem","position":1,"name":"Ana Sayfa","item":"https:\/\/www.caferabbasoglu.com\/"},{"@type":"ListItem","position":2,"name":"Varis Nedir ?"}]},{"@type":"WebSite","@id":"https:\/\/www.caferabbasoglu.com\/#website","url":"https:\/\/www.caferabbasoglu.com\/","name":"Opr.Dr.Cafer Abbaso\u011flu","description":"Damar Hastal\u0131klar\u0131, Varis ve Diyabet Hakk\u0131nda Bilgiler","publisher":{"@id":"https:\/\/www.caferabbasoglu.com\/#organization"},"potentialAction":[{"@type":"SearchAction","target":{"@type":"EntryPoint","urlTemplate":"https:\/\/www.caferabbasoglu.com\/?s={search_term_string}"},"query-input":{"@type":"PropertyValueSpecification","valueRequired":true,"valueName":"search_term_string"}}],"inLanguage":"en-US"},{"@type":"Organization","@id":"https:\/\/www.caferabbasoglu.com\/#organization","name":"Damar Hastal\u0131klar\u0131 ve Varis Tedavileri Merkezi","url":"https:\/\/www.caferabbasoglu.com\/","logo":{"@type":"ImageObject","inLanguage":"en-US","@id":"https:\/\/www.caferabbasoglu.com\/#\/schema\/logo\/image\/","url":"http:\/\/www.caferabbasoglu.com\/wp-content\/uploads\/2010\/08\/imza_eposta.jpg","contentUrl":"http:\/\/www.caferabbasoglu.com\/wp-content\/uploads\/2010\/08\/imza_eposta.jpg","width":640,"height":121,"caption":"Damar Hastal\u0131klar\u0131 ve Varis Tedavileri Merkezi"},"image":{"@id":"https:\/\/www.caferabbasoglu.com\/#\/schema\/logo\/image\/"}}]}},"_links":{"self":[{"href":"https:\/\/www.caferabbasoglu.com\/en\/wp-json\/wp\/v2\/pages\/1","targetHints":{"allow":["GET"]}}],"collection":[{"href":"https:\/\/www.caferabbasoglu.com\/en\/wp-json\/wp\/v2\/pages"}],"about":[{"href":"https:\/\/www.caferabbasoglu.com\/en\/wp-json\/wp\/v2\/types\/page"}],"author":[{"embeddable":true,"href":"https:\/\/www.caferabbasoglu.com\/en\/wp-json\/wp\/v2\/users\/5"}],"replies":[{"embeddable":true,"href":"https:\/\/www.caferabbasoglu.com\/en\/wp-json\/wp\/v2\/comments?post=1"}],"version-history":[{"count":2,"href":"https:\/\/www.caferabbasoglu.com\/en\/wp-json\/wp\/v2\/pages\/1\/revisions"}],"predecessor-version":[{"id":327,"href":"https:\/\/www.caferabbasoglu.com\/en\/wp-json\/wp\/v2\/pages\/1\/revisions\/327"}],"wp:attachment":[{"href":"https:\/\/www.caferabbasoglu.com\/en\/wp-json\/wp\/v2\/media?parent=1"}],"curies":[{"name":"wp","href":"https:\/\/api.w.org\/{rel}","templated":true}]}}