{"id":10,"date":"2010-07-27T19:19:27","date_gmt":"2010-07-27T16:19:27","guid":{"rendered":"http:\/\/caferabbasoglu.moldibi.com\/komplikasyonlar\/"},"modified":"2016-03-22T12:15:59","modified_gmt":"2016-03-22T10:15:59","slug":"komplikasyonlar","status":"publish","type":"page","link":"https:\/\/www.caferabbasoglu.com\/en\/komplikasyonlar\/","title":{"rendered":"Komplikasyonlar"},"content":{"rendered":"<h2>Tedavi edilmeyen varislerin komplikasyonlar\u0131<\/h2>\n<ul>\n<li>Varislerde <i><strong>y\u0131rt\u0131lma<\/strong><\/i> ve <i><strong>kanama<\/strong><\/i><\/li>\n<li><i><strong>Flebit<\/strong><\/i> (Toplar damar iltihab\u0131)<\/li>\n<li>Derin toplar damar <i><strong>p\u0131ht\u0131la\u015fma<\/strong><\/i>s\u0131 (derin ven trambozu)<\/li>\n<li>Bacaklarda <i><strong>\u00fclser<\/strong><\/i><\/li>\n<li><i><strong>Akci\u011fer embolisi<\/strong><\/i><\/li>\n<\/ul>\n<table border=\"0\" cellspacing=\"0\" cellpadding=\"5\">\n<tbody>\n<tr>\n<td> <a href=\"http:\/\/www.caferabbasoglu.com\/wp-content\/uploads\/2010\/07\/komplikasyon_11.jpg\"><img decoding=\"async\" class=\"alignnone size-full wp-image-132 lazyload\" data-src=\"http:\/\/www.caferabbasoglu.com\/wp-content\/uploads\/2010\/07\/komplikasyon_11.jpg\" alt=\"Komplikasyonlar\" width=\"194\" height=\"259\" src=\"data:image\/gif;base64,R0lGODlhAQABAAAAACH5BAEKAAEALAAAAAABAAEAAAICTAEAOw==\" style=\"--smush-placeholder-width: 194px; --smush-placeholder-aspect-ratio: 194\/259;\" \/><\/a><\/td>\n<td> <a href=\"http:\/\/www.caferabbasoglu.com\/wp-content\/uploads\/2010\/07\/komplikasyon_2.jpg\"><img decoding=\"async\" class=\"alignnone size-full wp-image-131 lazyload\" data-src=\"http:\/\/www.caferabbasoglu.com\/wp-content\/uploads\/2010\/07\/komplikasyon_2.jpg\" alt=\"Komplikasyonlar\" width=\"194\" height=\"259\" src=\"data:image\/gif;base64,R0lGODlhAQABAAAAACH5BAEKAAEALAAAAAABAAEAAAICTAEAOw==\" style=\"--smush-placeholder-width: 194px; --smush-placeholder-aspect-ratio: 194\/259;\" \/><\/a><\/td>\n<td> <a href=\"http:\/\/www.caferabbasoglu.com\/wp-content\/uploads\/2010\/07\/komplikasyon_3.jpg\"><img decoding=\"async\" class=\"alignnone size-full wp-image-130 lazyload\" data-src=\"http:\/\/www.caferabbasoglu.com\/wp-content\/uploads\/2010\/07\/komplikasyon_3.jpg\" alt=\"Komplikasyonlar\" width=\"194\" height=\"259\" src=\"data:image\/gif;base64,R0lGODlhAQABAAAAACH5BAEKAAEALAAAAAABAAEAAAICTAEAOw==\" style=\"--smush-placeholder-width: 194px; --smush-placeholder-aspect-ratio: 194\/259;\" \/><\/a><\/td>\n<\/tr>\n<tr>\n<td> <a href=\"http:\/\/www.caferabbasoglu.com\/wp-content\/uploads\/2010\/07\/komplikasyon_4.jpg\"><img decoding=\"async\" class=\"alignnone size-full wp-image-129 lazyload\" data-src=\"http:\/\/www.caferabbasoglu.com\/wp-content\/uploads\/2010\/07\/komplikasyon_4.jpg\" alt=\"Komplikasyonlar\" width=\"194\" height=\"259\" src=\"data:image\/gif;base64,R0lGODlhAQABAAAAACH5BAEKAAEALAAAAAABAAEAAAICTAEAOw==\" style=\"--smush-placeholder-width: 194px; --smush-placeholder-aspect-ratio: 194\/259;\" \/><\/a><\/td>\n<td> <a href=\"http:\/\/www.caferabbasoglu.com\/wp-content\/uploads\/2010\/07\/komplikasyon_5.jpg\"><img decoding=\"async\" class=\"alignnone size-full wp-image-128 lazyload\" data-src=\"http:\/\/www.caferabbasoglu.com\/wp-content\/uploads\/2010\/07\/komplikasyon_5.jpg\" alt=\"Komplikasyonlar\" width=\"194\" height=\"260\" src=\"data:image\/gif;base64,R0lGODlhAQABAAAAACH5BAEKAAEALAAAAAABAAEAAAICTAEAOw==\" style=\"--smush-placeholder-width: 194px; --smush-placeholder-aspect-ratio: 194\/260;\" \/><\/a><\/td>\n<td> <a href=\"http:\/\/www.caferabbasoglu.com\/wp-content\/uploads\/2010\/07\/komplikasyon_6.jpg\"><img decoding=\"async\" class=\"alignnone size-full wp-image-127 lazyload\" data-src=\"http:\/\/www.caferabbasoglu.com\/wp-content\/uploads\/2010\/07\/komplikasyon_6.jpg\" alt=\"Komplikasyonlar\" width=\"194\" height=\"260\" src=\"data:image\/gif;base64,R0lGODlhAQABAAAAACH5BAEKAAEALAAAAAABAAEAAAICTAEAOw==\" style=\"--smush-placeholder-width: 194px; --smush-placeholder-aspect-ratio: 194\/260;\" \/><\/a><\/td>\n<\/tr>\n<\/tbody>\n<\/table>\n<p>Ameliyat Olamayan varis hastalar\u0131nda komplikasyonlar Flebit, Derinven trombozu, varis \u00dclseri, Kronik venoz yetmezli\u011fe ba\u011fl\u0131 \u015fiddetli bacak \u015fi\u015fmeleri, akci\u011fer ambolisi ve t\u0131kanmas\u0131n ve ani \u00f6l\u00fcmler ile kar\u015f\u0131la\u015f\u0131la bilinir.<\/p>\n","protected":false},"excerpt":{"rendered":"<p>Tedavi edilmeyen varislerin komplikasyonlar\u0131 Varislerde y\u0131rt\u0131lma ve kanama Flebit (Toplar damar iltihab\u0131) Derin toplar damar p\u0131ht\u0131la\u015fmas\u0131 (derin ven trambozu) Bacaklarda \u00fclser Akci\u011fer embolisi Ameliyat Olamayan varis hastalar\u0131nda komplikasyonlar Flebit, Derinven trombozu, varis \u00dclseri, Kronik venoz yetmezli\u011fe ba\u011fl\u0131 \u015fiddetli bacak \u015fi\u015fmeleri, akci\u011fer ambolisi ve t\u0131kanmas\u0131n ve ani \u00f6l\u00fcmler ile kar\u015f\u0131la\u015f\u0131la bilinir.<\/p>\n","protected":false},"author":5,"featured_media":0,"parent":0,"menu_order":7,"comment_status":"closed","ping_status":"closed","template":"","meta":{"two_page_speed":[],"footnotes":""},"class_list":["post-10","page","type-page","status-publish","hentry"],"translation":{"provider":"WPGlobus","version":"3.0.0","language":"en","enabled_languages":["tr","en"],"languages":{"tr":{"title":true,"content":true,"excerpt":false},"en":{"title":false,"content":false,"excerpt":false}}},"yoast_head":"<!-- This site is optimized with the Yoast SEO plugin v24.9 - https:\/\/yoast.com\/wordpress\/plugins\/seo\/ -->\n<title>Komplikasyonlar - Opr.Dr.Cafer Abbaso\u011flu<\/title>\n<meta name=\"robots\" content=\"index, follow, max-snippet:-1, max-image-preview:large, max-video-preview:-1\" \/>\n<link rel=\"canonical\" href=\"https:\/\/www.caferabbasoglu.com\/en\/komplikasyonlar\/\" \/>\n<meta property=\"og:locale\" content=\"en_US\" \/>\n<meta property=\"og:type\" content=\"article\" \/>\n<meta property=\"og:title\" content=\"Komplikasyonlar - Opr.Dr.Cafer Abbaso\u011flu\" \/>\n<meta property=\"og:url\" content=\"https:\/\/www.caferabbasoglu.com\/en\/komplikasyonlar\/\" \/>\n<meta property=\"og:site_name\" content=\"Opr.Dr.Cafer Abbaso\u011flu\" \/>\n<meta property=\"article:modified_time\" content=\"2016-03-22T10:15:59+00:00\" \/>\n<meta property=\"og:image\" content=\"http:\/\/www.caferabbasoglu.com\/wp-content\/uploads\/2010\/07\/komplikasyon_11.jpg\" \/>\n<meta name=\"twitter:card\" content=\"summary_large_image\" \/>\n<script type=\"application\/ld+json\" class=\"yoast-schema-graph\">{\"@context\":\"https:\/\/schema.org\",\"@graph\":[{\"@type\":\"WebPage\",\"@id\":\"https:\/\/www.caferabbasoglu.com\/en\/komplikasyonlar\/\",\"url\":\"https:\/\/www.caferabbasoglu.com\/en\/komplikasyonlar\/\",\"name\":\"Komplikasyonlar - Opr.Dr.Cafer Abbaso\u011flu\",\"isPartOf\":{\"@id\":\"https:\/\/www.caferabbasoglu.com\/#website\"},\"primaryImageOfPage\":{\"@id\":\"https:\/\/www.caferabbasoglu.com\/en\/komplikasyonlar\/#primaryimage\"},\"image\":{\"@id\":\"https:\/\/www.caferabbasoglu.com\/en\/komplikasyonlar\/#primaryimage\"},\"thumbnailUrl\":\"http:\/\/www.caferabbasoglu.com\/wp-content\/uploads\/2010\/07\/komplikasyon_11.jpg\",\"datePublished\":\"2010-07-27T16:19:27+00:00\",\"dateModified\":\"2016-03-22T10:15:59+00:00\",\"breadcrumb\":{\"@id\":\"https:\/\/www.caferabbasoglu.com\/en\/komplikasyonlar\/#breadcrumb\"},\"inLanguage\":\"en-US\",\"potentialAction\":[{\"@type\":\"ReadAction\",\"target\":[\"https:\/\/www.caferabbasoglu.com\/en\/komplikasyonlar\/\"]}]},{\"@type\":\"ImageObject\",\"inLanguage\":\"en-US\",\"@id\":\"https:\/\/www.caferabbasoglu.com\/en\/komplikasyonlar\/#primaryimage\",\"url\":\"http:\/\/www.caferabbasoglu.com\/wp-content\/uploads\/2010\/07\/komplikasyon_11.jpg\",\"contentUrl\":\"http:\/\/www.caferabbasoglu.com\/wp-content\/uploads\/2010\/07\/komplikasyon_11.jpg\"},{\"@type\":\"BreadcrumbList\",\"@id\":\"https:\/\/www.caferabbasoglu.com\/en\/komplikasyonlar\/#breadcrumb\",\"itemListElement\":[{\"@type\":\"ListItem\",\"position\":1,\"name\":\"Ana Sayfa\",\"item\":\"https:\/\/www.caferabbasoglu.com\/\"},{\"@type\":\"ListItem\",\"position\":2,\"name\":\"Komplikasyonlar\"}]},{\"@type\":\"WebSite\",\"@id\":\"https:\/\/www.caferabbasoglu.com\/#website\",\"url\":\"https:\/\/www.caferabbasoglu.com\/\",\"name\":\"Opr.Dr.Cafer Abbaso\u011flu\",\"description\":\"Damar Hastal\u0131klar\u0131, Varis ve Diyabet Hakk\u0131nda Bilgiler\",\"publisher\":{\"@id\":\"https:\/\/www.caferabbasoglu.com\/#organization\"},\"potentialAction\":[{\"@type\":\"SearchAction\",\"target\":{\"@type\":\"EntryPoint\",\"urlTemplate\":\"https:\/\/www.caferabbasoglu.com\/?s={search_term_string}\"},\"query-input\":{\"@type\":\"PropertyValueSpecification\",\"valueRequired\":true,\"valueName\":\"search_term_string\"}}],\"inLanguage\":\"en-US\"},{\"@type\":\"Organization\",\"@id\":\"https:\/\/www.caferabbasoglu.com\/#organization\",\"name\":\"Damar Hastal\u0131klar\u0131 ve Varis Tedavileri Merkezi\",\"url\":\"https:\/\/www.caferabbasoglu.com\/\",\"logo\":{\"@type\":\"ImageObject\",\"inLanguage\":\"en-US\",\"@id\":\"https:\/\/www.caferabbasoglu.com\/#\/schema\/logo\/image\/\",\"url\":\"http:\/\/www.caferabbasoglu.com\/wp-content\/uploads\/2010\/08\/imza_eposta.jpg\",\"contentUrl\":\"http:\/\/www.caferabbasoglu.com\/wp-content\/uploads\/2010\/08\/imza_eposta.jpg\",\"width\":640,\"height\":121,\"caption\":\"Damar Hastal\u0131klar\u0131 ve Varis Tedavileri Merkezi\"},\"image\":{\"@id\":\"https:\/\/www.caferabbasoglu.com\/#\/schema\/logo\/image\/\"}}]}<\/script>\n<!-- \/ Yoast SEO plugin. -->","yoast_head_json":{"title":"Komplikasyonlar - Opr.Dr.Cafer Abbaso\u011flu","robots":{"index":"index","follow":"follow","max-snippet":"max-snippet:-1","max-image-preview":"max-image-preview:large","max-video-preview":"max-video-preview:-1"},"canonical":"https:\/\/www.caferabbasoglu.com\/en\/komplikasyonlar\/","og_locale":"en_US","og_type":"article","og_title":"Komplikasyonlar - Opr.Dr.Cafer Abbaso\u011flu","og_url":"https:\/\/www.caferabbasoglu.com\/en\/komplikasyonlar\/","og_site_name":"Opr.Dr.Cafer Abbaso\u011flu","article_modified_time":"2016-03-22T10:15:59+00:00","og_image":[{"url":"http:\/\/www.caferabbasoglu.com\/wp-content\/uploads\/2010\/07\/komplikasyon_11.jpg","type":"","width":"","height":""}],"twitter_card":"summary_large_image","schema":{"@context":"https:\/\/schema.org","@graph":[{"@type":"WebPage","@id":"https:\/\/www.caferabbasoglu.com\/en\/komplikasyonlar\/","url":"https:\/\/www.caferabbasoglu.com\/en\/komplikasyonlar\/","name":"Komplikasyonlar - Opr.Dr.Cafer Abbaso\u011flu","isPartOf":{"@id":"https:\/\/www.caferabbasoglu.com\/#website"},"primaryImageOfPage":{"@id":"https:\/\/www.caferabbasoglu.com\/en\/komplikasyonlar\/#primaryimage"},"image":{"@id":"https:\/\/www.caferabbasoglu.com\/en\/komplikasyonlar\/#primaryimage"},"thumbnailUrl":"http:\/\/www.caferabbasoglu.com\/wp-content\/uploads\/2010\/07\/komplikasyon_11.jpg","datePublished":"2010-07-27T16:19:27+00:00","dateModified":"2016-03-22T10:15:59+00:00","breadcrumb":{"@id":"https:\/\/www.caferabbasoglu.com\/en\/komplikasyonlar\/#breadcrumb"},"inLanguage":"en-US","potentialAction":[{"@type":"ReadAction","target":["https:\/\/www.caferabbasoglu.com\/en\/komplikasyonlar\/"]}]},{"@type":"ImageObject","inLanguage":"en-US","@id":"https:\/\/www.caferabbasoglu.com\/en\/komplikasyonlar\/#primaryimage","url":"http:\/\/www.caferabbasoglu.com\/wp-content\/uploads\/2010\/07\/komplikasyon_11.jpg","contentUrl":"http:\/\/www.caferabbasoglu.com\/wp-content\/uploads\/2010\/07\/komplikasyon_11.jpg"},{"@type":"BreadcrumbList","@id":"https:\/\/www.caferabbasoglu.com\/en\/komplikasyonlar\/#breadcrumb","itemListElement":[{"@type":"ListItem","position":1,"name":"Ana Sayfa","item":"https:\/\/www.caferabbasoglu.com\/"},{"@type":"ListItem","position":2,"name":"Komplikasyonlar"}]},{"@type":"WebSite","@id":"https:\/\/www.caferabbasoglu.com\/#website","url":"https:\/\/www.caferabbasoglu.com\/","name":"Opr.Dr.Cafer Abbaso\u011flu","description":"Damar Hastal\u0131klar\u0131, Varis ve Diyabet Hakk\u0131nda Bilgiler","publisher":{"@id":"https:\/\/www.caferabbasoglu.com\/#organization"},"potentialAction":[{"@type":"SearchAction","target":{"@type":"EntryPoint","urlTemplate":"https:\/\/www.caferabbasoglu.com\/?s={search_term_string}"},"query-input":{"@type":"PropertyValueSpecification","valueRequired":true,"valueName":"search_term_string"}}],"inLanguage":"en-US"},{"@type":"Organization","@id":"https:\/\/www.caferabbasoglu.com\/#organization","name":"Damar Hastal\u0131klar\u0131 ve Varis Tedavileri Merkezi","url":"https:\/\/www.caferabbasoglu.com\/","logo":{"@type":"ImageObject","inLanguage":"en-US","@id":"https:\/\/www.caferabbasoglu.com\/#\/schema\/logo\/image\/","url":"http:\/\/www.caferabbasoglu.com\/wp-content\/uploads\/2010\/08\/imza_eposta.jpg","contentUrl":"http:\/\/www.caferabbasoglu.com\/wp-content\/uploads\/2010\/08\/imza_eposta.jpg","width":640,"height":121,"caption":"Damar Hastal\u0131klar\u0131 ve Varis Tedavileri Merkezi"},"image":{"@id":"https:\/\/www.caferabbasoglu.com\/#\/schema\/logo\/image\/"}}]}},"_links":{"self":[{"href":"https:\/\/www.caferabbasoglu.com\/en\/wp-json\/wp\/v2\/pages\/10","targetHints":{"allow":["GET"]}}],"collection":[{"href":"https:\/\/www.caferabbasoglu.com\/en\/wp-json\/wp\/v2\/pages"}],"about":[{"href":"https:\/\/www.caferabbasoglu.com\/en\/wp-json\/wp\/v2\/types\/page"}],"author":[{"embeddable":true,"href":"https:\/\/www.caferabbasoglu.com\/en\/wp-json\/wp\/v2\/users\/5"}],"replies":[{"embeddable":true,"href":"https:\/\/www.caferabbasoglu.com\/en\/wp-json\/wp\/v2\/comments?post=10"}],"version-history":[{"count":2,"href":"https:\/\/www.caferabbasoglu.com\/en\/wp-json\/wp\/v2\/pages\/10\/revisions"}],"predecessor-version":[{"id":386,"href":"https:\/\/www.caferabbasoglu.com\/en\/wp-json\/wp\/v2\/pages\/10\/revisions\/386"}],"wp:attachment":[{"href":"https:\/\/www.caferabbasoglu.com\/en\/wp-json\/wp\/v2\/media?parent=10"}],"curies":[{"name":"wp","href":"https:\/\/api.w.org\/{rel}","templated":true}]}}