{"id":11,"date":"2010-07-27T19:22:22","date_gmt":"2010-07-27T16:22:22","guid":{"rendered":"http:\/\/caferabbasoglu.moldibi.com\/modaliteler\/"},"modified":"2016-03-22T12:18:26","modified_gmt":"2016-03-22T10:18:26","slug":"modaliteler","status":"publish","type":"page","link":"https:\/\/www.caferabbasoglu.com\/en\/modaliteler\/","title":{"rendered":"Modaliteler"},"content":{"rendered":"<h2>\u0130nceleme modaliteleri<\/h2>\n<p><a href=\"http:\/\/www.caferabbasoglu.com\/wp-content\/uploads\/2010\/07\/dobler_ile.jpg\"><img decoding=\"async\" class=\"size-full wp-image-137 alignnone lazyload\" data-src=\"http:\/\/www.caferabbasoglu.com\/wp-content\/uploads\/2010\/07\/dobler_ile.jpg\" alt=\"Dobler ile\" width=\"518\" height=\"346\" data-srcset=\"https:\/\/www.caferabbasoglu.com\/wp-content\/uploads\/2010\/07\/dobler_ile.jpg 518w, https:\/\/www.caferabbasoglu.com\/wp-content\/uploads\/2010\/07\/dobler_ile-300x200.jpg 300w\" data-sizes=\"(max-width: 518px) 100vw, 518px\" src=\"data:image\/gif;base64,R0lGODlhAQABAAAAACH5BAEKAAEALAAAAAABAAEAAAICTAEAOw==\" style=\"--smush-placeholder-width: 518px; --smush-placeholder-aspect-ratio: 518\/346;\" \/><\/a><\/p>\n<p>Varis sebeblerini ortaya \u00e7\u0131karmak ve tedavi \u015feklini planlamak i\u00e7in de\u011fi\u015fik inceleme metodlar\u0131 kullan\u0131lmaktad\u0131r.<\/p>\n<ul>\n<li>Klinik muayene ve \u00f6zel varis testleri<\/li>\n<li>Renkli Dopler ultrasonografi (Dublex USG)<\/li>\n<li>\u0130la\u00e7l\u0131 toplar damar filmi (venografi)<\/li>\n<\/ul>\n<p><a href=\"http:\/\/www.caferabbasoglu.com\/wp-content\/uploads\/2010\/07\/Renkli_Dupleks_Ultrasonografi.jpg\"><img decoding=\"async\" class=\"alignnone size-full wp-image-138 lazyload\" data-src=\"http:\/\/www.caferabbasoglu.com\/wp-content\/uploads\/2010\/07\/Renkli_Dupleks_Ultrasonografi.jpg\" alt=\"Renkli Dupleks Ultrasonografi\" width=\"300\" height=\"228\" src=\"data:image\/gif;base64,R0lGODlhAQABAAAAACH5BAEKAAEALAAAAAABAAEAAAICTAEAOw==\" style=\"--smush-placeholder-width: 300px; --smush-placeholder-aspect-ratio: 300\/228;\" \/><\/a><\/p>\n","protected":false},"excerpt":{"rendered":"<p>\u0130nceleme modaliteleri Varis sebeblerini ortaya \u00e7\u0131karmak ve tedavi \u015feklini planlamak i\u00e7in de\u011fi\u015fik inceleme metodlar\u0131 kullan\u0131lmaktad\u0131r. Klinik muayene ve \u00f6zel varis testleri Renkli Dopler ultrasonografi (Dublex USG) \u0130la\u00e7l\u0131 toplar damar filmi (venografi)<\/p>\n","protected":false},"author":5,"featured_media":0,"parent":0,"menu_order":8,"comment_status":"closed","ping_status":"closed","template":"","meta":{"two_page_speed":[],"footnotes":""},"class_list":["post-11","page","type-page","status-publish","hentry"],"translation":{"provider":"WPGlobus","version":"3.0.0","language":"en","enabled_languages":["tr","en"],"languages":{"tr":{"title":true,"content":true,"excerpt":false},"en":{"title":false,"content":false,"excerpt":false}}},"yoast_head":"<!-- This site is optimized with the Yoast SEO plugin v24.9 - https:\/\/yoast.com\/wordpress\/plugins\/seo\/ -->\n<title>Modaliteler - Opr.Dr.Cafer Abbaso\u011flu<\/title>\n<meta name=\"robots\" content=\"index, follow, max-snippet:-1, max-image-preview:large, max-video-preview:-1\" \/>\n<link rel=\"canonical\" href=\"https:\/\/www.caferabbasoglu.com\/modaliteler\/\" \/>\n<meta property=\"og:locale\" content=\"en_US\" \/>\n<meta property=\"og:type\" content=\"article\" \/>\n<meta property=\"og:title\" content=\"Modaliteler - Opr.Dr.Cafer Abbaso\u011flu\" \/>\n<meta property=\"og:url\" content=\"https:\/\/www.caferabbasoglu.com\/modaliteler\/\" \/>\n<meta property=\"og:site_name\" content=\"Opr.Dr.Cafer Abbaso\u011flu\" \/>\n<meta property=\"article:modified_time\" content=\"2016-03-22T10:18:26+00:00\" \/>\n<meta property=\"og:image\" content=\"http:\/\/www.caferabbasoglu.com\/wp-content\/uploads\/2010\/07\/dobler_ile.jpg\" \/>\n<meta name=\"twitter:card\" content=\"summary_large_image\" \/>\n<script type=\"application\/ld+json\" class=\"yoast-schema-graph\">{\"@context\":\"https:\/\/schema.org\",\"@graph\":[{\"@type\":\"WebPage\",\"@id\":\"https:\/\/www.caferabbasoglu.com\/modaliteler\/\",\"url\":\"https:\/\/www.caferabbasoglu.com\/modaliteler\/\",\"name\":\"Modaliteler - Opr.Dr.Cafer Abbaso\u011flu\",\"isPartOf\":{\"@id\":\"https:\/\/www.caferabbasoglu.com\/#website\"},\"primaryImageOfPage\":{\"@id\":\"https:\/\/www.caferabbasoglu.com\/modaliteler\/#primaryimage\"},\"image\":{\"@id\":\"https:\/\/www.caferabbasoglu.com\/modaliteler\/#primaryimage\"},\"thumbnailUrl\":\"http:\/\/www.caferabbasoglu.com\/wp-content\/uploads\/2010\/07\/dobler_ile.jpg\",\"datePublished\":\"2010-07-27T16:22:22+00:00\",\"dateModified\":\"2016-03-22T10:18:26+00:00\",\"breadcrumb\":{\"@id\":\"https:\/\/www.caferabbasoglu.com\/modaliteler\/#breadcrumb\"},\"inLanguage\":\"en-US\",\"potentialAction\":[{\"@type\":\"ReadAction\",\"target\":[\"https:\/\/www.caferabbasoglu.com\/modaliteler\/\"]}]},{\"@type\":\"ImageObject\",\"inLanguage\":\"en-US\",\"@id\":\"https:\/\/www.caferabbasoglu.com\/modaliteler\/#primaryimage\",\"url\":\"http:\/\/www.caferabbasoglu.com\/wp-content\/uploads\/2010\/07\/dobler_ile.jpg\",\"contentUrl\":\"http:\/\/www.caferabbasoglu.com\/wp-content\/uploads\/2010\/07\/dobler_ile.jpg\"},{\"@type\":\"BreadcrumbList\",\"@id\":\"https:\/\/www.caferabbasoglu.com\/modaliteler\/#breadcrumb\",\"itemListElement\":[{\"@type\":\"ListItem\",\"position\":1,\"name\":\"Ana Sayfa\",\"item\":\"https:\/\/www.caferabbasoglu.com\/\"},{\"@type\":\"ListItem\",\"position\":2,\"name\":\"Modaliteler\"}]},{\"@type\":\"WebSite\",\"@id\":\"https:\/\/www.caferabbasoglu.com\/#website\",\"url\":\"https:\/\/www.caferabbasoglu.com\/\",\"name\":\"Opr.Dr.Cafer Abbaso\u011flu\",\"description\":\"Damar Hastal\u0131klar\u0131, Varis ve Diyabet Hakk\u0131nda Bilgiler\",\"publisher\":{\"@id\":\"https:\/\/www.caferabbasoglu.com\/#organization\"},\"potentialAction\":[{\"@type\":\"SearchAction\",\"target\":{\"@type\":\"EntryPoint\",\"urlTemplate\":\"https:\/\/www.caferabbasoglu.com\/?s={search_term_string}\"},\"query-input\":{\"@type\":\"PropertyValueSpecification\",\"valueRequired\":true,\"valueName\":\"search_term_string\"}}],\"inLanguage\":\"en-US\"},{\"@type\":\"Organization\",\"@id\":\"https:\/\/www.caferabbasoglu.com\/#organization\",\"name\":\"Damar Hastal\u0131klar\u0131 ve Varis Tedavileri Merkezi\",\"url\":\"https:\/\/www.caferabbasoglu.com\/\",\"logo\":{\"@type\":\"ImageObject\",\"inLanguage\":\"en-US\",\"@id\":\"https:\/\/www.caferabbasoglu.com\/#\/schema\/logo\/image\/\",\"url\":\"http:\/\/www.caferabbasoglu.com\/wp-content\/uploads\/2010\/08\/imza_eposta.jpg\",\"contentUrl\":\"http:\/\/www.caferabbasoglu.com\/wp-content\/uploads\/2010\/08\/imza_eposta.jpg\",\"width\":640,\"height\":121,\"caption\":\"Damar Hastal\u0131klar\u0131 ve Varis Tedavileri Merkezi\"},\"image\":{\"@id\":\"https:\/\/www.caferabbasoglu.com\/#\/schema\/logo\/image\/\"}}]}<\/script>\n<!-- \/ Yoast SEO plugin. -->","yoast_head_json":{"title":"Modaliteler - Opr.Dr.Cafer Abbaso\u011flu","robots":{"index":"index","follow":"follow","max-snippet":"max-snippet:-1","max-image-preview":"max-image-preview:large","max-video-preview":"max-video-preview:-1"},"canonical":"https:\/\/www.caferabbasoglu.com\/modaliteler\/","og_locale":"en_US","og_type":"article","og_title":"Modaliteler - Opr.Dr.Cafer Abbaso\u011flu","og_url":"https:\/\/www.caferabbasoglu.com\/modaliteler\/","og_site_name":"Opr.Dr.Cafer Abbaso\u011flu","article_modified_time":"2016-03-22T10:18:26+00:00","og_image":[{"url":"http:\/\/www.caferabbasoglu.com\/wp-content\/uploads\/2010\/07\/dobler_ile.jpg","type":"","width":"","height":""}],"twitter_card":"summary_large_image","schema":{"@context":"https:\/\/schema.org","@graph":[{"@type":"WebPage","@id":"https:\/\/www.caferabbasoglu.com\/modaliteler\/","url":"https:\/\/www.caferabbasoglu.com\/modaliteler\/","name":"Modaliteler - Opr.Dr.Cafer Abbaso\u011flu","isPartOf":{"@id":"https:\/\/www.caferabbasoglu.com\/#website"},"primaryImageOfPage":{"@id":"https:\/\/www.caferabbasoglu.com\/modaliteler\/#primaryimage"},"image":{"@id":"https:\/\/www.caferabbasoglu.com\/modaliteler\/#primaryimage"},"thumbnailUrl":"http:\/\/www.caferabbasoglu.com\/wp-content\/uploads\/2010\/07\/dobler_ile.jpg","datePublished":"2010-07-27T16:22:22+00:00","dateModified":"2016-03-22T10:18:26+00:00","breadcrumb":{"@id":"https:\/\/www.caferabbasoglu.com\/modaliteler\/#breadcrumb"},"inLanguage":"en-US","potentialAction":[{"@type":"ReadAction","target":["https:\/\/www.caferabbasoglu.com\/modaliteler\/"]}]},{"@type":"ImageObject","inLanguage":"en-US","@id":"https:\/\/www.caferabbasoglu.com\/modaliteler\/#primaryimage","url":"http:\/\/www.caferabbasoglu.com\/wp-content\/uploads\/2010\/07\/dobler_ile.jpg","contentUrl":"http:\/\/www.caferabbasoglu.com\/wp-content\/uploads\/2010\/07\/dobler_ile.jpg"},{"@type":"BreadcrumbList","@id":"https:\/\/www.caferabbasoglu.com\/modaliteler\/#breadcrumb","itemListElement":[{"@type":"ListItem","position":1,"name":"Ana Sayfa","item":"https:\/\/www.caferabbasoglu.com\/"},{"@type":"ListItem","position":2,"name":"Modaliteler"}]},{"@type":"WebSite","@id":"https:\/\/www.caferabbasoglu.com\/#website","url":"https:\/\/www.caferabbasoglu.com\/","name":"Opr.Dr.Cafer Abbaso\u011flu","description":"Damar Hastal\u0131klar\u0131, Varis ve Diyabet Hakk\u0131nda Bilgiler","publisher":{"@id":"https:\/\/www.caferabbasoglu.com\/#organization"},"potentialAction":[{"@type":"SearchAction","target":{"@type":"EntryPoint","urlTemplate":"https:\/\/www.caferabbasoglu.com\/?s={search_term_string}"},"query-input":{"@type":"PropertyValueSpecification","valueRequired":true,"valueName":"search_term_string"}}],"inLanguage":"en-US"},{"@type":"Organization","@id":"https:\/\/www.caferabbasoglu.com\/#organization","name":"Damar Hastal\u0131klar\u0131 ve Varis Tedavileri Merkezi","url":"https:\/\/www.caferabbasoglu.com\/","logo":{"@type":"ImageObject","inLanguage":"en-US","@id":"https:\/\/www.caferabbasoglu.com\/#\/schema\/logo\/image\/","url":"http:\/\/www.caferabbasoglu.com\/wp-content\/uploads\/2010\/08\/imza_eposta.jpg","contentUrl":"http:\/\/www.caferabbasoglu.com\/wp-content\/uploads\/2010\/08\/imza_eposta.jpg","width":640,"height":121,"caption":"Damar Hastal\u0131klar\u0131 ve Varis Tedavileri Merkezi"},"image":{"@id":"https:\/\/www.caferabbasoglu.com\/#\/schema\/logo\/image\/"}}]}},"_links":{"self":[{"href":"https:\/\/www.caferabbasoglu.com\/en\/wp-json\/wp\/v2\/pages\/11","targetHints":{"allow":["GET"]}}],"collection":[{"href":"https:\/\/www.caferabbasoglu.com\/en\/wp-json\/wp\/v2\/pages"}],"about":[{"href":"https:\/\/www.caferabbasoglu.com\/en\/wp-json\/wp\/v2\/types\/page"}],"author":[{"embeddable":true,"href":"https:\/\/www.caferabbasoglu.com\/en\/wp-json\/wp\/v2\/users\/5"}],"replies":[{"embeddable":true,"href":"https:\/\/www.caferabbasoglu.com\/en\/wp-json\/wp\/v2\/comments?post=11"}],"version-history":[{"count":1,"href":"https:\/\/www.caferabbasoglu.com\/en\/wp-json\/wp\/v2\/pages\/11\/revisions"}],"predecessor-version":[{"id":388,"href":"https:\/\/www.caferabbasoglu.com\/en\/wp-json\/wp\/v2\/pages\/11\/revisions\/388"}],"wp:attachment":[{"href":"https:\/\/www.caferabbasoglu.com\/en\/wp-json\/wp\/v2\/media?parent=11"}],"curies":[{"name":"wp","href":"https:\/\/api.w.org\/{rel}","templated":true}]}}