{"id":12,"date":"2010-07-27T19:27:06","date_gmt":"2010-07-27T16:27:06","guid":{"rendered":"http:\/\/caferabbasoglu.moldibi.com\/hamilelikhamilelik-doeneminde-varis-oluumu-ve-tedavisi\/"},"modified":"2021-05-11T19:43:16","modified_gmt":"2021-05-11T16:43:16","slug":"hamilelikte-varis","status":"publish","type":"page","link":"https:\/\/www.caferabbasoglu.com\/en\/hamilelikte-varis\/","title":{"rendered":"Hamilelikte Varis"},"content":{"rendered":"<h2>Hamilelik d\u00f6neminde varis olu\u015fumu ve tedavisi<\/h2>\n<ul>\n<li style=\"list-style-type: none;\">\n<ul>\n<li><strong>Hamilelik bacaklar\u0131mda nas\u0131l bir etki yapacakt\u0131r?<\/strong><br \/>\nHamilelik d\u00f6neminde bir \u00e7ok de\u011fi\u015fiklik olu\u015fuyor. Hormon sekresiyonuna sekonder toplar damarlar\u0131n duvarlar\u0131nda gev\u015feme meydana geliyor, bu da varis ve \u00f6r\u00fcmcek a\u011f\u0131 damarlar\u0131n\u0131n olu\u015fmas\u0131na neden oluyor; ayr\u0131ca hamilelikte vucuttaki kan hacmindeki art\u0131\u015f ve uterusun ana toplar damarlara olu\u015fturdu\u011fu bas\u0131ya ba\u011fl\u0131 bacaklardaki toplar damarlarda g\u00f6llenme meydana geliyor ve bacaklarda \u015fi\u015fkinlik ve rahats\u0131zl\u0131k his ediliyor. <img decoding=\"async\" style=\"--smush-placeholder-width: 312px; --smush-placeholder-aspect-ratio: 312\/232;display: block; margin-left: auto; margin-right: auto;\" data-src=\"\/wp-content\/uploads\/images\/bebl.jpg\" alt=\"\" src=\"data:image\/gif;base64,R0lGODlhAQABAAAAACH5BAEKAAEALAAAAAABAAEAAAICTAEAOw==\" class=\"lazyload\" \/><\/li>\n<li><strong>Hamile kal\u0131rsam bacaklar\u0131mda varis olu\u015facak m\u0131?<\/strong>Genetik yap\u0131 + Kad\u0131nl\u0131k hormonlar\u0131 = Varisler<br \/>\nE\u011fer genetik yap\u0131n\u0131z varise m\u00fcsait ise, gebelik d\u00f6neminde hormonlar\u0131n etkisi ile bacaklar\u0131n\u0131zda varis olu\u015fabilir. Yakala\u015f\u0131k gebelerin %40&#8217;\u0131nda varis problemleri vard\u0131r.<\/li>\n<li><strong>Bacaklar\u0131mdaki \u015fi\u015fkinlik neye ba\u011fl\u0131d\u0131r?<\/strong><br \/>\nHamile bayanlarda, \u00f6zellikle son aylarda daha belirgin olmak \u00fczere, bacaklarda \u015fi\u015fkinlik ve dolgunluk oluyor. Kan bas\u0131nc\u0131 kontrol edilmelidir. E\u011fer kan bas\u0131nc\u0131 normal d\u00fczeyde ise \u015fi\u015fkinli\u011fin nedeni varisler olabilir.<\/li>\n<li><strong>Hamilelik s\u0131ras\u0131nda varislerden korunmak veya varislerin ilerlemesini \u00f6nlemek i\u00e7in ne yapmal\u0131y\u0131z?<\/strong><br \/>\nVarislerden dolay\u0131 ayaklarda yorgunluk, a\u011f\u0131rl\u0131k ve \u015fi\u015fkinlik hissediliyor. Bu belirtileri azaltmak i\u00e7in yapmam\u0131z<br \/>\ngerekenler:<\/p>\n<ul>\n<li type=\"square\">Varis \u00e7oraplar\u0131 giymelisiniz: \u0130ki t\u00fcr varis \u00e7orab\u0131 vard\u0131r; az bas\u0131n\u00e7l\u0131 ve orta bas\u0131n\u00e7l\u0131. Orta bas\u0131n\u00e7l\u0131 olanlar hamile bayanlar taraf\u0131ndan daha az tolere ediliyor ve genelde az bas\u0131n\u00e7l\u0131 olanlar tercih ediliyor. Hamileli\u011fin 4-5 ay\u0131ndan itibaren varis \u00e7oraplar\u0131n\u0131n kullan\u0131lmas\u0131n\u0131 \u00f6neriyoruz. Hamile bayanlar i\u00e7in \u00fcretilen bat\u0131n b\u00f6l\u00fcm\u00fc esnek olan coraplar tavsiye edilmektedir.<\/li>\n<li type=\"square\">Spor yapmal\u0131s\u0131n\u0131z; y\u00fczme, y\u00fcr\u00fcy\u00fc\u015f hamilelik d\u00f6neminde en iyi sporlar aras\u0131nda yer al\u0131yorlar.<\/li>\n<li type=\"square\">Uzun s\u00fcre ayakta durmamal\u0131s\u0131n\u0131z. Dinlendi\u011finiz zaman ayaklar\u0131n\u0131z\u0131 v\u00fccudunuzdan daha y\u00fcksek seviyede tutmal\u0131s\u0131n\u0131z.<\/li>\n<\/ul>\n<\/li>\n<\/ul>\n<\/li>\n<\/ul>\n<div id=\"attachment_199\" style=\"width: 160px\" class=\"wp-caption alignnone\"><a href=\"\/wp-content\/uploads\/2010\/07\/sukran_hamilelik.jpg\"><img decoding=\"async\" aria-describedby=\"caption-attachment-199\" class=\"wp-image-199 size-thumbnail lazyload\" data-src=\"\/wp-content\/uploads\/2010\/07\/sukran_hamilelik-150x150.jpg\" alt=\"\" width=\"150\" height=\"150\" src=\"data:image\/gif;base64,R0lGODlhAQABAAAAACH5BAEKAAEALAAAAAABAAEAAAICTAEAOw==\" style=\"--smush-placeholder-width: 150px; --smush-placeholder-aspect-ratio: 150\/150;\" \/><\/a><p id=\"caption-attachment-199\" class=\"wp-caption-text\">Hamile kalmadan \u00f6nce varis hastal\u0131\u011f\u0131 y\u00f6n\u00fcnden muayene ve tedavi olunuz<\/p><\/div>\n<ul>\n<li style=\"list-style-type: none;\"><\/li>\n<li><strong>Hamilelik s\u0131ras\u0131nda olu\u015fan varisler ve \u00f6r\u00fcmcek a\u011flar\u0131 kal\u0131c\u0131 m\u0131d\u0131r?<\/strong><br \/>\nHamilelik s\u0131ras\u0131nda olu\u015fan bir \u00e7ok varis ve \u00f6r\u00fcmcek a\u011flar\u0131 hamilelikten hemen sonra kayboluyor. Ancak do\u011fumdan iki ay sonra kalm\u0131\u015f olan (b\u00fcy\u00fck veya k\u00fc\u00e7\u00fck varisler) kal\u0131c\u0131d\u0131r. Kal\u0131c\u0131 varislerin tedavisi gerekmektdir.<\/li>\n<li><strong>Hamilelik s\u0131ras\u0131nda tedavi \u00f6neriyor musunuz?<\/strong><br \/>\nHamilelik s\u0131ras\u0131nda olu\u015fan varisler do\u011fumdan sonra, iki ay i\u00e7erisinde geriliyor. Ancak tam iyile\u015fme sa\u011flanm\u0131yor. Bu y\u00fczden bir \u00e7ok hastaya hamilelik s\u0131ras\u0131nda varis tedavisi \u00f6nerilmemektedir. Tedavi olmayan varislerde hamilelik s\u0131ras\u0131nda ve do\u011fumdan 6 hafta sonras\u0131na kadar toplar damarlarda tromboz komplikasyonu olu\u015fabilir. Bu tromboze ve dalarm\u0131\u015f, hasar g\u00f6rm\u00fc\u015f damarlarda daha sonra ak\u0131m sa\u011flansa bile kapak\u00e7\u0131klarda hasar olu\u015facakt\u0131r ve bu nedenle hasta do\u011fumdan 6 ay 1 sene sonra artm\u0131\u015f \u015fikayetler ile bize ba\u015fvuracakt\u0131r.<\/li>\n<li><strong>Gebelikte hangi varislerin tedaviye ihtiyac\u0131 var?<\/strong><br \/>\nHamilelik d\u00f6neminde varis tedavisinin 3 ana nedeni:<\/p>\n<ul>\n<li type=\"square\">Hastay\u0131 rahats\u0131z eden belirtileri en aza indirmek i\u00e7in; \u00f6rne\u011fin bacaklarda kramplar, yorgunluk, \u015fi\u015fkinlik, s\u0131cakl\u0131k, ekzema, ulserasyon<\/li>\n<li type=\"square\">Y\u00fczeyel ve derin toplar damar tromboz (t\u0131kan\u0131kl\u0131k) tehlikesini en aza indirmek i\u00e7in,<\/li>\n<li type=\"square\">Hamilelikden \u00f6nce hafif ven\u00f6z yetersizli\u011fi olan ven duvarlarlar\u0131 gebelik d\u00f6neminde daha fazla bas\u0131n\u00e7 alt\u0131nda olup bu damarlarda tedavi yap\u0131lmad\u0131\u011f\u0131 takdirde kal\u0131c\u0131 tahribat olu\u015fabilir.<\/li>\n<\/ul>\n<\/li>\n<\/ul>\n","protected":false},"excerpt":{"rendered":"<p>Hamilelik d\u00f6neminde varis olu\u015fumu ve tedavisi Hamilelik bacaklar\u0131mda nas\u0131l bir etki yapacakt\u0131r? Hamilelik d\u00f6neminde bir \u00e7ok de\u011fi\u015fiklik olu\u015fuyor. Hormon sekresiyonuna sekonder toplar damarlar\u0131n duvarlar\u0131nda gev\u015feme meydana geliyor, bu da varis ve \u00f6r\u00fcmcek a\u011f\u0131 damarlar\u0131n\u0131n olu\u015fmas\u0131na neden oluyor; ayr\u0131ca hamilelikte vucuttaki kan hacmindeki art\u0131\u015f ve uterusun ana toplar damarlara olu\u015fturdu\u011fu bas\u0131ya ba\u011fl\u0131 bacaklardaki toplar damarlarda g\u00f6llenme [&hellip;]<\/p>\n","protected":false},"author":5,"featured_media":0,"parent":0,"menu_order":9,"comment_status":"closed","ping_status":"closed","template":"","meta":{"two_page_speed":[],"footnotes":""},"class_list":["post-12","page","type-page","status-publish","hentry"],"translation":{"provider":"WPGlobus","version":"3.0.0","language":"en","enabled_languages":["tr","en"],"languages":{"tr":{"title":true,"content":true,"excerpt":false},"en":{"title":false,"content":false,"excerpt":false}}},"yoast_head":"<!-- This site is optimized with the Yoast SEO plugin v24.9 - https:\/\/yoast.com\/wordpress\/plugins\/seo\/ -->\n<title>Hamilelikte Varis - Opr.Dr.Cafer Abbaso\u011flu<\/title>\n<meta name=\"robots\" content=\"index, follow, max-snippet:-1, max-image-preview:large, max-video-preview:-1\" \/>\n<link rel=\"canonical\" href=\"https:\/\/www.caferabbasoglu.com\/en\/hamilelikte-varis\/\" \/>\n<meta property=\"og:locale\" content=\"en_US\" \/>\n<meta property=\"og:type\" content=\"article\" \/>\n<meta property=\"og:title\" content=\"Hamilelikte Varis - Opr.Dr.Cafer Abbaso\u011flu\" \/>\n<meta property=\"og:url\" content=\"https:\/\/www.caferabbasoglu.com\/en\/hamilelikte-varis\/\" \/>\n<meta property=\"og:site_name\" content=\"Opr.Dr.Cafer Abbaso\u011flu\" \/>\n<meta property=\"article:modified_time\" content=\"2021-05-11T16:43:16+00:00\" \/>\n<meta name=\"twitter:card\" content=\"summary_large_image\" \/>\n<meta name=\"twitter:label1\" content=\"Est. reading time\" \/>\n\t<meta name=\"twitter:data1\" content=\"3 minutes\" \/>\n<script type=\"application\/ld+json\" class=\"yoast-schema-graph\">{\"@context\":\"https:\/\/schema.org\",\"@graph\":[{\"@type\":\"WebPage\",\"@id\":\"https:\/\/www.caferabbasoglu.com\/en\/hamilelikte-varis\/\",\"url\":\"https:\/\/www.caferabbasoglu.com\/en\/hamilelikte-varis\/\",\"name\":\"Hamilelikte Varis - Opr.Dr.Cafer Abbaso\u011flu\",\"isPartOf\":{\"@id\":\"https:\/\/www.caferabbasoglu.com\/#website\"},\"datePublished\":\"2010-07-27T16:27:06+00:00\",\"dateModified\":\"2021-05-11T16:43:16+00:00\",\"breadcrumb\":{\"@id\":\"https:\/\/www.caferabbasoglu.com\/en\/hamilelikte-varis\/#breadcrumb\"},\"inLanguage\":\"en-US\",\"potentialAction\":[{\"@type\":\"ReadAction\",\"target\":[\"https:\/\/www.caferabbasoglu.com\/en\/hamilelikte-varis\/\"]}]},{\"@type\":\"BreadcrumbList\",\"@id\":\"https:\/\/www.caferabbasoglu.com\/en\/hamilelikte-varis\/#breadcrumb\",\"itemListElement\":[{\"@type\":\"ListItem\",\"position\":1,\"name\":\"Ana Sayfa\",\"item\":\"https:\/\/www.caferabbasoglu.com\/\"},{\"@type\":\"ListItem\",\"position\":2,\"name\":\"Hamilelikte Varis\"}]},{\"@type\":\"WebSite\",\"@id\":\"https:\/\/www.caferabbasoglu.com\/#website\",\"url\":\"https:\/\/www.caferabbasoglu.com\/\",\"name\":\"Opr.Dr.Cafer Abbaso\u011flu\",\"description\":\"Damar Hastal\u0131klar\u0131, Varis ve Diyabet Hakk\u0131nda Bilgiler\",\"publisher\":{\"@id\":\"https:\/\/www.caferabbasoglu.com\/#organization\"},\"potentialAction\":[{\"@type\":\"SearchAction\",\"target\":{\"@type\":\"EntryPoint\",\"urlTemplate\":\"https:\/\/www.caferabbasoglu.com\/?s={search_term_string}\"},\"query-input\":{\"@type\":\"PropertyValueSpecification\",\"valueRequired\":true,\"valueName\":\"search_term_string\"}}],\"inLanguage\":\"en-US\"},{\"@type\":\"Organization\",\"@id\":\"https:\/\/www.caferabbasoglu.com\/#organization\",\"name\":\"Damar Hastal\u0131klar\u0131 ve Varis Tedavileri Merkezi\",\"url\":\"https:\/\/www.caferabbasoglu.com\/\",\"logo\":{\"@type\":\"ImageObject\",\"inLanguage\":\"en-US\",\"@id\":\"https:\/\/www.caferabbasoglu.com\/#\/schema\/logo\/image\/\",\"url\":\"http:\/\/www.caferabbasoglu.com\/wp-content\/uploads\/2010\/08\/imza_eposta.jpg\",\"contentUrl\":\"http:\/\/www.caferabbasoglu.com\/wp-content\/uploads\/2010\/08\/imza_eposta.jpg\",\"width\":640,\"height\":121,\"caption\":\"Damar Hastal\u0131klar\u0131 ve Varis Tedavileri Merkezi\"},\"image\":{\"@id\":\"https:\/\/www.caferabbasoglu.com\/#\/schema\/logo\/image\/\"}}]}<\/script>\n<!-- \/ Yoast SEO plugin. -->","yoast_head_json":{"title":"Hamilelikte Varis - Opr.Dr.Cafer Abbaso\u011flu","robots":{"index":"index","follow":"follow","max-snippet":"max-snippet:-1","max-image-preview":"max-image-preview:large","max-video-preview":"max-video-preview:-1"},"canonical":"https:\/\/www.caferabbasoglu.com\/en\/hamilelikte-varis\/","og_locale":"en_US","og_type":"article","og_title":"Hamilelikte Varis - Opr.Dr.Cafer Abbaso\u011flu","og_url":"https:\/\/www.caferabbasoglu.com\/en\/hamilelikte-varis\/","og_site_name":"Opr.Dr.Cafer Abbaso\u011flu","article_modified_time":"2021-05-11T16:43:16+00:00","twitter_card":"summary_large_image","twitter_misc":{"Est. reading time":"3 minutes"},"schema":{"@context":"https:\/\/schema.org","@graph":[{"@type":"WebPage","@id":"https:\/\/www.caferabbasoglu.com\/en\/hamilelikte-varis\/","url":"https:\/\/www.caferabbasoglu.com\/en\/hamilelikte-varis\/","name":"Hamilelikte Varis - Opr.Dr.Cafer Abbaso\u011flu","isPartOf":{"@id":"https:\/\/www.caferabbasoglu.com\/#website"},"datePublished":"2010-07-27T16:27:06+00:00","dateModified":"2021-05-11T16:43:16+00:00","breadcrumb":{"@id":"https:\/\/www.caferabbasoglu.com\/en\/hamilelikte-varis\/#breadcrumb"},"inLanguage":"en-US","potentialAction":[{"@type":"ReadAction","target":["https:\/\/www.caferabbasoglu.com\/en\/hamilelikte-varis\/"]}]},{"@type":"BreadcrumbList","@id":"https:\/\/www.caferabbasoglu.com\/en\/hamilelikte-varis\/#breadcrumb","itemListElement":[{"@type":"ListItem","position":1,"name":"Ana Sayfa","item":"https:\/\/www.caferabbasoglu.com\/"},{"@type":"ListItem","position":2,"name":"Hamilelikte Varis"}]},{"@type":"WebSite","@id":"https:\/\/www.caferabbasoglu.com\/#website","url":"https:\/\/www.caferabbasoglu.com\/","name":"Opr.Dr.Cafer Abbaso\u011flu","description":"Damar Hastal\u0131klar\u0131, Varis ve Diyabet Hakk\u0131nda Bilgiler","publisher":{"@id":"https:\/\/www.caferabbasoglu.com\/#organization"},"potentialAction":[{"@type":"SearchAction","target":{"@type":"EntryPoint","urlTemplate":"https:\/\/www.caferabbasoglu.com\/?s={search_term_string}"},"query-input":{"@type":"PropertyValueSpecification","valueRequired":true,"valueName":"search_term_string"}}],"inLanguage":"en-US"},{"@type":"Organization","@id":"https:\/\/www.caferabbasoglu.com\/#organization","name":"Damar Hastal\u0131klar\u0131 ve Varis Tedavileri Merkezi","url":"https:\/\/www.caferabbasoglu.com\/","logo":{"@type":"ImageObject","inLanguage":"en-US","@id":"https:\/\/www.caferabbasoglu.com\/#\/schema\/logo\/image\/","url":"http:\/\/www.caferabbasoglu.com\/wp-content\/uploads\/2010\/08\/imza_eposta.jpg","contentUrl":"http:\/\/www.caferabbasoglu.com\/wp-content\/uploads\/2010\/08\/imza_eposta.jpg","width":640,"height":121,"caption":"Damar Hastal\u0131klar\u0131 ve Varis Tedavileri Merkezi"},"image":{"@id":"https:\/\/www.caferabbasoglu.com\/#\/schema\/logo\/image\/"}}]}},"_links":{"self":[{"href":"https:\/\/www.caferabbasoglu.com\/en\/wp-json\/wp\/v2\/pages\/12","targetHints":{"allow":["GET"]}}],"collection":[{"href":"https:\/\/www.caferabbasoglu.com\/en\/wp-json\/wp\/v2\/pages"}],"about":[{"href":"https:\/\/www.caferabbasoglu.com\/en\/wp-json\/wp\/v2\/types\/page"}],"author":[{"embeddable":true,"href":"https:\/\/www.caferabbasoglu.com\/en\/wp-json\/wp\/v2\/users\/5"}],"replies":[{"embeddable":true,"href":"https:\/\/www.caferabbasoglu.com\/en\/wp-json\/wp\/v2\/comments?post=12"}],"version-history":[{"count":1,"href":"https:\/\/www.caferabbasoglu.com\/en\/wp-json\/wp\/v2\/pages\/12\/revisions"}],"predecessor-version":[{"id":665,"href":"https:\/\/www.caferabbasoglu.com\/en\/wp-json\/wp\/v2\/pages\/12\/revisions\/665"}],"wp:attachment":[{"href":"https:\/\/www.caferabbasoglu.com\/en\/wp-json\/wp\/v2\/media?parent=12"}],"curies":[{"name":"wp","href":"https:\/\/api.w.org\/{rel}","templated":true}]}}