{"id":17,"date":"2010-07-27T19:36:32","date_gmt":"2010-07-27T16:36:32","guid":{"rendered":"http:\/\/caferabbasoglu.moldibi.com\/varis-tedavileri\/"},"modified":"2015-12-19T17:57:46","modified_gmt":"2015-12-19T15:57:46","slug":"varis-tedavileri","status":"publish","type":"page","link":"https:\/\/www.caferabbasoglu.com\/en\/varis-tedavileri\/","title":{"rendered":"Varis Tedavileri"},"content":{"rendered":"<p><img decoding=\"async\" class=\"size-medium wp-image-313 alignleft lazyload\" data-src=\"http:\/\/www.caferabbasoglu.com\/wp-content\/uploads\/2010\/07\/fatih-225x300.jpg\" alt=\"Fatih\" width=\"225\" height=\"300\" src=\"data:image\/gif;base64,R0lGODlhAQABAAAAACH5BAEKAAEALAAAAAABAAEAAAICTAEAOw==\" style=\"--smush-placeholder-width: 225px; --smush-placeholder-aspect-ratio: 225\/300;\" \/>Varislerin tedavileri tiplerine g\u00f6re de\u011fi\u015fmektedir. Varis tedavilerinde bacaktaki toplardamarlar\u0131n bas\u0131n\u00e7lar\u0131, ka\u00e7ak ve refl\u00fc durumlar\u0131, hastan\u0131n genel durumu, cilt rengi ve \u00f6zelli\u011fini g\u00f6z \u00f6n\u00fcnde bulundurmaktay\u0131z.\u00a0Bacaktaki varisler a\u011faca benzetildi\u011fi gibi g\u00f6vdesi, dal\u0131 ve k\u00f6k\u00fcn\u00fcn bas\u0131nc\u0131n\u0131 \u00f6l\u00e7erek tedaviye karar vermekteyiz. Tedavide tiplerine g\u00f6re dal\u0131, g\u00f6vdesi, k\u00f6k\u00fcne g\u00f6re tedavilerin t\u00fcrleri ve \u015fekli de\u011fi\u015fmektedir. Bazen tek tip bazen de kombine tedavi hastalara \u00f6nerilmektedir. \u00c7\u00fcnk\u00fc bazen hastalar\u0131m\u0131zda tip1 ve tip2 varisler bulunmaktad\u0131r. Yani hem makarna \u015feklinde, hem ince k\u0131lcal damar \u015feklinde varisler g\u00f6r\u00fcn\u00fcr. Tipleri ve tedavileri tamamen farkl\u0131d\u0131r ama ayn\u0131 seansta farkl\u0131 y\u00f6ntemlerle tedavi edilmektedir.<\/p>\n<p>&nbsp;<\/p>\n<p>Birinci tip varislere veya sadece dal\u0131 olan damarlara light lazer, skleroterapi ve k\u00f6p\u00fck tedavisi uygulan\u0131r.<\/p>\n<p>&nbsp;<\/p>\n<p>&nbsp;<\/p>\n<ul>\n<li>\u0130kinci tip varisler <i><strong>skleroterapi <\/strong><\/i>(varis i\u00e7ine ila\u00e7 uygulamak), k\u00f6p\u00fck tedavisi, buhar tedavisi, dopler ultrasonografi alt\u0131nda yap\u0131lmaktad\u0131r. Skleroterapi ajanlar\u0131n\u0131n se\u00e7iminde ve k\u00f6p\u00fck tedavisinin ajanlar\u0131n\u0131n ve s\u0131v\u0131 kar\u0131\u015f\u0131m\u0131n\u0131n se\u00e7iminde hastan\u0131n cilt rengi ve \u00f6zelli\u011fine g\u00f6re se\u00e7ilip ayarlanmaktad\u0131r. S\u0131v\u0131 se\u00e7imi ve konsantrasyonlar\u0131 hipertonik veya izotonik ya da hipotonik olarak hastalara g\u00f6re \u00f6zel ayarlanmaktad\u0131r. Her hastan\u0131n tedavisi hastaya \u00f6zeldir.<br \/>\n<table border=\"0\" cellspacing=\"1\" cellpadding=\"1\">\n<tbody>\n<tr>\n<td><img decoding=\"async\" class=\"alignnone wp-image-3 size-thumbnail lazyload\" style=\"--smush-placeholder-width: 150px; --smush-placeholder-aspect-ratio: 150\/150;width: 150px; height: 266px;\" data-src=\"http:\/\/www.caferabbasoglu.com\/wp-content\/uploads\/2010\/07\/1-150x150.jpg\" alt=\"\" width=\"150\" height=\"150\" src=\"data:image\/gif;base64,R0lGODlhAQABAAAAACH5BAEKAAEALAAAAAABAAEAAAICTAEAOw==\" \/><\/td>\n<td><img decoding=\"async\" class=\"alignnone wp-image-5 size-thumbnail lazyload\" style=\"--smush-placeholder-width: 150px; --smush-placeholder-aspect-ratio: 150\/150;height: 266px; width: 150px;\" data-src=\"http:\/\/www.caferabbasoglu.com\/wp-content\/uploads\/2010\/07\/2-150x150.jpg\" alt=\"\" width=\"150\" height=\"150\" src=\"data:image\/gif;base64,R0lGODlhAQABAAAAACH5BAEKAAEALAAAAAABAAEAAAICTAEAOw==\" \/><\/td>\n<td><img decoding=\"async\" class=\"alignnone wp-image-13 size-thumbnail lazyload\" style=\"--smush-placeholder-width: 150px; --smush-placeholder-aspect-ratio: 150\/150;height: 264px; width: 150px;\" data-src=\"http:\/\/www.caferabbasoglu.com\/wp-content\/uploads\/2010\/07\/5-150x150.jpg\" alt=\"\" width=\"150\" height=\"150\" src=\"data:image\/gif;base64,R0lGODlhAQABAAAAACH5BAEKAAEALAAAAAABAAEAAAICTAEAOw==\" \/><\/td>\n<td><img decoding=\"async\" class=\"alignnone wp-image-14 size-thumbnail lazyload\" style=\"--smush-placeholder-width: 150px; --smush-placeholder-aspect-ratio: 150\/150;width: 150px; height: 264px;\" data-src=\"http:\/\/www.caferabbasoglu.com\/wp-content\/uploads\/2010\/07\/6-150x150.jpg\" alt=\"\" width=\"150\" height=\"150\" src=\"data:image\/gif;base64,R0lGODlhAQABAAAAACH5BAEKAAEALAAAAAABAAEAAAICTAEAOw==\" \/><\/td>\n<\/tr>\n<\/tbody>\n<\/table>\n<p>Bu varis tiplerinin hepsinde lazer tedavileri, Skleroterapi tedavisi ve k\u00f6p\u00fck tedavisi uygulanmaktad\u0131r.<\/li>\n<\/ul>\n<p>Yap\u0131l\u0131rken, skereterapiden \u00f6nce ve sonra Skleroterapide sklerozan madde dilate ven i\u00e7ine injekte edilir, sklerozan ajan ven duvar\u0131ndaki parietal tabakada iltihabi reaksyon olu\u015fturur ve tromboz olu\u015fturmadan ven l\u00fcmenini kapatabilir. Skleroterapi s\u0131ras\u0131nda cilt reaksyonlar\u0131 ve ilac\u0131n yaln\u0131\u015fl\u0131kla atar damarlara verilmemesine dikkat etmemiz gerekmektedir. Bu komplikasyonu \u00f6nlemek i\u00e7in ultrasonografi e\u015fli\u011finde geni\u015flemi\u015f toplar damar\u0131 g\u00f6r\u00fcnt\u00fcleyerek sklerozan ajan verilmektedir. K\u00f6kl\u00fc veya g\u00f6vdesi olan varislere y\u00f6nelik dopler ultrasonografi alt\u0131nda olsa dahi yapaca\u011f\u0131m\u0131z varis tedavilerinde hastalar\u0131n kalp durumlar\u0131, kalplerinde \u00e7ocukluk zaman\u0131ndan kalan delik ya da kapak hastal\u0131klar\u0131n\u0131n olup olmad\u0131\u011f\u0131n\u0131 muhakkak ara\u015ft\u0131rd\u0131ktan sonra yapmaktay\u0131z.<\/p>\n<ul>\n<li>\u00dc\u00e7\u00fcnc\u00fc tip varislere operasyon<i> <strong>uygulanmaktad\u0131r<\/strong><\/i>. <i><strong>Strip\u00a0<\/strong><\/i>ve <i><strong>ligasyon<\/strong><\/i> en uygun operasyon y\u00f6ntemidir. Genel aneztezi veya epidural anestezi ile yap\u0131labilir. Operasyondan sonra a\u011fr\u0131, a\u011f\u0131rl\u0131k , \u015fi\u015fkinlik ve kramplar\u0131 bulunan hastalar\u0131n semptomlar\u0131n\u0131n azalmas\u0131 ile birlikde kozmetik olarak da iyi sonu\u00e7lar elde edilmi\u015ftir.<\/li>\n<li><i><strong>Elastik \u00e7oraplar<\/strong><\/i>\u00a0ve\u00a0<i><strong>kompresyon<\/strong><\/i>\u00a0<strong>\u00e7oraplar\u0131<\/strong> varis hastal\u0131klar\u0131n\u0131n belirtilerini azaltmak i\u00e7in kullan\u0131lan <i><strong>semptomatik<\/strong><\/i>\u00a0bir tedavi y\u00f6ntemidir. Kompresyon y\u00fczeysel ven bas\u0131nc\u0131n\u0131 direkt olarak azaltmaktad\u0131r. Ayr\u0131ca bacaktaki kas pompas\u0131n\u0131 destekleyerek ven d\u00fc\u015f\u00fcm\u00fcn\u00fc iyile\u015ftirir. \u00dclkemizde muhtelif renkte, \u00f6zellikte varis \u00e7oraplar\u0131 bulunmaktad\u0131r. Bu \u00e7oraplar\u0131 hekim taraf\u0131ndan bacaktaki kan bas\u0131nc\u0131n\u0131 ve durumunu \u00f6l\u00e7erek hastalara tavsiye etmekteyiz.<\/li>\n<\/ul>\n<table border=\"0\" cellspacing=\"1\" cellpadding=\"1\">\n<tbody>\n<tr>\n<td><a href=\"corap.jpg\"><img decoding=\"async\" class=\"alignleft size-full wp-image-15 lazyload\" style=\"--smush-placeholder-width: 197px; --smush-placeholder-aspect-ratio: 197\/350;float: left; height: 264px; width: 149px;\" data-src=\"\/wp-content\/uploads\/2010\/07\/corap.jpg\" alt=\"\" width=\"197\" height=\"350\" data-srcset=\"https:\/\/www.caferabbasoglu.com\/wp-content\/uploads\/2010\/07\/corap.jpg 197w, https:\/\/www.caferabbasoglu.com\/wp-content\/uploads\/2010\/07\/corap-169x300.jpg 169w\" data-sizes=\"(max-width: 197px) 100vw, 197px\" src=\"data:image\/gif;base64,R0lGODlhAQABAAAAACH5BAEKAAEALAAAAAABAAEAAAICTAEAOw==\" \/><\/a><\/td>\n<td><img decoding=\"async\" class=\"size-full wp-image-16 lazyload\" style=\"--smush-placeholder-width: 197px; --smush-placeholder-aspect-ratio: 197\/264;width: 197px; height: 264px;\" data-src=\"\/wp-content\/uploads\/2010\/07\/corap2.JPG\" alt=\"\" width=\"197\" height=\"264\" src=\"data:image\/gif;base64,R0lGODlhAQABAAAAACH5BAEKAAEALAAAAAABAAEAAAICTAEAOw==\" \/><\/td>\n<\/tr>\n<tr>\n<td><\/td>\n<td><\/td>\n<\/tr>\n<\/tbody>\n<\/table>\n<h3>Varis tedavilerinde 12 t\u00fcrl\u00fc tedavi se\u00e7ene\u011fimiz vard\u0131r.<\/h3>\n<ol>\n<li style=\"font-size: 16px;\">Medikal tedavi<\/li>\n<li style=\"font-size: 16px;\">Bas\u0131n\u00e7 uygulama tedavileri<\/li>\n<li style=\"font-size: 16px;\">Klasik sekleroterapy<\/li>\n<li style=\"font-size: 16px;\">Foam (k\u00f6p\u00fckl\u00fc) sekleroterapy<\/li>\n<li style=\"font-size: 16px;\">Ultrason alt\u0131nda klasik veya foam sekleroterapy uygunlanmas\u0131<\/li>\n<li style=\"font-size: 16px;\">Endoskopik varis tedavisi \u00f6zellikle diz alt\u0131nda varis yaralar\u0131nda ki olan en ba\u015far\u0131l\u0131 tedavi sistemi<\/li>\n<li style=\"font-size: 16px;\">Flebektomi<\/li>\n<li style=\"font-size: 16px;\">Light lazer (y\u00fczeyel lazer)<\/li>\n<li style=\"font-size: 16px;\">Endovenoz lazer uygulamalar\u0131<\/li>\n<li style=\"font-size: 16px;\">Radyofrekans\u0131 y\u00f6ntemi ile uygulamalar<\/li>\n<li style=\"font-size: 16px;\">K\u00fc\u00e7\u00fck cerrahi se\u00e7enekler<\/li>\n<li style=\"font-size: 16px;\">B\u00fcy\u00fck cerrahi se\u00e7enekler.<\/li>\n<\/ol>\n<blockquote><p>Bizler genellikle bir hastada iki veya \u00fc\u00e7 kombine tedavi uygulamaktay\u0131z. Her hastada tek tip ve tek bas\u0131n\u00e7l\u0131 varis olmad\u0131\u011f\u0131 i\u00e7in \u00e7o\u011fu zaman kombine tedavi gerekmektedir. Mesela lazer, sekleroterapy ve flebektomi kombinasyonlar\u0131 uygulanmaktad\u0131r.<\/p><\/blockquote>\n","protected":false},"excerpt":{"rendered":"<p>Varislerin tedavileri tiplerine g\u00f6re de\u011fi\u015fmektedir. Varis tedavilerinde bacaktaki toplardamarlar\u0131n bas\u0131n\u00e7lar\u0131, ka\u00e7ak ve refl\u00fc durumlar\u0131, hastan\u0131n genel durumu, cilt rengi ve \u00f6zelli\u011fini g\u00f6z \u00f6n\u00fcnde bulundurmaktay\u0131z.\u00a0Bacaktaki varisler a\u011faca benzetildi\u011fi gibi g\u00f6vdesi, dal\u0131 ve k\u00f6k\u00fcn\u00fcn bas\u0131nc\u0131n\u0131 \u00f6l\u00e7erek tedaviye karar vermekteyiz. Tedavide tiplerine g\u00f6re dal\u0131, g\u00f6vdesi, k\u00f6k\u00fcne g\u00f6re tedavilerin t\u00fcrleri ve \u015fekli de\u011fi\u015fmektedir. Bazen tek tip bazen de kombine [&hellip;]<\/p>\n","protected":false},"author":5,"featured_media":0,"parent":0,"menu_order":10,"comment_status":"closed","ping_status":"closed","template":"","meta":{"two_page_speed":[],"footnotes":""},"class_list":["post-17","page","type-page","status-publish","hentry"],"translation":{"provider":"WPGlobus","version":"3.0.0","language":"en","enabled_languages":["tr","en"],"languages":{"tr":{"title":true,"content":true,"excerpt":false},"en":{"title":false,"content":false,"excerpt":false}}},"yoast_head":"<!-- This site is optimized with the Yoast SEO plugin v24.9 - https:\/\/yoast.com\/wordpress\/plugins\/seo\/ -->\n<title>Varis Tedavileri - Opr.Dr.Cafer Abbaso\u011flu<\/title>\n<meta name=\"robots\" content=\"index, follow, max-snippet:-1, max-image-preview:large, max-video-preview:-1\" \/>\n<link rel=\"canonical\" href=\"https:\/\/www.caferabbasoglu.com\/varis-tedavileri\/\" \/>\n<meta property=\"og:locale\" content=\"en_US\" \/>\n<meta property=\"og:type\" content=\"article\" \/>\n<meta property=\"og:title\" content=\"Varis Tedavileri - Opr.Dr.Cafer Abbaso\u011flu\" \/>\n<meta property=\"og:url\" content=\"https:\/\/www.caferabbasoglu.com\/varis-tedavileri\/\" \/>\n<meta property=\"og:site_name\" content=\"Opr.Dr.Cafer Abbaso\u011flu\" \/>\n<meta property=\"article:modified_time\" content=\"2015-12-19T15:57:46+00:00\" \/>\n<meta property=\"og:image\" content=\"http:\/\/www.caferabbasoglu.com\/wp-content\/uploads\/2010\/07\/fatih-225x300.jpg\" \/>\n<meta name=\"twitter:card\" content=\"summary_large_image\" \/>\n<meta name=\"twitter:label1\" content=\"Est. reading time\" \/>\n\t<meta name=\"twitter:data1\" content=\"3 minutes\" \/>\n<script type=\"application\/ld+json\" class=\"yoast-schema-graph\">{\"@context\":\"https:\/\/schema.org\",\"@graph\":[{\"@type\":\"WebPage\",\"@id\":\"https:\/\/www.caferabbasoglu.com\/varis-tedavileri\/\",\"url\":\"https:\/\/www.caferabbasoglu.com\/varis-tedavileri\/\",\"name\":\"Varis Tedavileri - Opr.Dr.Cafer Abbaso\u011flu\",\"isPartOf\":{\"@id\":\"https:\/\/www.caferabbasoglu.com\/#website\"},\"primaryImageOfPage\":{\"@id\":\"https:\/\/www.caferabbasoglu.com\/varis-tedavileri\/#primaryimage\"},\"image\":{\"@id\":\"https:\/\/www.caferabbasoglu.com\/varis-tedavileri\/#primaryimage\"},\"thumbnailUrl\":\"http:\/\/www.caferabbasoglu.com\/wp-content\/uploads\/2010\/07\/fatih-225x300.jpg\",\"datePublished\":\"2010-07-27T16:36:32+00:00\",\"dateModified\":\"2015-12-19T15:57:46+00:00\",\"breadcrumb\":{\"@id\":\"https:\/\/www.caferabbasoglu.com\/varis-tedavileri\/#breadcrumb\"},\"inLanguage\":\"en-US\",\"potentialAction\":[{\"@type\":\"ReadAction\",\"target\":[\"https:\/\/www.caferabbasoglu.com\/varis-tedavileri\/\"]}]},{\"@type\":\"ImageObject\",\"inLanguage\":\"en-US\",\"@id\":\"https:\/\/www.caferabbasoglu.com\/varis-tedavileri\/#primaryimage\",\"url\":\"http:\/\/www.caferabbasoglu.com\/wp-content\/uploads\/2010\/07\/fatih-225x300.jpg\",\"contentUrl\":\"http:\/\/www.caferabbasoglu.com\/wp-content\/uploads\/2010\/07\/fatih-225x300.jpg\"},{\"@type\":\"BreadcrumbList\",\"@id\":\"https:\/\/www.caferabbasoglu.com\/varis-tedavileri\/#breadcrumb\",\"itemListElement\":[{\"@type\":\"ListItem\",\"position\":1,\"name\":\"Ana Sayfa\",\"item\":\"https:\/\/www.caferabbasoglu.com\/\"},{\"@type\":\"ListItem\",\"position\":2,\"name\":\"Varis Tedavileri\"}]},{\"@type\":\"WebSite\",\"@id\":\"https:\/\/www.caferabbasoglu.com\/#website\",\"url\":\"https:\/\/www.caferabbasoglu.com\/\",\"name\":\"Opr.Dr.Cafer Abbaso\u011flu\",\"description\":\"Damar Hastal\u0131klar\u0131, Varis ve Diyabet Hakk\u0131nda Bilgiler\",\"publisher\":{\"@id\":\"https:\/\/www.caferabbasoglu.com\/#organization\"},\"potentialAction\":[{\"@type\":\"SearchAction\",\"target\":{\"@type\":\"EntryPoint\",\"urlTemplate\":\"https:\/\/www.caferabbasoglu.com\/?s={search_term_string}\"},\"query-input\":{\"@type\":\"PropertyValueSpecification\",\"valueRequired\":true,\"valueName\":\"search_term_string\"}}],\"inLanguage\":\"en-US\"},{\"@type\":\"Organization\",\"@id\":\"https:\/\/www.caferabbasoglu.com\/#organization\",\"name\":\"Damar Hastal\u0131klar\u0131 ve Varis Tedavileri Merkezi\",\"url\":\"https:\/\/www.caferabbasoglu.com\/\",\"logo\":{\"@type\":\"ImageObject\",\"inLanguage\":\"en-US\",\"@id\":\"https:\/\/www.caferabbasoglu.com\/#\/schema\/logo\/image\/\",\"url\":\"http:\/\/www.caferabbasoglu.com\/wp-content\/uploads\/2010\/08\/imza_eposta.jpg\",\"contentUrl\":\"http:\/\/www.caferabbasoglu.com\/wp-content\/uploads\/2010\/08\/imza_eposta.jpg\",\"width\":640,\"height\":121,\"caption\":\"Damar Hastal\u0131klar\u0131 ve Varis Tedavileri Merkezi\"},\"image\":{\"@id\":\"https:\/\/www.caferabbasoglu.com\/#\/schema\/logo\/image\/\"}}]}<\/script>\n<!-- \/ Yoast SEO plugin. -->","yoast_head_json":{"title":"Varis Tedavileri - Opr.Dr.Cafer Abbaso\u011flu","robots":{"index":"index","follow":"follow","max-snippet":"max-snippet:-1","max-image-preview":"max-image-preview:large","max-video-preview":"max-video-preview:-1"},"canonical":"https:\/\/www.caferabbasoglu.com\/varis-tedavileri\/","og_locale":"en_US","og_type":"article","og_title":"Varis Tedavileri - Opr.Dr.Cafer Abbaso\u011flu","og_url":"https:\/\/www.caferabbasoglu.com\/varis-tedavileri\/","og_site_name":"Opr.Dr.Cafer Abbaso\u011flu","article_modified_time":"2015-12-19T15:57:46+00:00","og_image":[{"url":"http:\/\/www.caferabbasoglu.com\/wp-content\/uploads\/2010\/07\/fatih-225x300.jpg","type":"","width":"","height":""}],"twitter_card":"summary_large_image","twitter_misc":{"Est. reading time":"3 minutes"},"schema":{"@context":"https:\/\/schema.org","@graph":[{"@type":"WebPage","@id":"https:\/\/www.caferabbasoglu.com\/varis-tedavileri\/","url":"https:\/\/www.caferabbasoglu.com\/varis-tedavileri\/","name":"Varis Tedavileri - Opr.Dr.Cafer Abbaso\u011flu","isPartOf":{"@id":"https:\/\/www.caferabbasoglu.com\/#website"},"primaryImageOfPage":{"@id":"https:\/\/www.caferabbasoglu.com\/varis-tedavileri\/#primaryimage"},"image":{"@id":"https:\/\/www.caferabbasoglu.com\/varis-tedavileri\/#primaryimage"},"thumbnailUrl":"http:\/\/www.caferabbasoglu.com\/wp-content\/uploads\/2010\/07\/fatih-225x300.jpg","datePublished":"2010-07-27T16:36:32+00:00","dateModified":"2015-12-19T15:57:46+00:00","breadcrumb":{"@id":"https:\/\/www.caferabbasoglu.com\/varis-tedavileri\/#breadcrumb"},"inLanguage":"en-US","potentialAction":[{"@type":"ReadAction","target":["https:\/\/www.caferabbasoglu.com\/varis-tedavileri\/"]}]},{"@type":"ImageObject","inLanguage":"en-US","@id":"https:\/\/www.caferabbasoglu.com\/varis-tedavileri\/#primaryimage","url":"http:\/\/www.caferabbasoglu.com\/wp-content\/uploads\/2010\/07\/fatih-225x300.jpg","contentUrl":"http:\/\/www.caferabbasoglu.com\/wp-content\/uploads\/2010\/07\/fatih-225x300.jpg"},{"@type":"BreadcrumbList","@id":"https:\/\/www.caferabbasoglu.com\/varis-tedavileri\/#breadcrumb","itemListElement":[{"@type":"ListItem","position":1,"name":"Ana Sayfa","item":"https:\/\/www.caferabbasoglu.com\/"},{"@type":"ListItem","position":2,"name":"Varis Tedavileri"}]},{"@type":"WebSite","@id":"https:\/\/www.caferabbasoglu.com\/#website","url":"https:\/\/www.caferabbasoglu.com\/","name":"Opr.Dr.Cafer Abbaso\u011flu","description":"Damar Hastal\u0131klar\u0131, Varis ve Diyabet Hakk\u0131nda Bilgiler","publisher":{"@id":"https:\/\/www.caferabbasoglu.com\/#organization"},"potentialAction":[{"@type":"SearchAction","target":{"@type":"EntryPoint","urlTemplate":"https:\/\/www.caferabbasoglu.com\/?s={search_term_string}"},"query-input":{"@type":"PropertyValueSpecification","valueRequired":true,"valueName":"search_term_string"}}],"inLanguage":"en-US"},{"@type":"Organization","@id":"https:\/\/www.caferabbasoglu.com\/#organization","name":"Damar Hastal\u0131klar\u0131 ve Varis Tedavileri Merkezi","url":"https:\/\/www.caferabbasoglu.com\/","logo":{"@type":"ImageObject","inLanguage":"en-US","@id":"https:\/\/www.caferabbasoglu.com\/#\/schema\/logo\/image\/","url":"http:\/\/www.caferabbasoglu.com\/wp-content\/uploads\/2010\/08\/imza_eposta.jpg","contentUrl":"http:\/\/www.caferabbasoglu.com\/wp-content\/uploads\/2010\/08\/imza_eposta.jpg","width":640,"height":121,"caption":"Damar Hastal\u0131klar\u0131 ve Varis Tedavileri Merkezi"},"image":{"@id":"https:\/\/www.caferabbasoglu.com\/#\/schema\/logo\/image\/"}}]}},"_links":{"self":[{"href":"https:\/\/www.caferabbasoglu.com\/en\/wp-json\/wp\/v2\/pages\/17","targetHints":{"allow":["GET"]}}],"collection":[{"href":"https:\/\/www.caferabbasoglu.com\/en\/wp-json\/wp\/v2\/pages"}],"about":[{"href":"https:\/\/www.caferabbasoglu.com\/en\/wp-json\/wp\/v2\/types\/page"}],"author":[{"embeddable":true,"href":"https:\/\/www.caferabbasoglu.com\/en\/wp-json\/wp\/v2\/users\/5"}],"replies":[{"embeddable":true,"href":"https:\/\/www.caferabbasoglu.com\/en\/wp-json\/wp\/v2\/comments?post=17"}],"version-history":[{"count":0,"href":"https:\/\/www.caferabbasoglu.com\/en\/wp-json\/wp\/v2\/pages\/17\/revisions"}],"wp:attachment":[{"href":"https:\/\/www.caferabbasoglu.com\/en\/wp-json\/wp\/v2\/media?parent=17"}],"curies":[{"name":"wp","href":"https:\/\/api.w.org\/{rel}","templated":true}]}}