{"id":19,"date":"2010-07-30T11:12:52","date_gmt":"2010-07-30T08:12:52","guid":{"rendered":"http:\/\/caferabbasoglu.moldibi.com\/cafer-abbasoglu\/"},"modified":"2016-02-27T11:59:51","modified_gmt":"2016-02-27T09:59:51","slug":"cafer-abbasoglu","status":"publish","type":"page","link":"https:\/\/www.caferabbasoglu.com\/en\/cafer-abbasoglu\/","title":{"rendered":"Cafer Abbaso\u011flu"},"content":{"rendered":"<p><a href=\"http:\/\/caferabbasoglu.moldibi.com\/wp-content\/uploads\/2010\/07\/dr_abbasoglu.jpg\"><img decoding=\"async\" class=\"alignleft wp-image-109 size-medium lazyload\" data-src=\"http:\/\/caferabbasoglu.moldibi.com\/wp-content\/uploads\/2010\/07\/dr_abbasoglu-300x198.jpg\" alt=\"Dr. Cafer Abbaso\u011flu\" width=\"300\" height=\"198\" data-srcset=\"https:\/\/www.caferabbasoglu.com\/wp-content\/uploads\/2010\/07\/dr_abbasoglu-300x198.jpg 300w, https:\/\/www.caferabbasoglu.com\/wp-content\/uploads\/2010\/07\/dr_abbasoglu.jpg 498w\" data-sizes=\"(max-width: 300px) 100vw, 300px\" src=\"data:image\/gif;base64,R0lGODlhAQABAAAAACH5BAEKAAEALAAAAAABAAEAAAICTAEAOw==\" style=\"--smush-placeholder-width: 300px; --smush-placeholder-aspect-ratio: 300\/198;\" \/><\/a><\/p>\n<table style=\"margin-left: 10px;\" border=\"0\" cellspacing=\"0\" cellpadding=\"0\">\n<tbody>\n<tr>\n<td><strong>Ad\u0131 Soyad\u0131<\/strong><\/td>\n<td>Cafer Abbaso\u011flu<\/td>\n<\/tr>\n<tr>\n<td><strong>Do\u011fum Yeri ve Y\u0131l\u0131<\/strong><\/td>\n<td>Maku, 10.03.1958<\/td>\n<\/tr>\n<tr>\n<td><strong>Uzmanl\u0131k Alan\u0131<\/strong><\/td>\n<td>G\u00f6\u011f\u00fcs ve Kalp Damar Cerrahisi<\/td>\n<\/tr>\n<tr>\n<td><strong>Yan Dal Uzmanl\u0131k Alan\u0131<\/strong><\/td>\n<td>Damar Cerrahisi<\/td>\n<\/tr>\n<tr>\n<td><strong>Mezun Oldu\u011fu Fak\u00fclte Y\u0131l\u0131<\/strong><\/td>\n<td>Cerrahpa\u015fa T\u0131p Fak\u00fcltesi -1987<\/td>\n<\/tr>\n<tr>\n<td><strong>Uzmanl\u0131k Yeri ve Y\u0131l\u0131<\/strong><\/td>\n<td>Cerrahpa\u015fa T\u0131p Fak\u00fcltesi &#8211; 1993<\/td>\n<\/tr>\n<tr>\n<td><strong>Yandal Uzmanl\u0131k Yeri ve Y\u0131l\u0131<\/strong><\/td>\n<td>Cerrahpa\u015fa T\u0131p Fak\u00fcltesi &#8211; 1994<\/td>\n<\/tr>\n<tr>\n<td><strong>Doktora\/Do\u00e7entlik Yeri ve Y\u0131l\u0131<\/strong><\/td>\n<td>Yrd. D\u00e7. Kadir Has \u00dcniversitesi &#8211; 2001<\/td>\n<\/tr>\n<tr>\n<td><strong>Yabanc\u0131 Diller<\/strong><\/td>\n<td>\u0130ngilizce, Almanca, Azerice, Fars\u00e7a, Arap\u00e7a<\/td>\n<\/tr>\n<tr>\n<td><strong>Mesleki \u00d6d\u00fcller<\/strong><\/td>\n<td>G.K.D. Klinik Ara\u015ft\u0131rma \u00d6d\u00fcl\u00fc -1990<\/p>\n<p>Kalp Cerrahisi Kongresi Klinik \u00c7al\u0131\u015fma \u00d6d\u00fcl\u00fc-1995<\/td>\n<\/tr>\n<tr>\n<td><strong>1994<\/strong><\/td>\n<td>Cerrahpa\u015fa T\u0131p Fak\u00fcltesi\u2019nden G\u00f6\u011f\u00fcs Kalp veDamar Cerrahisi uzmanl\u0131\u011f\u0131<\/td>\n<\/tr>\n<tr>\n<td><strong>1994 <\/strong><\/td>\n<td>Hareheld Hospital Midel Sex Londra\u2019 da \u00e7al\u0131\u015fmalarda bulundu. Bir y\u0131l homograft ve transplantasyon ve koroner cerrahisinde \u00e7al\u0131\u015ft\u0131.<\/td>\n<\/tr>\n<tr>\n<td><strong>1995-2001<\/strong><\/td>\n<td>\u0130stanbul Florence Nightingale Hastanesinde Prof. Dr. Bing\u00fcr S\u00d6NMEZ ile beraber Kalp ve Damar Cerrahisi&#8217;nde \u00e7al\u0131\u015fmalar\u0131 oldu.<\/td>\n<\/tr>\n<tr>\n<td><strong>2001 &#8211; 2002<\/strong><\/td>\n<td>Kolombia \u00dcniversitesi Presbaritian Hastanesi Kalp Cerrahisi Dal\u0131 Newyork ABD<\/td>\n<\/tr>\n<tr>\n<td><strong>2002- 2003<\/strong><\/td>\n<td>University of California, San Diego (UCSD)<\/p>\n<p>Vein Institute of la Jolla<\/td>\n<\/tr>\n<tr>\n<td><strong>2003<\/strong><\/td>\n<td>\u0130stanbul T\u00fcrkiye Hastanesi Kalp ve Damar Cerrahisi&#8217;nde Damar cerrahisini kurdu.<\/p>\n<p>\u00d6zellikle bacaklardaki Ven\u00f6z hastal\u0131klar\u0131n tedavi ve cerrahisinde ba\u015far\u0131l\u0131 ameliyatlar ger\u00e7ekle\u015ftirdi.<\/td>\n<\/tr>\n<tr>\n<td><strong>2009<\/strong><\/td>\n<td>Okmeydan\u0131 Damar Merkezini kurdu.<\/td>\n<\/tr>\n<\/tbody>\n<\/table>\n<h2>\u0130leti\u015fim<\/h2>\n<p>Okmeydan\u0131 Damar Merkezi<\/p>\n<p>Dar\u00fclaceze Cad. Ek\u015fio\u011flu \u0130\u015f Merkezi Kat:3 D:3<\/p>\n<p>No: 36, 34360, \u015ei\u015fli\/\u0130stanbul<\/p>\n<p>Telefon: 0212 320 30 22<\/p>\n<p>Faks: 0212 320 30 55<\/p>\n<p>E-posta: <a href=\"mailto:cafer@varistedavileri.com\">cafer@varistedavileri.com<\/a><\/p>\n","protected":false},"excerpt":{"rendered":"<p>Ad\u0131 Soyad\u0131 Cafer Abbaso\u011flu Do\u011fum Yeri ve Y\u0131l\u0131 Maku, 10.03.1958 Uzmanl\u0131k Alan\u0131 G\u00f6\u011f\u00fcs ve Kalp Damar Cerrahisi Yan Dal Uzmanl\u0131k Alan\u0131 Damar Cerrahisi Mezun Oldu\u011fu Fak\u00fclte Y\u0131l\u0131 Cerrahpa\u015fa T\u0131p Fak\u00fcltesi -1987 Uzmanl\u0131k Yeri ve Y\u0131l\u0131 Cerrahpa\u015fa T\u0131p Fak\u00fcltesi &#8211; 1993 Yandal Uzmanl\u0131k Yeri ve Y\u0131l\u0131 Cerrahpa\u015fa T\u0131p Fak\u00fcltesi &#8211; 1994 Doktora\/Do\u00e7entlik Yeri ve Y\u0131l\u0131 Yrd. [&hellip;]<\/p>\n","protected":false},"author":5,"featured_media":0,"parent":0,"menu_order":4,"comment_status":"closed","ping_status":"closed","template":"","meta":{"two_page_speed":[],"footnotes":""},"class_list":["post-19","page","type-page","status-publish","hentry"],"translation":{"provider":"WPGlobus","version":"3.0.0","language":"en","enabled_languages":["tr","en"],"languages":{"tr":{"title":true,"content":true,"excerpt":false},"en":{"title":false,"content":false,"excerpt":false}}},"yoast_head":"<!-- This site is optimized with the Yoast SEO plugin v24.9 - https:\/\/yoast.com\/wordpress\/plugins\/seo\/ -->\n<title>Cafer Abbaso\u011flu - Opr.Dr.Cafer Abbaso\u011flu<\/title>\n<meta name=\"robots\" content=\"index, follow, max-snippet:-1, max-image-preview:large, max-video-preview:-1\" \/>\n<link rel=\"canonical\" href=\"https:\/\/www.caferabbasoglu.com\/cafer-abbasoglu\/\" \/>\n<meta property=\"og:locale\" content=\"en_US\" \/>\n<meta property=\"og:type\" content=\"article\" \/>\n<meta property=\"og:title\" content=\"Cafer Abbaso\u011flu - Opr.Dr.Cafer Abbaso\u011flu\" \/>\n<meta property=\"og:url\" content=\"https:\/\/www.caferabbasoglu.com\/cafer-abbasoglu\/\" \/>\n<meta property=\"og:site_name\" content=\"Opr.Dr.Cafer Abbaso\u011flu\" \/>\n<meta property=\"article:modified_time\" content=\"2016-02-27T09:59:51+00:00\" \/>\n<meta property=\"og:image\" content=\"http:\/\/caferabbasoglu.moldibi.com\/wp-content\/uploads\/2010\/07\/dr_abbasoglu-300x198.jpg\" \/>\n<meta name=\"twitter:card\" content=\"summary_large_image\" \/>\n<meta name=\"twitter:label1\" content=\"Est. reading time\" \/>\n\t<meta name=\"twitter:data1\" content=\"1 minute\" \/>\n<script type=\"application\/ld+json\" class=\"yoast-schema-graph\">{\"@context\":\"https:\/\/schema.org\",\"@graph\":[{\"@type\":\"WebPage\",\"@id\":\"https:\/\/www.caferabbasoglu.com\/cafer-abbasoglu\/\",\"url\":\"https:\/\/www.caferabbasoglu.com\/cafer-abbasoglu\/\",\"name\":\"Cafer Abbaso\u011flu - Opr.Dr.Cafer Abbaso\u011flu\",\"isPartOf\":{\"@id\":\"https:\/\/www.caferabbasoglu.com\/#website\"},\"primaryImageOfPage\":{\"@id\":\"https:\/\/www.caferabbasoglu.com\/cafer-abbasoglu\/#primaryimage\"},\"image\":{\"@id\":\"https:\/\/www.caferabbasoglu.com\/cafer-abbasoglu\/#primaryimage\"},\"thumbnailUrl\":\"http:\/\/caferabbasoglu.moldibi.com\/wp-content\/uploads\/2010\/07\/dr_abbasoglu-300x198.jpg\",\"datePublished\":\"2010-07-30T08:12:52+00:00\",\"dateModified\":\"2016-02-27T09:59:51+00:00\",\"breadcrumb\":{\"@id\":\"https:\/\/www.caferabbasoglu.com\/cafer-abbasoglu\/#breadcrumb\"},\"inLanguage\":\"en-US\",\"potentialAction\":[{\"@type\":\"ReadAction\",\"target\":[\"https:\/\/www.caferabbasoglu.com\/cafer-abbasoglu\/\"]}]},{\"@type\":\"ImageObject\",\"inLanguage\":\"en-US\",\"@id\":\"https:\/\/www.caferabbasoglu.com\/cafer-abbasoglu\/#primaryimage\",\"url\":\"http:\/\/caferabbasoglu.moldibi.com\/wp-content\/uploads\/2010\/07\/dr_abbasoglu-300x198.jpg\",\"contentUrl\":\"http:\/\/caferabbasoglu.moldibi.com\/wp-content\/uploads\/2010\/07\/dr_abbasoglu-300x198.jpg\"},{\"@type\":\"BreadcrumbList\",\"@id\":\"https:\/\/www.caferabbasoglu.com\/cafer-abbasoglu\/#breadcrumb\",\"itemListElement\":[{\"@type\":\"ListItem\",\"position\":1,\"name\":\"Ana Sayfa\",\"item\":\"https:\/\/www.caferabbasoglu.com\/\"},{\"@type\":\"ListItem\",\"position\":2,\"name\":\"Cafer Abbaso\u011flu\"}]},{\"@type\":\"WebSite\",\"@id\":\"https:\/\/www.caferabbasoglu.com\/#website\",\"url\":\"https:\/\/www.caferabbasoglu.com\/\",\"name\":\"Opr.Dr.Cafer Abbaso\u011flu\",\"description\":\"Damar Hastal\u0131klar\u0131, Varis ve Diyabet Hakk\u0131nda Bilgiler\",\"publisher\":{\"@id\":\"https:\/\/www.caferabbasoglu.com\/#organization\"},\"potentialAction\":[{\"@type\":\"SearchAction\",\"target\":{\"@type\":\"EntryPoint\",\"urlTemplate\":\"https:\/\/www.caferabbasoglu.com\/?s={search_term_string}\"},\"query-input\":{\"@type\":\"PropertyValueSpecification\",\"valueRequired\":true,\"valueName\":\"search_term_string\"}}],\"inLanguage\":\"en-US\"},{\"@type\":\"Organization\",\"@id\":\"https:\/\/www.caferabbasoglu.com\/#organization\",\"name\":\"Damar Hastal\u0131klar\u0131 ve Varis Tedavileri Merkezi\",\"url\":\"https:\/\/www.caferabbasoglu.com\/\",\"logo\":{\"@type\":\"ImageObject\",\"inLanguage\":\"en-US\",\"@id\":\"https:\/\/www.caferabbasoglu.com\/#\/schema\/logo\/image\/\",\"url\":\"http:\/\/www.caferabbasoglu.com\/wp-content\/uploads\/2010\/08\/imza_eposta.jpg\",\"contentUrl\":\"http:\/\/www.caferabbasoglu.com\/wp-content\/uploads\/2010\/08\/imza_eposta.jpg\",\"width\":640,\"height\":121,\"caption\":\"Damar Hastal\u0131klar\u0131 ve Varis Tedavileri Merkezi\"},\"image\":{\"@id\":\"https:\/\/www.caferabbasoglu.com\/#\/schema\/logo\/image\/\"}}]}<\/script>\n<!-- \/ Yoast SEO plugin. -->","yoast_head_json":{"title":"Cafer Abbaso\u011flu - Opr.Dr.Cafer Abbaso\u011flu","robots":{"index":"index","follow":"follow","max-snippet":"max-snippet:-1","max-image-preview":"max-image-preview:large","max-video-preview":"max-video-preview:-1"},"canonical":"https:\/\/www.caferabbasoglu.com\/cafer-abbasoglu\/","og_locale":"en_US","og_type":"article","og_title":"Cafer Abbaso\u011flu - Opr.Dr.Cafer Abbaso\u011flu","og_url":"https:\/\/www.caferabbasoglu.com\/cafer-abbasoglu\/","og_site_name":"Opr.Dr.Cafer Abbaso\u011flu","article_modified_time":"2016-02-27T09:59:51+00:00","og_image":[{"url":"http:\/\/caferabbasoglu.moldibi.com\/wp-content\/uploads\/2010\/07\/dr_abbasoglu-300x198.jpg","type":"","width":"","height":""}],"twitter_card":"summary_large_image","twitter_misc":{"Est. reading time":"1 minute"},"schema":{"@context":"https:\/\/schema.org","@graph":[{"@type":"WebPage","@id":"https:\/\/www.caferabbasoglu.com\/cafer-abbasoglu\/","url":"https:\/\/www.caferabbasoglu.com\/cafer-abbasoglu\/","name":"Cafer Abbaso\u011flu - Opr.Dr.Cafer Abbaso\u011flu","isPartOf":{"@id":"https:\/\/www.caferabbasoglu.com\/#website"},"primaryImageOfPage":{"@id":"https:\/\/www.caferabbasoglu.com\/cafer-abbasoglu\/#primaryimage"},"image":{"@id":"https:\/\/www.caferabbasoglu.com\/cafer-abbasoglu\/#primaryimage"},"thumbnailUrl":"http:\/\/caferabbasoglu.moldibi.com\/wp-content\/uploads\/2010\/07\/dr_abbasoglu-300x198.jpg","datePublished":"2010-07-30T08:12:52+00:00","dateModified":"2016-02-27T09:59:51+00:00","breadcrumb":{"@id":"https:\/\/www.caferabbasoglu.com\/cafer-abbasoglu\/#breadcrumb"},"inLanguage":"en-US","potentialAction":[{"@type":"ReadAction","target":["https:\/\/www.caferabbasoglu.com\/cafer-abbasoglu\/"]}]},{"@type":"ImageObject","inLanguage":"en-US","@id":"https:\/\/www.caferabbasoglu.com\/cafer-abbasoglu\/#primaryimage","url":"http:\/\/caferabbasoglu.moldibi.com\/wp-content\/uploads\/2010\/07\/dr_abbasoglu-300x198.jpg","contentUrl":"http:\/\/caferabbasoglu.moldibi.com\/wp-content\/uploads\/2010\/07\/dr_abbasoglu-300x198.jpg"},{"@type":"BreadcrumbList","@id":"https:\/\/www.caferabbasoglu.com\/cafer-abbasoglu\/#breadcrumb","itemListElement":[{"@type":"ListItem","position":1,"name":"Ana Sayfa","item":"https:\/\/www.caferabbasoglu.com\/"},{"@type":"ListItem","position":2,"name":"Cafer Abbaso\u011flu"}]},{"@type":"WebSite","@id":"https:\/\/www.caferabbasoglu.com\/#website","url":"https:\/\/www.caferabbasoglu.com\/","name":"Opr.Dr.Cafer Abbaso\u011flu","description":"Damar Hastal\u0131klar\u0131, Varis ve Diyabet Hakk\u0131nda Bilgiler","publisher":{"@id":"https:\/\/www.caferabbasoglu.com\/#organization"},"potentialAction":[{"@type":"SearchAction","target":{"@type":"EntryPoint","urlTemplate":"https:\/\/www.caferabbasoglu.com\/?s={search_term_string}"},"query-input":{"@type":"PropertyValueSpecification","valueRequired":true,"valueName":"search_term_string"}}],"inLanguage":"en-US"},{"@type":"Organization","@id":"https:\/\/www.caferabbasoglu.com\/#organization","name":"Damar Hastal\u0131klar\u0131 ve Varis Tedavileri Merkezi","url":"https:\/\/www.caferabbasoglu.com\/","logo":{"@type":"ImageObject","inLanguage":"en-US","@id":"https:\/\/www.caferabbasoglu.com\/#\/schema\/logo\/image\/","url":"http:\/\/www.caferabbasoglu.com\/wp-content\/uploads\/2010\/08\/imza_eposta.jpg","contentUrl":"http:\/\/www.caferabbasoglu.com\/wp-content\/uploads\/2010\/08\/imza_eposta.jpg","width":640,"height":121,"caption":"Damar Hastal\u0131klar\u0131 ve Varis Tedavileri Merkezi"},"image":{"@id":"https:\/\/www.caferabbasoglu.com\/#\/schema\/logo\/image\/"}}]}},"_links":{"self":[{"href":"https:\/\/www.caferabbasoglu.com\/en\/wp-json\/wp\/v2\/pages\/19","targetHints":{"allow":["GET"]}}],"collection":[{"href":"https:\/\/www.caferabbasoglu.com\/en\/wp-json\/wp\/v2\/pages"}],"about":[{"href":"https:\/\/www.caferabbasoglu.com\/en\/wp-json\/wp\/v2\/types\/page"}],"author":[{"embeddable":true,"href":"https:\/\/www.caferabbasoglu.com\/en\/wp-json\/wp\/v2\/users\/5"}],"replies":[{"embeddable":true,"href":"https:\/\/www.caferabbasoglu.com\/en\/wp-json\/wp\/v2\/comments?post=19"}],"version-history":[{"count":2,"href":"https:\/\/www.caferabbasoglu.com\/en\/wp-json\/wp\/v2\/pages\/19\/revisions"}],"predecessor-version":[{"id":700,"href":"https:\/\/www.caferabbasoglu.com\/en\/wp-json\/wp\/v2\/pages\/19\/revisions\/700"}],"wp:attachment":[{"href":"https:\/\/www.caferabbasoglu.com\/en\/wp-json\/wp\/v2\/media?parent=19"}],"curies":[{"name":"wp","href":"https:\/\/api.w.org\/{rel}","templated":true}]}}