{"id":2,"date":"2010-07-27T18:34:56","date_gmt":"2010-07-27T15:34:56","guid":{"rendered":"http:\/\/caferabbasoglu.moldibi.com\/varislerin-nedenleri\/"},"modified":"2016-03-22T12:14:52","modified_gmt":"2016-03-22T10:14:52","slug":"varislerin-nedenleri","status":"publish","type":"page","link":"https:\/\/www.caferabbasoglu.com\/en\/varislerin-nedenleri\/","title":{"rendered":"Varislerin nedenleri"},"content":{"rendered":"<p><i><strong>Cinsiyet<\/strong><\/i>: Kad\u0131nlarda daha s\u0131k g\u00f6r\u00fcl\u00fcr. Baz\u0131 \u00fclkelerde kad\u0131n \/ erkek oran\u0131 2de\u00a01 dir. Bunun nedeni hormonel \u00f6zelliklerdir , Do\u011fum kontrol hap\u0131 kullananlarda ve gebelerde hormonal nedenlere ba\u011fl\u0131 varis oran\u0131 art\u0131\u015f g\u00f6stermektedir&#8230;<\/p>\n<ul>\n<li><i><strong>\u00c7evre ve \u0131rk<\/strong><\/i>: Afrikal\u0131larda kafkasyal\u0131lardan daha fazla say\u0131da ven kapakc\u0131\u011f\u0131 oldu\u011fu saptanm\u0131\u015ft\u0131r. Ve bu da varis riskini bu \u0131rkda azaltmaktad\u0131r<\/li>\n<li><strong>\u00a0<\/strong><i><strong>Kal\u0131t\u0131m<\/strong><\/i>\u0131n \u00e7ok \u00f6nemli rol\u00fc vard\u0131r. 3 varisli hastan\u0131n ikisinde familial orijin saptanm\u0131\u015ft\u0131r<\/li>\n<li><i><strong>A\u011f\u0131rl\u0131k ve boy<\/strong><\/i>: Br\u00fct a\u011f\u0131rl\u0131\u011f\u0131yla varis hastal\u0131\u011f\u0131n\u0131n ili\u015fkisi mevcuttur. A\u015f\u0131r\u0131 \u015fi\u015fman olarak s\u0131n\u0131fland\u0131r\u0131lan hastalarda % 20 daha fazla varikoz ven bulunmu\u015ftur.\n<div id=\"attachment_93\" style=\"width: 252px\" class=\"wp-caption alignnone\"><a href=\"http:\/\/www.caferabbasoglu.com\/wp-content\/uploads\/2010\/07\/asiri_kilolu_lenfdem_hastasi.jpg\"><img decoding=\"async\" aria-describedby=\"caption-attachment-93\" class=\"size-full wp-image-93 lazyload\" data-src=\"http:\/\/www.caferabbasoglu.com\/wp-content\/uploads\/2010\/07\/asiri_kilolu_lenfdem_hastasi.jpg\" alt=\"A\u015f\u0131r\u0131 Kilolu Bir Lenfdem Hastas\u0131\" width=\"242\" height=\"274\" src=\"data:image\/gif;base64,R0lGODlhAQABAAAAACH5BAEKAAEALAAAAAABAAEAAAICTAEAOw==\" style=\"--smush-placeholder-width: 242px; --smush-placeholder-aspect-ratio: 242\/274;\" \/><\/a><p id=\"caption-attachment-93\" class=\"wp-caption-text\">A\u015f\u0131r\u0131 Kilolu Bir Lenfdem Hastas\u0131<\/p><\/div><\/li>\n<li><i><strong>Hamilelik<\/strong><\/i>\u00a0: Varikoz venler i\u00e7in hamilelik bir risk fakt\u00f6r olarak kabul edilmektedir. \u0130lk 3 ayda hormonal etkiler ve son aylarda fetusun ana toplar damarlara olu\u015fturdu\u011fu bask\u0131 varis hastal\u0131\u011f\u0131n\u0131n nedeni olarak kabul edilmi\u015ftir<\/li>\n<li><i><strong>Meslek<\/strong><\/i>\u00a0:\u00a0<i>Berberler, barmenler, tezgahtarlar, garsonlar, \u00f6\u011fretmen, hostes ve hem\u015fireler<\/i>\u00a0gibi kas hareketi olmaks\u0131z\u0131n uzun s\u00fcre ayakta duran ki\u015filerde varis hastal\u0131\u011f\u0131na daha s\u0131k rastlan\u0131lmaktad\u0131r.Bu da meslek fakt\u00f6rlerinin \u00f6nemini vurgular.<\/li>\n<li><i><strong>K\u0131s\u0131tlay\u0131c\u0131 giysi<\/strong><\/i>\u00a0: Jartier gibi k\u0131s\u0131tlay\u0131c\u0131 giysilerin varikoz venlere sebebiyet verece\u011fi s\u00f6ylenmi\u015ftir<\/li>\n<li><i><strong><i>Flebit<\/i>\u00a0: <\/strong>Toplar damar p\u0131ht\u0131la\u015fmas\u0131 ve trombozu ge\u00e7iren hastalarda varis oran\u0131 art\u0131\u015f g\u00f6stermektedir.<strong><br \/>\n<a href=\"http:\/\/www.caferabbasoglu.com\/wp-content\/uploads\/2010\/07\/flebit.jpg\"><img decoding=\"async\" class=\"size-full wp-image-94 alignnone lazyload\" data-src=\"http:\/\/www.caferabbasoglu.com\/wp-content\/uploads\/2010\/07\/flebit.jpg\" alt=\"Flebit\" width=\"194\" height=\"259\" src=\"data:image\/gif;base64,R0lGODlhAQABAAAAACH5BAEKAAEALAAAAAABAAEAAAICTAEAOw==\" style=\"--smush-placeholder-width: 194px; --smush-placeholder-aspect-ratio: 194\/259;\" \/><\/a><br \/>\n<\/strong><\/i><\/li>\n<li>Varis hastal\u0131\u011f\u0131n\u0131n nedenleri aras\u0131nda ven kapakc\u0131klarda say\u0131sal ve fonksiyonel yetersizlik yer almaktad\u0131r.<\/li>\n<li><i><strong>Uzun s\u00fcre hareketsiz ayakda durmak<\/strong><\/i> veya uzun s\u00fcre hareketsiz oturmak da nedenler aras\u0131nda yer almaktad\u0131r.<\/li>\n<li><i><strong>G\u00fcne\u015f banyosu ve s\u0131cak su<\/strong><\/i> ile banyo yapma al\u0131\u015fkanl\u0131\u011f\u0131 risk faktorler aras\u0131nda yer al\u0131r.<\/li>\n<\/ul>\n<h2>Varislerden korunma y\u00f6ntemleri ve \u00f6nlemleri<\/h2>\n<ul>\n<li>Uzun s\u00fcre hareketsiz ayakda durmay\u0131n<\/li>\n<li>Uzun s\u00fcre hareketsiz olarak oturmay\u0131n<\/li>\n<li>Ayaklar\u0131n\u0131z\u0131 vucudunuzdan biraz yukar\u0131da, tutarak yat\u0131n. Bu \u015fekilde ayaklardaki bas\u0131nc y\u00fck\u00fcn\u00fc azaltabilirsiniz<\/li>\n<li>D\u00fczenli egzersiz yap\u0131n,en iyisi y\u00fcr\u00fcmektir. B\u00f6ylelikle kas pompas\u0131n\u0131 \u00e7al\u0131\u015ft\u0131rm\u0131\u015f olursunuz .<\/li>\n<li>Kilo almay\u0131n<\/li>\n<li>Elastik (bas\u0131n\u00e7 uygulayan) \u00e7orap giyin<\/li>\n<li>Kas\u0131k ve baca\u011f\u0131n\u0131z\u0131 s\u0131kan dar , stre\u00e7 i\u00e7 \u00e7ama\u015f\u0131rlar\u0131 ve dar pantolon gibi giysiler giymeyin<\/li>\n<li>Yiyeceklerinizdeki tuz miktar\u0131n\u0131 azalt\u0131n<\/li>\n<li>Bacak egzersizi yap\u0131n<\/li>\n<li>Uzun u\u00e7ak yolculuklar\u0131nda veya konferanslarda her 35-45 dakikada bir kalk\u0131p hareket edin -Uzun otomobil yolculuklar\u0131nda her 45 dakikada bir k\u0131sa s\u00fcreli y\u00fcr\u00fcy\u00fcn<\/li>\n<li>S\u0131caktan uzak durun<\/li>\n<li>Oturdu\u011funuzda bacak bacak \u00fcst\u00fcne atmay\u0131n<\/li>\n<li>G\u00fcne\u015fte uzun s\u00fcre kalmay\u0131n, bacaklar\u0131n\u0131zda g\u00fcne\u015f yan\u0131\u011f\u0131 olmamas\u0131na \u00f6zen g\u00f6sterin,<\/li>\n<li>Bacaklar\u0131n\u0131za ayaktan ve d\u0131\u015f taraftan ba\u015flay\u0131p yukar\u0131 do\u011fru 15 sn. s\u00fcreyle herg\u00fcn 1-2 kez so\u011fuk du\u015f yap\u0131n<\/li>\n<\/ul>\n","protected":false},"excerpt":{"rendered":"<p>Cinsiyet: Kad\u0131nlarda daha s\u0131k g\u00f6r\u00fcl\u00fcr. Baz\u0131 \u00fclkelerde kad\u0131n \/ erkek oran\u0131 2de\u00a01 dir. Bunun nedeni hormonel \u00f6zelliklerdir , Do\u011fum kontrol hap\u0131 kullananlarda ve gebelerde hormonal nedenlere ba\u011fl\u0131 varis oran\u0131 art\u0131\u015f g\u00f6stermektedir&#8230; \u00c7evre ve \u0131rk: Afrikal\u0131larda kafkasyal\u0131lardan daha fazla say\u0131da ven kapakc\u0131\u011f\u0131 oldu\u011fu saptanm\u0131\u015ft\u0131r. Ve bu da varis riskini bu \u0131rkda azaltmaktad\u0131r \u00a0Kal\u0131t\u0131m\u0131n \u00e7ok \u00f6nemli rol\u00fc [&hellip;]<\/p>\n","protected":false},"author":5,"featured_media":0,"parent":0,"menu_order":5,"comment_status":"closed","ping_status":"closed","template":"","meta":{"two_page_speed":[],"footnotes":""},"class_list":["post-2","page","type-page","status-publish","hentry"],"translation":{"provider":"WPGlobus","version":"3.0.0","language":"en","enabled_languages":["tr","en"],"languages":{"tr":{"title":true,"content":true,"excerpt":false},"en":{"title":false,"content":false,"excerpt":false}}},"yoast_head":"<!-- This site is optimized with the Yoast SEO plugin v24.9 - https:\/\/yoast.com\/wordpress\/plugins\/seo\/ -->\n<title>Varislerin nedenleri - Opr.Dr.Cafer Abbaso\u011flu<\/title>\n<meta name=\"robots\" content=\"index, follow, max-snippet:-1, max-image-preview:large, max-video-preview:-1\" \/>\n<link rel=\"canonical\" href=\"https:\/\/www.caferabbasoglu.com\/varislerin-nedenleri\/\" \/>\n<meta property=\"og:locale\" content=\"en_US\" \/>\n<meta property=\"og:type\" content=\"article\" \/>\n<meta property=\"og:title\" content=\"Varislerin nedenleri - Opr.Dr.Cafer Abbaso\u011flu\" \/>\n<meta property=\"og:url\" content=\"https:\/\/www.caferabbasoglu.com\/varislerin-nedenleri\/\" \/>\n<meta property=\"og:site_name\" content=\"Opr.Dr.Cafer Abbaso\u011flu\" \/>\n<meta property=\"article:modified_time\" content=\"2016-03-22T10:14:52+00:00\" \/>\n<meta property=\"og:image\" content=\"http:\/\/www.caferabbasoglu.com\/wp-content\/uploads\/2010\/07\/asiri_kilolu_lenfdem_hastasi.jpg\" \/>\n<meta name=\"twitter:card\" content=\"summary_large_image\" \/>\n<meta name=\"twitter:label1\" content=\"Est. reading time\" \/>\n\t<meta name=\"twitter:data1\" content=\"2 minutes\" \/>\n<script type=\"application\/ld+json\" class=\"yoast-schema-graph\">{\"@context\":\"https:\/\/schema.org\",\"@graph\":[{\"@type\":\"WebPage\",\"@id\":\"https:\/\/www.caferabbasoglu.com\/varislerin-nedenleri\/\",\"url\":\"https:\/\/www.caferabbasoglu.com\/varislerin-nedenleri\/\",\"name\":\"Varislerin nedenleri - Opr.Dr.Cafer Abbaso\u011flu\",\"isPartOf\":{\"@id\":\"https:\/\/www.caferabbasoglu.com\/#website\"},\"primaryImageOfPage\":{\"@id\":\"https:\/\/www.caferabbasoglu.com\/varislerin-nedenleri\/#primaryimage\"},\"image\":{\"@id\":\"https:\/\/www.caferabbasoglu.com\/varislerin-nedenleri\/#primaryimage\"},\"thumbnailUrl\":\"http:\/\/www.caferabbasoglu.com\/wp-content\/uploads\/2010\/07\/asiri_kilolu_lenfdem_hastasi.jpg\",\"datePublished\":\"2010-07-27T15:34:56+00:00\",\"dateModified\":\"2016-03-22T10:14:52+00:00\",\"breadcrumb\":{\"@id\":\"https:\/\/www.caferabbasoglu.com\/varislerin-nedenleri\/#breadcrumb\"},\"inLanguage\":\"en-US\",\"potentialAction\":[{\"@type\":\"ReadAction\",\"target\":[\"https:\/\/www.caferabbasoglu.com\/varislerin-nedenleri\/\"]}]},{\"@type\":\"ImageObject\",\"inLanguage\":\"en-US\",\"@id\":\"https:\/\/www.caferabbasoglu.com\/varislerin-nedenleri\/#primaryimage\",\"url\":\"http:\/\/www.caferabbasoglu.com\/wp-content\/uploads\/2010\/07\/asiri_kilolu_lenfdem_hastasi.jpg\",\"contentUrl\":\"http:\/\/www.caferabbasoglu.com\/wp-content\/uploads\/2010\/07\/asiri_kilolu_lenfdem_hastasi.jpg\"},{\"@type\":\"BreadcrumbList\",\"@id\":\"https:\/\/www.caferabbasoglu.com\/varislerin-nedenleri\/#breadcrumb\",\"itemListElement\":[{\"@type\":\"ListItem\",\"position\":1,\"name\":\"Ana Sayfa\",\"item\":\"https:\/\/www.caferabbasoglu.com\/\"},{\"@type\":\"ListItem\",\"position\":2,\"name\":\"Varislerin nedenleri\"}]},{\"@type\":\"WebSite\",\"@id\":\"https:\/\/www.caferabbasoglu.com\/#website\",\"url\":\"https:\/\/www.caferabbasoglu.com\/\",\"name\":\"Opr.Dr.Cafer Abbaso\u011flu\",\"description\":\"Damar Hastal\u0131klar\u0131, Varis ve Diyabet Hakk\u0131nda Bilgiler\",\"publisher\":{\"@id\":\"https:\/\/www.caferabbasoglu.com\/#organization\"},\"potentialAction\":[{\"@type\":\"SearchAction\",\"target\":{\"@type\":\"EntryPoint\",\"urlTemplate\":\"https:\/\/www.caferabbasoglu.com\/?s={search_term_string}\"},\"query-input\":{\"@type\":\"PropertyValueSpecification\",\"valueRequired\":true,\"valueName\":\"search_term_string\"}}],\"inLanguage\":\"en-US\"},{\"@type\":\"Organization\",\"@id\":\"https:\/\/www.caferabbasoglu.com\/#organization\",\"name\":\"Damar Hastal\u0131klar\u0131 ve Varis Tedavileri Merkezi\",\"url\":\"https:\/\/www.caferabbasoglu.com\/\",\"logo\":{\"@type\":\"ImageObject\",\"inLanguage\":\"en-US\",\"@id\":\"https:\/\/www.caferabbasoglu.com\/#\/schema\/logo\/image\/\",\"url\":\"http:\/\/www.caferabbasoglu.com\/wp-content\/uploads\/2010\/08\/imza_eposta.jpg\",\"contentUrl\":\"http:\/\/www.caferabbasoglu.com\/wp-content\/uploads\/2010\/08\/imza_eposta.jpg\",\"width\":640,\"height\":121,\"caption\":\"Damar Hastal\u0131klar\u0131 ve Varis Tedavileri Merkezi\"},\"image\":{\"@id\":\"https:\/\/www.caferabbasoglu.com\/#\/schema\/logo\/image\/\"}}]}<\/script>\n<!-- \/ Yoast SEO plugin. -->","yoast_head_json":{"title":"Varislerin nedenleri - Opr.Dr.Cafer Abbaso\u011flu","robots":{"index":"index","follow":"follow","max-snippet":"max-snippet:-1","max-image-preview":"max-image-preview:large","max-video-preview":"max-video-preview:-1"},"canonical":"https:\/\/www.caferabbasoglu.com\/varislerin-nedenleri\/","og_locale":"en_US","og_type":"article","og_title":"Varislerin nedenleri - Opr.Dr.Cafer Abbaso\u011flu","og_url":"https:\/\/www.caferabbasoglu.com\/varislerin-nedenleri\/","og_site_name":"Opr.Dr.Cafer Abbaso\u011flu","article_modified_time":"2016-03-22T10:14:52+00:00","og_image":[{"url":"http:\/\/www.caferabbasoglu.com\/wp-content\/uploads\/2010\/07\/asiri_kilolu_lenfdem_hastasi.jpg","type":"","width":"","height":""}],"twitter_card":"summary_large_image","twitter_misc":{"Est. reading time":"2 minutes"},"schema":{"@context":"https:\/\/schema.org","@graph":[{"@type":"WebPage","@id":"https:\/\/www.caferabbasoglu.com\/varislerin-nedenleri\/","url":"https:\/\/www.caferabbasoglu.com\/varislerin-nedenleri\/","name":"Varislerin nedenleri - Opr.Dr.Cafer Abbaso\u011flu","isPartOf":{"@id":"https:\/\/www.caferabbasoglu.com\/#website"},"primaryImageOfPage":{"@id":"https:\/\/www.caferabbasoglu.com\/varislerin-nedenleri\/#primaryimage"},"image":{"@id":"https:\/\/www.caferabbasoglu.com\/varislerin-nedenleri\/#primaryimage"},"thumbnailUrl":"http:\/\/www.caferabbasoglu.com\/wp-content\/uploads\/2010\/07\/asiri_kilolu_lenfdem_hastasi.jpg","datePublished":"2010-07-27T15:34:56+00:00","dateModified":"2016-03-22T10:14:52+00:00","breadcrumb":{"@id":"https:\/\/www.caferabbasoglu.com\/varislerin-nedenleri\/#breadcrumb"},"inLanguage":"en-US","potentialAction":[{"@type":"ReadAction","target":["https:\/\/www.caferabbasoglu.com\/varislerin-nedenleri\/"]}]},{"@type":"ImageObject","inLanguage":"en-US","@id":"https:\/\/www.caferabbasoglu.com\/varislerin-nedenleri\/#primaryimage","url":"http:\/\/www.caferabbasoglu.com\/wp-content\/uploads\/2010\/07\/asiri_kilolu_lenfdem_hastasi.jpg","contentUrl":"http:\/\/www.caferabbasoglu.com\/wp-content\/uploads\/2010\/07\/asiri_kilolu_lenfdem_hastasi.jpg"},{"@type":"BreadcrumbList","@id":"https:\/\/www.caferabbasoglu.com\/varislerin-nedenleri\/#breadcrumb","itemListElement":[{"@type":"ListItem","position":1,"name":"Ana Sayfa","item":"https:\/\/www.caferabbasoglu.com\/"},{"@type":"ListItem","position":2,"name":"Varislerin nedenleri"}]},{"@type":"WebSite","@id":"https:\/\/www.caferabbasoglu.com\/#website","url":"https:\/\/www.caferabbasoglu.com\/","name":"Opr.Dr.Cafer Abbaso\u011flu","description":"Damar Hastal\u0131klar\u0131, Varis ve Diyabet Hakk\u0131nda Bilgiler","publisher":{"@id":"https:\/\/www.caferabbasoglu.com\/#organization"},"potentialAction":[{"@type":"SearchAction","target":{"@type":"EntryPoint","urlTemplate":"https:\/\/www.caferabbasoglu.com\/?s={search_term_string}"},"query-input":{"@type":"PropertyValueSpecification","valueRequired":true,"valueName":"search_term_string"}}],"inLanguage":"en-US"},{"@type":"Organization","@id":"https:\/\/www.caferabbasoglu.com\/#organization","name":"Damar Hastal\u0131klar\u0131 ve Varis Tedavileri Merkezi","url":"https:\/\/www.caferabbasoglu.com\/","logo":{"@type":"ImageObject","inLanguage":"en-US","@id":"https:\/\/www.caferabbasoglu.com\/#\/schema\/logo\/image\/","url":"http:\/\/www.caferabbasoglu.com\/wp-content\/uploads\/2010\/08\/imza_eposta.jpg","contentUrl":"http:\/\/www.caferabbasoglu.com\/wp-content\/uploads\/2010\/08\/imza_eposta.jpg","width":640,"height":121,"caption":"Damar Hastal\u0131klar\u0131 ve Varis Tedavileri Merkezi"},"image":{"@id":"https:\/\/www.caferabbasoglu.com\/#\/schema\/logo\/image\/"}}]}},"_links":{"self":[{"href":"https:\/\/www.caferabbasoglu.com\/en\/wp-json\/wp\/v2\/pages\/2","targetHints":{"allow":["GET"]}}],"collection":[{"href":"https:\/\/www.caferabbasoglu.com\/en\/wp-json\/wp\/v2\/pages"}],"about":[{"href":"https:\/\/www.caferabbasoglu.com\/en\/wp-json\/wp\/v2\/types\/page"}],"author":[{"embeddable":true,"href":"https:\/\/www.caferabbasoglu.com\/en\/wp-json\/wp\/v2\/users\/5"}],"replies":[{"embeddable":true,"href":"https:\/\/www.caferabbasoglu.com\/en\/wp-json\/wp\/v2\/comments?post=2"}],"version-history":[{"count":1,"href":"https:\/\/www.caferabbasoglu.com\/en\/wp-json\/wp\/v2\/pages\/2\/revisions"}],"predecessor-version":[{"id":384,"href":"https:\/\/www.caferabbasoglu.com\/en\/wp-json\/wp\/v2\/pages\/2\/revisions\/384"}],"wp:attachment":[{"href":"https:\/\/www.caferabbasoglu.com\/en\/wp-json\/wp\/v2\/media?parent=2"}],"curies":[{"name":"wp","href":"https:\/\/api.w.org\/{rel}","templated":true}]}}