{"id":229,"date":"2015-10-24T11:37:49","date_gmt":"2015-10-24T08:37:49","guid":{"rendered":"http:\/\/www.caferabbasoglu.com\/?page_id=229"},"modified":"2015-12-19T12:10:27","modified_gmt":"2015-12-19T10:10:27","slug":"yabanci-kaynaklar","status":"publish","type":"page","link":"https:\/\/www.caferabbasoglu.com\/en\/yabanci-kaynaklar\/","title":{"rendered":"\u0130ngilizce Makaleler"},"content":{"rendered":"<ul>\n<li><a href=\"\/wp-content\/uploads\/articles\/Laser_Therapy_for_Lymphedema.pdf\" target=\"_blank\">Laser Therapy for Lymphedema<\/a><\/li>\n<li><a href=\"\/wp-content\/uploads\/articles\/How_to_Prevent_Organ_Lose_in_Buergers_Disease.pdf\" target=\"_blank\">How to prevent organ lose in Buerger\u2019s disease<\/a><\/li>\n<li><a href=\"\/wp-content\/uploads\/articles\/Varicose_Veins_Which_Occur_During_Pregnancy.pdf\" target=\"_blank\">Varicose veins which occur during pregnancy<\/a><\/li>\n<li><a href=\"\/wp-content\/uploads\/articles\/Curative_Effect_of_Laser_Therapy.pdf\" target=\"_blank\">Curative Effect of Laser Therapy<\/a><\/li>\n<li><a href=\"\/wp-content\/uploads\/articles\/Cabbasoglu_english.jpeg\" target=\"_blank\">Intravenous Low Energy Laser Treatment<\/a><\/li>\n<li><a href=\"\/wp-content\/uploads\/articles\/Low_Level_Laser_Therapy.pdf\" target=\"_blank\">Low Level Laser Therapy<\/a><\/li>\n<li><a href=\"\/wp-content\/uploads\/articles\/vulvar_and_perineal_varicose_veins.pdf\" target=\"_blank\">Mortality risk for women: Vulvar and perineal varicose veins<\/a><\/li>\n<li><a href=\"\/wp-content\/uploads\/articles\/varicose_veins_get_rid_of_pains.jpg\" target=\"_blank\">Patients with varicose veins get rid of pains<\/a><\/li>\n<li><\/li>\n<\/ul>\n","protected":false},"excerpt":{"rendered":"<p>Laser Therapy for Lymphedema How to prevent organ lose in Buerger\u2019s disease Varicose veins which occur during pregnancy Curative Effect of Laser Therapy Intravenous Low Energy Laser Treatment Low Level Laser Therapy Mortality risk for women: Vulvar and perineal varicose veins Patients with varicose veins get rid of pains<\/p>\n","protected":false},"author":5,"featured_media":0,"parent":0,"menu_order":0,"comment_status":"closed","ping_status":"closed","template":"","meta":{"two_page_speed":[],"footnotes":""},"class_list":["post-229","page","type-page","status-publish","hentry"],"translation":{"provider":"WPGlobus","version":"3.0.0","language":"en","enabled_languages":["tr","en"],"languages":{"tr":{"title":true,"content":true,"excerpt":false},"en":{"title":false,"content":false,"excerpt":false}}},"yoast_head":"<!-- This site is optimized with the Yoast SEO plugin v24.9 - https:\/\/yoast.com\/wordpress\/plugins\/seo\/ -->\n<title>\u0130ngilizce Makaleler - Opr.Dr.Cafer Abbaso\u011flu<\/title>\n<meta name=\"robots\" content=\"index, follow, max-snippet:-1, max-image-preview:large, max-video-preview:-1\" \/>\n<link rel=\"canonical\" href=\"https:\/\/www.caferabbasoglu.com\/yabanci-kaynaklar\/\" \/>\n<meta property=\"og:locale\" content=\"en_US\" \/>\n<meta property=\"og:type\" content=\"article\" \/>\n<meta property=\"og:title\" content=\"\u0130ngilizce Makaleler - Opr.Dr.Cafer Abbaso\u011flu\" \/>\n<meta property=\"og:url\" content=\"https:\/\/www.caferabbasoglu.com\/yabanci-kaynaklar\/\" \/>\n<meta property=\"og:site_name\" content=\"Opr.Dr.Cafer Abbaso\u011flu\" \/>\n<meta property=\"article:modified_time\" content=\"2015-12-19T10:10:27+00:00\" \/>\n<meta name=\"twitter:card\" content=\"summary_large_image\" \/>\n<script type=\"application\/ld+json\" class=\"yoast-schema-graph\">{\"@context\":\"https:\/\/schema.org\",\"@graph\":[{\"@type\":\"WebPage\",\"@id\":\"https:\/\/www.caferabbasoglu.com\/yabanci-kaynaklar\/\",\"url\":\"https:\/\/www.caferabbasoglu.com\/yabanci-kaynaklar\/\",\"name\":\"\u0130ngilizce Makaleler - Opr.Dr.Cafer Abbaso\u011flu\",\"isPartOf\":{\"@id\":\"https:\/\/www.caferabbasoglu.com\/#website\"},\"datePublished\":\"2015-10-24T08:37:49+00:00\",\"dateModified\":\"2015-12-19T10:10:27+00:00\",\"breadcrumb\":{\"@id\":\"https:\/\/www.caferabbasoglu.com\/yabanci-kaynaklar\/#breadcrumb\"},\"inLanguage\":\"en-US\",\"potentialAction\":[{\"@type\":\"ReadAction\",\"target\":[\"https:\/\/www.caferabbasoglu.com\/yabanci-kaynaklar\/\"]}]},{\"@type\":\"BreadcrumbList\",\"@id\":\"https:\/\/www.caferabbasoglu.com\/yabanci-kaynaklar\/#breadcrumb\",\"itemListElement\":[{\"@type\":\"ListItem\",\"position\":1,\"name\":\"Ana Sayfa\",\"item\":\"https:\/\/www.caferabbasoglu.com\/\"},{\"@type\":\"ListItem\",\"position\":2,\"name\":\"\u0130ngilizce Makaleler\"}]},{\"@type\":\"WebSite\",\"@id\":\"https:\/\/www.caferabbasoglu.com\/#website\",\"url\":\"https:\/\/www.caferabbasoglu.com\/\",\"name\":\"Opr.Dr.Cafer Abbaso\u011flu\",\"description\":\"Damar Hastal\u0131klar\u0131, Varis ve Diyabet Hakk\u0131nda Bilgiler\",\"publisher\":{\"@id\":\"https:\/\/www.caferabbasoglu.com\/#organization\"},\"potentialAction\":[{\"@type\":\"SearchAction\",\"target\":{\"@type\":\"EntryPoint\",\"urlTemplate\":\"https:\/\/www.caferabbasoglu.com\/?s={search_term_string}\"},\"query-input\":{\"@type\":\"PropertyValueSpecification\",\"valueRequired\":true,\"valueName\":\"search_term_string\"}}],\"inLanguage\":\"en-US\"},{\"@type\":\"Organization\",\"@id\":\"https:\/\/www.caferabbasoglu.com\/#organization\",\"name\":\"Damar Hastal\u0131klar\u0131 ve Varis Tedavileri Merkezi\",\"url\":\"https:\/\/www.caferabbasoglu.com\/\",\"logo\":{\"@type\":\"ImageObject\",\"inLanguage\":\"en-US\",\"@id\":\"https:\/\/www.caferabbasoglu.com\/#\/schema\/logo\/image\/\",\"url\":\"http:\/\/www.caferabbasoglu.com\/wp-content\/uploads\/2010\/08\/imza_eposta.jpg\",\"contentUrl\":\"http:\/\/www.caferabbasoglu.com\/wp-content\/uploads\/2010\/08\/imza_eposta.jpg\",\"width\":640,\"height\":121,\"caption\":\"Damar Hastal\u0131klar\u0131 ve Varis Tedavileri Merkezi\"},\"image\":{\"@id\":\"https:\/\/www.caferabbasoglu.com\/#\/schema\/logo\/image\/\"}}]}<\/script>\n<!-- \/ Yoast SEO plugin. -->","yoast_head_json":{"title":"\u0130ngilizce Makaleler - Opr.Dr.Cafer Abbaso\u011flu","robots":{"index":"index","follow":"follow","max-snippet":"max-snippet:-1","max-image-preview":"max-image-preview:large","max-video-preview":"max-video-preview:-1"},"canonical":"https:\/\/www.caferabbasoglu.com\/yabanci-kaynaklar\/","og_locale":"en_US","og_type":"article","og_title":"\u0130ngilizce Makaleler - Opr.Dr.Cafer Abbaso\u011flu","og_url":"https:\/\/www.caferabbasoglu.com\/yabanci-kaynaklar\/","og_site_name":"Opr.Dr.Cafer Abbaso\u011flu","article_modified_time":"2015-12-19T10:10:27+00:00","twitter_card":"summary_large_image","schema":{"@context":"https:\/\/schema.org","@graph":[{"@type":"WebPage","@id":"https:\/\/www.caferabbasoglu.com\/yabanci-kaynaklar\/","url":"https:\/\/www.caferabbasoglu.com\/yabanci-kaynaklar\/","name":"\u0130ngilizce Makaleler - Opr.Dr.Cafer Abbaso\u011flu","isPartOf":{"@id":"https:\/\/www.caferabbasoglu.com\/#website"},"datePublished":"2015-10-24T08:37:49+00:00","dateModified":"2015-12-19T10:10:27+00:00","breadcrumb":{"@id":"https:\/\/www.caferabbasoglu.com\/yabanci-kaynaklar\/#breadcrumb"},"inLanguage":"en-US","potentialAction":[{"@type":"ReadAction","target":["https:\/\/www.caferabbasoglu.com\/yabanci-kaynaklar\/"]}]},{"@type":"BreadcrumbList","@id":"https:\/\/www.caferabbasoglu.com\/yabanci-kaynaklar\/#breadcrumb","itemListElement":[{"@type":"ListItem","position":1,"name":"Ana Sayfa","item":"https:\/\/www.caferabbasoglu.com\/"},{"@type":"ListItem","position":2,"name":"\u0130ngilizce Makaleler"}]},{"@type":"WebSite","@id":"https:\/\/www.caferabbasoglu.com\/#website","url":"https:\/\/www.caferabbasoglu.com\/","name":"Opr.Dr.Cafer Abbaso\u011flu","description":"Damar Hastal\u0131klar\u0131, Varis ve Diyabet Hakk\u0131nda Bilgiler","publisher":{"@id":"https:\/\/www.caferabbasoglu.com\/#organization"},"potentialAction":[{"@type":"SearchAction","target":{"@type":"EntryPoint","urlTemplate":"https:\/\/www.caferabbasoglu.com\/?s={search_term_string}"},"query-input":{"@type":"PropertyValueSpecification","valueRequired":true,"valueName":"search_term_string"}}],"inLanguage":"en-US"},{"@type":"Organization","@id":"https:\/\/www.caferabbasoglu.com\/#organization","name":"Damar Hastal\u0131klar\u0131 ve Varis Tedavileri Merkezi","url":"https:\/\/www.caferabbasoglu.com\/","logo":{"@type":"ImageObject","inLanguage":"en-US","@id":"https:\/\/www.caferabbasoglu.com\/#\/schema\/logo\/image\/","url":"http:\/\/www.caferabbasoglu.com\/wp-content\/uploads\/2010\/08\/imza_eposta.jpg","contentUrl":"http:\/\/www.caferabbasoglu.com\/wp-content\/uploads\/2010\/08\/imza_eposta.jpg","width":640,"height":121,"caption":"Damar Hastal\u0131klar\u0131 ve Varis Tedavileri Merkezi"},"image":{"@id":"https:\/\/www.caferabbasoglu.com\/#\/schema\/logo\/image\/"}}]}},"_links":{"self":[{"href":"https:\/\/www.caferabbasoglu.com\/en\/wp-json\/wp\/v2\/pages\/229","targetHints":{"allow":["GET"]}}],"collection":[{"href":"https:\/\/www.caferabbasoglu.com\/en\/wp-json\/wp\/v2\/pages"}],"about":[{"href":"https:\/\/www.caferabbasoglu.com\/en\/wp-json\/wp\/v2\/types\/page"}],"author":[{"embeddable":true,"href":"https:\/\/www.caferabbasoglu.com\/en\/wp-json\/wp\/v2\/users\/5"}],"replies":[{"embeddable":true,"href":"https:\/\/www.caferabbasoglu.com\/en\/wp-json\/wp\/v2\/comments?post=229"}],"version-history":[{"count":0,"href":"https:\/\/www.caferabbasoglu.com\/en\/wp-json\/wp\/v2\/pages\/229\/revisions"}],"wp:attachment":[{"href":"https:\/\/www.caferabbasoglu.com\/en\/wp-json\/wp\/v2\/media?parent=229"}],"curies":[{"name":"wp","href":"https:\/\/api.w.org\/{rel}","templated":true}]}}