{"id":27,"date":"2010-08-24T07:20:58","date_gmt":"2010-08-24T04:20:58","guid":{"rendered":"http:\/\/caferabbasoglu.moldibi.com\/varis-hakknda-oenemli-bilgiler\/"},"modified":"2015-10-24T11:21:51","modified_gmt":"2015-10-24T08:21:51","slug":"varis-hakkinda-onemli-bilgiler","status":"publish","type":"page","link":"https:\/\/www.caferabbasoglu.com\/en\/varis-hakkinda-onemli-bilgiler\/","title":{"rendered":"Varis Hakk\u0131nda \u00d6nemli Bilgiler"},"content":{"rendered":"<h2><strong><img decoding=\"async\" class=\"alignleft wp-image-5 size-thumbnail lazyload\" style=\"--smush-placeholder-width: 150px; --smush-placeholder-aspect-ratio: 150\/150;margin-bottom: 2px; float: left; margin-right: 5px; width: 133px; height: 155px;\" data-src=\"http:\/\/www.caferabbasoglu.com\/wp-content\/uploads\/2010\/07\/2-150x150.jpg\" alt=\"\" width=\"150\" height=\"150\" src=\"data:image\/gif;base64,R0lGODlhAQABAAAAACH5BAEKAAEALAAAAAABAAEAAAICTAEAOw==\" \/><\/strong>Varis Tedavisi<\/h2>\n<p>Varis toplumsal bir hastal\u0131kt\u0131r. Baz\u0131 damarlar\u0131n geni\u015fleyip \u015fi\u015ferek fonksiyon d\u0131\u015f\u0131 kalmalar\u0131yla ortaya \u00e7\u0131kar. V\u00fccutta estetik bak\u0131m\u0131ndan ho\u015f olmayan g\u00f6r\u00fcnt\u00fcler olu\u015fmas\u0131na neden olur. Tedavi edilmezse ya\u015fam\u0131 zorla\u015ft\u0131ran bir etken haline d\u00f6n\u00fc\u015f\u00fcr. Varikoz varisler sadece kozmetik problem de\u011fil, ger\u00e7ek bir hastal\u0131k olup tedavileri gerekir.<\/p>\n<p>&nbsp;<\/p>\n<h3>Varislerin\u00a0 nedenleri<\/h3>\n<ul>\n<li>Kal\u0131t\u0131m<\/li>\n<li>Cinsiyet (kad\u0131nlarda daha s\u0131k g\u00f6r\u00fcl\u00fcr. Do\u011fum\u00a0 kontrol hap\u0131 kullananlarda ve gebelerde hormonal nedenlere ba\u011fl\u0131 varis olu\u015fabilir.)<\/li>\n<li>\u00c7evre ve \u0131rk<\/li>\n<li>A\u011f\u0131rl\u0131k ve boy (a\u015f\u0131r\u0131 \u015fi\u015fmanlarda y\u00fczde 20 daha fazla varis saptanmi\u015ftir<\/li>\n<li>Hamilelik (varis olu\u015fumunda hamilelik bir risk fakt\u00f6r olarak kabul edilmektedir.ilk 3 ayda hormonal etkiler ve son aylarda fetusun ana toplar damalardan olu\u015fturdu\u011fu\u00a0\u00a0\u00a0\u00a0 bask\u0131 varis nedeni say\u0131lmaktad\u0131r.)<\/li>\n<li>Meslek (berberler,barmenler,tezgahtarlar,garsonlar,\u00f6\u011fretmen,hostes ve hem\u015fireler\u00a0\u00a0\u00a0\u00a0 gibi kas hareket olmaks\u0131z\u0131n uzun s\u00fcre ayakta duran ki\u015filerde daha s\u0131k g\u00f6r\u00fcl\u00fclr.)<\/li>\n<li>Giysi (v\u00fccudu s\u0131kan giysiler de varise ortam haz\u0131rlar)<\/li>\n<li>Felbit ( toplar dmar p\u0131ht\u0131la\u015fmas\u0131 ve trombozu ge\u00e7irenlerde olu\u015fma oran\u0131 y\u00fcksektir)<\/li>\n<li>Uzun s\u00fcre hareketsiz ayakta durmak veya uzun s\u00fcre hareketsiz oturmak ,uzun s\u00fcre g\u00fcne\u015f banyosu yapmak,\u00e7ok s\u0131cak su ile y\u0131kanmak varis olu\u015fmas\u0131n\u0131 kolayla\u015ft\u0131r\u0131r.<\/li>\n<\/ul>\n<h3><strong><img decoding=\"async\" class=\"alignleft size-full wp-image-3 lazyload\" style=\"--smush-placeholder-width: 200px; --smush-placeholder-aspect-ratio: 200\/355;margin: 5px 15px; float: left; width: 300px; height: 533px;\" data-src=\"\/wp-content\/uploads\/2010\/07\/1.jpg\" alt=\"\" width=\"200\" height=\"355\" src=\"data:image\/gif;base64,R0lGODlhAQABAAAAACH5BAEKAAEALAAAAAABAAEAAAICTAEAOw==\" \/><\/strong>Varisten korunman\u0131n yollar\u0131<\/h3>\n<ul>\n<li>Uzun s\u00fcre hareketsiz ayakta durmay\u0131n.<\/li>\n<li>Uzun s\u00fcre hareketsiz olarak oturmay\u0131n<\/li>\n<li>ayaklar\u0131n\u0131z\u0131 v\u00fccudunuzdan biraz yukar\u0131da tutarak yat\u0131n. Bu \u015fekilde ayaklardaki bas\u0131n\u00e7 y\u00fck\u00fcn\u00fc azaltabiliriz.<\/li>\n<li>D\u00fczenli egzersiz yapn, en iyisi y\u00fcr\u00fcmektir. B\u00f6ylece kas pompas\u0131n\u0131 \u00e7al\u0131\u015ft\u0131rm\u0131\u015f olursunuz.<\/li>\n<li>Kilo almay\u0131n, elastik (bas\u0131n\u00e7 uygulayan) \u00e7oraplar giyin<\/li>\n<\/ul>\n<p><img decoding=\"async\" style=\"--smush-placeholder-width: 518px; --smush-placeholder-aspect-ratio: 518\/387;vertical-align: bottom; margin: 5px 20px; height: 224px; width: 300px;\" data-src=\"\/wp-content\/uploads\/old_site_images\/stories\/deiik_basn_ve_renkte_varis_oraplar.jpg\" alt=\"\u00c7e\u015fitli varis \u00e7oraplar\u0131\" src=\"data:image\/gif;base64,R0lGODlhAQABAAAAACH5BAEKAAEALAAAAAABAAEAAAICTAEAOw==\" class=\"lazyload\" \/><\/p>\n<ul>\n<li>Kas\u0131k ve baca\u011f\u0131n\u0131z\u0131 s\u0131kan dar, stre\u00e7 i\u00e7 \u00e7ama\u015f\u0131rlar\u0131 ve dar pantolon gibi giysiler giymeyin<\/li>\n<li>Yiyeceklerinizdeki tuz miktar\u0131n\u0131 azalt\u0131n<\/li>\n<li>Bacak egzersizi yap\u0131n<\/li>\n<li>Uzun u\u00e7ak yolculuklar\u0131nda veya konferanslarda her 35-45 dakikada bir, kalk\u0131p hareket edin<\/li>\n<li>Uzun otomobil yolculuklar\u0131nda her 45 dakikada bir k\u0131sa s\u00fcreli y\u00fcr\u00fcy\u00fcn<\/li>\n<li>S\u0131caktan uzak durun<\/li>\n<li>Oturdu\u011funuzda bacak bacak \u00fcst\u00fcne atmay\u0131n<\/li>\n<li>G\u00fcne\u015fte uzun s\u00fcre kalmay\u0131n, bacaklar\u0131n\u0131zda g\u00fcne\u015f yan\u0131\u011f\u0131 olmamas\u0131na \u00f6zen g\u00f6sterin.<\/li>\n<li>Bacaklar\u0131n\u0131za ayaktan ve d\u0131\u015f taraftan ba\u015flay\u0131p yukar\u0131 do\u011fru 15 saniye s\u00fcreyle herg\u00fcn 1-2 kez so\u011fuk du\u015f yap\u0131n.<\/li>\n<\/ul>\n<h3>VAR\u0130S T\u0130PLER\u0130<\/h3>\n<ul>\n<li>Cilt i\u00e7i k\u0131lcal damarlarda a\u011f gibi ince k\u0131rm\u0131z\u0131-mor \u00e7izgiler halinde olu\u015fan varisler<\/li>\n<li>Cilt alt\u0131nda daha geni\u015f ince k\u00fc\u00e7\u00fck damarlar\u0131n varisi<\/li>\n<li>Ana toplar damarlardaki varisler<\/li>\n<\/ul>\n<table class=\"aligncenter\" border=\"0\" align=\"center\">\n<tbody>\n<tr>\n<td><img decoding=\"async\" data-src=\"\/wp-content\/uploads\/old_site_images\/stories\/Varis-tip1.jpg\" alt=\"Varis-tip1\" width=\"186\" height=\"140\" src=\"data:image\/gif;base64,R0lGODlhAQABAAAAACH5BAEKAAEALAAAAAABAAEAAAICTAEAOw==\" class=\"lazyload\" style=\"--smush-placeholder-width: 186px; --smush-placeholder-aspect-ratio: 186\/140;\" \/><\/td>\n<td><img decoding=\"async\" data-src=\"\/wp-content\/uploads\/old_site_images\/stories\/Varis-tip2.jpg\" alt=\"Varis-tip2\" width=\"186\" height=\"140\" src=\"data:image\/gif;base64,R0lGODlhAQABAAAAACH5BAEKAAEALAAAAAABAAEAAAICTAEAOw==\" class=\"lazyload\" style=\"--smush-placeholder-width: 186px; --smush-placeholder-aspect-ratio: 186\/140;\" \/><\/td>\n<td><img decoding=\"async\" data-src=\"\/wp-content\/uploads\/old_site_images\/stories\/Varis-tip3.jpg\" alt=\"Varis-tip3\" width=\"172\" height=\"143\" src=\"data:image\/gif;base64,R0lGODlhAQABAAAAACH5BAEKAAEALAAAAAABAAEAAAICTAEAOw==\" class=\"lazyload\" style=\"--smush-placeholder-width: 172px; --smush-placeholder-aspect-ratio: 172\/143;\" \/><\/td>\n<\/tr>\n<tr>\n<td style=\"text-align: center;\"><strong>Tip1<\/strong><\/td>\n<td style=\"text-align: center;\"><strong>Tip2<\/strong><\/td>\n<td style=\"text-align: center;\"><strong>Tip3<\/strong><\/td>\n<\/tr>\n<\/tbody>\n<\/table>\n<p>Birinci ve ikinci tip varisler sadece kozmatik sorun olu\u015fturur ve hastalar\u0131n \u015fikayetleri haififdir. Ancak 3.tip varisler ayak ve bacaklarda cilt problemlerinin yan\u0131 s\u0131ra her iki alt ekstemitede kramp, a\u011fr\u0131, s\u0131z\u0131, s\u0131cakl\u0131k duygusu, \u00f6dem, varis ekzemas\u0131, pigmantasyon, varis \u00fclseri, troboflebit, derin ventrombozu ve akci\u011fer embolisi olu\u015fturabilir.<\/p>\n<p>Cilt i\u00e7i k\u0131lcal varisler: A\u011f gibi ince k\u0131rm\u0131z\u0131-mor \u00e7izgiler halinde varisler.<\/p>\n<p>Cilt alt\u0131nda nispeten daha geni\u015f ancak ince k\u00fc\u00e7\u00fck damarlar\u0131n varisleri.<\/p>\n<p>Bir ana toplar damar\u0131n ve\/veya bir dal\u0131n\u0131n geni\u015flemesi vena safena magna varisi<\/p>\n<p>Perforan venlerin yetmezliklerine ba\u011fl\u0131 varisler<\/p>\n<h3>Tedavi edilmezse ne olur?<\/h3>\n<p>Tedavi edilmedi\u011fi takdirde:<\/p>\n<ul>\n<li>Varislerde y\u0131rt\u0131lma ve kanama g\u00f6r\u00fcl\u00fcr<\/li>\n<li>Flebit (toplar damar iltihab\u0131)<\/li>\n<li>Derin toplar damar p\u0131ht\u0131la\u015fmas\u0131 (derin ven trambozu)<\/li>\n<li>Bacaklarda \u00fcsler veya yara<\/li>\n<li>Akci\u011fer embolisi<\/li>\n<\/ul>\n<table style=\"width: 500px;\" cellspacing=\"0\" cellpadding=\"0\" align=\"center\">\n<tbody>\n<tr>\n<td><img decoding=\"async\" class=\"alignnone wp-image-25 size-thumbnail lazyload\" data-src=\"http:\/\/www.caferabbasoglu.com\/wp-content\/uploads\/2010\/08\/3-150x150.jpg\" alt=\"\" width=\"150\" height=\"150\" src=\"data:image\/gif;base64,R0lGODlhAQABAAAAACH5BAEKAAEALAAAAAABAAEAAAICTAEAOw==\" style=\"--smush-placeholder-width: 150px; --smush-placeholder-aspect-ratio: 150\/150;\" \/><\/td>\n<td><img decoding=\"async\" class=\"alignnone wp-image-26 size-thumbnail lazyload\" style=\"--smush-placeholder-width: 150px; --smush-placeholder-aspect-ratio: 150\/150;width: 299px; height: 224px;\" data-src=\"http:\/\/www.caferabbasoglu.com\/wp-content\/uploads\/2010\/08\/4-150x150.jpg\" alt=\"\" width=\"150\" height=\"150\" src=\"data:image\/gif;base64,R0lGODlhAQABAAAAACH5BAEKAAEALAAAAAABAAEAAAICTAEAOw==\" \/><\/td>\n<\/tr>\n<\/tbody>\n<\/table>\n<p>lar\u0131 alarak kalp baybass&#8217;\u0131nda kullan\u0131yoruz ve onun i\u00e7in hep tavsiye ediyorum. E\u011fer bu hastalar gen\u00e7 ya\u015flar\u0131nda varis hastal\u0131\u011f\u0131n\u0131n olu\u015fum ve tedavi ve korunma yollar\u0131n\u0131 en iyi \u015fekilde bilseler ileri ya\u015flarda o damarlar\u0131 kendi kalp baypass&#8217;lar\u0131n da kullanarak ya\u015fam kalitelerini artt\u0131rm\u0131\u015folurlar.Aksi halde bacaklar\u0131ndaki damarlara dikkat etmemi\u015f olurlarsa damarlar varisle\u015fir, geni\u015fler i\u015flevlerini iyi yapamaz ve kalitesi bozulur. Dolay\u0131s\u0131 ile kalp cerrahisinde veya ba\u015fka bir cerrahi m\u00fcdahale de kendi damarlar\u0131n\u0131 kullan\u0131lamaz hala gelerek daha k\u0131sa \u00f6m\u00fcrl\u00fc ba\u015fka yabanc\u0131 damarlara muhta\u00e7 olurlar. \u0130nsan ya\u015fam\u0131 i\u00e7in dez avantajd\u0131r.<\/p>\n<h3>Hamilelik bacaklarda nas\u0131l bir etki yapar?<\/h3>\n<p>Hamilelik d\u00f6neminde bir \u00e7ok de\u011fi\u015fiklik olu\u015fur. Hormon sekresiyonuna sekonder toplar damarlar\u0131n duvarlar\u0131nda gev\u015feme meydana gelir, bu da varis ve \u00f6r\u00fcmcek a\u011f\u0131 damarlar\u0131n\u0131n olu\u015fmas\u0131na neden olur. Ayr\u0131ca hamilelikte v\u00fccutta kan hacmindeki art\u0131\u015f ve uterusun ana toplar damarlara olu\u015fturdu\u011fu bas\u0131ya ba\u011fl\u0131 bacaklardaki toplar damarlarda g\u00f6llenme meydana gelir. Bacaklarda \u015fi\u015fkinlik ve rahats\u0131zl\u0131k hissediliyor.<\/p>\n<p>Genetik yap\u0131+Kad\u0131nl\u0131k hormonlar\u0131 = VAR\u0130S<\/p>\n<p>E\u011fer genetik yap\u0131n\u0131z varise m\u00fcsait ise , gebelik d\u00f6neminde hormonlar\u0131n etkisi ile bacaklar\u0131n\u0131zda varis olu\u015fabilir. Yakla\u015f\u0131k olarak gebelerin %40 \u0131nda varis problemleri g\u00f6r\u00fcl\u00fcr.<\/p>\n<h3>Varis tedavileri<\/h3>\n<p>Varislerin tedavileri tiplerine g\u00f6re de\u011fi\u015fmektedir.<\/p>\n<table border=\"0\">\n<tbody>\n<tr>\n<td><img decoding=\"async\" data-src=\"\/wp-content\/uploads\/old_site_images\/stories\/Varis-tedavi-tip1.jpg\" alt=\"Varis-tedavi-tip1\" width=\"186\" height=\"139\" src=\"data:image\/gif;base64,R0lGODlhAQABAAAAACH5BAEKAAEALAAAAAABAAEAAAICTAEAOw==\" class=\"lazyload\" style=\"--smush-placeholder-width: 186px; --smush-placeholder-aspect-ratio: 186\/139;\" \/><\/td>\n<td><img decoding=\"async\" data-src=\"\/wp-content\/uploads\/old_site_images\/stories\/Varis-tedavi-tip2.jpg\" alt=\"Varis-tedavi-tip2\" width=\"186\" height=\"139\" src=\"data:image\/gif;base64,R0lGODlhAQABAAAAACH5BAEKAAEALAAAAAABAAEAAAICTAEAOw==\" class=\"lazyload\" style=\"--smush-placeholder-width: 186px; --smush-placeholder-aspect-ratio: 186\/139;\" \/><\/td>\n<td><img decoding=\"async\" data-src=\"\/wp-content\/uploads\/old_site_images\/stories\/Varis-tedavi-tip3.jpg\" alt=\"Varis-tedavi-tip3\" width=\"186\" height=\"139\" src=\"data:image\/gif;base64,R0lGODlhAQABAAAAACH5BAEKAAEALAAAAAABAAEAAAICTAEAOw==\" class=\"lazyload\" style=\"--smush-placeholder-width: 186px; --smush-placeholder-aspect-ratio: 186\/139;\" \/><\/td>\n<\/tr>\n<tr>\n<td style=\"text-align: center;\"><strong>Tip1<\/strong><\/td>\n<td style=\"text-align: center;\"><strong>Tip2<\/strong><\/td>\n<td style=\"text-align: center;\"><strong>Tip3<\/strong><\/td>\n<\/tr>\n<\/tbody>\n<\/table>\n<ul>\n<li>Birinci tip varislere laser fototerapi veya skleroterapi uygulan\u0131r.<\/li>\n<li>\u0130kinci tip varisler skereterapi (varis i\u00e7inde ila\u00e7 uygulamak)<\/li>\n<li>\u00dc\u00e7\u00fcnc\u00fc tip varisler operasyonla tedavi edilir. Genel aneztezi veya epidual anestezi uygulan\u0131r. Operasyondan sonra a\u011fr\u0131, a\u011f\u0131rl\u0131k, \u015fi\u015fkinl\u0131k ve kramplar\u0131 bulunan hastalar\u0131n semptomlar\u0131n\u0131n az almas\u0131 ile birlikte kozmetik olarak da ba\u015far\u0131l\u0131 bir tablo ortaya \u00e7\u0131kar.<\/li>\n<\/ul>\n<p><strong>Bizim varis tedavilerinde 12 t\u00fcrl\u00fc tedavi se\u00e7ene\u011fimiz vard\u0131r.<\/strong><\/p>\n<ol>\n<li>Medikal tedavi,<\/li>\n<li>Bas\u0131n\u00e7 uygulama tedavileri,<\/li>\n<li>Klasik sekleroterapy,<\/li>\n<li>Foam (k\u00f6p\u00fckl\u00fc) sekleroterapy,<\/li>\n<li>Ultrason alt\u0131nda klasik veya foam sekleroterapy uygunlanmas\u0131,<\/li>\n<li>Endoskopik varis tedavisi \u00f6zellikle diz alt\u0131nda varis yaralar\u0131nda ki olan en ba\u015far\u0131l\u0131 tedavi sistemi,<\/li>\n<li>Flebektomi,<\/li>\n<li>Light lazer (y\u00fczeysel lazer),<\/li>\n<li>Endovenoz lazer uygulamalar\u0131<\/li>\n<li>Radyofrekans\u0131 y\u00f6ntemi ile uygulamalar,<\/li>\n<li>K\u00fc\u00e7\u00fck cerrahi se\u00e7enekler,<\/li>\n<li>b\u00fcy\u00fck cerrahi se\u00e7enekler, Bizler genellikle bir hastada iki veya \u00fc\u00e7 kombine tedavi uygulamaktay\u0131z. Her hastada tek tip ve tek bas\u0131n\u00e7l\u0131 varis olmad\u0131\u011f\u0131 i\u00e7in \u00e7o\u011fu zaman kombine tedavi gerekmektedir. Mesela lazer, sekleroterapy ve flebektomi kombinasyonlar\u0131 uygulanmaktad\u0131r.<\/li>\n<\/ol>\n","protected":false},"excerpt":{"rendered":"<p>Varis Tedavisi Varis toplumsal bir hastal\u0131kt\u0131r. Baz\u0131 damarlar\u0131n geni\u015fleyip \u015fi\u015ferek fonksiyon d\u0131\u015f\u0131 kalmalar\u0131yla ortaya \u00e7\u0131kar. V\u00fccutta estetik bak\u0131m\u0131ndan ho\u015f olmayan g\u00f6r\u00fcnt\u00fcler olu\u015fmas\u0131na neden olur. Tedavi edilmezse ya\u015fam\u0131 zorla\u015ft\u0131ran bir etken haline d\u00f6n\u00fc\u015f\u00fcr. Varikoz varisler sadece kozmetik problem de\u011fil, ger\u00e7ek bir hastal\u0131k olup tedavileri gerekir. &nbsp; Varislerin\u00a0 nedenleri Kal\u0131t\u0131m Cinsiyet (kad\u0131nlarda daha s\u0131k g\u00f6r\u00fcl\u00fcr. Do\u011fum\u00a0 kontrol [&hellip;]<\/p>\n","protected":false},"author":5,"featured_media":0,"parent":0,"menu_order":17,"comment_status":"closed","ping_status":"closed","template":"","meta":{"two_page_speed":[],"footnotes":""},"class_list":["post-27","page","type-page","status-publish","hentry"],"translation":{"provider":"WPGlobus","version":"3.0.0","language":"en","enabled_languages":["tr","en"],"languages":{"tr":{"title":true,"content":true,"excerpt":false},"en":{"title":false,"content":false,"excerpt":false}}},"yoast_head":"<!-- This site is optimized with the Yoast SEO plugin v24.9 - https:\/\/yoast.com\/wordpress\/plugins\/seo\/ -->\n<title>Varis Hakk\u0131nda \u00d6nemli Bilgiler - Opr.Dr.Cafer Abbaso\u011flu<\/title>\n<meta name=\"robots\" content=\"index, follow, max-snippet:-1, max-image-preview:large, max-video-preview:-1\" \/>\n<link rel=\"canonical\" href=\"https:\/\/www.caferabbasoglu.com\/varis-hakkinda-onemli-bilgiler\/\" \/>\n<meta property=\"og:locale\" content=\"en_US\" \/>\n<meta property=\"og:type\" content=\"article\" \/>\n<meta property=\"og:title\" content=\"Varis Hakk\u0131nda \u00d6nemli Bilgiler - Opr.Dr.Cafer Abbaso\u011flu\" \/>\n<meta property=\"og:url\" content=\"https:\/\/www.caferabbasoglu.com\/varis-hakkinda-onemli-bilgiler\/\" \/>\n<meta property=\"og:site_name\" content=\"Opr.Dr.Cafer Abbaso\u011flu\" \/>\n<meta property=\"article:modified_time\" content=\"2015-10-24T08:21:51+00:00\" \/>\n<meta property=\"og:image\" content=\"http:\/\/www.caferabbasoglu.com\/wp-content\/uploads\/2010\/07\/2-150x150.jpg\" \/>\n<meta name=\"twitter:card\" content=\"summary_large_image\" \/>\n<meta name=\"twitter:label1\" content=\"Est. reading time\" \/>\n\t<meta name=\"twitter:data1\" content=\"5 minutes\" \/>\n<script type=\"application\/ld+json\" class=\"yoast-schema-graph\">{\"@context\":\"https:\/\/schema.org\",\"@graph\":[{\"@type\":\"WebPage\",\"@id\":\"https:\/\/www.caferabbasoglu.com\/varis-hakkinda-onemli-bilgiler\/\",\"url\":\"https:\/\/www.caferabbasoglu.com\/varis-hakkinda-onemli-bilgiler\/\",\"name\":\"Varis Hakk\u0131nda \u00d6nemli Bilgiler - Opr.Dr.Cafer Abbaso\u011flu\",\"isPartOf\":{\"@id\":\"https:\/\/www.caferabbasoglu.com\/#website\"},\"primaryImageOfPage\":{\"@id\":\"https:\/\/www.caferabbasoglu.com\/varis-hakkinda-onemli-bilgiler\/#primaryimage\"},\"image\":{\"@id\":\"https:\/\/www.caferabbasoglu.com\/varis-hakkinda-onemli-bilgiler\/#primaryimage\"},\"thumbnailUrl\":\"http:\/\/www.caferabbasoglu.com\/wp-content\/uploads\/2010\/07\/2-150x150.jpg\",\"datePublished\":\"2010-08-24T04:20:58+00:00\",\"dateModified\":\"2015-10-24T08:21:51+00:00\",\"breadcrumb\":{\"@id\":\"https:\/\/www.caferabbasoglu.com\/varis-hakkinda-onemli-bilgiler\/#breadcrumb\"},\"inLanguage\":\"en-US\",\"potentialAction\":[{\"@type\":\"ReadAction\",\"target\":[\"https:\/\/www.caferabbasoglu.com\/varis-hakkinda-onemli-bilgiler\/\"]}]},{\"@type\":\"ImageObject\",\"inLanguage\":\"en-US\",\"@id\":\"https:\/\/www.caferabbasoglu.com\/varis-hakkinda-onemli-bilgiler\/#primaryimage\",\"url\":\"http:\/\/www.caferabbasoglu.com\/wp-content\/uploads\/2010\/07\/2-150x150.jpg\",\"contentUrl\":\"http:\/\/www.caferabbasoglu.com\/wp-content\/uploads\/2010\/07\/2-150x150.jpg\"},{\"@type\":\"BreadcrumbList\",\"@id\":\"https:\/\/www.caferabbasoglu.com\/varis-hakkinda-onemli-bilgiler\/#breadcrumb\",\"itemListElement\":[{\"@type\":\"ListItem\",\"position\":1,\"name\":\"Ana Sayfa\",\"item\":\"https:\/\/www.caferabbasoglu.com\/\"},{\"@type\":\"ListItem\",\"position\":2,\"name\":\"Varis Hakk\u0131nda \u00d6nemli Bilgiler\"}]},{\"@type\":\"WebSite\",\"@id\":\"https:\/\/www.caferabbasoglu.com\/#website\",\"url\":\"https:\/\/www.caferabbasoglu.com\/\",\"name\":\"Opr.Dr.Cafer Abbaso\u011flu\",\"description\":\"Damar Hastal\u0131klar\u0131, Varis ve Diyabet Hakk\u0131nda Bilgiler\",\"publisher\":{\"@id\":\"https:\/\/www.caferabbasoglu.com\/#organization\"},\"potentialAction\":[{\"@type\":\"SearchAction\",\"target\":{\"@type\":\"EntryPoint\",\"urlTemplate\":\"https:\/\/www.caferabbasoglu.com\/?s={search_term_string}\"},\"query-input\":{\"@type\":\"PropertyValueSpecification\",\"valueRequired\":true,\"valueName\":\"search_term_string\"}}],\"inLanguage\":\"en-US\"},{\"@type\":\"Organization\",\"@id\":\"https:\/\/www.caferabbasoglu.com\/#organization\",\"name\":\"Damar Hastal\u0131klar\u0131 ve Varis Tedavileri Merkezi\",\"url\":\"https:\/\/www.caferabbasoglu.com\/\",\"logo\":{\"@type\":\"ImageObject\",\"inLanguage\":\"en-US\",\"@id\":\"https:\/\/www.caferabbasoglu.com\/#\/schema\/logo\/image\/\",\"url\":\"http:\/\/www.caferabbasoglu.com\/wp-content\/uploads\/2010\/08\/imza_eposta.jpg\",\"contentUrl\":\"http:\/\/www.caferabbasoglu.com\/wp-content\/uploads\/2010\/08\/imza_eposta.jpg\",\"width\":640,\"height\":121,\"caption\":\"Damar Hastal\u0131klar\u0131 ve Varis Tedavileri Merkezi\"},\"image\":{\"@id\":\"https:\/\/www.caferabbasoglu.com\/#\/schema\/logo\/image\/\"}}]}<\/script>\n<!-- \/ Yoast SEO plugin. -->","yoast_head_json":{"title":"Varis Hakk\u0131nda \u00d6nemli Bilgiler - Opr.Dr.Cafer Abbaso\u011flu","robots":{"index":"index","follow":"follow","max-snippet":"max-snippet:-1","max-image-preview":"max-image-preview:large","max-video-preview":"max-video-preview:-1"},"canonical":"https:\/\/www.caferabbasoglu.com\/varis-hakkinda-onemli-bilgiler\/","og_locale":"en_US","og_type":"article","og_title":"Varis Hakk\u0131nda \u00d6nemli Bilgiler - Opr.Dr.Cafer Abbaso\u011flu","og_url":"https:\/\/www.caferabbasoglu.com\/varis-hakkinda-onemli-bilgiler\/","og_site_name":"Opr.Dr.Cafer Abbaso\u011flu","article_modified_time":"2015-10-24T08:21:51+00:00","og_image":[{"url":"http:\/\/www.caferabbasoglu.com\/wp-content\/uploads\/2010\/07\/2-150x150.jpg","type":"","width":"","height":""}],"twitter_card":"summary_large_image","twitter_misc":{"Est. reading time":"5 minutes"},"schema":{"@context":"https:\/\/schema.org","@graph":[{"@type":"WebPage","@id":"https:\/\/www.caferabbasoglu.com\/varis-hakkinda-onemli-bilgiler\/","url":"https:\/\/www.caferabbasoglu.com\/varis-hakkinda-onemli-bilgiler\/","name":"Varis Hakk\u0131nda \u00d6nemli Bilgiler - Opr.Dr.Cafer Abbaso\u011flu","isPartOf":{"@id":"https:\/\/www.caferabbasoglu.com\/#website"},"primaryImageOfPage":{"@id":"https:\/\/www.caferabbasoglu.com\/varis-hakkinda-onemli-bilgiler\/#primaryimage"},"image":{"@id":"https:\/\/www.caferabbasoglu.com\/varis-hakkinda-onemli-bilgiler\/#primaryimage"},"thumbnailUrl":"http:\/\/www.caferabbasoglu.com\/wp-content\/uploads\/2010\/07\/2-150x150.jpg","datePublished":"2010-08-24T04:20:58+00:00","dateModified":"2015-10-24T08:21:51+00:00","breadcrumb":{"@id":"https:\/\/www.caferabbasoglu.com\/varis-hakkinda-onemli-bilgiler\/#breadcrumb"},"inLanguage":"en-US","potentialAction":[{"@type":"ReadAction","target":["https:\/\/www.caferabbasoglu.com\/varis-hakkinda-onemli-bilgiler\/"]}]},{"@type":"ImageObject","inLanguage":"en-US","@id":"https:\/\/www.caferabbasoglu.com\/varis-hakkinda-onemli-bilgiler\/#primaryimage","url":"http:\/\/www.caferabbasoglu.com\/wp-content\/uploads\/2010\/07\/2-150x150.jpg","contentUrl":"http:\/\/www.caferabbasoglu.com\/wp-content\/uploads\/2010\/07\/2-150x150.jpg"},{"@type":"BreadcrumbList","@id":"https:\/\/www.caferabbasoglu.com\/varis-hakkinda-onemli-bilgiler\/#breadcrumb","itemListElement":[{"@type":"ListItem","position":1,"name":"Ana Sayfa","item":"https:\/\/www.caferabbasoglu.com\/"},{"@type":"ListItem","position":2,"name":"Varis Hakk\u0131nda \u00d6nemli Bilgiler"}]},{"@type":"WebSite","@id":"https:\/\/www.caferabbasoglu.com\/#website","url":"https:\/\/www.caferabbasoglu.com\/","name":"Opr.Dr.Cafer Abbaso\u011flu","description":"Damar Hastal\u0131klar\u0131, Varis ve Diyabet Hakk\u0131nda Bilgiler","publisher":{"@id":"https:\/\/www.caferabbasoglu.com\/#organization"},"potentialAction":[{"@type":"SearchAction","target":{"@type":"EntryPoint","urlTemplate":"https:\/\/www.caferabbasoglu.com\/?s={search_term_string}"},"query-input":{"@type":"PropertyValueSpecification","valueRequired":true,"valueName":"search_term_string"}}],"inLanguage":"en-US"},{"@type":"Organization","@id":"https:\/\/www.caferabbasoglu.com\/#organization","name":"Damar Hastal\u0131klar\u0131 ve Varis Tedavileri Merkezi","url":"https:\/\/www.caferabbasoglu.com\/","logo":{"@type":"ImageObject","inLanguage":"en-US","@id":"https:\/\/www.caferabbasoglu.com\/#\/schema\/logo\/image\/","url":"http:\/\/www.caferabbasoglu.com\/wp-content\/uploads\/2010\/08\/imza_eposta.jpg","contentUrl":"http:\/\/www.caferabbasoglu.com\/wp-content\/uploads\/2010\/08\/imza_eposta.jpg","width":640,"height":121,"caption":"Damar Hastal\u0131klar\u0131 ve Varis Tedavileri Merkezi"},"image":{"@id":"https:\/\/www.caferabbasoglu.com\/#\/schema\/logo\/image\/"}}]}},"_links":{"self":[{"href":"https:\/\/www.caferabbasoglu.com\/en\/wp-json\/wp\/v2\/pages\/27","targetHints":{"allow":["GET"]}}],"collection":[{"href":"https:\/\/www.caferabbasoglu.com\/en\/wp-json\/wp\/v2\/pages"}],"about":[{"href":"https:\/\/www.caferabbasoglu.com\/en\/wp-json\/wp\/v2\/types\/page"}],"author":[{"embeddable":true,"href":"https:\/\/www.caferabbasoglu.com\/en\/wp-json\/wp\/v2\/users\/5"}],"replies":[{"embeddable":true,"href":"https:\/\/www.caferabbasoglu.com\/en\/wp-json\/wp\/v2\/comments?post=27"}],"version-history":[{"count":0,"href":"https:\/\/www.caferabbasoglu.com\/en\/wp-json\/wp\/v2\/pages\/27\/revisions"}],"wp:attachment":[{"href":"https:\/\/www.caferabbasoglu.com\/en\/wp-json\/wp\/v2\/media?parent=27"}],"curies":[{"name":"wp","href":"https:\/\/api.w.org\/{rel}","templated":true}]}}