{"id":270,"date":"2015-12-12T14:10:45","date_gmt":"2015-12-12T12:10:45","guid":{"rendered":"http:\/\/www.caferabbasoglu.com\/?page_id=270"},"modified":"2015-12-12T14:30:36","modified_gmt":"2015-12-12T12:30:36","slug":"bel-fitigi-lazer-tedavisi","status":"publish","type":"page","link":"https:\/\/www.caferabbasoglu.com\/en\/bel-fitigi-lazer-tedavisi\/","title":{"rendered":"Bel F\u0131t\u0131\u011f\u0131 Lazer Tedavisi"},"content":{"rendered":"<h1>Lazer I\u015f\u0131nlar\u0131 Hayat Ba\u011f\u0131\u015fl\u0131yor<\/h1>\n<h2>Ameliyats\u0131z Bel F\u0131t\u0131\u011f\u0131 Tedavisi<\/h2>\n<h3>Bel f\u0131t\u0131\u011f\u0131 nedir?<\/h3>\n<p><img decoding=\"async\" class=\"alignleft size-medium wp-image-272 lazyload\" data-src=\"http:\/\/www.caferabbasoglu.com\/wp-content\/uploads\/2015\/12\/fitik_01-300x199.jpg\" alt=\"F\u0131t\u0131k Nedir\" width=\"300\" height=\"199\" data-srcset=\"https:\/\/www.caferabbasoglu.com\/wp-content\/uploads\/2015\/12\/fitik_01-300x199.jpg 300w, https:\/\/www.caferabbasoglu.com\/wp-content\/uploads\/2015\/12\/fitik_01.jpg 480w\" data-sizes=\"(max-width: 300px) 100vw, 300px\" src=\"data:image\/gif;base64,R0lGODlhAQABAAAAACH5BAEKAAEALAAAAAABAAEAAAICTAEAOw==\" style=\"--smush-placeholder-width: 300px; --smush-placeholder-aspect-ratio: 300\/199;\" \/>Bel f\u0131t\u0131\u011f\u0131, omurlar aras\u0131ndaki disk dedi\u011fimiz yap\u0131n\u0131n, zorlanma, a\u011f\u0131r kald\u0131rma gibi aktiviteler sonras\u0131nda etraf\u0131ndaki liflerin y\u0131rt\u0131larak sinir kanal\u0131na do\u011fru \u00e7\u0131k\u0131nt\u0131 yapmas\u0131d\u0131r.<\/p>\n<h3>Te\u015fhis<\/h3>\n<p>MR ile te\u015fhis kesinle\u015ftirilmelidir. Bel f\u0131t\u0131\u011f\u0131n\u0131n te\u015fhisinde MR f\u0131t\u0131\u011f\u0131n hangi derecede ve hangi seviyede oldu\u011funu g\u00f6sterir.<\/p>\n<h3>Belirtileri<\/h3>\n<p>Baca\u011fa\u00a0 do\u011fru yay\u0131l\u0131m g\u00f6steren uyu\u015fukluk,a\u011fr\u0131,hissizlik,\u00a0 bazen \u00a0k\u0131smi fel\u00e7, idrar ka\u00e7\u0131rma ve b\u00fcy\u00fck abdest \u00e7\u0131karamamad\u0131r.<\/p>\n<p>Bel f\u0131t\u0131\u011f\u0131 sinir k\u00f6k\u00fcne bask\u0131 yaparak, sinir k\u00f6k\u00fcnde iltihap ve \u00f6dem meydana getirir. Baca\u011fa vuran a\u011fr\u0131 ve uyu\u015fman\u0131n nedeni i\u015fte bu sinir k\u00f6k\u00fc iltihab\u0131 ve \u00f6demidir.D\u00fc\u015f\u00fck enerjili lazer tedavisinde \u00f6zellikle ye\u015fil lazer tedavisinde k\u0131sa s\u00fcrede ameliyats\u0131z b\u0131\u00e7aks\u0131z ve hastanelerde yat\u0131\u015f olmadan b\u00f6lgedeki \u00f6demi \u00e7\u00f6zerek kaslardaki gev\u015fekli\u011fi sa\u011flayarak hastan\u0131n \u015fikayetleri b\u00fcy\u00fck \u00f6l\u00e7\u00fcde giderilmektedir..<\/p>\n<h3>Tedavi<\/h3>\n<p>Ameliyat gereken bir durum yoksa ilk yap\u0131lmas\u0131 gereken sinir k\u00f6k\u00fc hasar\u0131 ve f\u0131t\u0131\u011fa ba\u011fl\u0131 a\u011fr\u0131n\u0131n giderilmesidir. Bunun i\u00e7in, a\u011fr\u0131 kesici, kas gev\u015fetici ila\u00e7larla beraber sinir k\u00f6k\u00fcndeki \u00f6demi ve iltihab\u0131 giderici ila\u00e7 tedavisi uygulan\u0131r.<\/p>\n<p>Akut d\u00f6nem , bahsetti\u011fimiz tedavilerle ge\u00e7irildikten sonra bel f\u0131t\u0131\u011f\u0131na y\u00f6nelik esas tedavi ba\u015flar. Fiziksel tedaviler ve rehabilitasyondur. Fiziksel tedavilerden elektrik, a\u011fr\u0131n\u0131n azalt\u0131lmas\u0131nda; y\u00fczeyel ve derin \u0131s\u0131t\u0131c\u0131lar ile lazer, dokular\u0131n esnekli\u011fininin tekrar kazan\u0131lmas\u0131nda; traksiyon ise f\u0131t\u0131\u011f\u0131n geri itilmesinde etkildir. Tedavi edici egzersizler ad\u0131n\u0131n verdi\u011fimiz \u00f6zel egzersizler, fizyoterapistler taraf\u0131ndan her hastaya \u00f6zel olarak belirlenir. Bu egzersizler, bel \u00e7evresi kaslar\u0131 ve ba\u011flar\u0131n yeniden \u015fekillenmesini sa\u011flayarak f\u0131t\u0131\u011f\u0131n tekrar \u00e7\u0131kmas\u0131n\u0131 \u00f6nleyici etkiye sahiptir.<\/p>\n<h3>S\u0131ras\u0131yla bel f\u0131t\u0131\u011f\u0131nda tedavi y\u00f6ntemleri<\/h3>\n<p>\u0130la\u00e7 tedavisi,enjeksiyon tedavileri,\u00a0\u00a0\u00a0korse,\u00a0\u00a0\u00a0\u0130stirahat,\u00a0\u00a0\u00a0belden i\u011fne tedavileri ,\u00a0manuel terapi,\u00a0\u00a0fizik tedavi,\u00a0\u00a0egzersiz,\u00a0\u00a0cerrahi, D\u00fc\u015f\u00fck Enerjili Lazer Tedavisi<\/p>\n<p>Hastalar\u0131n ge\u00e7meyen a\u011fr\u0131s\u0131 ,\u015fikayetleri \u00a0uygulanan b\u00fct\u00fcn tedavilere ra\u011fmen \u00a0devam ediyorsa bizim klini\u011fimizde\u00a0 d\u00fc\u015f\u00fck enerjili lazer tedavisi en \u00f6nemli alternatif tedavilerden biri say\u0131lmaktad\u0131r.<\/p>\n<h3><img decoding=\"async\" class=\"alignleft wp-image-273 size-medium lazyload\" data-src=\"http:\/\/www.caferabbasoglu.com\/wp-content\/uploads\/2015\/12\/fitik_02-225x300.jpg\" alt=\"F\u0131t\u0131kta D\u00fc\u015f\u00fck Enerjili Lazer Uygulamas\u0131\" width=\"225\" height=\"300\" data-srcset=\"https:\/\/www.caferabbasoglu.com\/wp-content\/uploads\/2015\/12\/fitik_02-225x300.jpg 225w, https:\/\/www.caferabbasoglu.com\/wp-content\/uploads\/2015\/12\/fitik_02.jpg 360w\" data-sizes=\"(max-width: 225px) 100vw, 225px\" src=\"data:image\/gif;base64,R0lGODlhAQABAAAAACH5BAEKAAEALAAAAAABAAEAAAICTAEAOw==\" style=\"--smush-placeholder-width: 225px; --smush-placeholder-aspect-ratio: 225\/300;\" \/>D\u00fc\u015f\u00fck enerjili lazer tedavisinin bel f\u0131t\u0131\u011f\u0131nda etkileri<\/h3>\n<p>Bel f\u0131t\u0131\u011f\u0131 hastalar\u0131nda\u00a0 f\u0131t\u0131k ve \u00e7evresinde kan damarlar\u0131 olmayan ve dif\u00fczyon ile beslenen diskin beslenme bozuklu\u011fu f\u0131t\u0131k ve \u015fikayetlere neden olmaktad\u0131r. D\u00fc\u015f\u00fck enerjili lazer tedavisinde hekim f\u0131t\u0131\u011f\u0131n derecesine ve b\u00f6lgesine g\u00f6re d\u00fc\u015f\u00fck enerjili lazerlerin dalga boylar\u0131na ve g\u00fc\u00e7lerini se\u00e7erek tedavi uygulamaktad\u0131r.Bu tedavide disk \u00e7evresinde ana ama\u00e7 diskte kans\u0131zl\u0131\u011fa ba\u011fl\u0131 meydana gelen harabiyet ve dejenerasyonlar \u00e7evredeki dokularda kanlanmay\u0131 perf\u00fczyonu ve dif\u00fczyonu\u00a0 artt\u0131rarak kans\u0131z b\u00f6lgelere kan vererek tedavi etmektedir.B\u00f6ylelikle hastal\u0131kl\u0131 olan disk kanlanarak ve canlanarak \u00a0f\u0131t\u0131kla\u015fmay\u0131 azaltarak hastan\u0131n \u015fikayetleri b\u00fcy\u00fck \u00f6l\u00e7\u00fcde yok edilmektedir.Hastaya ameliyats\u0131z ve\u00a0 konforlu bir ya\u015fam sunulmaktad\u0131r..B\u00f6ylelikle d\u00fc\u015f\u00fck enerjili lazer tedavisi f\u0131t\u0131k olan b\u00f6lgeye uyguland\u0131\u011f\u0131 zaman seanslar \u015feklinde f\u0131t\u0131\u011f\u0131n \u00e7evresindeki kanlanmay\u0131 ve perf\u00fczyonu artt\u0131rd\u0131\u011f\u0131 i\u00e7in hastan\u0131n \u015fikayetleri ve sorunlar\u0131 giderilmektedir.<\/p>\n","protected":false},"excerpt":{"rendered":"<p>Lazer I\u015f\u0131nlar\u0131 Hayat Ba\u011f\u0131\u015fl\u0131yor Ameliyats\u0131z Bel F\u0131t\u0131\u011f\u0131 Tedavisi Bel f\u0131t\u0131\u011f\u0131 nedir? Bel f\u0131t\u0131\u011f\u0131, omurlar aras\u0131ndaki disk dedi\u011fimiz yap\u0131n\u0131n, zorlanma, a\u011f\u0131r kald\u0131rma gibi aktiviteler sonras\u0131nda etraf\u0131ndaki liflerin y\u0131rt\u0131larak sinir kanal\u0131na do\u011fru \u00e7\u0131k\u0131nt\u0131 yapmas\u0131d\u0131r. Te\u015fhis MR ile te\u015fhis kesinle\u015ftirilmelidir. Bel f\u0131t\u0131\u011f\u0131n\u0131n te\u015fhisinde MR f\u0131t\u0131\u011f\u0131n hangi derecede ve hangi seviyede oldu\u011funu g\u00f6sterir. Belirtileri Baca\u011fa\u00a0 do\u011fru yay\u0131l\u0131m g\u00f6steren uyu\u015fukluk,a\u011fr\u0131,hissizlik,\u00a0 [&hellip;]<\/p>\n","protected":false},"author":5,"featured_media":0,"parent":0,"menu_order":0,"comment_status":"closed","ping_status":"closed","template":"","meta":{"two_page_speed":[],"footnotes":""},"class_list":["post-270","page","type-page","status-publish","hentry"],"translation":{"provider":"WPGlobus","version":"3.0.0","language":"en","enabled_languages":["tr","en"],"languages":{"tr":{"title":true,"content":true,"excerpt":false},"en":{"title":false,"content":false,"excerpt":false}}},"yoast_head":"<!-- This site is optimized with the Yoast SEO plugin v24.9 - https:\/\/yoast.com\/wordpress\/plugins\/seo\/ -->\n<title>Bel F\u0131t\u0131\u011f\u0131 Lazer Tedavisi - Opr.Dr.Cafer Abbaso\u011flu<\/title>\n<meta name=\"robots\" content=\"index, follow, max-snippet:-1, max-image-preview:large, max-video-preview:-1\" \/>\n<link rel=\"canonical\" href=\"https:\/\/www.caferabbasoglu.com\/bel-fitigi-lazer-tedavisi\/\" \/>\n<meta property=\"og:locale\" content=\"en_US\" \/>\n<meta property=\"og:type\" content=\"article\" \/>\n<meta property=\"og:title\" content=\"Bel F\u0131t\u0131\u011f\u0131 Lazer Tedavisi - Opr.Dr.Cafer Abbaso\u011flu\" \/>\n<meta property=\"og:url\" content=\"https:\/\/www.caferabbasoglu.com\/bel-fitigi-lazer-tedavisi\/\" \/>\n<meta property=\"og:site_name\" content=\"Opr.Dr.Cafer Abbaso\u011flu\" \/>\n<meta property=\"article:modified_time\" content=\"2015-12-12T12:30:36+00:00\" \/>\n<meta property=\"og:image\" content=\"http:\/\/www.caferabbasoglu.com\/wp-content\/uploads\/2015\/12\/fitik_01-300x199.jpg\" \/>\n<meta name=\"twitter:card\" content=\"summary_large_image\" \/>\n<meta name=\"twitter:label1\" content=\"Est. reading time\" \/>\n\t<meta name=\"twitter:data1\" content=\"3 minutes\" \/>\n<script type=\"application\/ld+json\" class=\"yoast-schema-graph\">{\"@context\":\"https:\/\/schema.org\",\"@graph\":[{\"@type\":\"WebPage\",\"@id\":\"https:\/\/www.caferabbasoglu.com\/bel-fitigi-lazer-tedavisi\/\",\"url\":\"https:\/\/www.caferabbasoglu.com\/bel-fitigi-lazer-tedavisi\/\",\"name\":\"Bel F\u0131t\u0131\u011f\u0131 Lazer Tedavisi - Opr.Dr.Cafer Abbaso\u011flu\",\"isPartOf\":{\"@id\":\"https:\/\/www.caferabbasoglu.com\/#website\"},\"primaryImageOfPage\":{\"@id\":\"https:\/\/www.caferabbasoglu.com\/bel-fitigi-lazer-tedavisi\/#primaryimage\"},\"image\":{\"@id\":\"https:\/\/www.caferabbasoglu.com\/bel-fitigi-lazer-tedavisi\/#primaryimage\"},\"thumbnailUrl\":\"http:\/\/www.caferabbasoglu.com\/wp-content\/uploads\/2015\/12\/fitik_01-300x199.jpg\",\"datePublished\":\"2015-12-12T12:10:45+00:00\",\"dateModified\":\"2015-12-12T12:30:36+00:00\",\"breadcrumb\":{\"@id\":\"https:\/\/www.caferabbasoglu.com\/bel-fitigi-lazer-tedavisi\/#breadcrumb\"},\"inLanguage\":\"en-US\",\"potentialAction\":[{\"@type\":\"ReadAction\",\"target\":[\"https:\/\/www.caferabbasoglu.com\/bel-fitigi-lazer-tedavisi\/\"]}]},{\"@type\":\"ImageObject\",\"inLanguage\":\"en-US\",\"@id\":\"https:\/\/www.caferabbasoglu.com\/bel-fitigi-lazer-tedavisi\/#primaryimage\",\"url\":\"http:\/\/www.caferabbasoglu.com\/wp-content\/uploads\/2015\/12\/fitik_01-300x199.jpg\",\"contentUrl\":\"http:\/\/www.caferabbasoglu.com\/wp-content\/uploads\/2015\/12\/fitik_01-300x199.jpg\"},{\"@type\":\"BreadcrumbList\",\"@id\":\"https:\/\/www.caferabbasoglu.com\/bel-fitigi-lazer-tedavisi\/#breadcrumb\",\"itemListElement\":[{\"@type\":\"ListItem\",\"position\":1,\"name\":\"Ana Sayfa\",\"item\":\"https:\/\/www.caferabbasoglu.com\/\"},{\"@type\":\"ListItem\",\"position\":2,\"name\":\"Bel F\u0131t\u0131\u011f\u0131 Lazer Tedavisi\"}]},{\"@type\":\"WebSite\",\"@id\":\"https:\/\/www.caferabbasoglu.com\/#website\",\"url\":\"https:\/\/www.caferabbasoglu.com\/\",\"name\":\"Opr.Dr.Cafer Abbaso\u011flu\",\"description\":\"Damar Hastal\u0131klar\u0131, Varis ve Diyabet Hakk\u0131nda Bilgiler\",\"publisher\":{\"@id\":\"https:\/\/www.caferabbasoglu.com\/#organization\"},\"potentialAction\":[{\"@type\":\"SearchAction\",\"target\":{\"@type\":\"EntryPoint\",\"urlTemplate\":\"https:\/\/www.caferabbasoglu.com\/?s={search_term_string}\"},\"query-input\":{\"@type\":\"PropertyValueSpecification\",\"valueRequired\":true,\"valueName\":\"search_term_string\"}}],\"inLanguage\":\"en-US\"},{\"@type\":\"Organization\",\"@id\":\"https:\/\/www.caferabbasoglu.com\/#organization\",\"name\":\"Damar Hastal\u0131klar\u0131 ve Varis Tedavileri Merkezi\",\"url\":\"https:\/\/www.caferabbasoglu.com\/\",\"logo\":{\"@type\":\"ImageObject\",\"inLanguage\":\"en-US\",\"@id\":\"https:\/\/www.caferabbasoglu.com\/#\/schema\/logo\/image\/\",\"url\":\"http:\/\/www.caferabbasoglu.com\/wp-content\/uploads\/2010\/08\/imza_eposta.jpg\",\"contentUrl\":\"http:\/\/www.caferabbasoglu.com\/wp-content\/uploads\/2010\/08\/imza_eposta.jpg\",\"width\":640,\"height\":121,\"caption\":\"Damar Hastal\u0131klar\u0131 ve Varis Tedavileri Merkezi\"},\"image\":{\"@id\":\"https:\/\/www.caferabbasoglu.com\/#\/schema\/logo\/image\/\"}}]}<\/script>\n<!-- \/ Yoast SEO plugin. -->","yoast_head_json":{"title":"Bel F\u0131t\u0131\u011f\u0131 Lazer Tedavisi - Opr.Dr.Cafer Abbaso\u011flu","robots":{"index":"index","follow":"follow","max-snippet":"max-snippet:-1","max-image-preview":"max-image-preview:large","max-video-preview":"max-video-preview:-1"},"canonical":"https:\/\/www.caferabbasoglu.com\/bel-fitigi-lazer-tedavisi\/","og_locale":"en_US","og_type":"article","og_title":"Bel F\u0131t\u0131\u011f\u0131 Lazer Tedavisi - Opr.Dr.Cafer Abbaso\u011flu","og_url":"https:\/\/www.caferabbasoglu.com\/bel-fitigi-lazer-tedavisi\/","og_site_name":"Opr.Dr.Cafer Abbaso\u011flu","article_modified_time":"2015-12-12T12:30:36+00:00","og_image":[{"url":"http:\/\/www.caferabbasoglu.com\/wp-content\/uploads\/2015\/12\/fitik_01-300x199.jpg","type":"","width":"","height":""}],"twitter_card":"summary_large_image","twitter_misc":{"Est. reading time":"3 minutes"},"schema":{"@context":"https:\/\/schema.org","@graph":[{"@type":"WebPage","@id":"https:\/\/www.caferabbasoglu.com\/bel-fitigi-lazer-tedavisi\/","url":"https:\/\/www.caferabbasoglu.com\/bel-fitigi-lazer-tedavisi\/","name":"Bel F\u0131t\u0131\u011f\u0131 Lazer Tedavisi - Opr.Dr.Cafer Abbaso\u011flu","isPartOf":{"@id":"https:\/\/www.caferabbasoglu.com\/#website"},"primaryImageOfPage":{"@id":"https:\/\/www.caferabbasoglu.com\/bel-fitigi-lazer-tedavisi\/#primaryimage"},"image":{"@id":"https:\/\/www.caferabbasoglu.com\/bel-fitigi-lazer-tedavisi\/#primaryimage"},"thumbnailUrl":"http:\/\/www.caferabbasoglu.com\/wp-content\/uploads\/2015\/12\/fitik_01-300x199.jpg","datePublished":"2015-12-12T12:10:45+00:00","dateModified":"2015-12-12T12:30:36+00:00","breadcrumb":{"@id":"https:\/\/www.caferabbasoglu.com\/bel-fitigi-lazer-tedavisi\/#breadcrumb"},"inLanguage":"en-US","potentialAction":[{"@type":"ReadAction","target":["https:\/\/www.caferabbasoglu.com\/bel-fitigi-lazer-tedavisi\/"]}]},{"@type":"ImageObject","inLanguage":"en-US","@id":"https:\/\/www.caferabbasoglu.com\/bel-fitigi-lazer-tedavisi\/#primaryimage","url":"http:\/\/www.caferabbasoglu.com\/wp-content\/uploads\/2015\/12\/fitik_01-300x199.jpg","contentUrl":"http:\/\/www.caferabbasoglu.com\/wp-content\/uploads\/2015\/12\/fitik_01-300x199.jpg"},{"@type":"BreadcrumbList","@id":"https:\/\/www.caferabbasoglu.com\/bel-fitigi-lazer-tedavisi\/#breadcrumb","itemListElement":[{"@type":"ListItem","position":1,"name":"Ana Sayfa","item":"https:\/\/www.caferabbasoglu.com\/"},{"@type":"ListItem","position":2,"name":"Bel F\u0131t\u0131\u011f\u0131 Lazer Tedavisi"}]},{"@type":"WebSite","@id":"https:\/\/www.caferabbasoglu.com\/#website","url":"https:\/\/www.caferabbasoglu.com\/","name":"Opr.Dr.Cafer Abbaso\u011flu","description":"Damar Hastal\u0131klar\u0131, Varis ve Diyabet Hakk\u0131nda Bilgiler","publisher":{"@id":"https:\/\/www.caferabbasoglu.com\/#organization"},"potentialAction":[{"@type":"SearchAction","target":{"@type":"EntryPoint","urlTemplate":"https:\/\/www.caferabbasoglu.com\/?s={search_term_string}"},"query-input":{"@type":"PropertyValueSpecification","valueRequired":true,"valueName":"search_term_string"}}],"inLanguage":"en-US"},{"@type":"Organization","@id":"https:\/\/www.caferabbasoglu.com\/#organization","name":"Damar Hastal\u0131klar\u0131 ve Varis Tedavileri Merkezi","url":"https:\/\/www.caferabbasoglu.com\/","logo":{"@type":"ImageObject","inLanguage":"en-US","@id":"https:\/\/www.caferabbasoglu.com\/#\/schema\/logo\/image\/","url":"http:\/\/www.caferabbasoglu.com\/wp-content\/uploads\/2010\/08\/imza_eposta.jpg","contentUrl":"http:\/\/www.caferabbasoglu.com\/wp-content\/uploads\/2010\/08\/imza_eposta.jpg","width":640,"height":121,"caption":"Damar Hastal\u0131klar\u0131 ve Varis Tedavileri Merkezi"},"image":{"@id":"https:\/\/www.caferabbasoglu.com\/#\/schema\/logo\/image\/"}}]}},"_links":{"self":[{"href":"https:\/\/www.caferabbasoglu.com\/en\/wp-json\/wp\/v2\/pages\/270","targetHints":{"allow":["GET"]}}],"collection":[{"href":"https:\/\/www.caferabbasoglu.com\/en\/wp-json\/wp\/v2\/pages"}],"about":[{"href":"https:\/\/www.caferabbasoglu.com\/en\/wp-json\/wp\/v2\/types\/page"}],"author":[{"embeddable":true,"href":"https:\/\/www.caferabbasoglu.com\/en\/wp-json\/wp\/v2\/users\/5"}],"replies":[{"embeddable":true,"href":"https:\/\/www.caferabbasoglu.com\/en\/wp-json\/wp\/v2\/comments?post=270"}],"version-history":[{"count":0,"href":"https:\/\/www.caferabbasoglu.com\/en\/wp-json\/wp\/v2\/pages\/270\/revisions"}],"wp:attachment":[{"href":"https:\/\/www.caferabbasoglu.com\/en\/wp-json\/wp\/v2\/media?parent=270"}],"curies":[{"name":"wp","href":"https:\/\/api.w.org\/{rel}","templated":true}]}}