{"id":277,"date":"2015-12-12T14:26:57","date_gmt":"2015-12-12T12:26:57","guid":{"rendered":"http:\/\/www.caferabbasoglu.com\/?page_id=277"},"modified":"2015-12-12T14:29:34","modified_gmt":"2015-12-12T12:29:34","slug":"boyun-fitigi-lazer-tedavisi","status":"publish","type":"page","link":"https:\/\/www.caferabbasoglu.com\/en\/boyun-fitigi-lazer-tedavisi\/","title":{"rendered":"Boyun F\u0131t\u0131\u011f\u0131 Lazer Tedavisi"},"content":{"rendered":"<h1>Lazer Hayat Ba\u011f\u0131\u015fl\u0131yor<\/h1>\n<h2>Ameliyats\u0131z Boyun F\u0131t\u0131\u011f\u0131 Tedavisi<\/h2>\n<h3>Boyun f\u0131t\u0131\u011f\u0131 nedir?<\/h3>\n<p><a href=\"http:\/\/www.caferabbasoglu.com\/wp-content\/uploads\/2015\/12\/boyun_fitigi_01.jpg\"><img decoding=\"async\" class=\"alignleft size-medium wp-image-278 lazyload\" data-src=\"http:\/\/www.caferabbasoglu.com\/wp-content\/uploads\/2015\/12\/boyun_fitigi_01-300x199.jpg\" alt=\"Boyun F\u0131t\u0131\u011f\u0131 Nedir\" width=\"300\" height=\"199\" data-srcset=\"https:\/\/www.caferabbasoglu.com\/wp-content\/uploads\/2015\/12\/boyun_fitigi_01-300x199.jpg 300w, https:\/\/www.caferabbasoglu.com\/wp-content\/uploads\/2015\/12\/boyun_fitigi_01.jpg 480w\" data-sizes=\"(max-width: 300px) 100vw, 300px\" src=\"data:image\/gif;base64,R0lGODlhAQABAAAAACH5BAEKAAEALAAAAAABAAEAAAICTAEAOw==\" style=\"--smush-placeholder-width: 300px; --smush-placeholder-aspect-ratio: 300\/199;\" \/><\/a>Boyun b\u00f6lgemizde bulunan omurgalar\u0131n aras\u0131ndaki k\u0131k\u0131rdak yap\u0131n\u0131n y\u0131rt\u0131larak, omurilikten \u00e7\u0131kan sinirleri s\u0131k\u0131\u015ft\u0131rmas\u0131d\u0131r. \u00d6nce \u015fiddetli\u00a0 boyun a\u011fr\u0131s\u0131, daha sonrada kollara yay\u0131lan a\u011fr\u0131yla ortaya \u00e7\u0131kar.<\/p>\n<p>\u0130nsanlar ya\u015fam boyunca yer \u00e7ekimi ile m\u00fccadele i\u00e7inde oldu\u011fundan veya di\u011fer sebeplerden Hareketsizlik, kazalar, duru\u015f bozukluklar\u0131, omurga ve eklemlerinde d\u00fczensizlikler meydana gelmektedir. Bu d\u00fczensizlikler, uzun bir s\u00fcre insanlara hi\u00e7 belirti g\u00f6stermeden diskleri y\u0131pratmaya, f\u0131t\u0131kla\u015fmaya ve b\u00f6lgede \u00f6deme neden olur. A\u011fr\u0131lar\u0131n ortaya \u00e7\u0131kmas\u0131 omurgada olu\u015fan gerilimin ve \u00f6demin\u00a0sonucudur.<\/p>\n<h3>Nedenleri<\/h3>\n<p>Hareketsizlik,obezite ve sigara disklerdeki f\u0131t\u0131k olu\u015fumunu kolayla\u015ft\u0131r\u0131r \u00c7\u00fcnk\u00fc kan damarlar\u0131 olmayan diskler dif\u00fczyon ile beslenirler.Disklerin beslenmelerindeki bozukluklar probleme, a\u011fr\u0131ya, uyu\u015fuklu\u011fa, \u00f6deme, dejenerasyona ve f\u0131t\u0131kla\u015fmaya neden olurlar.<\/p>\n<h3>Tedavi<\/h3>\n<p>Ameliyat gereken bir durum yoksa ilk yap\u0131lmas\u0131 gereken sinir k\u00f6k\u00fc hasar\u0131 ve f\u0131t\u0131\u011fa ba\u011fl\u0131 a\u011fr\u0131n\u0131n giderilmesidir. Bunun i\u00e7in, a\u011fr\u0131 kesici, kas gev\u015fetici ila\u00e7larla beraber sinir k\u00f6k\u00fcndeki \u00f6demi ve iltihab\u0131 giderici ila\u00e7 tedavisi uygulan\u0131r.<\/p>\n<p>Boyun\u00a0f\u0131t\u0131\u011f\u0131 sinir k\u00f6k\u00fcne bask\u0131 yaparak, sinir k\u00f6k\u00fcnde iltihap ve \u00f6dem meydana getirir. Kollara vuran a\u011fr\u0131 ve uyu\u015fman\u0131n nedeni i\u015fte bu sinir k\u00f6k\u00fc iltihab\u0131 ve \u00f6demidir.\u00a0Son zamanlarda D\u00fc\u015f\u00fck enerjili lazer tedavisi Avrupa \u00fclkelerinde ve klini\u011fimizde\u00a0boyun f\u0131t\u0131\u011f\u0131 tedavilerinde uygulanmaktad\u0131r.\u00d6zellikle ye\u015fil \u0131\u015f\u0131k d\u00fc\u015f\u00fck enerjili lazer tedavisi boyun b\u00f6lgesindeki k\u0131k\u0131rdaklar aras\u0131nda ve disklerin \u00e7evresindeki \u00f6demi ve \u015fikayetleri azaltmakta en \u00f6nemli tedavi metodlar\u0131ndand\u0131r.<\/p>\n<p>Fiziksel tedaviler\u00a0ve rehabilitasyon a\u011fr\u0131n\u0131n azalt\u0131lmas\u0131nda; y\u00fczeyel ve derin \u0131s\u0131t\u0131c\u0131lar ile d\u00fc\u015f\u00fck enerjili lazer, dokular\u0131n esnekli\u011fininin tekrar kazan\u0131lmas\u0131nda; hekim taraf\u0131ndan programlanarak hastalara uygulanmaktad\u0131r. Fizyoterapistler taraf\u0131ndan her hastaya \u00f6zel olarak egzersiz programlar\u0131\u00a0 belirlenir. Bu egzersizler, boyun \u00e7evresi kaslar\u0131 ve ba\u011flar\u0131n yeniden \u015fekillenmesini sa\u011flayarak f\u0131t\u0131\u011f\u0131n tekrar \u00e7\u0131kmas\u0131n\u0131 \u00f6nleyici etkiye sahiptir.<\/p>\n<h3>D\u00fc\u015f\u00fck Enerjili Lazer Tedavisinin Boyun F\u0131t\u0131\u011f\u0131nda Etkileri<\/h3>\n<p><a href=\"http:\/\/www.caferabbasoglu.com\/wp-content\/uploads\/2015\/12\/boyun_fitigi_02.jpg\"><img decoding=\"async\" class=\"alignleft size-medium wp-image-279 lazyload\" data-src=\"http:\/\/www.caferabbasoglu.com\/wp-content\/uploads\/2015\/12\/boyun_fitigi_02-225x300.jpg\" alt=\"Boyun F\u0131t\u0131\u011f\u0131nda Lazer Tedavisi\" width=\"225\" height=\"300\" data-srcset=\"https:\/\/www.caferabbasoglu.com\/wp-content\/uploads\/2015\/12\/boyun_fitigi_02-225x300.jpg 225w, https:\/\/www.caferabbasoglu.com\/wp-content\/uploads\/2015\/12\/boyun_fitigi_02.jpg 360w\" data-sizes=\"(max-width: 225px) 100vw, 225px\" src=\"data:image\/gif;base64,R0lGODlhAQABAAAAACH5BAEKAAEALAAAAAABAAEAAAICTAEAOw==\" style=\"--smush-placeholder-width: 225px; --smush-placeholder-aspect-ratio: 225\/300;\" \/><\/a>Boyun b\u00f6lgesinde bulunan omurgalar\u0131n aras\u0131ndaki disklerde kan damarlar\u0131 \u00e7ok az oldu\u011fu i\u00e7in o b\u00f6lgeler genelde dif\u00fczyon ve perf\u00fczyon teknikleri ile beslenmektedir.D\u00fc\u011fme \u015feklinde olan disklerin kan damarlar\u0131ndan yoksun oldu\u011fu bilinmektedir. Dolay\u0131s\u0131yle hastal\u0131k olu\u015ftu\u011fu zaman kans\u0131zl\u0131\u011fa ba\u011fl\u0131 disklerde dejenerasyonlar a\u011fr\u0131ya,uyu\u015fuklu\u011fa, g\u00fc\u00e7 kayb\u0131na, harabiyete, f\u0131t\u0131kla\u015fmaya ve di\u011fer \u015fikayetlere neden olmaktad\u0131r. D\u00fc\u015f\u00fck enerjili lazer tedavisinde hastal\u0131kl\u0131 ve f\u0131t\u0131kla\u015fm\u0131\u015f b\u00f6lgeye lazer \u0131\u015f\u0131nlar\u0131 uygulanarak b\u00f6lgedeki kan ak\u0131\u015f\u0131n\u0131, micro sirk\u00fclasyonu\u00a0art\u0131rarak\u00a0dif\u00fczyon ve perf\u00fczyon oranlar\u0131n\u0131 etkileyerek.harabiyete, f\u0131t\u0131kla\u015fmaya ,\u00f6deme .\u015fikayetlere maruz kalm\u0131\u015f kans\u0131z b\u00f6lge kanlanarak \u015fikayetleri yok etmi\u015f olur.Ayn\u0131 zamanda d\u00fc\u015f\u00fck enerjili lazer tedavisi \u00a0derin dokulardaki a\u011fr\u0131 ve \u015fikayetlere neden olan diskin \u00e7evresindeki \u00f6demi, lenf yollar\u0131n\u0131 ve drenaji etkileyerek \u00f6demi azaltarak \u015fikayetleri ortadan kald\u0131rm\u0131\u015f olur. B\u00f6ylelikle ameliyats\u0131z ve hastanede yatmadan k\u0131sa surede hastalar a\u011fr\u0131 ve \u015fikayetlerden kurtularak ya\u015fam kalitesini \u00a0y\u00fckselterek hayatlar\u0131na devam etmektedir.<\/p>\n","protected":false},"excerpt":{"rendered":"<p>Lazer Hayat Ba\u011f\u0131\u015fl\u0131yor Ameliyats\u0131z Boyun F\u0131t\u0131\u011f\u0131 Tedavisi Boyun f\u0131t\u0131\u011f\u0131 nedir? Boyun b\u00f6lgemizde bulunan omurgalar\u0131n aras\u0131ndaki k\u0131k\u0131rdak yap\u0131n\u0131n y\u0131rt\u0131larak, omurilikten \u00e7\u0131kan sinirleri s\u0131k\u0131\u015ft\u0131rmas\u0131d\u0131r. \u00d6nce \u015fiddetli\u00a0 boyun a\u011fr\u0131s\u0131, daha sonrada kollara yay\u0131lan a\u011fr\u0131yla ortaya \u00e7\u0131kar. \u0130nsanlar ya\u015fam boyunca yer \u00e7ekimi ile m\u00fccadele i\u00e7inde oldu\u011fundan veya di\u011fer sebeplerden Hareketsizlik, kazalar, duru\u015f bozukluklar\u0131, omurga ve eklemlerinde d\u00fczensizlikler meydana gelmektedir. [&hellip;]<\/p>\n","protected":false},"author":5,"featured_media":0,"parent":0,"menu_order":0,"comment_status":"closed","ping_status":"closed","template":"","meta":{"two_page_speed":[],"footnotes":""},"class_list":["post-277","page","type-page","status-publish","hentry"],"translation":{"provider":"WPGlobus","version":"3.0.0","language":"en","enabled_languages":["tr","en"],"languages":{"tr":{"title":true,"content":true,"excerpt":false},"en":{"title":false,"content":false,"excerpt":false}}},"yoast_head":"<!-- This site is optimized with the Yoast SEO plugin v24.9 - https:\/\/yoast.com\/wordpress\/plugins\/seo\/ -->\n<title>Boyun F\u0131t\u0131\u011f\u0131 Lazer Tedavisi - Opr.Dr.Cafer Abbaso\u011flu<\/title>\n<meta name=\"robots\" content=\"index, follow, max-snippet:-1, max-image-preview:large, max-video-preview:-1\" \/>\n<link rel=\"canonical\" href=\"https:\/\/www.caferabbasoglu.com\/boyun-fitigi-lazer-tedavisi\/\" \/>\n<meta property=\"og:locale\" content=\"en_US\" \/>\n<meta property=\"og:type\" content=\"article\" \/>\n<meta property=\"og:title\" content=\"Boyun F\u0131t\u0131\u011f\u0131 Lazer Tedavisi - Opr.Dr.Cafer Abbaso\u011flu\" \/>\n<meta property=\"og:url\" content=\"https:\/\/www.caferabbasoglu.com\/boyun-fitigi-lazer-tedavisi\/\" \/>\n<meta property=\"og:site_name\" content=\"Opr.Dr.Cafer Abbaso\u011flu\" \/>\n<meta property=\"article:modified_time\" content=\"2015-12-12T12:29:34+00:00\" \/>\n<meta property=\"og:image\" content=\"http:\/\/www.caferabbasoglu.com\/wp-content\/uploads\/2015\/12\/boyun_fitigi_01-300x199.jpg\" \/>\n<meta name=\"twitter:card\" content=\"summary_large_image\" \/>\n<meta name=\"twitter:label1\" content=\"Est. reading time\" \/>\n\t<meta name=\"twitter:data1\" content=\"3 minutes\" \/>\n<script type=\"application\/ld+json\" class=\"yoast-schema-graph\">{\"@context\":\"https:\/\/schema.org\",\"@graph\":[{\"@type\":\"WebPage\",\"@id\":\"https:\/\/www.caferabbasoglu.com\/boyun-fitigi-lazer-tedavisi\/\",\"url\":\"https:\/\/www.caferabbasoglu.com\/boyun-fitigi-lazer-tedavisi\/\",\"name\":\"Boyun F\u0131t\u0131\u011f\u0131 Lazer Tedavisi - Opr.Dr.Cafer Abbaso\u011flu\",\"isPartOf\":{\"@id\":\"https:\/\/www.caferabbasoglu.com\/#website\"},\"primaryImageOfPage\":{\"@id\":\"https:\/\/www.caferabbasoglu.com\/boyun-fitigi-lazer-tedavisi\/#primaryimage\"},\"image\":{\"@id\":\"https:\/\/www.caferabbasoglu.com\/boyun-fitigi-lazer-tedavisi\/#primaryimage\"},\"thumbnailUrl\":\"http:\/\/www.caferabbasoglu.com\/wp-content\/uploads\/2015\/12\/boyun_fitigi_01-300x199.jpg\",\"datePublished\":\"2015-12-12T12:26:57+00:00\",\"dateModified\":\"2015-12-12T12:29:34+00:00\",\"breadcrumb\":{\"@id\":\"https:\/\/www.caferabbasoglu.com\/boyun-fitigi-lazer-tedavisi\/#breadcrumb\"},\"inLanguage\":\"en-US\",\"potentialAction\":[{\"@type\":\"ReadAction\",\"target\":[\"https:\/\/www.caferabbasoglu.com\/boyun-fitigi-lazer-tedavisi\/\"]}]},{\"@type\":\"ImageObject\",\"inLanguage\":\"en-US\",\"@id\":\"https:\/\/www.caferabbasoglu.com\/boyun-fitigi-lazer-tedavisi\/#primaryimage\",\"url\":\"http:\/\/www.caferabbasoglu.com\/wp-content\/uploads\/2015\/12\/boyun_fitigi_01-300x199.jpg\",\"contentUrl\":\"http:\/\/www.caferabbasoglu.com\/wp-content\/uploads\/2015\/12\/boyun_fitigi_01-300x199.jpg\"},{\"@type\":\"BreadcrumbList\",\"@id\":\"https:\/\/www.caferabbasoglu.com\/boyun-fitigi-lazer-tedavisi\/#breadcrumb\",\"itemListElement\":[{\"@type\":\"ListItem\",\"position\":1,\"name\":\"Ana Sayfa\",\"item\":\"https:\/\/www.caferabbasoglu.com\/\"},{\"@type\":\"ListItem\",\"position\":2,\"name\":\"Boyun F\u0131t\u0131\u011f\u0131 Lazer Tedavisi\"}]},{\"@type\":\"WebSite\",\"@id\":\"https:\/\/www.caferabbasoglu.com\/#website\",\"url\":\"https:\/\/www.caferabbasoglu.com\/\",\"name\":\"Opr.Dr.Cafer Abbaso\u011flu\",\"description\":\"Damar Hastal\u0131klar\u0131, Varis ve Diyabet Hakk\u0131nda Bilgiler\",\"publisher\":{\"@id\":\"https:\/\/www.caferabbasoglu.com\/#organization\"},\"potentialAction\":[{\"@type\":\"SearchAction\",\"target\":{\"@type\":\"EntryPoint\",\"urlTemplate\":\"https:\/\/www.caferabbasoglu.com\/?s={search_term_string}\"},\"query-input\":{\"@type\":\"PropertyValueSpecification\",\"valueRequired\":true,\"valueName\":\"search_term_string\"}}],\"inLanguage\":\"en-US\"},{\"@type\":\"Organization\",\"@id\":\"https:\/\/www.caferabbasoglu.com\/#organization\",\"name\":\"Damar Hastal\u0131klar\u0131 ve Varis Tedavileri Merkezi\",\"url\":\"https:\/\/www.caferabbasoglu.com\/\",\"logo\":{\"@type\":\"ImageObject\",\"inLanguage\":\"en-US\",\"@id\":\"https:\/\/www.caferabbasoglu.com\/#\/schema\/logo\/image\/\",\"url\":\"http:\/\/www.caferabbasoglu.com\/wp-content\/uploads\/2010\/08\/imza_eposta.jpg\",\"contentUrl\":\"http:\/\/www.caferabbasoglu.com\/wp-content\/uploads\/2010\/08\/imza_eposta.jpg\",\"width\":640,\"height\":121,\"caption\":\"Damar Hastal\u0131klar\u0131 ve Varis Tedavileri Merkezi\"},\"image\":{\"@id\":\"https:\/\/www.caferabbasoglu.com\/#\/schema\/logo\/image\/\"}}]}<\/script>\n<!-- \/ Yoast SEO plugin. -->","yoast_head_json":{"title":"Boyun F\u0131t\u0131\u011f\u0131 Lazer Tedavisi - Opr.Dr.Cafer Abbaso\u011flu","robots":{"index":"index","follow":"follow","max-snippet":"max-snippet:-1","max-image-preview":"max-image-preview:large","max-video-preview":"max-video-preview:-1"},"canonical":"https:\/\/www.caferabbasoglu.com\/boyun-fitigi-lazer-tedavisi\/","og_locale":"en_US","og_type":"article","og_title":"Boyun F\u0131t\u0131\u011f\u0131 Lazer Tedavisi - Opr.Dr.Cafer Abbaso\u011flu","og_url":"https:\/\/www.caferabbasoglu.com\/boyun-fitigi-lazer-tedavisi\/","og_site_name":"Opr.Dr.Cafer Abbaso\u011flu","article_modified_time":"2015-12-12T12:29:34+00:00","og_image":[{"url":"http:\/\/www.caferabbasoglu.com\/wp-content\/uploads\/2015\/12\/boyun_fitigi_01-300x199.jpg","type":"","width":"","height":""}],"twitter_card":"summary_large_image","twitter_misc":{"Est. reading time":"3 minutes"},"schema":{"@context":"https:\/\/schema.org","@graph":[{"@type":"WebPage","@id":"https:\/\/www.caferabbasoglu.com\/boyun-fitigi-lazer-tedavisi\/","url":"https:\/\/www.caferabbasoglu.com\/boyun-fitigi-lazer-tedavisi\/","name":"Boyun F\u0131t\u0131\u011f\u0131 Lazer Tedavisi - Opr.Dr.Cafer Abbaso\u011flu","isPartOf":{"@id":"https:\/\/www.caferabbasoglu.com\/#website"},"primaryImageOfPage":{"@id":"https:\/\/www.caferabbasoglu.com\/boyun-fitigi-lazer-tedavisi\/#primaryimage"},"image":{"@id":"https:\/\/www.caferabbasoglu.com\/boyun-fitigi-lazer-tedavisi\/#primaryimage"},"thumbnailUrl":"http:\/\/www.caferabbasoglu.com\/wp-content\/uploads\/2015\/12\/boyun_fitigi_01-300x199.jpg","datePublished":"2015-12-12T12:26:57+00:00","dateModified":"2015-12-12T12:29:34+00:00","breadcrumb":{"@id":"https:\/\/www.caferabbasoglu.com\/boyun-fitigi-lazer-tedavisi\/#breadcrumb"},"inLanguage":"en-US","potentialAction":[{"@type":"ReadAction","target":["https:\/\/www.caferabbasoglu.com\/boyun-fitigi-lazer-tedavisi\/"]}]},{"@type":"ImageObject","inLanguage":"en-US","@id":"https:\/\/www.caferabbasoglu.com\/boyun-fitigi-lazer-tedavisi\/#primaryimage","url":"http:\/\/www.caferabbasoglu.com\/wp-content\/uploads\/2015\/12\/boyun_fitigi_01-300x199.jpg","contentUrl":"http:\/\/www.caferabbasoglu.com\/wp-content\/uploads\/2015\/12\/boyun_fitigi_01-300x199.jpg"},{"@type":"BreadcrumbList","@id":"https:\/\/www.caferabbasoglu.com\/boyun-fitigi-lazer-tedavisi\/#breadcrumb","itemListElement":[{"@type":"ListItem","position":1,"name":"Ana Sayfa","item":"https:\/\/www.caferabbasoglu.com\/"},{"@type":"ListItem","position":2,"name":"Boyun F\u0131t\u0131\u011f\u0131 Lazer Tedavisi"}]},{"@type":"WebSite","@id":"https:\/\/www.caferabbasoglu.com\/#website","url":"https:\/\/www.caferabbasoglu.com\/","name":"Opr.Dr.Cafer Abbaso\u011flu","description":"Damar Hastal\u0131klar\u0131, Varis ve Diyabet Hakk\u0131nda Bilgiler","publisher":{"@id":"https:\/\/www.caferabbasoglu.com\/#organization"},"potentialAction":[{"@type":"SearchAction","target":{"@type":"EntryPoint","urlTemplate":"https:\/\/www.caferabbasoglu.com\/?s={search_term_string}"},"query-input":{"@type":"PropertyValueSpecification","valueRequired":true,"valueName":"search_term_string"}}],"inLanguage":"en-US"},{"@type":"Organization","@id":"https:\/\/www.caferabbasoglu.com\/#organization","name":"Damar Hastal\u0131klar\u0131 ve Varis Tedavileri Merkezi","url":"https:\/\/www.caferabbasoglu.com\/","logo":{"@type":"ImageObject","inLanguage":"en-US","@id":"https:\/\/www.caferabbasoglu.com\/#\/schema\/logo\/image\/","url":"http:\/\/www.caferabbasoglu.com\/wp-content\/uploads\/2010\/08\/imza_eposta.jpg","contentUrl":"http:\/\/www.caferabbasoglu.com\/wp-content\/uploads\/2010\/08\/imza_eposta.jpg","width":640,"height":121,"caption":"Damar Hastal\u0131klar\u0131 ve Varis Tedavileri Merkezi"},"image":{"@id":"https:\/\/www.caferabbasoglu.com\/#\/schema\/logo\/image\/"}}]}},"_links":{"self":[{"href":"https:\/\/www.caferabbasoglu.com\/en\/wp-json\/wp\/v2\/pages\/277","targetHints":{"allow":["GET"]}}],"collection":[{"href":"https:\/\/www.caferabbasoglu.com\/en\/wp-json\/wp\/v2\/pages"}],"about":[{"href":"https:\/\/www.caferabbasoglu.com\/en\/wp-json\/wp\/v2\/types\/page"}],"author":[{"embeddable":true,"href":"https:\/\/www.caferabbasoglu.com\/en\/wp-json\/wp\/v2\/users\/5"}],"replies":[{"embeddable":true,"href":"https:\/\/www.caferabbasoglu.com\/en\/wp-json\/wp\/v2\/comments?post=277"}],"version-history":[{"count":0,"href":"https:\/\/www.caferabbasoglu.com\/en\/wp-json\/wp\/v2\/pages\/277\/revisions"}],"wp:attachment":[{"href":"https:\/\/www.caferabbasoglu.com\/en\/wp-json\/wp\/v2\/media?parent=277"}],"curies":[{"name":"wp","href":"https:\/\/api.w.org\/{rel}","templated":true}]}}