{"id":298,"date":"2015-12-19T10:41:53","date_gmt":"2015-12-19T08:41:53","guid":{"rendered":"http:\/\/www.caferabbasoglu.com\/?page_id=298"},"modified":"2015-12-19T10:41:53","modified_gmt":"2015-12-19T08:41:53","slug":"298-2","status":"publish","type":"page","link":"https:\/\/www.caferabbasoglu.com\/en\/298-2\/","title":{"rendered":"\u06cc\u0645\u0643\u0646 \u0645\u0639\u0627\u0644\u062c\u0629 \u0627\u0644\u062f\u0648\u0627\u0644\u064a \u062e\u0644\u0627\u0644 20 \u062f\u0642\u06cc\u0642\u0629"},"content":{"rendered":"<div style=\"direction: rtl; text-align: right; font-size: 130%;\">\n<h1>\u06cc\u0645\u0643\u0646 \u0645\u0639\u0627\u0644\u062c\u0629 \u0627\u0644\u062f\u0648\u0627\u0644\u064a \u062e\u0644\u0627\u0644 20 \u062f\u0642\u06cc\u0642\u0629<\/h1>\n<p><img decoding=\"async\" class=\"alignright size-medium wp-image-287 lazyload\" data-src=\"\/wp-content\/uploads\/2015\/12\/cabbasgolu-at-hospital-200x300.jpg\" alt=\"Cafer Abbaso\u011flu at the hospital\" width=\"200\" height=\"300\" data-srcset=\"https:\/\/www.caferabbasoglu.com\/wp-content\/uploads\/2015\/12\/cabbasgolu-at-hospital-200x300.jpg 200w, https:\/\/www.caferabbasoglu.com\/wp-content\/uploads\/2015\/12\/cabbasgolu-at-hospital.jpg 360w\" data-sizes=\"(max-width: 200px) 100vw, 200px\" src=\"data:image\/gif;base64,R0lGODlhAQABAAAAACH5BAEKAAEALAAAAAABAAEAAAICTAEAOw==\" style=\"--smush-placeholder-width: 200px; --smush-placeholder-aspect-ratio: 200\/300;\" \/>\u0627\u0646 \u0627\u0644\u062f\u0648\u0627\u0644\u064a \u06be\u0648 \u0645\u0631\u0636 \u0646\u0627\u062a\u062c \u0645\u0646 \u0627\u0646\u062a\u0641\u0627\u062e \u0628\u0639\u0636 \u0627\u0644\u0627\u0648\u0639\u06cc\u0629 \u0627\u0644\u062f\u0645\u0648\u06cc\u0629 (\u0627\u0644\u0634\u0631\u0627\u06cc\u06cc\u0646) \u0648\u0645\u0646 \u062b\u0645 \u062a\u062a\u0648\u0642\u0641 \u0639\u0646 \u0627\u062f\u0627\u0621 \u0648\u0638\u0627\u0626\u0641\u06be\u0627 \u0648\u0628\u063a\u0636 \u0627\u0644\u0646\u0638\u0631 \u0639\u0646 \u0639\u062f\u0645 \u062c\u0645\u0627\u0644\u06cc\u0629 \u0645\u0638\u06be\u0631 \u0627\u0644\u062f\u0648\u0627\u0644\u064a \u0641\u0623\u0646 \u0644\u06be \u0627\u0636\u0631\u0627\u0631\u0627 \u0635\u062d\u06cc\u0629 \u0643\u0628\u06cc\u0631\u0629. \u0627\u0646 \u0627\u062a\u062e\u0627\u0630 \u0627\u0644\u062a\u062f\u0627\u0628\u06cc\u0631 \u0627\u0644\u0644\u0627\u0632\u0645\u0629 \u0644\u0645\u0646\u0639 \u0627\u0646\u062a\u0634\u0627\u0631 \u0627\u0644\u062f\u0648\u0627\u0644\u064a \u0633\u06cc\u0636\u0645\u0646 \u0644\u0644\u0623\u0646\u0633\u0627\u0646 \u0627\u0644\u0627\u0633\u062a\u0641\u0627\u062f\u0629 \u0645\u0646 \u06be\u0630\u0647 \u0627\u0644\u0634\u0631\u0627\u06cc\u06cc\u0646 \u0641\u064a \u0627\u0644\u0645\u0633\u062a\u0642\u0628\u0644 \u0648\u062e\u0635\u0648\u0635\u0627 \u0641\u064a \u062d\u0627\u0644\u0629 \u0627\u062c\u0631\u0627\u0621 \u0639\u0645\u0644\u06cc\u0629 \u0642\u0633\u0637\u0631\u0629 \u0627\u0644\u0642\u0644\u0628 \u062f\u0648\u0646 \u0627\u0644\u062d\u0627\u062c\u0629 \u0627\u0644\u0649 \u0646\u0642\u0644 \u0634\u0631\u0627\u06cc\u06cc\u0646 \u0627\u0634\u062e\u0627\u0635 \u0627\u062e\u0631\u06cc\u0646. \u06cc\u0634\u062f\u062f \u0627\u062e\u0635\u0627\u0626\u064a \u062c\u0631\u0627\u062d\u0629 \u0627\u0644\u0642\u0644\u0628 \u0648\u0627\u0644\u0634\u0631\u0627\u06cc\u06cc\u0646 \u0627\u0644\u062f\u0643\u062a\u0648\u0631 \u062c\u0639\u0641\u0631 \u0639\u0628\u0627\u0633 \u0627\u0648\u063a\u0644\u0648 \u0639\u0644\u0649 \u0627\u06be\u0645\u06cc\u0629 \u0645\u0639\u0627\u0644\u062c\u0629 \u0645\u0631\u0636 \u0627\u0644\u062f\u0648\u0627\u0644\u064a \u0648\u0639\u062f\u0645 \u0627\u06be\u0645\u0627\u0644\u06be \u0648\u06cc\u0630\u0643\u0631 \u0628\u0623\u0646 \u0646\u0633\u0628\u0629 \u0646\u062c\u0627\u062d \u0627\u0644\u0639\u0644\u0627\u062c \u06be\u0648 90 % \u0648\u06cc\u062a\u0645 \u0645\u062d\u0648 \u0627\u062b\u0627\u0631 \u0627\u0644\u062f\u0648\u0627\u0644\u064a \u0628\u0633\u06be\u0648\u0644\u0629. \u0648\u06cc\u0636\u06cc\u0641 \u0639\u0628\u0627\u0633 \u0627\u0648\u063a\u0644\u0648 \u0628\u0623\u0646 \u0637\u0631\u06cc\u0642\u0629 \u0627\u0644\u0631\u063a\u0648\u0629 \u06be\u064a \u0637\u0631\u06cc\u0642\u0629 \u0627\u0644\u0627\u0643\u062b\u0631 \u0631\u063a\u0648\u0628\u0629 \u0641\u064a \u0627\u0644\u0627\u0648\u0646\u0629 \u0627\u0644\u0627\u062e\u06cc\u0631\u0629.<\/p>\n<p>\u06cc\u062a\u0645 \u0641\u064a \u06be\u0630\u0647 \u0627\u0644\u0637\u0631\u06cc\u0642\u0629 \u062d\u0642\u0646 \u0627\u0644\u0634\u0631\u0627\u06cc\u06cc\u0646 \u0628\u0628\u0639\u0636 \u0627\u0644\u0627\u062f\u0648\u06cc\u0629 \u0627\u0644\u0644\u062a\u064a \u062a\u0633\u0645\u0649 \u0628\u0627\u0644\u0631\u063a\u0648\u0629 \u0648\u0627\u0644\u0644\u062a\u064a \u062a\u062a\u0633\u0628\u0628 \u0628\u0623\u0646\u0643\u0645\u0627\u0634 \u06be\u0630\u0647 \u0627\u0644\u0634\u0631\u0627\u06cc\u06cc\u0646 \u0648\u0645\u0646 \u062b\u0645 \u0627\u0646\u063a\u0644\u0627\u0642\u06be\u0627. \u06cc\u062a\u0645 \u0627\u0644\u0639\u0644\u0627\u062c \u0641\u064a \u0627\u0644\u0639\u06cc\u0627\u062f\u0629 \u0648\u0628\u0623\u0644\u0627\u0645 \u0642\u0644\u06cc\u0644\u0629 \u062c\u062f\u0627 \u062a\u0643\u0627\u062f \u0627\u0646 \u0644\u0627\u062a\u0630\u0643\u0631 \u0648\u0628\u0639\u062f \u0627\u0646\u062a\u06be\u0627\u0621 \u0627\u0644\u0639\u0644\u0627\u062c \u0628\u0623\u0645\u0643\u0627\u0646 \u0627\u0644\u0634\u062e\u0635 \u0627\u0644\u0645\u0639\u0627\u0644\u062c \u0645\u0645\u0627\u0631\u0633\u0629 \u062d\u06cc\u0627\u062a\u06be \u0627\u0644\u06cc\u0648\u0645\u06cc\u0629 \u0641\u064a \u0646\u0641\u0633 \u0627\u0644\u06cc\u0648\u0645.<\/p>\n<p>\u06be\u0630\u0627 \u0648\u06cc\u0630\u0643\u0631 \u0639\u0628\u0627\u0633 \u0627\u0648\u063a\u0644\u0648 \u0628\u0623\u0646 \u0627\u0644\u0639\u0644\u0627\u062c \u06cc\u062a\u0645 \u0645\u0646 \u062e\u0644\u0627\u0644 \u062c\u0644\u0633\u0629 \u0648\u0627\u062d\u062f\u0629 \u0648\u062a\u0633\u062a\u063a\u0631\u0642 \u0646\u062d\u0648 20 \u062f\u0642\u06cc\u0642\u0629 \u0648\u0627\u0646 \u0627\u06be\u0645 \u0645\u0627\u06cc\u0645\u06cc\u0632 \u0637\u0631\u06cc\u0642\u0629 \u0627\u0644\u0631\u063a\u0648\u0629 \u0639\u0646 \u0627\u0644\u0637\u0631\u0642 \u0627\u0644\u0627\u062e\u0631\u0649 \u06be\u0648 \u0643\u0627\u0644\u0627\u062a\u064a:<\/p>\n<p>\u06cc\u062a\u0645 \u0643\u0634\u0641 \u0645\u0643\u0627\u0646 \u062d\u0642\u0646 \u0627\u0644\u0639\u0644\u0627\u062c \u0648\u0643\u0645\u06cc\u062a\u06be \u0628\u0633\u06be\u0648\u0644\u0629 \u0645\u0646 \u062e\u0644\u0627\u0644 \u0627\u0644\u0633\u0648\u0646\u0627\u0631 \u0627\u0644\u0645\u0644\u0648\u0646 \u0628\u062f\u0648\u0646 \u0638\u06be\u0648\u0631 \u0627\u062b\u0631 \u0627\u0648 \u062d\u0633\u0627\u0633\u06cc\u0629 \u0641\u064a \u0627\u0644\u0645\u0646\u0637\u0642\u0629 \u0627\u0644\u0644\u062a\u064a \u062a\u0645 \u0639\u0644\u0627\u062c\u06be\u0627. \u0628\u0639\u062f\u06be\u0627 \u06cc\u062a\u0645 \u0645\u0639\u0627\u06cc\u0646\u0629 \u0627\u0644\u0634\u062e\u0635 \u0627\u0644\u0645\u0639\u0627\u0644\u062c \u0628\u0639\u062f \u0645\u0631\u0648\u0631 \u0627\u0633\u0628\u0648\u0639 \u0639\u0644\u0649 \u0627\u0644\u0639\u0644\u0627\u062c. \u06be\u0630\u0627 \u0648\u06cc\u0646\u0635\u062d \u0628\u0639\u062f\u0645 \u062a\u0637\u0628\u06cc\u0642 \u0627\u0644\u0639\u0644\u0627\u062c \u0641\u064a \u0641\u0635\u0644 \u0627\u0644\u0635\u06cc\u0641 \u0644\u0643\u0648\u0646 \u0627\u0644\u0634\u062e\u0635 \u0627\u0644\u0645\u0639\u0627\u0644\u062c \u06cc\u0644\u0632\u0645 \u0628\u0644\u0628\u0633 \u0627\u0644\u062c\u0648\u0627\u0631\u06cc\u0628 \u0644\u0641\u062a\u0631\u0629 \u0645\u0639\u06cc\u0646\u0629.<\/p>\n<p><img decoding=\"async\" class=\"alignleft size-medium wp-image-289 lazyload\" data-src=\"\/wp-content\/uploads\/2015\/12\/varicose-treatment-in-20mins-300x169.jpg\" alt=\"Varicose Treatment in 20 mins\" width=\"300\" height=\"169\" data-srcset=\"https:\/\/www.caferabbasoglu.com\/wp-content\/uploads\/2015\/12\/varicose-treatment-in-20mins-300x169.jpg 300w, https:\/\/www.caferabbasoglu.com\/wp-content\/uploads\/2015\/12\/varicose-treatment-in-20mins.jpg 480w\" data-sizes=\"(max-width: 300px) 100vw, 300px\" src=\"data:image\/gif;base64,R0lGODlhAQABAAAAACH5BAEKAAEALAAAAAABAAEAAAICTAEAOw==\" style=\"--smush-placeholder-width: 300px; --smush-placeholder-aspect-ratio: 300\/169;\" \/>\u0627\u0646 \u0645\u0627\u06cc\u062c\u0639\u0644 \u06be\u0630\u0647 \u0627\u0644\u0637\u0631\u06cc\u0642\u0629 \u06be\u064a \u0627\u0644\u0627\u0643\u062b\u0631 \u0631\u063a\u0628\u0629 \u06be\u0648 \u0643\u0648\u0646 \u0627\u0644\u062a\u0643\u0627\u0644\u06cc\u0641 \u0645\u0646\u0627\u0633\u0628\u0629 \u0648\u0639\u062f\u0645 \u062a\u0643\u0631\u0627\u0631 \u0638\u06be\u0648\u0631 \u0627\u0644\u062f\u0648\u0627\u0644\u064a \u0641\u064a \u0627\u0644\u0645\u0633\u062a\u0642\u0628\u0644 \u0648\u0628\u062f\u0648\u0646 \u0627\u0639\u0631\u0627\u0636 \u062c\u0627\u0646\u0628\u06cc\u0629 \u062a\u0630\u0643\u0631. \u06be\u0630\u0627 \u0648\u06cc\u0642\u0648\u0644 \u0627\u0644\u062c\u0631\u0627\u062d \u0627\u0644\u0627\u062e\u0635\u0627\u0626\u064a \u0639\u0628\u0627\u0633 \u0627\u0648\u063a\u0644\u0648 \u0628\u0623\u0646 \u0627\u0644\u0634\u062e\u0635 \u0627\u0644\u0645\u0639\u0627\u0644\u062c \u0633\u06cc\u0634\u0639\u0631 \u0628\u0627\u0644\u0631\u0627\u062d\u0629 \u0633\u0648\u0627\u0621 \u0643\u0627\u0646 \u0645\u0646 \u0627\u0644\u0646\u0627\u062d\u06cc\u0629 \u0627\u0644\u0635\u062d\u06cc\u0629 \u0627\u0648 \u0627\u0644\u062c\u0645\u0627\u0644\u06cc\u0629. \u0648\u06cc\u0636\u06cc\u0641 \u0639\u0628\u0627\u0633 \u0627\u0648\u063a\u0644\u0648 \u0642\u0627\u0626\u0644\u0627 \u0628\u0623\u0646 \u0627\u0644\u062f\u0648\u0627\u0644\u064a \u063a\u0627\u0644\u0628\u0627 \u0645\u0627\u06cc\u062d\u062f\u062b \u0639\u0646\u062f \u0627\u0644\u0646\u0633\u0627\u0621 \u0648\u06cc\u0624\u062f\u064a \u0627\u0644\u0649 \u0645\u0638\u06be\u0631 \u063a\u06cc\u0631 \u062c\u0645\u06cc\u0644 \u0648\u0627\u0646 \u0641\u0635\u0644 \u0627\u0644\u0631\u0628\u06cc\u0639 \u06be\u0648 \u0627\u0644\u0641\u0635\u0644 \u0627\u0644\u0645\u0646\u0627\u0633\u0628 \u0644\u0627\u062c\u0631\u0627\u0621 \u0627\u0644\u0639\u0644\u0627\u062c \u0648\u0628\u0627\u0644\u0627\u0645\u0643\u0627\u0646 \u062a\u062c\u0646\u0628 \u0627\u0644\u062f\u0648\u0627\u0644\u064a \u0645\u0646 \u062e\u0644\u0627\u0644 \u0627\u062a\u0628\u0627\u0639 \u0627\u0644\u062e\u0637\u0648\u0627\u062a \u0627\u0644\u062a\u0627\u0644\u06cc\u0629:<\/p>\n<p>\u0639\u062f\u0645 \u0627\u0644\u0648\u0642\u0648\u0641 \u0627\u0648\u0627\u0644\u062c\u0644\u0648\u0633 \u0644\u0641\u062a\u0631\u0627\u062a \u0637\u0648\u06cc\u0644\u0629, \u0627\u0644\u0646\u0648\u0645 \u0645\u0639 \u0631\u0641\u0639 \u0627\u0644\u0633\u0627\u0642, \u0645\u0645\u0627\u0631\u0633\u0629 \u0627\u0644\u0631\u06cc\u0627\u0636\u0629 \u0628\u0623\u0646\u062a\u0638\u0627\u0645, \u0645\u0645\u0627\u0631\u0633\u0629 \u0627\u0644\u0645\u0634\u064a \u0648\u0627\u0644\u0630\u064a \u06cc\u0639\u0645\u0644 \u0639\u0644\u0649 \u062d\u0631\u0643\u0629 \u0627\u0644\u0639\u0636\u0644\u0627\u062a, \u062a\u062c\u0646\u0628 \u0627\u0644\u0648\u0632\u0646 \u0627\u0644\u0632\u0627\u0626\u062f, \u0627\u0633\u062a\u062e\u062f\u0627\u0645 \u0627\u0644\u062c\u0648\u0627\u0631\u06cc\u0628 \u0627\u0644\u0645\u0631\u0646\u0629, \u062a\u062c\u0646\u0628 \u0644\u0628\u0633 \u0627\u0644\u0645\u0644\u0627\u0628\u0633 \u0627\u0644\u062f\u0627\u062e\u0644\u06cc\u0629 \u0627\u0644\u0636\u06cc\u0642\u0629, \u062a\u0642\u0644\u06cc\u0644 \u0643\u0645\u06cc\u0629 \u0627\u0644\u0645\u0644\u062d \u0627\u0644\u0645\u0633\u062a\u062e\u062f\u0645, \u062a\u062c\u0646\u0628 \u0627\u0644\u0627\u0633\u062a\u062d\u0645\u0627\u0645 \u0628\u0627\u0644\u0645\u0627\u0621 \u0627\u0644\u062d\u0627\u0631 \u062c\u062f\u0627 \u0623\u0648 \u0627\u0644\u062a\u0639\u0631\u0636 \u0644\u0623\u0634\u0639\u0629 \u0627\u0644\u0634\u0645\u0633 \u0644\u0641\u062a\u0631\u0627\u062a \u0637\u0648\u06cc\u0644\u0629<\/p>\n<\/div>\n","protected":false},"excerpt":{"rendered":"<p>\u06cc\u0645\u0643\u0646 \u0645\u0639\u0627\u0644\u062c\u0629 \u0627\u0644\u062f\u0648\u0627\u0644\u064a \u062e\u0644\u0627\u0644 20 \u062f\u0642\u06cc\u0642\u0629 \u0627\u0646 \u0627\u0644\u062f\u0648\u0627\u0644\u064a \u06be\u0648 \u0645\u0631\u0636 \u0646\u0627\u062a\u062c \u0645\u0646 \u0627\u0646\u062a\u0641\u0627\u062e \u0628\u0639\u0636 \u0627\u0644\u0627\u0648\u0639\u06cc\u0629 \u0627\u0644\u062f\u0645\u0648\u06cc\u0629 (\u0627\u0644\u0634\u0631\u0627\u06cc\u06cc\u0646) \u0648\u0645\u0646 \u062b\u0645 \u062a\u062a\u0648\u0642\u0641 \u0639\u0646 \u0627\u062f\u0627\u0621 \u0648\u0638\u0627\u0626\u0641\u06be\u0627 \u0648\u0628\u063a\u0636 \u0627\u0644\u0646\u0638\u0631 \u0639\u0646 \u0639\u062f\u0645 \u062c\u0645\u0627\u0644\u06cc\u0629 \u0645\u0638\u06be\u0631 \u0627\u0644\u062f\u0648\u0627\u0644\u064a \u0641\u0623\u0646 \u0644\u06be \u0627\u0636\u0631\u0627\u0631\u0627 \u0635\u062d\u06cc\u0629 \u0643\u0628\u06cc\u0631\u0629. \u0627\u0646 \u0627\u062a\u062e\u0627\u0630 \u0627\u0644\u062a\u062f\u0627\u0628\u06cc\u0631 \u0627\u0644\u0644\u0627\u0632\u0645\u0629 \u0644\u0645\u0646\u0639 \u0627\u0646\u062a\u0634\u0627\u0631 \u0627\u0644\u062f\u0648\u0627\u0644\u064a \u0633\u06cc\u0636\u0645\u0646 \u0644\u0644\u0623\u0646\u0633\u0627\u0646 \u0627\u0644\u0627\u0633\u062a\u0641\u0627\u062f\u0629 \u0645\u0646 \u06be\u0630\u0647 \u0627\u0644\u0634\u0631\u0627\u06cc\u06cc\u0646 \u0641\u064a \u0627\u0644\u0645\u0633\u062a\u0642\u0628\u0644 \u0648\u062e\u0635\u0648\u0635\u0627 \u0641\u064a \u062d\u0627\u0644\u0629 \u0627\u062c\u0631\u0627\u0621 \u0639\u0645\u0644\u06cc\u0629 [&hellip;]<\/p>\n","protected":false},"author":5,"featured_media":0,"parent":0,"menu_order":0,"comment_status":"closed","ping_status":"closed","template":"","meta":{"two_page_speed":[],"footnotes":""},"class_list":["post-298","page","type-page","status-publish","hentry"],"translation":{"provider":"WPGlobus","version":"3.0.0","language":"en","enabled_languages":["tr","en"],"languages":{"tr":{"title":true,"content":true,"excerpt":false},"en":{"title":false,"content":false,"excerpt":false}}},"yoast_head":"<!-- This site is optimized with the Yoast SEO plugin v24.9 - https:\/\/yoast.com\/wordpress\/plugins\/seo\/ -->\n<title>\u06cc\u0645\u0643\u0646 \u0645\u0639\u0627\u0644\u062c\u0629 \u0627\u0644\u062f\u0648\u0627\u0644\u064a \u062e\u0644\u0627\u0644 20 \u062f\u0642\u06cc\u0642\u0629 - Opr.Dr.Cafer Abbaso\u011flu<\/title>\n<meta name=\"robots\" content=\"index, follow, max-snippet:-1, max-image-preview:large, max-video-preview:-1\" \/>\n<link rel=\"canonical\" href=\"https:\/\/www.caferabbasoglu.com\/en\/298-2\/\" \/>\n<meta property=\"og:locale\" content=\"en_US\" \/>\n<meta property=\"og:type\" content=\"article\" \/>\n<meta property=\"og:title\" content=\"\u06cc\u0645\u0643\u0646 \u0645\u0639\u0627\u0644\u062c\u0629 \u0627\u0644\u062f\u0648\u0627\u0644\u064a \u062e\u0644\u0627\u0644 20 \u062f\u0642\u06cc\u0642\u0629 - Opr.Dr.Cafer Abbaso\u011flu\" \/>\n<meta property=\"og:url\" content=\"https:\/\/www.caferabbasoglu.com\/en\/298-2\/\" \/>\n<meta property=\"og:site_name\" content=\"Opr.Dr.Cafer Abbaso\u011flu\" \/>\n<meta name=\"twitter:card\" content=\"summary_large_image\" \/>\n<script type=\"application\/ld+json\" class=\"yoast-schema-graph\">{\"@context\":\"https:\/\/schema.org\",\"@graph\":[{\"@type\":\"WebPage\",\"@id\":\"https:\/\/www.caferabbasoglu.com\/en\/298-2\/\",\"url\":\"https:\/\/www.caferabbasoglu.com\/en\/298-2\/\",\"name\":\"\u06cc\u0645\u0643\u0646 \u0645\u0639\u0627\u0644\u062c\u0629 \u0627\u0644\u062f\u0648\u0627\u0644\u064a \u062e\u0644\u0627\u0644 20 \u062f\u0642\u06cc\u0642\u0629 - Opr.Dr.Cafer Abbaso\u011flu\",\"isPartOf\":{\"@id\":\"https:\/\/www.caferabbasoglu.com\/#website\"},\"datePublished\":\"2015-12-19T08:41:53+00:00\",\"breadcrumb\":{\"@id\":\"https:\/\/www.caferabbasoglu.com\/en\/298-2\/#breadcrumb\"},\"inLanguage\":\"en-US\",\"potentialAction\":[{\"@type\":\"ReadAction\",\"target\":[\"https:\/\/www.caferabbasoglu.com\/en\/298-2\/\"]}]},{\"@type\":\"BreadcrumbList\",\"@id\":\"https:\/\/www.caferabbasoglu.com\/en\/298-2\/#breadcrumb\",\"itemListElement\":[{\"@type\":\"ListItem\",\"position\":1,\"name\":\"Ana Sayfa\",\"item\":\"https:\/\/www.caferabbasoglu.com\/\"},{\"@type\":\"ListItem\",\"position\":2,\"name\":\"\u06cc\u0645\u0643\u0646 \u0645\u0639\u0627\u0644\u062c\u0629 \u0627\u0644\u062f\u0648\u0627\u0644\u064a \u062e\u0644\u0627\u0644 20 \u062f\u0642\u06cc\u0642\u0629\"}]},{\"@type\":\"WebSite\",\"@id\":\"https:\/\/www.caferabbasoglu.com\/#website\",\"url\":\"https:\/\/www.caferabbasoglu.com\/\",\"name\":\"Opr.Dr.Cafer Abbaso\u011flu\",\"description\":\"Damar Hastal\u0131klar\u0131, Varis ve Diyabet Hakk\u0131nda Bilgiler\",\"publisher\":{\"@id\":\"https:\/\/www.caferabbasoglu.com\/#organization\"},\"potentialAction\":[{\"@type\":\"SearchAction\",\"target\":{\"@type\":\"EntryPoint\",\"urlTemplate\":\"https:\/\/www.caferabbasoglu.com\/?s={search_term_string}\"},\"query-input\":{\"@type\":\"PropertyValueSpecification\",\"valueRequired\":true,\"valueName\":\"search_term_string\"}}],\"inLanguage\":\"en-US\"},{\"@type\":\"Organization\",\"@id\":\"https:\/\/www.caferabbasoglu.com\/#organization\",\"name\":\"Damar Hastal\u0131klar\u0131 ve Varis Tedavileri Merkezi\",\"url\":\"https:\/\/www.caferabbasoglu.com\/\",\"logo\":{\"@type\":\"ImageObject\",\"inLanguage\":\"en-US\",\"@id\":\"https:\/\/www.caferabbasoglu.com\/#\/schema\/logo\/image\/\",\"url\":\"http:\/\/www.caferabbasoglu.com\/wp-content\/uploads\/2010\/08\/imza_eposta.jpg\",\"contentUrl\":\"http:\/\/www.caferabbasoglu.com\/wp-content\/uploads\/2010\/08\/imza_eposta.jpg\",\"width\":640,\"height\":121,\"caption\":\"Damar Hastal\u0131klar\u0131 ve Varis Tedavileri Merkezi\"},\"image\":{\"@id\":\"https:\/\/www.caferabbasoglu.com\/#\/schema\/logo\/image\/\"}}]}<\/script>\n<!-- \/ Yoast SEO plugin. -->","yoast_head_json":{"title":"\u06cc\u0645\u0643\u0646 \u0645\u0639\u0627\u0644\u062c\u0629 \u0627\u0644\u062f\u0648\u0627\u0644\u064a \u062e\u0644\u0627\u0644 20 \u062f\u0642\u06cc\u0642\u0629 - Opr.Dr.Cafer Abbaso\u011flu","robots":{"index":"index","follow":"follow","max-snippet":"max-snippet:-1","max-image-preview":"max-image-preview:large","max-video-preview":"max-video-preview:-1"},"canonical":"https:\/\/www.caferabbasoglu.com\/en\/298-2\/","og_locale":"en_US","og_type":"article","og_title":"\u06cc\u0645\u0643\u0646 \u0645\u0639\u0627\u0644\u062c\u0629 \u0627\u0644\u062f\u0648\u0627\u0644\u064a \u062e\u0644\u0627\u0644 20 \u062f\u0642\u06cc\u0642\u0629 - Opr.Dr.Cafer Abbaso\u011flu","og_url":"https:\/\/www.caferabbasoglu.com\/en\/298-2\/","og_site_name":"Opr.Dr.Cafer Abbaso\u011flu","twitter_card":"summary_large_image","schema":{"@context":"https:\/\/schema.org","@graph":[{"@type":"WebPage","@id":"https:\/\/www.caferabbasoglu.com\/en\/298-2\/","url":"https:\/\/www.caferabbasoglu.com\/en\/298-2\/","name":"\u06cc\u0645\u0643\u0646 \u0645\u0639\u0627\u0644\u062c\u0629 \u0627\u0644\u062f\u0648\u0627\u0644\u064a \u062e\u0644\u0627\u0644 20 \u062f\u0642\u06cc\u0642\u0629 - Opr.Dr.Cafer Abbaso\u011flu","isPartOf":{"@id":"https:\/\/www.caferabbasoglu.com\/#website"},"datePublished":"2015-12-19T08:41:53+00:00","breadcrumb":{"@id":"https:\/\/www.caferabbasoglu.com\/en\/298-2\/#breadcrumb"},"inLanguage":"en-US","potentialAction":[{"@type":"ReadAction","target":["https:\/\/www.caferabbasoglu.com\/en\/298-2\/"]}]},{"@type":"BreadcrumbList","@id":"https:\/\/www.caferabbasoglu.com\/en\/298-2\/#breadcrumb","itemListElement":[{"@type":"ListItem","position":1,"name":"Ana Sayfa","item":"https:\/\/www.caferabbasoglu.com\/"},{"@type":"ListItem","position":2,"name":"\u06cc\u0645\u0643\u0646 \u0645\u0639\u0627\u0644\u062c\u0629 \u0627\u0644\u062f\u0648\u0627\u0644\u064a \u062e\u0644\u0627\u0644 20 \u062f\u0642\u06cc\u0642\u0629"}]},{"@type":"WebSite","@id":"https:\/\/www.caferabbasoglu.com\/#website","url":"https:\/\/www.caferabbasoglu.com\/","name":"Opr.Dr.Cafer Abbaso\u011flu","description":"Damar Hastal\u0131klar\u0131, Varis ve Diyabet Hakk\u0131nda Bilgiler","publisher":{"@id":"https:\/\/www.caferabbasoglu.com\/#organization"},"potentialAction":[{"@type":"SearchAction","target":{"@type":"EntryPoint","urlTemplate":"https:\/\/www.caferabbasoglu.com\/?s={search_term_string}"},"query-input":{"@type":"PropertyValueSpecification","valueRequired":true,"valueName":"search_term_string"}}],"inLanguage":"en-US"},{"@type":"Organization","@id":"https:\/\/www.caferabbasoglu.com\/#organization","name":"Damar Hastal\u0131klar\u0131 ve Varis Tedavileri Merkezi","url":"https:\/\/www.caferabbasoglu.com\/","logo":{"@type":"ImageObject","inLanguage":"en-US","@id":"https:\/\/www.caferabbasoglu.com\/#\/schema\/logo\/image\/","url":"http:\/\/www.caferabbasoglu.com\/wp-content\/uploads\/2010\/08\/imza_eposta.jpg","contentUrl":"http:\/\/www.caferabbasoglu.com\/wp-content\/uploads\/2010\/08\/imza_eposta.jpg","width":640,"height":121,"caption":"Damar Hastal\u0131klar\u0131 ve Varis Tedavileri Merkezi"},"image":{"@id":"https:\/\/www.caferabbasoglu.com\/#\/schema\/logo\/image\/"}}]}},"_links":{"self":[{"href":"https:\/\/www.caferabbasoglu.com\/en\/wp-json\/wp\/v2\/pages\/298","targetHints":{"allow":["GET"]}}],"collection":[{"href":"https:\/\/www.caferabbasoglu.com\/en\/wp-json\/wp\/v2\/pages"}],"about":[{"href":"https:\/\/www.caferabbasoglu.com\/en\/wp-json\/wp\/v2\/types\/page"}],"author":[{"embeddable":true,"href":"https:\/\/www.caferabbasoglu.com\/en\/wp-json\/wp\/v2\/users\/5"}],"replies":[{"embeddable":true,"href":"https:\/\/www.caferabbasoglu.com\/en\/wp-json\/wp\/v2\/comments?post=298"}],"version-history":[{"count":0,"href":"https:\/\/www.caferabbasoglu.com\/en\/wp-json\/wp\/v2\/pages\/298\/revisions"}],"wp:attachment":[{"href":"https:\/\/www.caferabbasoglu.com\/en\/wp-json\/wp\/v2\/media?parent=298"}],"curies":[{"name":"wp","href":"https:\/\/api.w.org\/{rel}","templated":true}]}}