{"id":30,"date":"2011-08-24T10:23:01","date_gmt":"2011-08-24T07:23:01","guid":{"rendered":"http:\/\/caferabbasoglu.moldibi.com\/dueuek-enerjili-lazer-tedavisi\/"},"modified":"2015-09-19T20:50:11","modified_gmt":"2015-09-19T17:50:11","slug":"dusuk-enerjili-lazer-tedavisi","status":"publish","type":"page","link":"https:\/\/www.caferabbasoglu.com\/en\/dusuk-enerjili-lazer-tedavisi\/","title":{"rendered":"D\u00fc\u015f\u00fck Enerjili Lazer Tedavisi"},"content":{"rendered":"<p><strong>Yeni Bir \u0131\u015f\u0131k: Yery\u00fcz\u00fcnde Ya\u015fam\u0131n Devam\u0131 \u0130\u00e7in Damar \u0130\u00e7inden D\u00fc\u015f\u00fck Enerjili Lazer Tedavisi<\/strong><\/p>\n<p><strong>The Intravenous Laser Blood Irradiation <\/strong><\/p>\n<p><strong>Effects Of Lowe Power Laser On Patients With Non Pc\u0131 Able Non Cabg Able<\/strong><\/p>\n<p>D\u00fcnyada oldu\u011fu gibi \u00fclkemizde de kalp ve damar hastal\u0131klar\u0131 ve ona ba\u011fl\u0131 \u00f6l\u00fcmler ilk s\u0131rada yer almaktad\u0131r. Bu hastal\u0131k grubunun tedavisi \u00fclkemizde de ba\u015far\u0131yla yap\u0131lmaktad\u0131r.<\/p>\n<p>Kalp ve damar hastal\u0131klar\u0131nda tedavi: medikal, stent veya cerrahi \u015feklinde ger\u00e7ekle\u015fmektredir. Ancak bir grup hasta vard\u0131r ki ne cerrahi ne de stent \u015fanslar\u0131 yoktur. D\u00fc\u015f\u00fck enerjili lazer tedavisi i\u015fte bu noktada devreye girer. Do\u011fu Avrupa ve Asya da uzun y\u0131llard\u0131r kullan\u0131lan bu tedavi y\u00f6ntemi \u00fclkemizde ilk ve tek olarak <b>Op. Dr. Cafer Abbaso\u011flu<\/b> taraf\u0131ndan kullan\u0131lmaktad\u0131r.<\/p>\n<p><!--more--><\/p>\n<p>Lazer tedavisi  <img decoding=\"async\" style=\"--smush-placeholder-width: 207px; --smush-placeholder-aspect-ratio: 207\/271;float: left; padding: 0px; border: 0px initial initial; margin: 5px 5px 0px 0px;\" data-src=\"\/wp-content\/uploads\/old_site_images\/stories\/Cafer-su-laser.jpg\" alt=\"Cafer-su-laser\" width=\"207\" height=\"271\" src=\"data:image\/gif;base64,R0lGODlhAQABAAAAACH5BAEKAAEALAAAAAABAAEAAAICTAEAOw==\" class=\"lazyload\" \/> \u0130lk defa 1981 y\u0131l\u0131nda Rusya&#8217;da, pek \u00e7ok klinik \u00e7al\u0131\u015fma sonras\u0131nda kullan\u0131lmaya ba\u015flam\u0131\u015ft\u0131r. Uygulamas\u0131n\u0131n basit olmas\u0131, yan etkilerinin yok denecek kadar az olmas\u0131 ve baz\u0131 hastal\u0131klar hari\u00e7 (hipertroidi, epilepsi, hamilelik, tedavinin uygulanaca\u011f\u0131 alanda k\u00f6t\u00fc huylu t\u00fcm\u00f6r olmas\u0131 vb.) pek \u00e7ok hastada uygulanabilmesi, tedavi maliyetinin d\u00fc\u015f\u00fckl\u00fc\u011f\u00fc gibi nedenlerle t\u00fcm d\u00fcnyada yayg\u0131n olarak kullan\u0131lmaya ba\u015flam\u0131\u015ft\u0131r. \u015eu anda 37 \u00fclkede, 85 ten fazla klinikte yayg\u0131n olarak uygulanmaktad\u0131r.<\/p>\n<p><strong>Tedavinin Uygulan\u0131\u015f\u0131:<\/strong> Tamamen poliklinik veya muayenehane ortam\u0131nda uygulanabilen, a\u011fr\u0131s\u0131z bir tedavi y\u00f6ntemidir. Hastaya a\u00e7\u0131lan bir damar yolundan lazer \u0131\u015f\u0131\u011f\u0131 verilir. Seanslar 30-45 dakika kadar s\u00fcrer ve hasta ayn\u0131 g\u00fcn normal ya\u015fant\u0131s\u0131na devam eder.<\/p>\n<p>Tedavi 3 k\u00fcrden olu\u015fur. Her bir k\u00fcr 10 seans olarak yap\u0131l\u0131r. Seanslar her g\u00fcn veya g\u00fcn a\u015f\u0131r\u0131 uygulan\u0131r. Yap\u0131lan kontroller neticesinde e\u011fer gerek g\u00f6r\u00fcl\u00fcrse tedavi tekrar uygulan\u0131r.<\/p>\n<p>Bu \u00e7al\u0131\u015fmada lazerin kan\u0131n ak\u0131\u015fkanl\u0131\u011f\u0131n\u0131 artt\u0131rd\u0131\u011f\u0131 ve p\u0131ht\u0131la\u015fmaya e\u011filimi artt\u0131ran bir tak\u0131m maddeler \u00fczerine etkisi oldu\u011fu kan\u0131tlanm\u0131\u015ft\u0131r. (K.G.Fiz K ult.1995 nov-dec(6):14-6<\/p>\n<p>1993 y\u0131l\u0131nda yap\u0131lan bir \u00e7al\u0131\u015fmada da lazerin kalp yetmezli\u011fi \u00fczerindeki etkileri ara\u015ft\u0131r\u0131lm\u0131\u015ft\u0131r. Tedavi sonras\u0131nda kalp kas\u0131n\u0131n kas\u0131lma g\u00fcc\u00fcn\u00fcn ve kalbin pompa fonksiyonunun artt\u0131\u011f\u0131 g\u00f6sterilmi\u015ftir.(kardiologiia 1993;33(2):22-3)<\/p>\n<p><strong><img decoding=\"async\" class=\"alignleft size-full wp-image-29 lazyload\" style=\"--smush-placeholder-width: 286px; --smush-placeholder-aspect-ratio: 286\/163;float: left;\" data-src=\"\/wp-content\/uploads\/2011\/08\/lazr.jpg\" alt=\"\" width=\"286\" height=\"163\" src=\"data:image\/gif;base64,R0lGODlhAQABAAAAACH5BAEKAAEALAAAAAABAAEAAAICTAEAOw==\" \/>Etki mekanizmas\u0131:<\/strong><\/p>\n<p>D\u00fc\u015f\u00fck enerjili laser tedavisinin en \u00f6nemli etkisi damarlarda arterioller yani ince k\u0131lcal damarlar \u00fczerinedir. I\u015f\u0131nlar arteriolleri 3-5 kat geni\u015fleterek etkisini g\u00f6sterir.<\/p>\n<p>Ameliyat veya stent \u015fans\u0131 olmayan kalp hastalar\u0131nda t\u0131kanan veya daralan damarlar\u0131n \u00e7evresinde yeni damar olu\u015fumunu sa\u011flar. T\u0131kal\u0131 kalp damarlar\u0131 \u00e7evresinde ince k\u0131lcal arteriol seviyede damarlara etki ederek dolay\u0131s\u0131yla geni\u015fleterek kans\u0131z b\u00f6lgeye kan verilir. Ayr\u0131ca kandaki oksijen miktar\u0131n\u0131 artt\u0131rarak o b\u00f6lgedeki kan dola\u015f\u0131m\u0131n\u0131 da artt\u0131rm\u0131\u015f olur.<\/p>\n<p>Buna ba\u011fl\u0131 olarak da  hastan\u0131n kans\u0131zl\u0131\u011fa ba\u011fl\u0131 g\u00f6\u011f\u00fcs a\u011fr\u0131s\u0131, g\u00f6\u011f\u00fcste yanma hissi, nefes darl\u0131\u011f\u0131, \u00e7abuk yorulma, t\u0131kanma, nefes nefese kalma, bacaklarda \u015fi\u015flik, v\u00fccuttaki \u00f6demler gibi \u015fikayetler \u00f6nemli \u00f6l\u00e7\u00fcde azal\u0131rken, y\u00fcr\u00fcy\u00fc\u015fmesafeleri ve efor kapasitelerinde de art\u0131\u015f olmaktad\u0131r. <\/p>\n<p>2003 te Rusyada 90 hasta \u00fczerinde yap\u0131lan bir \u00e7al\u0131\u015fmada tedavi sonras\u0131 hastalar\u0131n kalp performanslar\u0131n\u0131n artt\u0131\u011f\u0131 ekokardiyografi ile belirlenmi\u015ftir.(klin med (mosk).2003;81(1):24-7<\/p>\n<p>2001 y\u0131l\u0131nda Bel\u00e7ika&#8217;da yap\u0131lan bir \u00e7al\u0131\u015fmada ise tedavi sonras\u0131 yap\u0131lan angiografi ve ekokardiyografide kalp kas\u0131lma g\u00fcc\u00fcn\u00fcn artt\u0131\u011f\u0131 g\u00f6sterilmi\u015ftir.(j cling laser med surg 2001 oct:19(5):261-5<\/p>\n<p>1995 y\u0131l\u0131nda Rusya&#8217;da yap\u0131lan bir \u00e7al\u0131\u015fmada kalp krizi sonras\u0131 kalpte b\u00fcy\u00fck bir b\u00f6lgede hasar meydana gelen, cerrahi ve stent \u015fans\u0131 olmayan hastalar lazer ile tedavi edilmi\u015f k\u0131sa s\u00fcrede kalbin kas\u0131lma g\u00fcc\u00fcn\u00fcn belirgin bir \u015fekilde artt\u0131\u011f\u0131 g\u00f6r\u00fclm\u00fc\u015ft\u00fcr.<\/p>\n<p>Bu \u00e7al\u0131\u015fmada lazerin kan\u0131n ak\u0131\u015fkanl\u0131\u011f\u0131n\u0131 artt\u0131rd\u0131\u011f\u0131 ve p\u0131ht\u0131la\u015fmaya e\u011filimi artt\u0131ran bir tak\u0131m maddeler \u00fczerinde etkisi oldu\u011fu kan\u0131tlanm\u0131\u015ft\u0131r. (K.G.Fiz K ult.1995 nov-dec(6):14-6<\/p>\n<p>1993 y\u0131l\u0131nda yap\u0131lan bir \u00e7al\u0131\u015fmada da lazerin kalp yetmezli\u011fi \u00fczerindeki etkileri ara\u015ft\u0131r\u0131lm\u0131\u015ft\u0131r.Tedavi sonras\u0131nda kalp kas\u0131n\u0131n kas\u0131lma g\u00fcc\u00fcn\u00fcn ve kalbin pompa fonksiyonunun artt\u0131\u011f\u0131 g\u00f6sterilmi\u015ftir.(kardiologiia 1993;33(2):22-3)<\/p>\n<p><img decoding=\"async\" data-src=\"\/wp-content\/uploads\/old_site_images\/stories\/Su.mekanizma.jpg\" alt=\"Su.mekanizma\" width=\"550\" height=\"412\" src=\"data:image\/gif;base64,R0lGODlhAQABAAAAACH5BAEKAAEALAAAAAABAAEAAAICTAEAOw==\" class=\"lazyload\" style=\"--smush-placeholder-width: 550px; --smush-placeholder-aspect-ratio: 550\/412;\" \/><\/p>\n<p><strong>Diyabetik ayak:<\/strong> Diyabetik insanlarda kalp damar hastal\u0131klar\u0131 g\u00f6r\u00fclme riski normale g\u00f6re 3-5 kat daha fazlad\u0131r. Diyabetik ayak yaras\u0131 olan, diz alt\u0131 damarlar\u0131nda ileri derecede darl\u0131klar\u0131 olan hastalarda da lazer tedavisi uygulanmaktad\u0131r. Yeni damar olu\u015fumu, dokuya gelen oksijen miktar\u0131n\u0131n artmas\u0131, kan\u0131n ak\u0131\u015fkanl\u0131\u011f\u0131n\u0131n artmas\u0131 ve lazerin direkt glikoz metabolizmas\u0131 \u00fczerinde etkisi oldu\u011fu g\u00f6sterilmi\u015ftir. Lazer glikolizisi artt\u0131r\u0131r (laser florence 2005proc.sp\u0131e 6140,2006), ins\u00fclin \u00fcretimini artt\u0131r\u0131r, glikoz metabolizmas\u0131n\u0131 d\u00fczenler b\u00f6ylece diyabete ba\u011fl\u0131 komplikasyonlar\u0131 azalt\u0131r.(laser florence 2004).<\/p>\n<p><img decoding=\"async\" style=\"--smush-placeholder-width: 365px; --smush-placeholder-aspect-ratio: 365\/206;width: 365px; height: 206px; float: left;\" data-src=\"\/wp-content\/uploads\/images\/dopler2.jpg\" alt=\"\" src=\"data:image\/gif;base64,R0lGODlhAQABAAAAACH5BAEKAAEALAAAAAABAAEAAAICTAEAOw==\" class=\"lazyload\" \/>Tahran&#8217;da yap\u0131lan \u00e7al\u0131\u015fmada lazer tedavisi sonras\u0131 dopler usg yap\u0131lm\u0131\u015f.Tedavinin g\u00fcvenli ve efektif oldu\u011fu g\u00f6sterilmi\u015ftir.(the international journal of clinical foot science dec.2006;16(4):184-187<\/p>\n<p>Rusya&#8217;da Chelyabinsk State Medical Academy&#8217;de yap\u0131lan bir \u00e7al\u0131\u015fmada, lazerin termal etki ile yaradaki bakterileri azaltt\u0131\u011f\u0131 ve yara iyile\u015fmesine katk\u0131da bulundu\u011fu g\u00f6sterilmi\u015ftir.<\/p>\n<p>\u0130lk olarak kalp damar hastal\u0131klar\u0131n\u0131n tedavisinde kullan\u0131lan d\u00fc\u015f\u00fck doz lazer tedavisinin son y\u0131llarda yap\u0131lan \u00e7al\u0131\u015fmalarda ba\u015fka hastal\u0131klarda da uygulanabilece\u011fi saptanm\u0131\u015ft\u0131r.<\/p>\n<p><img decoding=\"async\" data-src=\"\/wp-content\/uploads\/old_site_images\/stories\/Krmz.mavi.yesil.gif\" alt=\"Krmz.mavi.yesil\" width=\"550\" height=\"320\" src=\"data:image\/gif;base64,R0lGODlhAQABAAAAACH5BAEKAAEALAAAAAABAAEAAAICTAEAOw==\" class=\"lazyload\" style=\"--smush-placeholder-width: 550px; --smush-placeholder-aspect-ratio: 550\/320;\" \/><\/p>\n","protected":false},"excerpt":{"rendered":"<p>Yeni Bir \u0131\u015f\u0131k: Yery\u00fcz\u00fcnde Ya\u015fam\u0131n Devam\u0131 \u0130\u00e7in Damar \u0130\u00e7inden D\u00fc\u015f\u00fck Enerjili Lazer Tedavisi The Intravenous Laser Blood Irradiation Effects Of Lowe Power Laser On Patients With Non Pc\u0131 Able Non Cabg Able D\u00fcnyada oldu\u011fu gibi \u00fclkemizde de kalp ve damar hastal\u0131klar\u0131 ve ona ba\u011fl\u0131 \u00f6l\u00fcmler ilk s\u0131rada yer almaktad\u0131r. Bu hastal\u0131k grubunun tedavisi \u00fclkemizde de [&hellip;]<\/p>\n","protected":false},"author":5,"featured_media":0,"parent":0,"menu_order":9,"comment_status":"closed","ping_status":"closed","template":"","meta":{"two_page_speed":[],"footnotes":""},"class_list":["post-30","page","type-page","status-publish","hentry"],"translation":{"provider":"WPGlobus","version":"3.0.0","language":"en","enabled_languages":["tr","en"],"languages":{"tr":{"title":true,"content":true,"excerpt":false},"en":{"title":false,"content":false,"excerpt":false}}},"yoast_head":"<!-- This site is optimized with the Yoast SEO plugin v24.9 - https:\/\/yoast.com\/wordpress\/plugins\/seo\/ -->\n<title>D\u00fc\u015f\u00fck Enerjili Lazer Tedavisi - Opr.Dr.Cafer Abbaso\u011flu<\/title>\n<meta name=\"robots\" content=\"index, follow, max-snippet:-1, max-image-preview:large, max-video-preview:-1\" \/>\n<link rel=\"canonical\" href=\"https:\/\/www.caferabbasoglu.com\/dusuk-enerjili-lazer-tedavisi\/\" \/>\n<meta property=\"og:locale\" content=\"en_US\" \/>\n<meta property=\"og:type\" content=\"article\" \/>\n<meta property=\"og:title\" content=\"D\u00fc\u015f\u00fck Enerjili Lazer Tedavisi - Opr.Dr.Cafer Abbaso\u011flu\" \/>\n<meta property=\"og:url\" content=\"https:\/\/www.caferabbasoglu.com\/dusuk-enerjili-lazer-tedavisi\/\" \/>\n<meta property=\"og:site_name\" content=\"Opr.Dr.Cafer Abbaso\u011flu\" \/>\n<meta property=\"article:modified_time\" content=\"2015-09-19T17:50:11+00:00\" \/>\n<meta name=\"twitter:card\" content=\"summary_large_image\" \/>\n<meta name=\"twitter:label1\" content=\"Est. reading time\" \/>\n\t<meta name=\"twitter:data1\" content=\"5 minutes\" \/>\n<script type=\"application\/ld+json\" class=\"yoast-schema-graph\">{\"@context\":\"https:\/\/schema.org\",\"@graph\":[{\"@type\":\"WebPage\",\"@id\":\"https:\/\/www.caferabbasoglu.com\/dusuk-enerjili-lazer-tedavisi\/\",\"url\":\"https:\/\/www.caferabbasoglu.com\/dusuk-enerjili-lazer-tedavisi\/\",\"name\":\"D\u00fc\u015f\u00fck Enerjili Lazer Tedavisi - Opr.Dr.Cafer Abbaso\u011flu\",\"isPartOf\":{\"@id\":\"https:\/\/www.caferabbasoglu.com\/#website\"},\"datePublished\":\"2011-08-24T07:23:01+00:00\",\"dateModified\":\"2015-09-19T17:50:11+00:00\",\"breadcrumb\":{\"@id\":\"https:\/\/www.caferabbasoglu.com\/dusuk-enerjili-lazer-tedavisi\/#breadcrumb\"},\"inLanguage\":\"en-US\",\"potentialAction\":[{\"@type\":\"ReadAction\",\"target\":[\"https:\/\/www.caferabbasoglu.com\/dusuk-enerjili-lazer-tedavisi\/\"]}]},{\"@type\":\"BreadcrumbList\",\"@id\":\"https:\/\/www.caferabbasoglu.com\/dusuk-enerjili-lazer-tedavisi\/#breadcrumb\",\"itemListElement\":[{\"@type\":\"ListItem\",\"position\":1,\"name\":\"Ana Sayfa\",\"item\":\"https:\/\/www.caferabbasoglu.com\/\"},{\"@type\":\"ListItem\",\"position\":2,\"name\":\"D\u00fc\u015f\u00fck Enerjili Lazer Tedavisi\"}]},{\"@type\":\"WebSite\",\"@id\":\"https:\/\/www.caferabbasoglu.com\/#website\",\"url\":\"https:\/\/www.caferabbasoglu.com\/\",\"name\":\"Opr.Dr.Cafer Abbaso\u011flu\",\"description\":\"Damar Hastal\u0131klar\u0131, Varis ve Diyabet Hakk\u0131nda Bilgiler\",\"publisher\":{\"@id\":\"https:\/\/www.caferabbasoglu.com\/#organization\"},\"potentialAction\":[{\"@type\":\"SearchAction\",\"target\":{\"@type\":\"EntryPoint\",\"urlTemplate\":\"https:\/\/www.caferabbasoglu.com\/?s={search_term_string}\"},\"query-input\":{\"@type\":\"PropertyValueSpecification\",\"valueRequired\":true,\"valueName\":\"search_term_string\"}}],\"inLanguage\":\"en-US\"},{\"@type\":\"Organization\",\"@id\":\"https:\/\/www.caferabbasoglu.com\/#organization\",\"name\":\"Damar Hastal\u0131klar\u0131 ve Varis Tedavileri Merkezi\",\"url\":\"https:\/\/www.caferabbasoglu.com\/\",\"logo\":{\"@type\":\"ImageObject\",\"inLanguage\":\"en-US\",\"@id\":\"https:\/\/www.caferabbasoglu.com\/#\/schema\/logo\/image\/\",\"url\":\"http:\/\/www.caferabbasoglu.com\/wp-content\/uploads\/2010\/08\/imza_eposta.jpg\",\"contentUrl\":\"http:\/\/www.caferabbasoglu.com\/wp-content\/uploads\/2010\/08\/imza_eposta.jpg\",\"width\":640,\"height\":121,\"caption\":\"Damar Hastal\u0131klar\u0131 ve Varis Tedavileri Merkezi\"},\"image\":{\"@id\":\"https:\/\/www.caferabbasoglu.com\/#\/schema\/logo\/image\/\"}}]}<\/script>\n<!-- \/ Yoast SEO plugin. -->","yoast_head_json":{"title":"D\u00fc\u015f\u00fck Enerjili Lazer Tedavisi - Opr.Dr.Cafer Abbaso\u011flu","robots":{"index":"index","follow":"follow","max-snippet":"max-snippet:-1","max-image-preview":"max-image-preview:large","max-video-preview":"max-video-preview:-1"},"canonical":"https:\/\/www.caferabbasoglu.com\/dusuk-enerjili-lazer-tedavisi\/","og_locale":"en_US","og_type":"article","og_title":"D\u00fc\u015f\u00fck Enerjili Lazer Tedavisi - Opr.Dr.Cafer Abbaso\u011flu","og_url":"https:\/\/www.caferabbasoglu.com\/dusuk-enerjili-lazer-tedavisi\/","og_site_name":"Opr.Dr.Cafer Abbaso\u011flu","article_modified_time":"2015-09-19T17:50:11+00:00","twitter_card":"summary_large_image","twitter_misc":{"Est. reading time":"5 minutes"},"schema":{"@context":"https:\/\/schema.org","@graph":[{"@type":"WebPage","@id":"https:\/\/www.caferabbasoglu.com\/dusuk-enerjili-lazer-tedavisi\/","url":"https:\/\/www.caferabbasoglu.com\/dusuk-enerjili-lazer-tedavisi\/","name":"D\u00fc\u015f\u00fck Enerjili Lazer Tedavisi - Opr.Dr.Cafer Abbaso\u011flu","isPartOf":{"@id":"https:\/\/www.caferabbasoglu.com\/#website"},"datePublished":"2011-08-24T07:23:01+00:00","dateModified":"2015-09-19T17:50:11+00:00","breadcrumb":{"@id":"https:\/\/www.caferabbasoglu.com\/dusuk-enerjili-lazer-tedavisi\/#breadcrumb"},"inLanguage":"en-US","potentialAction":[{"@type":"ReadAction","target":["https:\/\/www.caferabbasoglu.com\/dusuk-enerjili-lazer-tedavisi\/"]}]},{"@type":"BreadcrumbList","@id":"https:\/\/www.caferabbasoglu.com\/dusuk-enerjili-lazer-tedavisi\/#breadcrumb","itemListElement":[{"@type":"ListItem","position":1,"name":"Ana Sayfa","item":"https:\/\/www.caferabbasoglu.com\/"},{"@type":"ListItem","position":2,"name":"D\u00fc\u015f\u00fck Enerjili Lazer Tedavisi"}]},{"@type":"WebSite","@id":"https:\/\/www.caferabbasoglu.com\/#website","url":"https:\/\/www.caferabbasoglu.com\/","name":"Opr.Dr.Cafer Abbaso\u011flu","description":"Damar Hastal\u0131klar\u0131, Varis ve Diyabet Hakk\u0131nda Bilgiler","publisher":{"@id":"https:\/\/www.caferabbasoglu.com\/#organization"},"potentialAction":[{"@type":"SearchAction","target":{"@type":"EntryPoint","urlTemplate":"https:\/\/www.caferabbasoglu.com\/?s={search_term_string}"},"query-input":{"@type":"PropertyValueSpecification","valueRequired":true,"valueName":"search_term_string"}}],"inLanguage":"en-US"},{"@type":"Organization","@id":"https:\/\/www.caferabbasoglu.com\/#organization","name":"Damar Hastal\u0131klar\u0131 ve Varis Tedavileri Merkezi","url":"https:\/\/www.caferabbasoglu.com\/","logo":{"@type":"ImageObject","inLanguage":"en-US","@id":"https:\/\/www.caferabbasoglu.com\/#\/schema\/logo\/image\/","url":"http:\/\/www.caferabbasoglu.com\/wp-content\/uploads\/2010\/08\/imza_eposta.jpg","contentUrl":"http:\/\/www.caferabbasoglu.com\/wp-content\/uploads\/2010\/08\/imza_eposta.jpg","width":640,"height":121,"caption":"Damar Hastal\u0131klar\u0131 ve Varis Tedavileri Merkezi"},"image":{"@id":"https:\/\/www.caferabbasoglu.com\/#\/schema\/logo\/image\/"}}]}},"_links":{"self":[{"href":"https:\/\/www.caferabbasoglu.com\/en\/wp-json\/wp\/v2\/pages\/30","targetHints":{"allow":["GET"]}}],"collection":[{"href":"https:\/\/www.caferabbasoglu.com\/en\/wp-json\/wp\/v2\/pages"}],"about":[{"href":"https:\/\/www.caferabbasoglu.com\/en\/wp-json\/wp\/v2\/types\/page"}],"author":[{"embeddable":true,"href":"https:\/\/www.caferabbasoglu.com\/en\/wp-json\/wp\/v2\/users\/5"}],"replies":[{"embeddable":true,"href":"https:\/\/www.caferabbasoglu.com\/en\/wp-json\/wp\/v2\/comments?post=30"}],"version-history":[{"count":0,"href":"https:\/\/www.caferabbasoglu.com\/en\/wp-json\/wp\/v2\/pages\/30\/revisions"}],"wp:attachment":[{"href":"https:\/\/www.caferabbasoglu.com\/en\/wp-json\/wp\/v2\/media?parent=30"}],"curies":[{"name":"wp","href":"https:\/\/api.w.org\/{rel}","templated":true}]}}