{"id":305,"date":"2015-12-19T12:08:09","date_gmt":"2015-12-19T10:08:09","guid":{"rendered":"http:\/\/www.caferabbasoglu.com\/?page_id=305"},"modified":"2015-12-19T12:08:09","modified_gmt":"2015-12-19T10:08:09","slug":"%d9%85%d9%82%d8%a7%d9%84%d8%a7%d8%aa-%d8%a8%d8%a7%d9%84%d9%84%d8%ba%d8%a9-%d8%a7%d9%84%d8%b9%d8%b1%d8%a8%d9%8a%d8%a9","status":"publish","type":"page","link":"https:\/\/www.caferabbasoglu.com\/en\/%d9%85%d9%82%d8%a7%d9%84%d8%a7%d8%aa-%d8%a8%d8%a7%d9%84%d9%84%d8%ba%d8%a9-%d8%a7%d9%84%d8%b9%d8%b1%d8%a8%d9%8a%d8%a9\/","title":{"rendered":"\u0627\u0644\u0645\u0642\u0627\u0644\u0627\u062a \u0627\u0644\u0639\u0631\u0628\u064a\u0629"},"content":{"rendered":"<div style=\"direction: rtl; text-align: right; font-size: %125;\">\n<h1>\u0627\u0644\u0645\u0642\u0627\u0644\u0627\u062a \u0627\u0644\u0639\u0631\u0628\u064a\u0629<\/h1>\n<ul>\n<li><strong>\u064a\u0645\u0643\u0646 \u0645\u0639\u0627\u0644\u062c\u0629 \u0627\u0644\u062f\u0648\u0627\u0644\u064a \u062e\u0644\u0627\u0644 20 \u062f\u0642\u064a\u0642\u0629<\/strong><br \/>\n\u0627\u0646 \u0627\u0644\u062f\u0648\u0627\u0644\u064a \u06be\u0648 \u0645\u0631\u0636 \u0646\u0627\u062a\u062c \u0645\u0646 \u0627\u0646\u062a\u0641\u0627\u062e \u0628\u0639\u0636 \u0627\u0644\u0627\u0648\u0639\u06cc\u0629 \u0627\u0644\u062f\u0645\u0648\u06cc\u0629 (\u0627\u0644\u0634\u0631\u0627\u06cc\u06cc\u0646) \u0648\u0645\u0646 \u062b\u0645 \u062a\u062a\u0648\u0642\u0641 \u0639\u0646 \u0627\u062f\u0627\u0621 \u0648\u0638\u0627\u0626\u0641\u06be\u0627 \u0648\u0628\u063a\u0636 \u0627\u0644\u0646\u0638\u0631 \u0639\u0646 \u0639\u062f\u0645<br \/>\n\u062c\u0645\u0627\u0644\u06cc\u0629 \u0645\u0638\u06be\u0631 \u0627\u0644\u062f\u0648\u0627\u0644\u064a \u0641\u0623\u0646 \u0644\u06be \u0627\u0636\u0631\u0627\u0631\u0627 \u0635\u062d\u06cc\u0629 \u0643\u0628\u06cc\u0631\u0629.<br \/>\n<a href=\"http:\/\/www.caferabbasoglu.com\/298-2\/\">\u0627\u0642\u0631\u0623 \u0627\u0644\u0645\u0632\u064a\u062f<\/a><\/li>\n<li><strong>\u0639\u0644\u0627\u062c \u062a\u0631\u0647\u0644\u0627\u062a \u0627\u0644\u062c\u0644\u062f \u062e\u0644\u0627\u0644 20 \u062f\u0642\u064a\u0642\u0629<\/strong><br \/>\n\u0627\u0646 \u062a\u0631\u06be\u0644 \u0627\u0644\u062c\u0644\u062f \u06be\u064a \u0648\u0627\u062d\u062f\u0629 \u0645\u0646 \u0627\u0644\u0645\u0634\u0627\u0643\u0644 \u0627\u0644\u0644\u062a\u064a \u0645\u0646 \u0627\u0644\u0645\u0645\u0643\u0646 \u0645\u0639\u0627\u0644\u062c\u062a\u06be\u0627 \u0628\u0633\u06be\u0648\u0644\u0629<br \/>\n\u0627\u0646 \u062a\u0631\u06be\u0644 \u0627\u0644\u062c\u0644\u062f \u06be\u064a \u0645\u0634\u0643\u0644\u0629 \u062a\u0639\u0627\u0646\u064a \u0645\u0646\u06be\u0627 \u063a\u0627\u0644\u0628\u06cc\u0629 \u0627\u0644\u0646\u0633\u0627\u0621 \u062d\u06cc\u062b \u062a\u062a\u0643\u0648\u0646 \u0646\u062a\u06cc\u062c\u0629 \u062a\u062c\u0645\u0639 \u0627\u0644\u062e\u0644\u0627\u06cc\u0627 \u0627\u0644\u062f\u06be\u0646\u06cc\u0629 \u062a\u062d\u062a \u0627\u0644\u062c\u0644\u062f \u0648\u0627\u0644\u0630\u064a \u06cc\u0624\u062f\u064a \u0628\u062f\u0648\u0631\u0647 \u0627\u0644\u0649<br \/>\n\u0634\u062f \u0627\u0644\u062c\u0644\u062f \u0639\u0646 \u0637\u0631\u06cc\u0642 \u0627\u0631\u0628\u0637\u0629 \u0627\u0644\u0627\u0646\u0633\u062c\u0629.<br \/>\n<a href=\"http:\/\/www.caferabbasoglu.com\/295-2\/\">\u0627\u0642\u0631\u0623 \u0627\u0644\u0645\u0632\u064a\u062f<\/a><\/li>\n<li><strong>\u0643\u064a\u0641 \u064a\u0645\u0643\u0646 \u0627\u0644\u0648\u0642\u0627\u064a\u0629 \u0645\u0646 \u0628\u062a\u0631 \u0627\u0644\u0627\u0639\u0636\u0627\u0621 \u0639\u0646\u062f \u0627\u0644\u0627\u0635\u0627\u0628\u0629 \u0628\u0645\u0631\u0636 \u0627\u0644\u0628\u0631\u062c \u061f<\/strong><br \/>\n\u0627\u0644\u0634\u0631\u0637 \u0627\u0644\u0648\u062d\u06cc\u062f \u0639\u0646\u062f \u0628\u062f\u0621 \u0639\u0644\u0627\u062c \u0645\u0631\u0636 \u0627\u0644\u0628\u0631\u062c\u0631 \u06be\u0648 \u062a\u0631\u0643 \u0627\u0644\u062a\u062f\u062e\u06cc\u0646 \u062a\u0645\u0627\u0645\u0627. \u0628\u0639\u0643\u0633\u06be \u0641\u0644\u0644\u0623\u0633\u0641 \u0642\u062f \u062a\u0624\u062f\u064a \u0625\u0644\u0649 \u0627\u0644\u0627\u0636\u0637\u0631\u0627\u0631 \u0625\u0644\u0649 \u0628\u062a\u0631 \u0628\u0639\u0636<br \/>\n\u0627\u0644\u0627\u0639\u0638\u0627\u0621 \u0643\u0627\u0644\u0633\u0627\u0642 \u0648\u0627\u0644\u0630\u0631\u0627\u0639 \u0648\u062a\u062d\u062f\u062b \u0641\u064a \u0643\u062b\u06cc\u0631 \u0645\u0646 \u0627\u0644\u062d\u0627\u0644\u0627\u062a.<br \/>\n<a href=\"http:\/\/www.caferabbasoglu.com\/301-2\/\">\u0627\u0642\u0631\u0623 \u0627\u0644\u0645\u0632\u064a\u062f<\/a><\/li>\n<\/ul>\n<\/div>\n","protected":false},"excerpt":{"rendered":"<p>\u0627\u0644\u0645\u0642\u0627\u0644\u0627\u062a \u0627\u0644\u0639\u0631\u0628\u064a\u0629 \u064a\u0645\u0643\u0646 \u0645\u0639\u0627\u0644\u062c\u0629 \u0627\u0644\u062f\u0648\u0627\u0644\u064a \u062e\u0644\u0627\u0644 20 \u062f\u0642\u064a\u0642\u0629 \u0627\u0646 \u0627\u0644\u062f\u0648\u0627\u0644\u064a \u06be\u0648 \u0645\u0631\u0636 \u0646\u0627\u062a\u062c \u0645\u0646 \u0627\u0646\u062a\u0641\u0627\u062e \u0628\u0639\u0636 \u0627\u0644\u0627\u0648\u0639\u06cc\u0629 \u0627\u0644\u062f\u0645\u0648\u06cc\u0629 (\u0627\u0644\u0634\u0631\u0627\u06cc\u06cc\u0646) \u0648\u0645\u0646 \u062b\u0645 \u062a\u062a\u0648\u0642\u0641 \u0639\u0646 \u0627\u062f\u0627\u0621 \u0648\u0638\u0627\u0626\u0641\u06be\u0627 \u0648\u0628\u063a\u0636 \u0627\u0644\u0646\u0638\u0631 \u0639\u0646 \u0639\u062f\u0645 \u062c\u0645\u0627\u0644\u06cc\u0629 \u0645\u0638\u06be\u0631 \u0627\u0644\u062f\u0648\u0627\u0644\u064a \u0641\u0623\u0646 \u0644\u06be \u0627\u0636\u0631\u0627\u0631\u0627 \u0635\u062d\u06cc\u0629 \u0643\u0628\u06cc\u0631\u0629. \u0627\u0642\u0631\u0623 \u0627\u0644\u0645\u0632\u064a\u062f \u0639\u0644\u0627\u062c \u062a\u0631\u0647\u0644\u0627\u062a \u0627\u0644\u062c\u0644\u062f \u062e\u0644\u0627\u0644 20 \u062f\u0642\u064a\u0642\u0629 \u0627\u0646 \u062a\u0631\u06be\u0644 \u0627\u0644\u062c\u0644\u062f \u06be\u064a \u0648\u0627\u062d\u062f\u0629 \u0645\u0646 \u0627\u0644\u0645\u0634\u0627\u0643\u0644 \u0627\u0644\u0644\u062a\u064a \u0645\u0646 \u0627\u0644\u0645\u0645\u0643\u0646 [&hellip;]<\/p>\n","protected":false},"author":5,"featured_media":0,"parent":0,"menu_order":0,"comment_status":"closed","ping_status":"closed","template":"","meta":{"two_page_speed":[],"footnotes":""},"class_list":["post-305","page","type-page","status-publish","hentry"],"translation":{"provider":"WPGlobus","version":"3.0.0","language":"en","enabled_languages":["tr","en"],"languages":{"tr":{"title":true,"content":true,"excerpt":false},"en":{"title":false,"content":false,"excerpt":false}}},"yoast_head":"<!-- This site is optimized with the Yoast SEO plugin v24.9 - https:\/\/yoast.com\/wordpress\/plugins\/seo\/ -->\n<title>\u0627\u0644\u0645\u0642\u0627\u0644\u0627\u062a \u0627\u0644\u0639\u0631\u0628\u064a\u0629 - Opr.Dr.Cafer Abbaso\u011flu<\/title>\n<meta name=\"robots\" content=\"index, follow, max-snippet:-1, max-image-preview:large, max-video-preview:-1\" \/>\n<link rel=\"canonical\" href=\"https:\/\/www.caferabbasoglu.com\/\u0645\u0642\u0627\u0644\u0627\u062a-\u0628\u0627\u0644\u0644\u063a\u0629-\u0627\u0644\u0639\u0631\u0628\u064a\u0629\/\" \/>\n<meta property=\"og:locale\" content=\"en_US\" \/>\n<meta property=\"og:type\" content=\"article\" \/>\n<meta property=\"og:title\" content=\"\u0627\u0644\u0645\u0642\u0627\u0644\u0627\u062a \u0627\u0644\u0639\u0631\u0628\u064a\u0629 - Opr.Dr.Cafer Abbaso\u011flu\" \/>\n<meta property=\"og:url\" content=\"https:\/\/www.caferabbasoglu.com\/\u0645\u0642\u0627\u0644\u0627\u062a-\u0628\u0627\u0644\u0644\u063a\u0629-\u0627\u0644\u0639\u0631\u0628\u064a\u0629\/\" \/>\n<meta property=\"og:site_name\" content=\"Opr.Dr.Cafer Abbaso\u011flu\" \/>\n<meta name=\"twitter:card\" content=\"summary_large_image\" \/>\n<script type=\"application\/ld+json\" class=\"yoast-schema-graph\">{\"@context\":\"https:\/\/schema.org\",\"@graph\":[{\"@type\":\"WebPage\",\"@id\":\"https:\/\/www.caferabbasoglu.com\/%d9%85%d9%82%d8%a7%d9%84%d8%a7%d8%aa-%d8%a8%d8%a7%d9%84%d9%84%d8%ba%d8%a9-%d8%a7%d9%84%d8%b9%d8%b1%d8%a8%d9%8a%d8%a9\/\",\"url\":\"https:\/\/www.caferabbasoglu.com\/%d9%85%d9%82%d8%a7%d9%84%d8%a7%d8%aa-%d8%a8%d8%a7%d9%84%d9%84%d8%ba%d8%a9-%d8%a7%d9%84%d8%b9%d8%b1%d8%a8%d9%8a%d8%a9\/\",\"name\":\"\u0627\u0644\u0645\u0642\u0627\u0644\u0627\u062a \u0627\u0644\u0639\u0631\u0628\u064a\u0629 - Opr.Dr.Cafer Abbaso\u011flu\",\"isPartOf\":{\"@id\":\"https:\/\/www.caferabbasoglu.com\/#website\"},\"datePublished\":\"2015-12-19T10:08:09+00:00\",\"breadcrumb\":{\"@id\":\"https:\/\/www.caferabbasoglu.com\/%d9%85%d9%82%d8%a7%d9%84%d8%a7%d8%aa-%d8%a8%d8%a7%d9%84%d9%84%d8%ba%d8%a9-%d8%a7%d9%84%d8%b9%d8%b1%d8%a8%d9%8a%d8%a9\/#breadcrumb\"},\"inLanguage\":\"en-US\",\"potentialAction\":[{\"@type\":\"ReadAction\",\"target\":[\"https:\/\/www.caferabbasoglu.com\/%d9%85%d9%82%d8%a7%d9%84%d8%a7%d8%aa-%d8%a8%d8%a7%d9%84%d9%84%d8%ba%d8%a9-%d8%a7%d9%84%d8%b9%d8%b1%d8%a8%d9%8a%d8%a9\/\"]}]},{\"@type\":\"BreadcrumbList\",\"@id\":\"https:\/\/www.caferabbasoglu.com\/%d9%85%d9%82%d8%a7%d9%84%d8%a7%d8%aa-%d8%a8%d8%a7%d9%84%d9%84%d8%ba%d8%a9-%d8%a7%d9%84%d8%b9%d8%b1%d8%a8%d9%8a%d8%a9\/#breadcrumb\",\"itemListElement\":[{\"@type\":\"ListItem\",\"position\":1,\"name\":\"Ana Sayfa\",\"item\":\"https:\/\/www.caferabbasoglu.com\/\"},{\"@type\":\"ListItem\",\"position\":2,\"name\":\"\u0627\u0644\u0645\u0642\u0627\u0644\u0627\u062a \u0627\u0644\u0639\u0631\u0628\u064a\u0629\"}]},{\"@type\":\"WebSite\",\"@id\":\"https:\/\/www.caferabbasoglu.com\/#website\",\"url\":\"https:\/\/www.caferabbasoglu.com\/\",\"name\":\"Opr.Dr.Cafer Abbaso\u011flu\",\"description\":\"Damar Hastal\u0131klar\u0131, Varis ve Diyabet Hakk\u0131nda Bilgiler\",\"publisher\":{\"@id\":\"https:\/\/www.caferabbasoglu.com\/#organization\"},\"potentialAction\":[{\"@type\":\"SearchAction\",\"target\":{\"@type\":\"EntryPoint\",\"urlTemplate\":\"https:\/\/www.caferabbasoglu.com\/?s={search_term_string}\"},\"query-input\":{\"@type\":\"PropertyValueSpecification\",\"valueRequired\":true,\"valueName\":\"search_term_string\"}}],\"inLanguage\":\"en-US\"},{\"@type\":\"Organization\",\"@id\":\"https:\/\/www.caferabbasoglu.com\/#organization\",\"name\":\"Damar Hastal\u0131klar\u0131 ve Varis Tedavileri Merkezi\",\"url\":\"https:\/\/www.caferabbasoglu.com\/\",\"logo\":{\"@type\":\"ImageObject\",\"inLanguage\":\"en-US\",\"@id\":\"https:\/\/www.caferabbasoglu.com\/#\/schema\/logo\/image\/\",\"url\":\"http:\/\/www.caferabbasoglu.com\/wp-content\/uploads\/2010\/08\/imza_eposta.jpg\",\"contentUrl\":\"http:\/\/www.caferabbasoglu.com\/wp-content\/uploads\/2010\/08\/imza_eposta.jpg\",\"width\":640,\"height\":121,\"caption\":\"Damar Hastal\u0131klar\u0131 ve Varis Tedavileri Merkezi\"},\"image\":{\"@id\":\"https:\/\/www.caferabbasoglu.com\/#\/schema\/logo\/image\/\"}}]}<\/script>\n<!-- \/ Yoast SEO plugin. -->","yoast_head_json":{"title":"\u0627\u0644\u0645\u0642\u0627\u0644\u0627\u062a \u0627\u0644\u0639\u0631\u0628\u064a\u0629 - Opr.Dr.Cafer Abbaso\u011flu","robots":{"index":"index","follow":"follow","max-snippet":"max-snippet:-1","max-image-preview":"max-image-preview:large","max-video-preview":"max-video-preview:-1"},"canonical":"https:\/\/www.caferabbasoglu.com\/\u0645\u0642\u0627\u0644\u0627\u062a-\u0628\u0627\u0644\u0644\u063a\u0629-\u0627\u0644\u0639\u0631\u0628\u064a\u0629\/","og_locale":"en_US","og_type":"article","og_title":"\u0627\u0644\u0645\u0642\u0627\u0644\u0627\u062a \u0627\u0644\u0639\u0631\u0628\u064a\u0629 - Opr.Dr.Cafer Abbaso\u011flu","og_url":"https:\/\/www.caferabbasoglu.com\/\u0645\u0642\u0627\u0644\u0627\u062a-\u0628\u0627\u0644\u0644\u063a\u0629-\u0627\u0644\u0639\u0631\u0628\u064a\u0629\/","og_site_name":"Opr.Dr.Cafer Abbaso\u011flu","twitter_card":"summary_large_image","schema":{"@context":"https:\/\/schema.org","@graph":[{"@type":"WebPage","@id":"https:\/\/www.caferabbasoglu.com\/%d9%85%d9%82%d8%a7%d9%84%d8%a7%d8%aa-%d8%a8%d8%a7%d9%84%d9%84%d8%ba%d8%a9-%d8%a7%d9%84%d8%b9%d8%b1%d8%a8%d9%8a%d8%a9\/","url":"https:\/\/www.caferabbasoglu.com\/%d9%85%d9%82%d8%a7%d9%84%d8%a7%d8%aa-%d8%a8%d8%a7%d9%84%d9%84%d8%ba%d8%a9-%d8%a7%d9%84%d8%b9%d8%b1%d8%a8%d9%8a%d8%a9\/","name":"\u0627\u0644\u0645\u0642\u0627\u0644\u0627\u062a \u0627\u0644\u0639\u0631\u0628\u064a\u0629 - Opr.Dr.Cafer Abbaso\u011flu","isPartOf":{"@id":"https:\/\/www.caferabbasoglu.com\/#website"},"datePublished":"2015-12-19T10:08:09+00:00","breadcrumb":{"@id":"https:\/\/www.caferabbasoglu.com\/%d9%85%d9%82%d8%a7%d9%84%d8%a7%d8%aa-%d8%a8%d8%a7%d9%84%d9%84%d8%ba%d8%a9-%d8%a7%d9%84%d8%b9%d8%b1%d8%a8%d9%8a%d8%a9\/#breadcrumb"},"inLanguage":"en-US","potentialAction":[{"@type":"ReadAction","target":["https:\/\/www.caferabbasoglu.com\/%d9%85%d9%82%d8%a7%d9%84%d8%a7%d8%aa-%d8%a8%d8%a7%d9%84%d9%84%d8%ba%d8%a9-%d8%a7%d9%84%d8%b9%d8%b1%d8%a8%d9%8a%d8%a9\/"]}]},{"@type":"BreadcrumbList","@id":"https:\/\/www.caferabbasoglu.com\/%d9%85%d9%82%d8%a7%d9%84%d8%a7%d8%aa-%d8%a8%d8%a7%d9%84%d9%84%d8%ba%d8%a9-%d8%a7%d9%84%d8%b9%d8%b1%d8%a8%d9%8a%d8%a9\/#breadcrumb","itemListElement":[{"@type":"ListItem","position":1,"name":"Ana Sayfa","item":"https:\/\/www.caferabbasoglu.com\/"},{"@type":"ListItem","position":2,"name":"\u0627\u0644\u0645\u0642\u0627\u0644\u0627\u062a \u0627\u0644\u0639\u0631\u0628\u064a\u0629"}]},{"@type":"WebSite","@id":"https:\/\/www.caferabbasoglu.com\/#website","url":"https:\/\/www.caferabbasoglu.com\/","name":"Opr.Dr.Cafer Abbaso\u011flu","description":"Damar Hastal\u0131klar\u0131, Varis ve Diyabet Hakk\u0131nda Bilgiler","publisher":{"@id":"https:\/\/www.caferabbasoglu.com\/#organization"},"potentialAction":[{"@type":"SearchAction","target":{"@type":"EntryPoint","urlTemplate":"https:\/\/www.caferabbasoglu.com\/?s={search_term_string}"},"query-input":{"@type":"PropertyValueSpecification","valueRequired":true,"valueName":"search_term_string"}}],"inLanguage":"en-US"},{"@type":"Organization","@id":"https:\/\/www.caferabbasoglu.com\/#organization","name":"Damar Hastal\u0131klar\u0131 ve Varis Tedavileri Merkezi","url":"https:\/\/www.caferabbasoglu.com\/","logo":{"@type":"ImageObject","inLanguage":"en-US","@id":"https:\/\/www.caferabbasoglu.com\/#\/schema\/logo\/image\/","url":"http:\/\/www.caferabbasoglu.com\/wp-content\/uploads\/2010\/08\/imza_eposta.jpg","contentUrl":"http:\/\/www.caferabbasoglu.com\/wp-content\/uploads\/2010\/08\/imza_eposta.jpg","width":640,"height":121,"caption":"Damar Hastal\u0131klar\u0131 ve Varis Tedavileri Merkezi"},"image":{"@id":"https:\/\/www.caferabbasoglu.com\/#\/schema\/logo\/image\/"}}]}},"_links":{"self":[{"href":"https:\/\/www.caferabbasoglu.com\/en\/wp-json\/wp\/v2\/pages\/305","targetHints":{"allow":["GET"]}}],"collection":[{"href":"https:\/\/www.caferabbasoglu.com\/en\/wp-json\/wp\/v2\/pages"}],"about":[{"href":"https:\/\/www.caferabbasoglu.com\/en\/wp-json\/wp\/v2\/types\/page"}],"author":[{"embeddable":true,"href":"https:\/\/www.caferabbasoglu.com\/en\/wp-json\/wp\/v2\/users\/5"}],"replies":[{"embeddable":true,"href":"https:\/\/www.caferabbasoglu.com\/en\/wp-json\/wp\/v2\/comments?post=305"}],"version-history":[{"count":1,"href":"https:\/\/www.caferabbasoglu.com\/en\/wp-json\/wp\/v2\/pages\/305\/revisions"}],"predecessor-version":[{"id":390,"href":"https:\/\/www.caferabbasoglu.com\/en\/wp-json\/wp\/v2\/pages\/305\/revisions\/390"}],"wp:attachment":[{"href":"https:\/\/www.caferabbasoglu.com\/en\/wp-json\/wp\/v2\/media?parent=305"}],"curies":[{"name":"wp","href":"https:\/\/api.w.org\/{rel}","templated":true}]}}