{"id":31,"date":"2010-08-24T12:14:54","date_gmt":"2010-08-24T09:14:54","guid":{"rendered":"http:\/\/caferabbasoglu.moldibi.com\/skleroterapi\/"},"modified":"2021-05-11T19:34:52","modified_gmt":"2021-05-11T16:34:52","slug":"skleroterapi","status":"publish","type":"page","link":"https:\/\/www.caferabbasoglu.com\/en\/skleroterapi\/","title":{"rendered":"Skleroterapi"},"content":{"rendered":"<p><img decoding=\"async\" style=\"margin-bottom: 2px; float: left; margin-right: 5px;\" data-src=\"http:\/\/www.caferabbasoglu.com\/wp-content\/uploads\/2016\/03\/kpk_ve_lazer_sonras-kucuk.jpg\" alt=\"kpk ve lazer sonras\u0131\" src=\"data:image\/gif;base64,R0lGODlhAQABAAAAACH5BAEKAAEALAAAAAABAAEAAAICTAEAOw==\" class=\"lazyload\" \/><strong>Foam tekni\u011fi:<\/strong><br \/>\nSkleroterapi varikoz venler ve \u00f6r\u00fcmcek a\u011f\u0131 damarlar\u0131n tedavisinde kullan\u0131lan bir y\u00f6ntemdir.<\/p>\n<p>Bu y\u00f6ntemde ince bir i\u011fne damar icine g\u00f6nderilir. Sklerozan ilac damar icine verilir.Skerozan ilaclar damar icinde irritasyiona (\u015fi\u015fmeye) yol a\u00e7ar ve irritasyona sekonder toplar damar kollaps olup kapan\u0131r.<\/p>\n<p>Foam tekniginde sklerozan ajan hava ile kar\u0131st\u0131r\u0131l\u0131p damar icine injekte ediliyor bu teknik di\u011fer skleroterapi y\u00f6ntemlerine g\u00f6re 20-40% daha efektiftir (daha etkilidir)<\/p>\n<div id=\"attachment_358\" style=\"width: 235px\" class=\"wp-caption alignright\"><img decoding=\"async\" aria-describedby=\"caption-attachment-358\" class=\"size-medium wp-image-358 lazyload\" data-src=\"http:\/\/www.caferabbasoglu.com\/wp-content\/uploads\/2010\/08\/skleroterapi-yapilacak-hasta-225x300.jpg\" alt=\"Skleroterapi Yap\u0131lacak Hasta\" width=\"225\" height=\"300\" src=\"data:image\/gif;base64,R0lGODlhAQABAAAAACH5BAEKAAEALAAAAAABAAEAAAICTAEAOw==\" style=\"--smush-placeholder-width: 225px; --smush-placeholder-aspect-ratio: 225\/300;\" \/><p id=\"caption-attachment-358\" class=\"wp-caption-text\">Skleroterapi Yap\u0131lacak Hasta<\/p><\/div>\n<ol>\n<li>Bu teknikde hava ile sklerozan ajan (s\u0131v\u0131) \u00e7alkalan\u0131p kar\u0131st\u0131r\u0131l\u0131yor ; enjekte edildikden sonra hava damar icinde akan kan\u0131 damar duvar\u0131ndan ve enjeksyon yerinden uzaklast\u0131r\u0131r bu sekilde sklerozan ajan daha cok damar duvar\u0131 ile temas eder ve daha cok etkili olur . Asl\u0131nda hava sklerozan ajan\u0131n damar icindeki kan ile kar\u0131smas\u0131n\u0131 \u00f6nler ve ajan kan ile dilue olmadan (kar\u0131\u015fmadan) damar duvar\u0131na direct etkili olur<\/li>\n<li>Ayr\u0131ca bu teknikde hava ile ajan (s\u0131v\u0131) kar\u0131\u015ft\u0131\u011f\u0131 icin daha az sklerozan ajan kullan\u0131l\u0131yor ve daha az toksik oluyor.<\/li>\n<li>Bu kar\u0131\u015f\u0131m (foam tekni\u011fi) normal skleroterapiye g\u00f6re ultrasonografi rehberliginde kolaylikla yap\u0131lab\u0131l\u0131yor.<\/li>\n<li>Kar\u0131\u015fan hava micro foam oldugu i\u00e7in emboli riski yoktur.<br \/>\nBu hava sklerozan ajan\u0131 haz\u0131rlaman\u0131n de\u011fi\u015fik teknikleri vard\u0131r.<\/li>\n<li>Foam tekni\u011finde; mikrofoamlar\u0131n pozitif bas\u0131n\u00e7 etkisinde ince toplardamarlara ve k\u0131lcal damarlar\u0131n duvarlar\u0131na \u00e7ok h\u0131zl\u0131 ve etkili yap\u0131\u015fmas\u0131, etkisinin \u00e7abuk ve efektif olmas\u0131 ve mikrofoamlar\u0131n pozitif etkisi alt\u0131nda \u00e7ok \u00e7ok ince damarlara gitmesi, \u00e7ok ger\u00e7ek ve kal\u0131c\u0131, h\u0131zl\u0131 etki sa\u011flamas\u0131 di\u011fer skleroterapi y\u00f6ntemlerinden fark\u0131d\u0131r.<\/li>\n<\/ol>\n<table align=\"center\">\n<tbody>\n<tr>\n<td><img decoding=\"async\" data-src=\"http:\/\/www.caferabbasoglu.com\/wp-content\/uploads\/2010\/08\/skleroterapi-kopuk-tedavisi.jpg\" alt=\"Skleroterapi K\u00f6p\u00fck Tedavisi\" width=\"525\" height=\"350\" src=\"data:image\/gif;base64,R0lGODlhAQABAAAAACH5BAEKAAEALAAAAAABAAEAAAICTAEAOw==\" class=\"lazyload\" style=\"--smush-placeholder-width: 525px; --smush-placeholder-aspect-ratio: 525\/350;\" \/><\/td>\n<\/tr>\n<tr>\n<td style=\"text-align: center;\">Skleroterapi K\u00f6p\u00fck Tedavisi<\/td>\n<\/tr>\n<tr>\n<td><img decoding=\"async\" class=\"aligncenter lazyload\" data-src=\"http:\/\/www.caferabbasoglu.com\/wp-content\/uploads\/2016\/03\/skleroterapi_resim-kucuk.jpg\" alt=\"skleroterapi\" src=\"data:image\/gif;base64,R0lGODlhAQABAAAAACH5BAEKAAEALAAAAAABAAEAAAICTAEAOw==\" \/><\/td>\n<\/tr>\n<\/tbody>\n<\/table>\n","protected":false},"excerpt":{"rendered":"<p>Foam tekni\u011fi: Skleroterapi varikoz venler ve \u00f6r\u00fcmcek a\u011f\u0131 damarlar\u0131n tedavisinde kullan\u0131lan bir y\u00f6ntemdir. Bu y\u00f6ntemde ince bir i\u011fne damar icine g\u00f6nderilir. Sklerozan ilac damar icine verilir.Skerozan ilaclar damar icinde irritasyiona (\u015fi\u015fmeye) yol a\u00e7ar ve irritasyona sekonder toplar damar kollaps olup kapan\u0131r. Foam tekniginde sklerozan ajan hava ile kar\u0131st\u0131r\u0131l\u0131p damar icine injekte ediliyor bu teknik di\u011fer [&hellip;]<\/p>\n","protected":false},"author":5,"featured_media":0,"parent":0,"menu_order":14,"comment_status":"closed","ping_status":"closed","template":"","meta":{"two_page_speed":[],"footnotes":""},"class_list":["post-31","page","type-page","status-publish","hentry"],"translation":{"provider":"WPGlobus","version":"3.0.0","language":"en","enabled_languages":["tr","en"],"languages":{"tr":{"title":true,"content":true,"excerpt":false},"en":{"title":false,"content":false,"excerpt":false}}},"yoast_head":"<!-- This site is optimized with the Yoast SEO plugin v24.9 - https:\/\/yoast.com\/wordpress\/plugins\/seo\/ -->\n<title>Skleroterapi - Opr.Dr.Cafer Abbaso\u011flu<\/title>\n<meta name=\"robots\" content=\"index, follow, max-snippet:-1, max-image-preview:large, max-video-preview:-1\" \/>\n<link rel=\"canonical\" href=\"https:\/\/www.caferabbasoglu.com\/en\/skleroterapi\/\" \/>\n<meta property=\"og:locale\" content=\"en_US\" \/>\n<meta property=\"og:type\" content=\"article\" \/>\n<meta property=\"og:title\" content=\"Skleroterapi - Opr.Dr.Cafer Abbaso\u011flu\" \/>\n<meta property=\"og:url\" content=\"https:\/\/www.caferabbasoglu.com\/en\/skleroterapi\/\" \/>\n<meta property=\"og:site_name\" content=\"Opr.Dr.Cafer Abbaso\u011flu\" \/>\n<meta property=\"article:modified_time\" content=\"2021-05-11T16:34:52+00:00\" \/>\n<meta property=\"og:image\" content=\"http:\/\/www.caferabbasoglu.com\/wp-content\/uploads\/2016\/03\/kpk_ve_lazer_sonras-kucuk.jpg\" \/>\n<meta name=\"twitter:card\" content=\"summary_large_image\" \/>\n<meta name=\"twitter:label1\" content=\"Est. reading time\" \/>\n\t<meta name=\"twitter:data1\" content=\"2 minutes\" \/>\n<script type=\"application\/ld+json\" class=\"yoast-schema-graph\">{\"@context\":\"https:\/\/schema.org\",\"@graph\":[{\"@type\":\"WebPage\",\"@id\":\"https:\/\/www.caferabbasoglu.com\/en\/skleroterapi\/\",\"url\":\"https:\/\/www.caferabbasoglu.com\/en\/skleroterapi\/\",\"name\":\"Skleroterapi - Opr.Dr.Cafer Abbaso\u011flu\",\"isPartOf\":{\"@id\":\"https:\/\/www.caferabbasoglu.com\/#website\"},\"primaryImageOfPage\":{\"@id\":\"https:\/\/www.caferabbasoglu.com\/en\/skleroterapi\/#primaryimage\"},\"image\":{\"@id\":\"https:\/\/www.caferabbasoglu.com\/en\/skleroterapi\/#primaryimage\"},\"thumbnailUrl\":\"http:\/\/www.caferabbasoglu.com\/wp-content\/uploads\/2016\/03\/kpk_ve_lazer_sonras-kucuk.jpg\",\"datePublished\":\"2010-08-24T09:14:54+00:00\",\"dateModified\":\"2021-05-11T16:34:52+00:00\",\"breadcrumb\":{\"@id\":\"https:\/\/www.caferabbasoglu.com\/en\/skleroterapi\/#breadcrumb\"},\"inLanguage\":\"en-US\",\"potentialAction\":[{\"@type\":\"ReadAction\",\"target\":[\"https:\/\/www.caferabbasoglu.com\/en\/skleroterapi\/\"]}]},{\"@type\":\"ImageObject\",\"inLanguage\":\"en-US\",\"@id\":\"https:\/\/www.caferabbasoglu.com\/en\/skleroterapi\/#primaryimage\",\"url\":\"http:\/\/www.caferabbasoglu.com\/wp-content\/uploads\/2016\/03\/kpk_ve_lazer_sonras-kucuk.jpg\",\"contentUrl\":\"http:\/\/www.caferabbasoglu.com\/wp-content\/uploads\/2016\/03\/kpk_ve_lazer_sonras-kucuk.jpg\"},{\"@type\":\"BreadcrumbList\",\"@id\":\"https:\/\/www.caferabbasoglu.com\/en\/skleroterapi\/#breadcrumb\",\"itemListElement\":[{\"@type\":\"ListItem\",\"position\":1,\"name\":\"Ana Sayfa\",\"item\":\"https:\/\/www.caferabbasoglu.com\/\"},{\"@type\":\"ListItem\",\"position\":2,\"name\":\"Skleroterapi\"}]},{\"@type\":\"WebSite\",\"@id\":\"https:\/\/www.caferabbasoglu.com\/#website\",\"url\":\"https:\/\/www.caferabbasoglu.com\/\",\"name\":\"Opr.Dr.Cafer Abbaso\u011flu\",\"description\":\"Damar Hastal\u0131klar\u0131, Varis ve Diyabet Hakk\u0131nda Bilgiler\",\"publisher\":{\"@id\":\"https:\/\/www.caferabbasoglu.com\/#organization\"},\"potentialAction\":[{\"@type\":\"SearchAction\",\"target\":{\"@type\":\"EntryPoint\",\"urlTemplate\":\"https:\/\/www.caferabbasoglu.com\/?s={search_term_string}\"},\"query-input\":{\"@type\":\"PropertyValueSpecification\",\"valueRequired\":true,\"valueName\":\"search_term_string\"}}],\"inLanguage\":\"en-US\"},{\"@type\":\"Organization\",\"@id\":\"https:\/\/www.caferabbasoglu.com\/#organization\",\"name\":\"Damar Hastal\u0131klar\u0131 ve Varis Tedavileri Merkezi\",\"url\":\"https:\/\/www.caferabbasoglu.com\/\",\"logo\":{\"@type\":\"ImageObject\",\"inLanguage\":\"en-US\",\"@id\":\"https:\/\/www.caferabbasoglu.com\/#\/schema\/logo\/image\/\",\"url\":\"http:\/\/www.caferabbasoglu.com\/wp-content\/uploads\/2010\/08\/imza_eposta.jpg\",\"contentUrl\":\"http:\/\/www.caferabbasoglu.com\/wp-content\/uploads\/2010\/08\/imza_eposta.jpg\",\"width\":640,\"height\":121,\"caption\":\"Damar Hastal\u0131klar\u0131 ve Varis Tedavileri Merkezi\"},\"image\":{\"@id\":\"https:\/\/www.caferabbasoglu.com\/#\/schema\/logo\/image\/\"}}]}<\/script>\n<!-- \/ Yoast SEO plugin. -->","yoast_head_json":{"title":"Skleroterapi - Opr.Dr.Cafer Abbaso\u011flu","robots":{"index":"index","follow":"follow","max-snippet":"max-snippet:-1","max-image-preview":"max-image-preview:large","max-video-preview":"max-video-preview:-1"},"canonical":"https:\/\/www.caferabbasoglu.com\/en\/skleroterapi\/","og_locale":"en_US","og_type":"article","og_title":"Skleroterapi - Opr.Dr.Cafer Abbaso\u011flu","og_url":"https:\/\/www.caferabbasoglu.com\/en\/skleroterapi\/","og_site_name":"Opr.Dr.Cafer Abbaso\u011flu","article_modified_time":"2021-05-11T16:34:52+00:00","og_image":[{"url":"http:\/\/www.caferabbasoglu.com\/wp-content\/uploads\/2016\/03\/kpk_ve_lazer_sonras-kucuk.jpg","type":"","width":"","height":""}],"twitter_card":"summary_large_image","twitter_misc":{"Est. reading time":"2 minutes"},"schema":{"@context":"https:\/\/schema.org","@graph":[{"@type":"WebPage","@id":"https:\/\/www.caferabbasoglu.com\/en\/skleroterapi\/","url":"https:\/\/www.caferabbasoglu.com\/en\/skleroterapi\/","name":"Skleroterapi - Opr.Dr.Cafer Abbaso\u011flu","isPartOf":{"@id":"https:\/\/www.caferabbasoglu.com\/#website"},"primaryImageOfPage":{"@id":"https:\/\/www.caferabbasoglu.com\/en\/skleroterapi\/#primaryimage"},"image":{"@id":"https:\/\/www.caferabbasoglu.com\/en\/skleroterapi\/#primaryimage"},"thumbnailUrl":"http:\/\/www.caferabbasoglu.com\/wp-content\/uploads\/2016\/03\/kpk_ve_lazer_sonras-kucuk.jpg","datePublished":"2010-08-24T09:14:54+00:00","dateModified":"2021-05-11T16:34:52+00:00","breadcrumb":{"@id":"https:\/\/www.caferabbasoglu.com\/en\/skleroterapi\/#breadcrumb"},"inLanguage":"en-US","potentialAction":[{"@type":"ReadAction","target":["https:\/\/www.caferabbasoglu.com\/en\/skleroterapi\/"]}]},{"@type":"ImageObject","inLanguage":"en-US","@id":"https:\/\/www.caferabbasoglu.com\/en\/skleroterapi\/#primaryimage","url":"http:\/\/www.caferabbasoglu.com\/wp-content\/uploads\/2016\/03\/kpk_ve_lazer_sonras-kucuk.jpg","contentUrl":"http:\/\/www.caferabbasoglu.com\/wp-content\/uploads\/2016\/03\/kpk_ve_lazer_sonras-kucuk.jpg"},{"@type":"BreadcrumbList","@id":"https:\/\/www.caferabbasoglu.com\/en\/skleroterapi\/#breadcrumb","itemListElement":[{"@type":"ListItem","position":1,"name":"Ana Sayfa","item":"https:\/\/www.caferabbasoglu.com\/"},{"@type":"ListItem","position":2,"name":"Skleroterapi"}]},{"@type":"WebSite","@id":"https:\/\/www.caferabbasoglu.com\/#website","url":"https:\/\/www.caferabbasoglu.com\/","name":"Opr.Dr.Cafer Abbaso\u011flu","description":"Damar Hastal\u0131klar\u0131, Varis ve Diyabet Hakk\u0131nda Bilgiler","publisher":{"@id":"https:\/\/www.caferabbasoglu.com\/#organization"},"potentialAction":[{"@type":"SearchAction","target":{"@type":"EntryPoint","urlTemplate":"https:\/\/www.caferabbasoglu.com\/?s={search_term_string}"},"query-input":{"@type":"PropertyValueSpecification","valueRequired":true,"valueName":"search_term_string"}}],"inLanguage":"en-US"},{"@type":"Organization","@id":"https:\/\/www.caferabbasoglu.com\/#organization","name":"Damar Hastal\u0131klar\u0131 ve Varis Tedavileri Merkezi","url":"https:\/\/www.caferabbasoglu.com\/","logo":{"@type":"ImageObject","inLanguage":"en-US","@id":"https:\/\/www.caferabbasoglu.com\/#\/schema\/logo\/image\/","url":"http:\/\/www.caferabbasoglu.com\/wp-content\/uploads\/2010\/08\/imza_eposta.jpg","contentUrl":"http:\/\/www.caferabbasoglu.com\/wp-content\/uploads\/2010\/08\/imza_eposta.jpg","width":640,"height":121,"caption":"Damar Hastal\u0131klar\u0131 ve Varis Tedavileri Merkezi"},"image":{"@id":"https:\/\/www.caferabbasoglu.com\/#\/schema\/logo\/image\/"}}]}},"_links":{"self":[{"href":"https:\/\/www.caferabbasoglu.com\/en\/wp-json\/wp\/v2\/pages\/31","targetHints":{"allow":["GET"]}}],"collection":[{"href":"https:\/\/www.caferabbasoglu.com\/en\/wp-json\/wp\/v2\/pages"}],"about":[{"href":"https:\/\/www.caferabbasoglu.com\/en\/wp-json\/wp\/v2\/types\/page"}],"author":[{"embeddable":true,"href":"https:\/\/www.caferabbasoglu.com\/en\/wp-json\/wp\/v2\/users\/5"}],"replies":[{"embeddable":true,"href":"https:\/\/www.caferabbasoglu.com\/en\/wp-json\/wp\/v2\/comments?post=31"}],"version-history":[{"count":29,"href":"https:\/\/www.caferabbasoglu.com\/en\/wp-json\/wp\/v2\/pages\/31\/revisions"}],"predecessor-version":[{"id":663,"href":"https:\/\/www.caferabbasoglu.com\/en\/wp-json\/wp\/v2\/pages\/31\/revisions\/663"}],"wp:attachment":[{"href":"https:\/\/www.caferabbasoglu.com\/en\/wp-json\/wp\/v2\/media?parent=31"}],"curies":[{"name":"wp","href":"https:\/\/api.w.org\/{rel}","templated":true}]}}