{"id":32,"date":"2010-08-24T12:34:12","date_gmt":"2010-08-24T09:34:12","guid":{"rendered":"http:\/\/caferabbasoglu.moldibi.com\/varis-hastalnda-suelueuen-yeri\/"},"modified":"2015-09-20T10:44:40","modified_gmt":"2015-09-20T07:44:40","slug":"varis-hastaliginda-sulugun-yeri","status":"publish","type":"page","link":"https:\/\/www.caferabbasoglu.com\/en\/varis-hastaliginda-sulugun-yeri\/","title":{"rendered":"Varis Hastal\u0131\u011f\u0131nda S\u00fcl\u00fc\u011f\u00fcn Yeri"},"content":{"rendered":"<p><img decoding=\"async\" style=\"--smush-placeholder-width: 170px; --smush-placeholder-aspect-ratio: 170\/124;margin: 0px 5px 0px 0px; float: left; border-width: 0px; padding: 0px;\" data-src=\"\/wp-content\/uploads\/old_site_images\/stories\/suluk_2.jpg\" alt=\"\" width=\"170\" height=\"124\" src=\"data:image\/gif;base64,R0lGODlhAQABAAAAACH5BAEKAAEALAAAAAABAAEAAAICTAEAOw==\" class=\"lazyload\" \/> S\u00fcl\u00fck eskilerden beri baz\u0131 hastal\u0131klar\u0131n tedavisinde kullan\u0131lm\u0131\u015ft\u0131r. Toplar damar yetmezli\u011finde ve varis hastal\u0131\u011f\u0131nda \u00f6zellikle do\u011fuda tedavi amac\u0131yla s\u00fcl\u00fck kullan\u0131lm\u0131\u015ft\u0131r. Asl\u0131nda nas\u0131l tansiyonu y\u00fcksek olan insanlarda kol bas\u0131nc\u0131na bakt\u0131\u011f\u0131m\u0131zda tansiyonu y\u00fcksek g\u00f6r\u00fcr\u00fcz hastaya tuzdan uzak durmas\u0131n\u0131 diyet ve tansiyon d\u00fc\u015f\u00fcr\u00fcc\u00fc ila\u00e7lar tavsiye ederiz. Dolay\u0131s\u0131yla hastan\u0131n tansiyonunu d\u00fc\u015f\u00fcrd\u00fc\u011f\u00fcm\u00fcz zaman \u015fikayetlerini ve y\u00fcksek tansiyonun kalp ve damar sisteminde yarataca\u011f\u0131 problemleri en aza indirmi\u015f oluruz.<\/p>\n<p><img decoding=\"async\" style=\"--smush-placeholder-width: 259px; --smush-placeholder-aspect-ratio: 259\/194;float: right;\" data-src=\"\/wp-content\/uploads\/old_site_images\/stories\/17012011121.jpg\" alt=\"\" width=\"259\" height=\"194\" src=\"data:image\/gif;base64,R0lGODlhAQABAAAAACH5BAEKAAEALAAAAAABAAEAAAICTAEAOw==\" class=\"lazyload\" \/> Bacakta da ilerlemi\u015f varis hastal\u0131\u011f\u0131nda veya toplar damar yetmezli\u011finde bir bas\u0131n\u00e7 ve tansiyon s\u00f6z konusudur. Herhangi bir y\u00f6ntemle bacaktaki toplar damar\u0131n i\u00e7indeki bas\u0131nc\u0131 d\u00fc\u015f\u00fcrd\u00fc\u011f\u00fcm\u00fcz zaman hastan\u0131n baca\u011f\u0131nda olan a\u011fr\u0131, kramp,\u015fi\u015flik, yanma ve huzursuzluk giderilmekte ve azalmaktad\u0131r. Dolay\u0131s\u0131yla s\u00fcl\u00fck kullan\u0131m\u0131nda bacaklarda ilerlemi\u015f varislerde o b\u00f6lgede kan\u0131 emerek ve o b\u00f6lgedeki bas\u0131nc\u0131 azaltmaktad\u0131r.Ve hastan\u0131n \u015fikayetlerinde ge\u00e7ici bir rahatlama olur. Bunuda bilmemiz gerekirki buradaki damar sistemi bir a\u011faca benzer bu a\u011fac\u0131n dallar\u0131ndaki bas\u0131nc\u0131 azalt\u0131yoruz a\u011fa\u00e7 dolay\u0131s\u0131yla damar k\u00f6kl\u00fc oldu\u011fu i\u00e7in k\u00f6kten tekrar k\u0131sa bir s\u00fcre sonra yine dallardaki olan damar i\u00e7lerini tekrar dolduracakt\u0131r ve tekrar hastan\u0131n \u015fikayetleri devam edecektir.Bizler hekim olarak s\u00fcl\u00fck tedavisinin enfeksiyonu nedeni ilede \u00f6nermemekteyiz.<\/p>\n<p><img decoding=\"async\" style=\"--smush-placeholder-width: 200px; --smush-placeholder-aspect-ratio: 200\/267;float: left;\" data-src=\"\/wp-content\/uploads\/old_site_images\/stories\/suluk_3.jpg\" alt=\"suluk_3\" width=\"200\" height=\"267\" src=\"data:image\/gif;base64,R0lGODlhAQABAAAAACH5BAEKAAEALAAAAAABAAEAAAICTAEAOw==\" class=\"lazyload\" \/>Kal\u0131c\u0131 ve kesin t\u0131bbi bir \u00e7\u00f6z\u00fcm aran\u0131yorsa hekimler taraf\u0131ndan uygulanacak d\u00fcnyaca g\u00fcncellenmi\u015f varis hastal\u0131\u011f\u0131nda ve toplar damar hastal\u0131\u011f\u0131nda kullan\u0131lan tedavileri \u00f6nermekteyiz.Bizim varis tedavileri merkezimizde oniki t\u00fcrl\u00fc tedavi se\u00e7eneklerimiz vard\u0131r.Hastaya uygun olan\u0131 \u00f6nermekteyiz ve yakla\u015f\u0131k yirmi y\u0131ld\u0131r bu tedavilerle profosyonel bir \u015fekilde u\u011fra\u015ft\u0131\u011f\u0131m\u0131z i\u00e7in baz\u0131 hastalar\u0131m\u0131zda daha \u00f6nceden s\u00fcl\u00fck kullananlar ve s\u00fcl\u00fc\u011f\u00fcn kan\u0131 emdi\u011fi b\u00f6lgede nekrozlar, siyahl\u0131k, pigmentasyon, infeksiyon ve tekrar varisle\u015fmeler ve problemlerin devam etti\u011fini g\u00f6rmekteyiz. Bunun i\u00e7in hastalar\u0131m\u0131za \u00fclkemizde muhtelif meslekta\u015flar\u0131m\u0131z taraf\u0131ndan ve bizim damar merkezimizde oldu\u011fu gibi tedavi yollar\u0131n\u0131 \u00f6nermekteyiz.<\/p>\n<p>&nbsp;<\/p>\n<p>&nbsp;<\/p>\n<h2>Okmeydan\u0131 Damar Merkezi Varistedavileri Merkezi<\/h2>\n<p>Tel: 0212 320 30 22<br \/>\n<a href=\"http:\/\/www.varistedavileri.com\/\" target=\"_blank\">www.varistedavileri.com<\/a><br \/>\nDr.Cafer Abbaso\u011flu.<\/p>\n","protected":false},"excerpt":{"rendered":"<p>S\u00fcl\u00fck eskilerden beri baz\u0131 hastal\u0131klar\u0131n tedavisinde kullan\u0131lm\u0131\u015ft\u0131r. Toplar damar yetmezli\u011finde ve varis hastal\u0131\u011f\u0131nda \u00f6zellikle do\u011fuda tedavi amac\u0131yla s\u00fcl\u00fck kullan\u0131lm\u0131\u015ft\u0131r. Asl\u0131nda nas\u0131l tansiyonu y\u00fcksek olan insanlarda kol bas\u0131nc\u0131na bakt\u0131\u011f\u0131m\u0131zda tansiyonu y\u00fcksek g\u00f6r\u00fcr\u00fcz hastaya tuzdan uzak durmas\u0131n\u0131 diyet ve tansiyon d\u00fc\u015f\u00fcr\u00fcc\u00fc ila\u00e7lar tavsiye ederiz. Dolay\u0131s\u0131yla hastan\u0131n tansiyonunu d\u00fc\u015f\u00fcrd\u00fc\u011f\u00fcm\u00fcz zaman \u015fikayetlerini ve y\u00fcksek tansiyonun kalp ve damar sisteminde [&hellip;]<\/p>\n","protected":false},"author":5,"featured_media":0,"parent":0,"menu_order":13,"comment_status":"closed","ping_status":"closed","template":"","meta":{"two_page_speed":[],"footnotes":""},"class_list":["post-32","page","type-page","status-publish","hentry"],"translation":{"provider":"WPGlobus","version":"3.0.0","language":"en","enabled_languages":["tr","en"],"languages":{"tr":{"title":true,"content":true,"excerpt":false},"en":{"title":false,"content":false,"excerpt":false}}},"yoast_head":"<!-- This site is optimized with the Yoast SEO plugin v24.9 - https:\/\/yoast.com\/wordpress\/plugins\/seo\/ -->\n<title>Varis Hastal\u0131\u011f\u0131nda S\u00fcl\u00fc\u011f\u00fcn Yeri - Opr.Dr.Cafer Abbaso\u011flu<\/title>\n<meta name=\"robots\" content=\"index, follow, max-snippet:-1, max-image-preview:large, max-video-preview:-1\" \/>\n<link rel=\"canonical\" href=\"https:\/\/www.caferabbasoglu.com\/en\/varis-hastaliginda-sulugun-yeri\/\" \/>\n<meta property=\"og:locale\" content=\"en_US\" \/>\n<meta property=\"og:type\" content=\"article\" \/>\n<meta property=\"og:title\" content=\"Varis Hastal\u0131\u011f\u0131nda S\u00fcl\u00fc\u011f\u00fcn Yeri - Opr.Dr.Cafer Abbaso\u011flu\" \/>\n<meta property=\"og:url\" content=\"https:\/\/www.caferabbasoglu.com\/en\/varis-hastaliginda-sulugun-yeri\/\" \/>\n<meta property=\"og:site_name\" content=\"Opr.Dr.Cafer Abbaso\u011flu\" \/>\n<meta property=\"article:modified_time\" content=\"2015-09-20T07:44:40+00:00\" \/>\n<meta name=\"twitter:card\" content=\"summary_large_image\" \/>\n<meta name=\"twitter:label1\" content=\"Est. reading time\" \/>\n\t<meta name=\"twitter:data1\" content=\"2 minutes\" \/>\n<script type=\"application\/ld+json\" class=\"yoast-schema-graph\">{\"@context\":\"https:\/\/schema.org\",\"@graph\":[{\"@type\":\"WebPage\",\"@id\":\"https:\/\/www.caferabbasoglu.com\/en\/varis-hastaliginda-sulugun-yeri\/\",\"url\":\"https:\/\/www.caferabbasoglu.com\/en\/varis-hastaliginda-sulugun-yeri\/\",\"name\":\"Varis Hastal\u0131\u011f\u0131nda S\u00fcl\u00fc\u011f\u00fcn Yeri - Opr.Dr.Cafer Abbaso\u011flu\",\"isPartOf\":{\"@id\":\"https:\/\/www.caferabbasoglu.com\/#website\"},\"datePublished\":\"2010-08-24T09:34:12+00:00\",\"dateModified\":\"2015-09-20T07:44:40+00:00\",\"breadcrumb\":{\"@id\":\"https:\/\/www.caferabbasoglu.com\/en\/varis-hastaliginda-sulugun-yeri\/#breadcrumb\"},\"inLanguage\":\"en-US\",\"potentialAction\":[{\"@type\":\"ReadAction\",\"target\":[\"https:\/\/www.caferabbasoglu.com\/en\/varis-hastaliginda-sulugun-yeri\/\"]}]},{\"@type\":\"BreadcrumbList\",\"@id\":\"https:\/\/www.caferabbasoglu.com\/en\/varis-hastaliginda-sulugun-yeri\/#breadcrumb\",\"itemListElement\":[{\"@type\":\"ListItem\",\"position\":1,\"name\":\"Ana Sayfa\",\"item\":\"https:\/\/www.caferabbasoglu.com\/\"},{\"@type\":\"ListItem\",\"position\":2,\"name\":\"Varis Hastal\u0131\u011f\u0131nda S\u00fcl\u00fc\u011f\u00fcn Yeri\"}]},{\"@type\":\"WebSite\",\"@id\":\"https:\/\/www.caferabbasoglu.com\/#website\",\"url\":\"https:\/\/www.caferabbasoglu.com\/\",\"name\":\"Opr.Dr.Cafer Abbaso\u011flu\",\"description\":\"Damar Hastal\u0131klar\u0131, Varis ve Diyabet Hakk\u0131nda Bilgiler\",\"publisher\":{\"@id\":\"https:\/\/www.caferabbasoglu.com\/#organization\"},\"potentialAction\":[{\"@type\":\"SearchAction\",\"target\":{\"@type\":\"EntryPoint\",\"urlTemplate\":\"https:\/\/www.caferabbasoglu.com\/?s={search_term_string}\"},\"query-input\":{\"@type\":\"PropertyValueSpecification\",\"valueRequired\":true,\"valueName\":\"search_term_string\"}}],\"inLanguage\":\"en-US\"},{\"@type\":\"Organization\",\"@id\":\"https:\/\/www.caferabbasoglu.com\/#organization\",\"name\":\"Damar Hastal\u0131klar\u0131 ve Varis Tedavileri Merkezi\",\"url\":\"https:\/\/www.caferabbasoglu.com\/\",\"logo\":{\"@type\":\"ImageObject\",\"inLanguage\":\"en-US\",\"@id\":\"https:\/\/www.caferabbasoglu.com\/#\/schema\/logo\/image\/\",\"url\":\"http:\/\/www.caferabbasoglu.com\/wp-content\/uploads\/2010\/08\/imza_eposta.jpg\",\"contentUrl\":\"http:\/\/www.caferabbasoglu.com\/wp-content\/uploads\/2010\/08\/imza_eposta.jpg\",\"width\":640,\"height\":121,\"caption\":\"Damar Hastal\u0131klar\u0131 ve Varis Tedavileri Merkezi\"},\"image\":{\"@id\":\"https:\/\/www.caferabbasoglu.com\/#\/schema\/logo\/image\/\"}}]}<\/script>\n<!-- \/ Yoast SEO plugin. -->","yoast_head_json":{"title":"Varis Hastal\u0131\u011f\u0131nda S\u00fcl\u00fc\u011f\u00fcn Yeri - Opr.Dr.Cafer Abbaso\u011flu","robots":{"index":"index","follow":"follow","max-snippet":"max-snippet:-1","max-image-preview":"max-image-preview:large","max-video-preview":"max-video-preview:-1"},"canonical":"https:\/\/www.caferabbasoglu.com\/en\/varis-hastaliginda-sulugun-yeri\/","og_locale":"en_US","og_type":"article","og_title":"Varis Hastal\u0131\u011f\u0131nda S\u00fcl\u00fc\u011f\u00fcn Yeri - Opr.Dr.Cafer Abbaso\u011flu","og_url":"https:\/\/www.caferabbasoglu.com\/en\/varis-hastaliginda-sulugun-yeri\/","og_site_name":"Opr.Dr.Cafer Abbaso\u011flu","article_modified_time":"2015-09-20T07:44:40+00:00","twitter_card":"summary_large_image","twitter_misc":{"Est. reading time":"2 minutes"},"schema":{"@context":"https:\/\/schema.org","@graph":[{"@type":"WebPage","@id":"https:\/\/www.caferabbasoglu.com\/en\/varis-hastaliginda-sulugun-yeri\/","url":"https:\/\/www.caferabbasoglu.com\/en\/varis-hastaliginda-sulugun-yeri\/","name":"Varis Hastal\u0131\u011f\u0131nda S\u00fcl\u00fc\u011f\u00fcn Yeri - Opr.Dr.Cafer Abbaso\u011flu","isPartOf":{"@id":"https:\/\/www.caferabbasoglu.com\/#website"},"datePublished":"2010-08-24T09:34:12+00:00","dateModified":"2015-09-20T07:44:40+00:00","breadcrumb":{"@id":"https:\/\/www.caferabbasoglu.com\/en\/varis-hastaliginda-sulugun-yeri\/#breadcrumb"},"inLanguage":"en-US","potentialAction":[{"@type":"ReadAction","target":["https:\/\/www.caferabbasoglu.com\/en\/varis-hastaliginda-sulugun-yeri\/"]}]},{"@type":"BreadcrumbList","@id":"https:\/\/www.caferabbasoglu.com\/en\/varis-hastaliginda-sulugun-yeri\/#breadcrumb","itemListElement":[{"@type":"ListItem","position":1,"name":"Ana Sayfa","item":"https:\/\/www.caferabbasoglu.com\/"},{"@type":"ListItem","position":2,"name":"Varis Hastal\u0131\u011f\u0131nda S\u00fcl\u00fc\u011f\u00fcn Yeri"}]},{"@type":"WebSite","@id":"https:\/\/www.caferabbasoglu.com\/#website","url":"https:\/\/www.caferabbasoglu.com\/","name":"Opr.Dr.Cafer Abbaso\u011flu","description":"Damar Hastal\u0131klar\u0131, Varis ve Diyabet Hakk\u0131nda Bilgiler","publisher":{"@id":"https:\/\/www.caferabbasoglu.com\/#organization"},"potentialAction":[{"@type":"SearchAction","target":{"@type":"EntryPoint","urlTemplate":"https:\/\/www.caferabbasoglu.com\/?s={search_term_string}"},"query-input":{"@type":"PropertyValueSpecification","valueRequired":true,"valueName":"search_term_string"}}],"inLanguage":"en-US"},{"@type":"Organization","@id":"https:\/\/www.caferabbasoglu.com\/#organization","name":"Damar Hastal\u0131klar\u0131 ve Varis Tedavileri Merkezi","url":"https:\/\/www.caferabbasoglu.com\/","logo":{"@type":"ImageObject","inLanguage":"en-US","@id":"https:\/\/www.caferabbasoglu.com\/#\/schema\/logo\/image\/","url":"http:\/\/www.caferabbasoglu.com\/wp-content\/uploads\/2010\/08\/imza_eposta.jpg","contentUrl":"http:\/\/www.caferabbasoglu.com\/wp-content\/uploads\/2010\/08\/imza_eposta.jpg","width":640,"height":121,"caption":"Damar Hastal\u0131klar\u0131 ve Varis Tedavileri Merkezi"},"image":{"@id":"https:\/\/www.caferabbasoglu.com\/#\/schema\/logo\/image\/"}}]}},"_links":{"self":[{"href":"https:\/\/www.caferabbasoglu.com\/en\/wp-json\/wp\/v2\/pages\/32","targetHints":{"allow":["GET"]}}],"collection":[{"href":"https:\/\/www.caferabbasoglu.com\/en\/wp-json\/wp\/v2\/pages"}],"about":[{"href":"https:\/\/www.caferabbasoglu.com\/en\/wp-json\/wp\/v2\/types\/page"}],"author":[{"embeddable":true,"href":"https:\/\/www.caferabbasoglu.com\/en\/wp-json\/wp\/v2\/users\/5"}],"replies":[{"embeddable":true,"href":"https:\/\/www.caferabbasoglu.com\/en\/wp-json\/wp\/v2\/comments?post=32"}],"version-history":[{"count":0,"href":"https:\/\/www.caferabbasoglu.com\/en\/wp-json\/wp\/v2\/pages\/32\/revisions"}],"wp:attachment":[{"href":"https:\/\/www.caferabbasoglu.com\/en\/wp-json\/wp\/v2\/media?parent=32"}],"curies":[{"name":"wp","href":"https:\/\/api.w.org\/{rel}","templated":true}]}}