{"id":33,"date":"2010-10-15T16:19:31","date_gmt":"2010-10-15T13:19:31","guid":{"rendered":"http:\/\/caferabbasoglu.moldibi.com\/skleroterapi-ile-seluelit-tedavisi\/"},"modified":"2015-09-20T12:13:00","modified_gmt":"2015-09-20T09:13:00","slug":"skleroterapi-ile-selulit-tedavisi","status":"publish","type":"page","link":"https:\/\/www.caferabbasoglu.com\/en\/skleroterapi-ile-selulit-tedavisi\/","title":{"rendered":"Skleroterapi  ile Sel\u00fclit Tedavisi"},"content":{"rendered":"<p><img decoding=\"async\" style=\"--smush-placeholder-width: 133px; --smush-placeholder-aspect-ratio: 133\/155;margin-bottom: 2px; float: left; margin-right: 5px;\" data-src=\"\/wp-content\/uploads\/old_site_images\/stories\/skleroterapi__sonras_kontrol-kucuk.jpg\" alt=\"Skleroterapi sonras\u0131 kontrol\" width=\"133\" height=\"155\" src=\"data:image\/gif;base64,R0lGODlhAQABAAAAACH5BAEKAAEALAAAAAABAAEAAAICTAEAOw==\" class=\"lazyload\" \/>Gencinden ya\u015fl\u0131s\u0131na , en zay\u0131f\u0131ndan, en \u015fi\u015fman\u0131na neredeyse b\u00fct\u00fcn kad\u0131nlar\u0131n de\u011fi\u015fmeyen kabusu sel\u00fclit ,zahmetsiz bir tedavi y\u00f6ntemi olan skleroterapi ile inan\u0131lmaz bir \u015fekilde tamamen yok oluyor.<\/p>\n<p>Sel\u00fclitle tan\u0131\u015fmayan veya sel\u00fclitlerinden kurtulabilmek i\u00e7in t\u00fcm \u00e7areleri denemeyen kad\u0131n neredeyse yok denecek kadar az. Ancak \u00e7\u00f6z\u00fcm olur \u00fcmidiyle farkl\u0131 yollar deneyen fakat bekledi\u011fi sonucu elde edemeyen bayanlar\u0131n sel\u00fclitle ilgili tedavilere inanc\u0131 g\u00fcn ge\u00e7tik\u00e7e azalmakta. \u00d6yle ki sel\u00fclit problemlerinden dolay\u0131 giyim tarzlar\u0131n\u0131 de\u011fi\u015ftirmeyi bile bir \u00e7\u00f6z\u00fcm gibi g\u00f6rmekte , psikolojik a\u00e7\u0131dan s\u0131k\u0131nt\u0131lar ya\u015fayacak derecede olaydan rahats\u0131zl\u0131k duymaktalar.<\/p>\n<p>Oysa varis tedavilerinde kullan\u0131lan \u201cskleroterapi\u201d(k\u00f6p\u00fck) tedavisi ile sel\u00fcliter tamamen ortadan kalkmakta b\u00f6ylece bayanlar p\u00fcr\u00fczs\u00fcz bir ciltle kendilerini yeniden do\u011fmu\u015f gibi hissetmektedirler.Sel\u00fclit sadece estetik bir sorun olarak alg\u0131lanmamal\u0131 bu durumun \u00f6ncelikle sa\u011fl\u0131k a\u00e7\u0131s\u0131ndan olu\u015fturaca\u011f\u0131 s\u0131k\u0131nt\u0131lar da g\u00f6z \u00f6n\u00fcne al\u0131narak uzman hekimler ile hareket edilerek \u00e7are aranmal\u0131d\u0131r.<\/p>\n<h3>Sel\u00fclit ve skleroterapi:<\/h3>\n<p>Derinin alt tabakas\u0131nda ya\u011f dokusunun hemen etraf\u0131nda meydana gelen sel\u00fclitler, derinin \u00fcst b\u00f6l\u00fcm\u00fcnde p\u00fct\u00fcr p\u00fct\u00fcr portakal kabu\u011fu dedi\u011fimiz g\u00f6r\u00fcnt\u00fcye sebep olurlar. Geni\u015fleyen ya\u011f h\u00fccrelerinden \u00f6t\u00fcr\u00fc v\u00fccutta fazla su tutulmaya ba\u015flar, dola\u015f\u0131m zay\u0131flar; dolay\u0131s\u0131yla dokulara daha az oksijen gidince dokular elastikiyetini kaybeder ve cilt \u00fcst\u00fcnde p\u00fct\u00fcrl\u00fc bir g\u00f6r\u00fcn\u00fcm yani sel\u00fclit meydana gelir.<\/p>\n<table style=\"width: 500px;\" border=\"0\" cellspacing=\"1\" cellpadding=\"1\">\n<tbody>\n<tr>\n<td><img decoding=\"async\" width=\"194\" height=\"316\" class=\"size-full wp-image-3 lazyload\" data-src=\"\/wp-content\/uploads\/images\/selulit\/1.jpg\" alt=\"\" src=\"data:image\/gif;base64,R0lGODlhAQABAAAAACH5BAEKAAEALAAAAAABAAEAAAICTAEAOw==\" style=\"--smush-placeholder-width: 194px; --smush-placeholder-aspect-ratio: 194\/316;\" \/><\/td>\n<td><img decoding=\"async\" width=\"194\" height=\"259\" class=\"size-full wp-image-5 lazyload\" data-src=\"\/wp-content\/uploads\/images\/selulit\/2.jpg\" alt=\"\" src=\"data:image\/gif;base64,R0lGODlhAQABAAAAACH5BAEKAAEALAAAAAABAAEAAAICTAEAOw==\" style=\"--smush-placeholder-width: 194px; --smush-placeholder-aspect-ratio: 194\/259;\" \/><\/td>\n<\/tr>\n<\/tbody>\n<\/table>\n<p>Bu a\u00e7\u0131klamadan da anla\u015f\u0131laca\u011f\u0131 \u00fczere sel\u00fclit asl\u0131nda bir sa\u011fl\u0131k sorunu olup, \u00e7\u00f6z\u00fcm\u00fc ise yine sa\u011fl\u0131k kurallar\u0131 \u00e7er\u00e7evesinde ele al\u0131nmal\u0131 ve uygulamalar bu do\u011frultuda yap\u0131lmal\u0131d\u0131r.<\/p>\n<p>Yanl\u0131\u015f \u00e7\u00f6z\u00fcmlere y\u00f6nelenlerin yan\u0131s\u0131ra, bilin\u00e7li bir \u015fekilde hekim arac\u0131l\u0131\u011f\u0131yla sel\u00fclit sorununu \u00e7\u00f6zenlerin say\u0131s\u0131 g\u00fcn ge\u00e7tik\u00e7e \u00e7o\u011falmaktad\u0131r.<\/p>\n<h3>Skleroterapinin sel\u00fclitler \u00fczerindeki etkisi:<\/h3>\n<p>\u201dSkleroterapi, sklerozan veya k\u00f6p\u00fck denilen baz\u0131 b\u00fcz\u00fc\u015ft\u00fcr\u00fcc\u00fc ila\u00e7lar damar i\u00e7ine verilerek, damarlarda b\u00fcz\u00fc\u015fme yap\u0131p kapanmas\u0131n\u0131 sa\u011flayan bir y\u00f6ntemdir. Bu maddelerin damar i\u00e7ine verilmesi neticesinde o b\u00f6lgedeki cilt alt\u0131 dokusundaki sel\u00fclitler ortadan kalkmaktad\u0131r. K\u00f6p\u00fckl\u00fc ince k\u0131lcal damar tedavisinde sklerozan maddenin se\u00e7imi hastan\u0131n cilt tipine, inceli\u011fine ve hormonal durumuna g\u00f6re de\u011fi\u015fmektedir.<\/p>\n<p>Yap\u0131lan uygulama sonras\u0131nda giyilmesi \u00f6nerilen k\u00fclotlu varis \u00e7oraplar\u0131 s\u0131v\u0131n\u0131n bir m\u00fcddet daha damarlar\u0131n i\u00e7inde kalarak etkisinin artmas\u0131na yard\u0131mc\u0131 olmaktad\u0131r. Ayr\u0131ca giydirilen \u00e7oraplar\u0131n dokusundaki maddeler y\u00fcr\u00fcme esnas\u0131nda cilt ve cilt alt\u0131na etki ederekhafif bir s\u0131cakl\u0131k olu\u015fturmakta ve bu sayede ya\u011fl\u0131 dokuyu eriterek, sel\u00fclitleri yok etmektedir.<\/p>\n<p>\u00d6zetle tekrar edersek sel\u00fclit tedavisii i\u00e7in uygulanan skleroterapide hastan\u0131n cilt tan\u0131m\u0131na g\u00f6re kullan\u0131lacak sklerozan madde se\u00e7ilir.<\/p>\n<p>Sklerozan maddenin yan\u0131nda hipertonik sol\u00fcsyon ve konsantrasyonlu sol\u00fcsyon \u00f6rne\u011fin %20 dekstroz kar\u0131\u015ft\u0131rarak verilir. \u0130nce k\u0131lcal ve \u00f6r\u00fcmcek a\u011f\u0131 damarlara \u00f6zellikle \u00fcst bald\u0131rlar esas al\u0131narak bu kar\u0131\u015f\u0131m\u0131n verilmesiyle sol\u00fcsyonlar damar \u00e7eperlerinden \u00e7evre dokuya etki ederek sel\u00fclitli b\u00f6lgeler taraf\u0131ndan emilir.<\/p>\n<p><img decoding=\"async\" width=\"194\" height=\"293\" class=\"alignleft size-full wp-image-25 lazyload\" style=\"--smush-placeholder-width: 194px; --smush-placeholder-aspect-ratio: 194\/293;float: left;\" data-src=\"\/wp-content\/uploads\/images\/selulit\/3.jpg\" alt=\"\" src=\"data:image\/gif;base64,R0lGODlhAQABAAAAACH5BAEKAAEALAAAAAABAAEAAAICTAEAOw==\" \/> \u0130\u015flem sonras\u0131nda ultrason doppler tetkikiyle bas\u0131n\u00e7 \u00f6l\u00e7\u00fcm\u00fc yap\u0131l\u0131r. Hastaya \u00e7inko emdirilmi\u015f \u00f6deme kar\u015f\u0131 etkili k\u00fclotlu \u00e7orap giydirilir. Hastan\u0131n hareketi esnas\u0131nda \u00e7orab\u0131n cilde temas\u0131 tedavi edilen b\u00f6lgede hafif enerji sa\u011flayarak sel\u00fclitli b\u00f6lgeye bask\u0131 yapar ve \u00f6dem yani sel\u00fclitlerin \u00e7\u00f6z\u00fclmesi ger\u00e7ekle\u015fmi\u015f olur.<\/p>\n<p>Bir defaya mahsus ger\u00e7ekle\u015fen bu tedavide, kullan\u0131lan sol\u00fcsyonlar sayesinde ciltte herhangi bir iz kalmadan, hi\u00e7bir yan etki olu\u015fmadan sel\u00fclitler yok olur.<\/p>\n<p>K\u00f6p\u00fck tedavisi uygulanan hastalar\u0131n bir \u00e7o\u011fu sel\u00fclit sorunlar\u0131ndan kurtulabilmek i\u00e7in kozmetik \u00fcr\u00fcnlerden, beslenme ve diyet uygulamalar\u0131na kadar deneyebilecekleri bir\u00e7ok yolu denediklerini ancak sa\u011fl\u0131kl\u0131 bir neticeye kavu\u015famad\u0131klar\u0131n\u0131 \u00fcz\u00fclerek belirtiyorlar. \u0130\u015fte \u00fcmitlerin kaybolmaya y\u00fcz tuttu\u011fu bu a\u015famada skleroterapi ile p\u00fcr\u00fczs\u00fcz ve sa\u011fl\u0131kl\u0131 bir cilde h\u0131zla kavu\u015fan hastalar hemcinslerine \u00e7ok ge\u00e7 olmadan skleroterapi tedavisini tavsiye ediyorlar. Eskisi gibi sa\u011fl\u0131kl\u0131 g\u00f6r\u00fcn\u00fcme kavu\u015fan bayanlar daha bir kendine g\u00fcvenen, mutlu bireyler halini al\u0131yorlar.<\/p>\n","protected":false},"excerpt":{"rendered":"<p>Gencinden ya\u015fl\u0131s\u0131na , en zay\u0131f\u0131ndan, en \u015fi\u015fman\u0131na neredeyse b\u00fct\u00fcn kad\u0131nlar\u0131n de\u011fi\u015fmeyen kabusu sel\u00fclit ,zahmetsiz bir tedavi y\u00f6ntemi olan skleroterapi ile inan\u0131lmaz bir \u015fekilde tamamen yok oluyor. Sel\u00fclitle tan\u0131\u015fmayan veya sel\u00fclitlerinden kurtulabilmek i\u00e7in t\u00fcm \u00e7areleri denemeyen kad\u0131n neredeyse yok denecek kadar az. Ancak \u00e7\u00f6z\u00fcm olur \u00fcmidiyle farkl\u0131 yollar deneyen fakat bekledi\u011fi sonucu elde edemeyen bayanlar\u0131n sel\u00fclitle [&hellip;]<\/p>\n","protected":false},"author":5,"featured_media":0,"parent":0,"menu_order":12,"comment_status":"closed","ping_status":"closed","template":"","meta":{"two_page_speed":[],"footnotes":""},"class_list":["post-33","page","type-page","status-publish","hentry"],"translation":{"provider":"WPGlobus","version":"3.0.0","language":"en","enabled_languages":["tr","en"],"languages":{"tr":{"title":true,"content":true,"excerpt":false},"en":{"title":false,"content":false,"excerpt":false}}},"yoast_head":"<!-- This site is optimized with the Yoast SEO plugin v24.9 - https:\/\/yoast.com\/wordpress\/plugins\/seo\/ -->\n<title>Skleroterapi ile Sel\u00fclit Tedavisi - Opr.Dr.Cafer Abbaso\u011flu<\/title>\n<meta name=\"robots\" content=\"index, follow, max-snippet:-1, max-image-preview:large, max-video-preview:-1\" \/>\n<link rel=\"canonical\" href=\"https:\/\/www.caferabbasoglu.com\/skleroterapi-ile-selulit-tedavisi\/\" \/>\n<meta property=\"og:locale\" content=\"en_US\" \/>\n<meta property=\"og:type\" content=\"article\" \/>\n<meta property=\"og:title\" content=\"Skleroterapi ile Sel\u00fclit Tedavisi - Opr.Dr.Cafer Abbaso\u011flu\" \/>\n<meta property=\"og:url\" content=\"https:\/\/www.caferabbasoglu.com\/skleroterapi-ile-selulit-tedavisi\/\" \/>\n<meta property=\"og:site_name\" content=\"Opr.Dr.Cafer Abbaso\u011flu\" \/>\n<meta property=\"article:modified_time\" content=\"2015-09-20T09:13:00+00:00\" \/>\n<meta name=\"twitter:card\" content=\"summary_large_image\" \/>\n<meta name=\"twitter:label1\" content=\"Est. reading time\" \/>\n\t<meta name=\"twitter:data1\" content=\"4 minutes\" \/>\n<script type=\"application\/ld+json\" class=\"yoast-schema-graph\">{\"@context\":\"https:\/\/schema.org\",\"@graph\":[{\"@type\":\"WebPage\",\"@id\":\"https:\/\/www.caferabbasoglu.com\/skleroterapi-ile-selulit-tedavisi\/\",\"url\":\"https:\/\/www.caferabbasoglu.com\/skleroterapi-ile-selulit-tedavisi\/\",\"name\":\"Skleroterapi ile Sel\u00fclit Tedavisi - Opr.Dr.Cafer Abbaso\u011flu\",\"isPartOf\":{\"@id\":\"https:\/\/www.caferabbasoglu.com\/#website\"},\"datePublished\":\"2010-10-15T13:19:31+00:00\",\"dateModified\":\"2015-09-20T09:13:00+00:00\",\"breadcrumb\":{\"@id\":\"https:\/\/www.caferabbasoglu.com\/skleroterapi-ile-selulit-tedavisi\/#breadcrumb\"},\"inLanguage\":\"en-US\",\"potentialAction\":[{\"@type\":\"ReadAction\",\"target\":[\"https:\/\/www.caferabbasoglu.com\/skleroterapi-ile-selulit-tedavisi\/\"]}]},{\"@type\":\"BreadcrumbList\",\"@id\":\"https:\/\/www.caferabbasoglu.com\/skleroterapi-ile-selulit-tedavisi\/#breadcrumb\",\"itemListElement\":[{\"@type\":\"ListItem\",\"position\":1,\"name\":\"Ana Sayfa\",\"item\":\"https:\/\/www.caferabbasoglu.com\/\"},{\"@type\":\"ListItem\",\"position\":2,\"name\":\"Skleroterapi ile Sel\u00fclit Tedavisi\"}]},{\"@type\":\"WebSite\",\"@id\":\"https:\/\/www.caferabbasoglu.com\/#website\",\"url\":\"https:\/\/www.caferabbasoglu.com\/\",\"name\":\"Opr.Dr.Cafer Abbaso\u011flu\",\"description\":\"Damar Hastal\u0131klar\u0131, Varis ve Diyabet Hakk\u0131nda Bilgiler\",\"publisher\":{\"@id\":\"https:\/\/www.caferabbasoglu.com\/#organization\"},\"potentialAction\":[{\"@type\":\"SearchAction\",\"target\":{\"@type\":\"EntryPoint\",\"urlTemplate\":\"https:\/\/www.caferabbasoglu.com\/?s={search_term_string}\"},\"query-input\":{\"@type\":\"PropertyValueSpecification\",\"valueRequired\":true,\"valueName\":\"search_term_string\"}}],\"inLanguage\":\"en-US\"},{\"@type\":\"Organization\",\"@id\":\"https:\/\/www.caferabbasoglu.com\/#organization\",\"name\":\"Damar Hastal\u0131klar\u0131 ve Varis Tedavileri Merkezi\",\"url\":\"https:\/\/www.caferabbasoglu.com\/\",\"logo\":{\"@type\":\"ImageObject\",\"inLanguage\":\"en-US\",\"@id\":\"https:\/\/www.caferabbasoglu.com\/#\/schema\/logo\/image\/\",\"url\":\"http:\/\/www.caferabbasoglu.com\/wp-content\/uploads\/2010\/08\/imza_eposta.jpg\",\"contentUrl\":\"http:\/\/www.caferabbasoglu.com\/wp-content\/uploads\/2010\/08\/imza_eposta.jpg\",\"width\":640,\"height\":121,\"caption\":\"Damar Hastal\u0131klar\u0131 ve Varis Tedavileri Merkezi\"},\"image\":{\"@id\":\"https:\/\/www.caferabbasoglu.com\/#\/schema\/logo\/image\/\"}}]}<\/script>\n<!-- \/ Yoast SEO plugin. -->","yoast_head_json":{"title":"Skleroterapi ile Sel\u00fclit Tedavisi - Opr.Dr.Cafer Abbaso\u011flu","robots":{"index":"index","follow":"follow","max-snippet":"max-snippet:-1","max-image-preview":"max-image-preview:large","max-video-preview":"max-video-preview:-1"},"canonical":"https:\/\/www.caferabbasoglu.com\/skleroterapi-ile-selulit-tedavisi\/","og_locale":"en_US","og_type":"article","og_title":"Skleroterapi ile Sel\u00fclit Tedavisi - Opr.Dr.Cafer Abbaso\u011flu","og_url":"https:\/\/www.caferabbasoglu.com\/skleroterapi-ile-selulit-tedavisi\/","og_site_name":"Opr.Dr.Cafer Abbaso\u011flu","article_modified_time":"2015-09-20T09:13:00+00:00","twitter_card":"summary_large_image","twitter_misc":{"Est. reading time":"4 minutes"},"schema":{"@context":"https:\/\/schema.org","@graph":[{"@type":"WebPage","@id":"https:\/\/www.caferabbasoglu.com\/skleroterapi-ile-selulit-tedavisi\/","url":"https:\/\/www.caferabbasoglu.com\/skleroterapi-ile-selulit-tedavisi\/","name":"Skleroterapi ile Sel\u00fclit Tedavisi - Opr.Dr.Cafer Abbaso\u011flu","isPartOf":{"@id":"https:\/\/www.caferabbasoglu.com\/#website"},"datePublished":"2010-10-15T13:19:31+00:00","dateModified":"2015-09-20T09:13:00+00:00","breadcrumb":{"@id":"https:\/\/www.caferabbasoglu.com\/skleroterapi-ile-selulit-tedavisi\/#breadcrumb"},"inLanguage":"en-US","potentialAction":[{"@type":"ReadAction","target":["https:\/\/www.caferabbasoglu.com\/skleroterapi-ile-selulit-tedavisi\/"]}]},{"@type":"BreadcrumbList","@id":"https:\/\/www.caferabbasoglu.com\/skleroterapi-ile-selulit-tedavisi\/#breadcrumb","itemListElement":[{"@type":"ListItem","position":1,"name":"Ana Sayfa","item":"https:\/\/www.caferabbasoglu.com\/"},{"@type":"ListItem","position":2,"name":"Skleroterapi ile Sel\u00fclit Tedavisi"}]},{"@type":"WebSite","@id":"https:\/\/www.caferabbasoglu.com\/#website","url":"https:\/\/www.caferabbasoglu.com\/","name":"Opr.Dr.Cafer Abbaso\u011flu","description":"Damar Hastal\u0131klar\u0131, Varis ve Diyabet Hakk\u0131nda Bilgiler","publisher":{"@id":"https:\/\/www.caferabbasoglu.com\/#organization"},"potentialAction":[{"@type":"SearchAction","target":{"@type":"EntryPoint","urlTemplate":"https:\/\/www.caferabbasoglu.com\/?s={search_term_string}"},"query-input":{"@type":"PropertyValueSpecification","valueRequired":true,"valueName":"search_term_string"}}],"inLanguage":"en-US"},{"@type":"Organization","@id":"https:\/\/www.caferabbasoglu.com\/#organization","name":"Damar Hastal\u0131klar\u0131 ve Varis Tedavileri Merkezi","url":"https:\/\/www.caferabbasoglu.com\/","logo":{"@type":"ImageObject","inLanguage":"en-US","@id":"https:\/\/www.caferabbasoglu.com\/#\/schema\/logo\/image\/","url":"http:\/\/www.caferabbasoglu.com\/wp-content\/uploads\/2010\/08\/imza_eposta.jpg","contentUrl":"http:\/\/www.caferabbasoglu.com\/wp-content\/uploads\/2010\/08\/imza_eposta.jpg","width":640,"height":121,"caption":"Damar Hastal\u0131klar\u0131 ve Varis Tedavileri Merkezi"},"image":{"@id":"https:\/\/www.caferabbasoglu.com\/#\/schema\/logo\/image\/"}}]}},"_links":{"self":[{"href":"https:\/\/www.caferabbasoglu.com\/en\/wp-json\/wp\/v2\/pages\/33","targetHints":{"allow":["GET"]}}],"collection":[{"href":"https:\/\/www.caferabbasoglu.com\/en\/wp-json\/wp\/v2\/pages"}],"about":[{"href":"https:\/\/www.caferabbasoglu.com\/en\/wp-json\/wp\/v2\/types\/page"}],"author":[{"embeddable":true,"href":"https:\/\/www.caferabbasoglu.com\/en\/wp-json\/wp\/v2\/users\/5"}],"replies":[{"embeddable":true,"href":"https:\/\/www.caferabbasoglu.com\/en\/wp-json\/wp\/v2\/comments?post=33"}],"version-history":[{"count":1,"href":"https:\/\/www.caferabbasoglu.com\/en\/wp-json\/wp\/v2\/pages\/33\/revisions"}],"predecessor-version":[{"id":535,"href":"https:\/\/www.caferabbasoglu.com\/en\/wp-json\/wp\/v2\/pages\/33\/revisions\/535"}],"wp:attachment":[{"href":"https:\/\/www.caferabbasoglu.com\/en\/wp-json\/wp\/v2\/media?parent=33"}],"curies":[{"name":"wp","href":"https:\/\/api.w.org\/{rel}","templated":true}]}}