{"id":38,"date":"2011-01-06T22:00:00","date_gmt":"2011-01-06T20:00:00","guid":{"rendered":"http:\/\/caferabbasoglu.moldibi.com\/diyabetik-ayaklara-dusuk-enerjili-laser-mucizesi\/"},"modified":"2011-01-06T22:00:00","modified_gmt":"2011-01-06T20:00:00","slug":"diyabetik-ayaklara-dusuk-enerjili-laser-mucizesi","status":"publish","type":"page","link":"https:\/\/www.caferabbasoglu.com\/en\/diyabetik-ayaklara-dusuk-enerjili-laser-mucizesi\/","title":{"rendered":"Diyabetik ayaklarda d\u00fc\u015f\u00fck enerjili laser tedavisi :"},"content":{"rendered":"<p><span style=\"font-family: verdana,geneva; font-size: 10pt;\"><b><img decoding=\"async\" height=\"124\" width=\"170\" data-src=\"images\/stories\/damar1.jpg\" alt=\"damar1\" style=\"--smush-placeholder-width: 170px; --smush-placeholder-aspect-ratio: 170\/124;margin: 0px 5px 5px 0px; float: left;\" src=\"data:image\/gif;base64,R0lGODlhAQABAAAAACH5BAEKAAEALAAAAAABAAEAAAICTAEAOw==\" class=\"lazyload\" \/><\/b><\/span><\/p>\n<p><span style=\"font-family: verdana,geneva; color: #333399; font-size: 10pt;\"><strong>Hayata Ba\u011flayan Yeni Bir I\u015f\u0131k <\/strong><\/span><\/p>\n<p><span style=\"font-family: verdana,geneva; color: #333399; font-size: 10pt;\"><strong>The Light \u00a0Is a Major Physical Factor For Continuing Life On The Earth <\/strong><\/span><\/p>\n<p><span style=\"font-family: verdana,geneva; color: #333399; font-size: 10pt;\"><\/span><span style=\"font-family: verdana,geneva; font-size: 10pt;\">Seker hastalar\u0131n\u0131n ayaklar\u0131nda dola\u015f\u0131m yetersizli\u011fine ba\u011fl\u0131 darl\u0131k ve t\u0131kanmalar\u0131n yol a\u00e7t\u0131\u011f\u0131 doku beslenmesi bozukluklar\u0131ndan kaynaklanan yaralara diyabetik ayak denir. <\/p>\n<p><\/span><span style=\"font-family: verdana,geneva; font-size: 10pt;\">Damarlardaki darl\u0131k ve t\u0131kan\u0131kl\u0131ktan dolay\u0131 kan diz alt\u0131ndaki damarlara yeterli miktarda gelememekte ve o b\u00f6lgelerde a\u011fr\u0131 , \u015fi\u015flik , t\u0131rnak batmalar\u0131 , iltihaplanmalar ve yaralar olu\u015fmaktad\u0131r.Yani b\u00f6lgedeki dokuya oksijen gitmemekte ve dokunun beslenememesine ba\u011fl\u0131 olarak diyabetik yara olu\u015fmaktad\u0131r.<\/span><\/p>\n<p><span style=\"font-family: verdana,geneva; font-size: 10pt;\">Diyabetli hastalarda pankreas yeterli miktarda ins\u00fclin salg\u0131layamad\u0131\u011f\u0131ndan yiyeceklerle al\u0131nan glikoz(\u015feker) v\u00fccut taraf\u0131ndan enerji \u00fcretimi i\u00e7in tam olarak kullan\u0131lamaz. Bunun yerine kandaki seviyeleri artar ve bu durumdaki hastaya da \u00a0diyabetik hasta denir. <\/span><\/p>\n<p>  <!--more-->  <\/p>\n<p>\u00a0<\/p>\n<p><span style=\"font-family: verdana,geneva; font-size: 10pt;\">\u00a0<\/span><\/p>\n<p><span style=\"color: #666699;\"><strong><span style=\"background-color: #ffffff;\"><span style=\"font-size: 10pt;\">Diyabetin Atardamar \u00dczerindeki Etkileri :<\/span><\/span><\/strong><\/span><\/p>\n<p><span style=\"font-family: verdana,geneva; font-size: 10pt;\">Diyabetik ayak \u015feker hastal\u0131\u011f\u0131n\u0131n yol a\u00e7t\u0131\u011f\u0131 komplikasyonlardan sadece birisidir. Bunun yan\u0131 s\u0131ra diyabetik ketoasidoz , diyabetik noropati , diyabetik nefropati , diyabetik retinopati de diyabet neticesinde olu\u015fan komplikasyonlard\u0131r.<\/span><\/p>\n<p><span style=\"font-family: verdana,geneva; font-size: 10pt;\">T\u00fcm bunlar\u0131n en \u00f6nemli \u00f6zelli\u011fi diyabetin atar damar \u00fczerindeki etkileri ve hasarlar\u0131d\u0131r. Kandaki glukoz ve fruktoz y\u00fcksekli\u011fi sebebi belli olmayan nedenler ile damar duvar\u0131nda tahribat olu\u015fturur. Diyabet ile beraber izlenen tansiyon ve kan ya\u011flar\u0131 y\u00fcksekli\u011fi (kolestrol) damardaki tahribat\u0131 daha da h\u0131zland\u0131r\u0131r. Diyabetiklerde damar duvar\u0131nda tahribat normal ki\u015filere g\u00f6re 3 kat daha fazlad\u0131r. Diyabetik hastalar\u0131n yakla\u015f\u0131k %75 gibi b\u00fcy\u00fck bir \u00e7o\u011funlu\u011funun \u00f6l\u00fcm nedeni ise atar damar tahribat\u0131d\u0131r . <\/span><\/p>\n<p><span style=\"font-family: verdana,geneva; font-size: 10pt;\"><span style=\"color: #666699;\"><span style=\"font-family: Arial;\"><strong>Diyabetik N\u00f6ropati Nedir <\/strong>:<\/span><\/span><\/span><\/p>\n<p><span style=\"font-family: verdana,geneva; font-size: 10pt;\"><span style=\"color: #666699;\"><span style=\"font-family: Arial;\">\u00a0<\/span><\/span>Diyabet hastal\u0131\u011f\u0131nda en s\u0131k g\u00f6r\u00fclen komplikasyonlardan birisi n\u00f6ropatidir. N\u00f6ropati v\u00fccudumuzdaki beyin ve omurilikten organlara, kaslara , damarlara, deriye giden sinirlerin hasara u\u011framas\u0131d\u0131r. Bunun sonucu sinirlerin gitti\u011fi organ ve dokular\u0131n i\u015flevlerinde bozukluklar ortaya \u00e7\u0131kar. Bazen bu i\u015flev bozukluklar\u0131 kal\u0131c\u0131 olur, bazen de belli bir s\u00fcre sonra tekrar d\u00fczelme g\u00f6r\u00fclebilir.<\/span><\/p>\n<p><span style=\"font-family: verdana,geneva; font-size: 10pt;\">\u00a0<\/span><\/p>\n<p><span style=\"font-family: verdana,geneva; font-size: 10pt;\">\u00a0<\/span><\/p>\n<p><span style=\"font-family: verdana,geneva; color: #ff0000; font-size: 10pt;\"><img decoding=\"async\" height=\"389\" width=\"518\" data-src=\"images\/stories\/damar2.jpg\" alt=\"damar2\" style=\"--smush-placeholder-width: 518px; --smush-placeholder-aspect-ratio: 518\/389;float: left; margin-right: 5px;\" src=\"data:image\/gif;base64,R0lGODlhAQABAAAAACH5BAEKAAEALAAAAAABAAEAAAICTAEAOw==\" class=\"lazyload\" \/><span style=\"color: #666699;\"><strong>Diyabetik N\u00f6ropatinin Sebebi Nedir:<\/strong><\/span><\/span><\/p>\n<p><span style=\"font-family: verdana,geneva; color: #ff0000; font-size: 10pt;\"><strong><span style=\"color: #0000ff;\">\u00a0<\/span><\/strong><\/span><span style=\"color: #000000;\"><span style=\"font-family: verdana,geneva; font-size: 10pt;\">Kan \u015fekeri seviyesinin d\u00fczenli bir kontrol alt\u0131nda olmamas\u0131 sonucu ortaya \u00e7\u0131kar. Genellikle uzun s\u00fcren bir diyabet hastal\u0131\u011f\u0131 sonucu g\u00f6r\u00fcl\u00fcr. Kan \u015fekeri iyi kontrol alt\u0131nda olmayan hastal\u0131klarda n\u00f6ropati geli\u015fme olas\u0131l\u0131\u011f\u0131 daha fazlad\u0131r.<\/span><\/span><\/p>\n<p><span style=\"font-family: verdana,geneva; font-size: 10pt;\">Kan \u015fekeri kontrol\u00fcn\u00fc s\u0131k\u00e7a yapt\u0131ran hastalarda n\u00f6ropat\u0131 geli\u015fme olas\u0131l\u0131\u011f\u0131 % 30 oran\u0131nda daha azd\u0131r.<\/span><\/p>\n<p><span style=\"font-family: verdana,geneva; font-size: 10pt;\">Diyabetik n\u00f6ropatiye ba\u011fl\u0131 hastalar sinirlerindeki hasardan dolay\u0131 yaralar\u0131n\u0131 farketmez ve iyi koruyamazlar . S\u0131cak suyla yap\u0131lan banyolar sonucu veya etrafa \u00e7arpt\u0131klar\u0131nda iyile\u015fmeyen yaralarla kar\u015f\u0131 kar\u015f\u0131ya kal\u0131rlar. Dar ayakkab\u0131lar ve t\u0131rnak batmalar\u0131 bu hastalar i\u00e7in b\u00fcy\u00fck sorun yarat\u0131r . <\/span><\/p>\n<p><span style=\"font-family: verdana,geneva; font-size: 10pt;\"><span style=\"color: #666699;\"><strong>Diyabetik Hastalar Ne Yapmal\u0131 ?\u00a0<\/strong>\u00a0<\/span>\u00a0 <\/span><\/p>\n<p><span style=\"font-family: verdana,geneva; font-size: 10pt;\">Diyabetik hastalar\u0131n tedavi i\u00e7in izleyecekleri yol \u015fu \u015fekilde olmal\u0131d\u0131r:<\/span><\/p>\n<p><span style=\"font-family: verdana,geneva; font-size: 10pt;\">Bu hastalar her \u015feyden \u00f6nce bir dahiliye veya diyabet doktoruna \u00a0giderek kontrol ve tetkiklerini d\u00fczenli bir \u015fekilde yapt\u0131rmal\u0131d\u0131r. <\/span><\/p>\n<p><span style=\"font-family: verdana,geneva; font-size: 10pt;\">Sonras\u0131nda \u015fikayetleri artmaya devam eder ise doppler ultrasonografi yard\u0131m\u0131yla kalp ve damar cerrahisi uzman\u0131na ba\u015fvurmak yap\u0131lacak en do\u011fru harekettir. Yap\u0131lan doppler muayene sonucunda bacak damarlar\u0131nda daralma ve t\u0131kanma varsa anjio ile daralman\u0131n yerini , derecesini ve uzunlu\u011funu tespit etmek gerekir.<\/span><\/p>\n<p><span style=\"font-family: verdana,geneva; color: #ff0000; font-size: 10pt;\"><img decoding=\"async\" height=\"285\" width=\"427\" data-src=\"images\/stories\/dk_enerjili_laser.jpg\" alt=\"dk_enerjili_laser\" style=\"--smush-placeholder-width: 427px; --smush-placeholder-aspect-ratio: 427\/285;margin-bottom: 5px; float: left; margin-left: 5px;\" src=\"data:image\/gif;base64,R0lGODlhAQABAAAAACH5BAEKAAEALAAAAAABAAEAAAICTAEAOw==\" class=\"lazyload\" \/><span style=\"color: #666699;\"><strong>Diyabetik Ayaklarda D\u00fc\u015f\u00fck Enerjili Laser Tedavisi <\/strong>:<\/span><\/span><\/p>\n<p><span style=\"font-family: verdana,geneva; font-size: 10pt;\">G\u00fcn\u00fcm\u00fczde bir \u00e7ok hastanede bacaklardaki kans\u0131z b\u00f6lgeye kan vermek i\u00e7in bypasslar yap\u0131lmakta veya stentler tak\u0131lmaktad\u0131r.Ancak baz\u0131 diyabetik ayak \u015fikayeti olan hastalarda bypass ve stent \u015fans\u0131 m\u00fcmk\u00fcn de\u011fildir.Bazen her iki bacakta, \u00f6zellikle diz alt\u0131ndaki damarlarda daralma ve t\u0131kan\u0131kl\u0131klar olu\u015fmakta ayaklar ince k\u0131lcal damarlar ile beslendi\u011finden beslenme yeterli gelmemektedir.<\/span><\/p>\n<p><span style=\"font-family: verdana,geneva; font-size: 10pt;\">Bu durumdaki hastalarda istirahat a\u011fr\u0131lar\u0131 denen a\u011fr\u0131lar olu\u015fmakta veya y\u00fcr\u00fcy\u00fc\u015f yapt\u0131klar\u0131 zaman k\u0131sa mesafede bile duraklama ihtiyac\u0131 duymaktad\u0131rlar.<\/span><\/p>\n<p><span style=\"font-family: verdana,geneva; font-size: 10pt;\">\u0130\u015fte bu hastalarda ila\u00e7 tedavisinin yan\u0131 s\u0131ra ayak bak\u0131m\u0131 ve son zamanlar\u0131n en iyi tedavisi olan d\u00fc\u015f\u00fck enerjili lazer tedavisi uygulanmaktad\u0131r.<\/span><\/p>\n<p><span style=\"font-family: verdana,geneva; font-size: 10pt;\">Bir\u00e7ok Avrupa \u00fclkesinde ba\u015far\u0131yla uygulanan bu metod \u00fclkemizde de yakla\u015f\u0131k bir y\u0131ld\u0131r uygulanmaktad\u0131r.<\/span><\/p>\n<p><span style=\"color: #666699;\"><strong><span style=\"font-family: verdana,geneva; font-size: 10pt;\">D\u00fc\u015f\u00fck Enerjili Laser Tedavisi Kimlere ve Nas\u0131l Uygulan\u0131r :<\/span><\/strong><\/span><\/p>\n<p><span style=\"color: #666699;\"><strong><span style=\"font-family: verdana,geneva; font-size: 10pt;\"><\/span><\/strong><\/span><span style=\"font-family: verdana,geneva; font-size: 10pt;\">Hastalar\u0131n bacakta ve di\u011fer sistemdeki damar durumlar\u0131 muayenesi ve anjio filmleri ile de\u011ferlendirilir. Bunlar\u0131n sonucunda d\u00fc\u015f\u00fck enerjili lazer tedavisine karar verilirse seanslar \u015feklinde hastaya tedavi uygulanmaya ba\u015flan\u0131r.Hastalar\u0131n diyabetik ayak , diyabetik ketoasidoz , diyabetik noropati , diyabetik nefropati , diyabetik retinopati rahats\u0131zl\u0131klar\u0131na g\u00f6re \u00fc\u00e7 farkl\u0131 t\u00fcrde laser tedavisi uygulan\u0131r.<\/span><\/p>\n<p><span style=\"font-family: verdana,geneva; font-size: 10pt;\"><img decoding=\"async\" height=\"389\" width=\"518\" data-src=\"images\/stories\/damar3.jpg\" alt=\"damar3\" style=\"--smush-placeholder-width: 518px; --smush-placeholder-aspect-ratio: 518\/389;float: left; margin-right: 5px;\" src=\"data:image\/gif;base64,R0lGODlhAQABAAAAACH5BAEKAAEALAAAAAABAAEAAAICTAEAOw==\" class=\"lazyload\" \/>K\u0131rm\u0131z\u0131, mavi veya ye\u015fil laser tedavisi.<\/span><\/p>\n<p><span style=\"font-family: verdana,geneva; font-size: 10pt;\">Bu laser \u0131\u015f\u0131nlar\u0131n\u0131n y\u00fczeyel ve derin dokulara n\u00fcfuz etme etkileri farkl\u0131d\u0131r.Hastalar\u0131n kolundaki damarlar\u0131n birinden damar yolu a\u00e7\u0131l\u0131r ve laser bu damar yolundan verilir.<\/span><\/p>\n<p><span style=\"font-family: verdana,geneva; font-size: 10pt;\">Laser kan\u0131 \u0131\u015f\u0131nlar laser \u0131\u015f\u0131n\u0131 kan h\u00fccresine emilerek \u00f6zellikle hemoglobin yard\u0131m\u0131yla mitokondriler \u00fczerinde de\u011fi\u015fiklik yaparak kan\u0131n cereyan\u0131 ve deveran\u0131 etkisiyle bacaktaki t\u0131kanm\u0131\u015f ve daralm\u0131\u015f b\u00f6lgedeki ince k\u0131lcal damarlar\u0131 3-5 kat geni\u015fleterek yeni ince k\u0131lcal damarlar olu\u015fturur.Dolas\u0131yla oksijensiz,beslenmeyen b\u00f6lgelere kan gider b\u00f6ylece iyile\u015fmeyen yaralar iyile\u015fir. A\u011fr\u0131lar, \u015fi\u015flikler ve kramplar azal\u0131r. Hastalar geceleri art\u0131k rahat uyuyabilirler.En \u00f6nemlisi ise parmaklar\u0131 veya bacaklar\u0131 kesilmeden hayatlar\u0131na devam ederler.<\/span><\/p>\n<p><span style=\"font-family: verdana,geneva; font-size: 10pt;\">Bu da hi\u00e7bir umudu kalmayan diyabetik hastalar i\u00e7in yeniden do\u011fu\u015f, hayata yeniden ba\u015flamak kadar \u00f6nemli bir ad\u0131md\u0131r.<\/span><\/p>\n<p><span style=\"font-family: verdana,geneva; color: #666699; font-size: 10pt;\"><strong>D\u00fc\u015f\u00fck Enerjili Laser Tedavisi Nerede ve Nas\u0131l Uygulan\u0131r :<\/strong><\/span><\/p>\n<p><span style=\"font-family: verdana,geneva; color: #ff0000; font-size: 10pt;\"><strong><span style=\"color: #0000ff;\"><\/span><\/strong><\/span><span style=\"font-family: verdana,geneva; font-size: 10pt;\">D\u00fc\u015f\u00fck enerjili lazer tedavilerinde; hastane ,ameliyathane ve narkoza gerek yoktur. <\/span><\/p>\n<p><span style=\"font-family: verdana,geneva; font-size: 10pt;\">Tamamen poliklinik \u015fartlar\u0131nda seanslar \u015feklinde uygulan\u0131r.<\/span><\/p>\n<p><span style=\"font-family: verdana,geneva; font-size: 10pt;\">Her seans sonras\u0131 hasta normal ya\u015fant\u0131s\u0131na devam eder .\u00c7al\u0131\u015f\u0131yorsa i\u015fine rahat\u00e7a devam edebilir.<\/span><\/p>\n<p><span style=\"font-family: verdana,geneva; font-size: 10pt;\">Seanslar yakla\u015f\u0131k 1 saat s\u00fcrer.<\/span><\/p>\n<p><span style=\"font-family: verdana,geneva; font-size: 10pt;\">2 veya 3 seans sonras\u0131nda ayak ve bacaktaki yaralarda iyile\u015fme ve cilt renklerinde belirgin d\u00fczelmeler g\u00f6r\u00fcl\u00fcr. <\/span><\/p>\n<p><span style=\"font-family: verdana,geneva; font-size: 10pt;\">Bacakta yaralar var ise pansumanlar\u0131 \u00f6zenle yap\u0131l\u0131p takip edilir.<\/span><\/p>\n<p><span style=\"font-family: verdana,geneva; font-size: 10pt;\">\u00a0\u00a0<\/span><\/p>\n<p><span style=\"font-family: verdana,geneva; color: #ff0000; font-size: 10pt;\"><img decoding=\"async\" height=\"389\" width=\"518\" data-src=\"images\/stories\/ekere_bal_yara.jpg\" alt=\"ekere_bal_yara\" style=\"--smush-placeholder-width: 518px; --smush-placeholder-aspect-ratio: 518\/389;margin-bottom: 5px; float: left; margin-left: 5px;\" src=\"data:image\/gif;base64,R0lGODlhAQABAAAAACH5BAEKAAEALAAAAAABAAEAAAICTAEAOw==\" class=\"lazyload\" \/><strong><span style=\"color: #0000ff;\"><span style=\"color: #666699;\">D\u00fc\u015f\u00fck Enerjili Laser Tedavisi Organ Kayb\u0131n\u0131 \u00d6nemli \u00d6l\u00e7\u00fcde Engeller :<\/span><\/span><\/strong><\/span><span style=\"color: #666699;\"><strong><span style=\"font-family: verdana,geneva; font-size: 10pt;\">\u00a0<\/span><\/strong><\/span><\/p>\n<p><span style=\"font-family: verdana,geneva; font-size: 10pt;\">Dokular\u0131n ve diyabetik aya\u011f\u0131n as\u0131l sebebi beslenmeyen kans\u0131z ve oksijensiz b\u00f6lgedir. Laser tedavisi o b\u00f6lgeye kan verdi\u011fi i\u00e7in \u015fikayetleri ve a\u011fr\u0131lar\u0131 ortadan kald\u0131r\u0131r.<\/span><\/p>\n<p><span style=\"font-family: verdana,geneva; font-size: 10pt;\">Laser ile olu\u015fan yeni k\u0131lcal damarlar oksijensiz b\u00f6lgeye oksijen gitmesini sa\u011flayarak o b\u00f6lgede yeniden hayat belirtileri sa\u011flayarak hi\u00e7bir umudu kalmayan uzuvlar\u0131n\u0131 kaybetme noktas\u0131na gelmi\u015f olan diyabetik hastalar i\u00e7in yeniden do\u011fu\u015f, yepyeni bir umut \u0131\u015f\u0131\u011f\u0131 olu\u015fturur.<\/span><\/p>\n<p><span style=\"font-family: verdana,geneva; font-size: 10pt;\">\u00a0<\/span><\/p>\n<p><span style=\"font-family: verdana,geneva; font-size: 10pt;\">\u00a0<\/span><\/p>\n<p><span style=\"font-family: verdana,geneva; font-size: 10pt;\">\u00a0<\/span><\/p>\n<p><span style=\"font-family: verdana,geneva; font-size: 10pt;\">\u00a0<\/span><\/p>\n<p><span style=\"font-family: verdana,geneva; font-size: 10pt;\">\u00a0<\/span><\/p>\n<p><span style=\"font-family: verdana,geneva; font-size: 10pt;\">\u00a0<\/span><\/p>\n<p><span style=\"font-family: verdana,geneva; font-size: 10pt;\">\u00a0<\/span><\/p>\n<p><span style=\"font-family: verdana,geneva; font-size: 10pt;\">\u00a0<\/span><\/p>\n<p><span style=\"font-family: verdana,geneva; font-size: 10pt;\">\u00a0<\/span><\/p>\n<p><span style=\"font-family: verdana,geneva; font-size: 10pt;\"><img decoding=\"async\" height=\"518\" width=\"389\" data-src=\"images\/stories\/ekerli__hastada_damar_anjosu.jpg\" alt=\"ekerli__hastada_damar_anjosu\" style=\"--smush-placeholder-width: 389px; --smush-placeholder-aspect-ratio: 389\/518;vertical-align: bottom;\" src=\"data:image\/gif;base64,R0lGODlhAQABAAAAACH5BAEKAAEALAAAAAABAAEAAAICTAEAOw==\" class=\"lazyload\" \/><\/span><span style=\"font-family: verdana,geneva; font-size: 10pt;\">\u00a0<\/span><\/p>\n<p><span style=\"font-family: verdana,geneva; color: #ff0000; font-size: 10pt;\"><span style=\"color: #666699;\"><strong>\u015eekerli Hastada Damar Anjiosu <\/strong><\/span>\u00a0<\/span><\/p>\n<p><span style=\"font-family: verdana,geneva; font-size: 10pt;\"><img decoding=\"async\" height=\"518\" width=\"389\" data-src=\"images\/stories\/ekerli_hastada_damar__anjosu.jpg\" alt=\"ekerli_hastada_damar__anjosu\" style=\"--smush-placeholder-width: 389px; --smush-placeholder-aspect-ratio: 389\/518;vertical-align: bottom;\" src=\"data:image\/gif;base64,R0lGODlhAQABAAAAACH5BAEKAAEALAAAAAABAAEAAAICTAEAOw==\" class=\"lazyload\" \/><span style=\"color: #ff0000;\">\u015f<\/span><\/span><\/p>\n","protected":false},"excerpt":{"rendered":"<p>Hayata Ba\u011flayan Yeni Bir I\u015f\u0131k The Light \u00a0Is a Major Physical Factor For Continuing Life On The Earth Seker hastalar\u0131n\u0131n ayaklar\u0131nda dola\u015f\u0131m yetersizli\u011fine ba\u011fl\u0131 darl\u0131k ve t\u0131kanmalar\u0131n yol a\u00e7t\u0131\u011f\u0131 doku beslenmesi bozukluklar\u0131ndan kaynaklanan yaralara diyabetik ayak denir. Damarlardaki darl\u0131k ve t\u0131kan\u0131kl\u0131ktan dolay\u0131 kan diz alt\u0131ndaki damarlara yeterli miktarda gelememekte ve o b\u00f6lgelerde a\u011fr\u0131 , \u015fi\u015flik [&hellip;]<\/p>\n","protected":false},"author":5,"featured_media":0,"parent":0,"menu_order":10,"comment_status":"closed","ping_status":"closed","template":"","meta":{"two_page_speed":[],"footnotes":""},"class_list":["post-38","page","type-page","status-publish","hentry"],"translation":{"provider":"WPGlobus","version":"3.0.0","language":"en","enabled_languages":["tr","en"],"languages":{"tr":{"title":true,"content":true,"excerpt":false},"en":{"title":false,"content":false,"excerpt":false}}},"yoast_head":"<!-- This site is optimized with the Yoast SEO plugin v24.9 - https:\/\/yoast.com\/wordpress\/plugins\/seo\/ -->\n<title>Diyabetik ayaklarda d\u00fc\u015f\u00fck enerjili laser tedavisi : - Opr.Dr.Cafer Abbaso\u011flu<\/title>\n<meta name=\"robots\" content=\"index, follow, max-snippet:-1, max-image-preview:large, max-video-preview:-1\" \/>\n<link rel=\"canonical\" href=\"https:\/\/www.caferabbasoglu.com\/diyabetik-ayaklara-dusuk-enerjili-laser-mucizesi\/\" \/>\n<meta property=\"og:locale\" content=\"en_US\" \/>\n<meta property=\"og:type\" content=\"article\" \/>\n<meta property=\"og:title\" content=\"Diyabetik ayaklarda d\u00fc\u015f\u00fck enerjili laser tedavisi : - Opr.Dr.Cafer Abbaso\u011flu\" \/>\n<meta property=\"og:url\" content=\"https:\/\/www.caferabbasoglu.com\/diyabetik-ayaklara-dusuk-enerjili-laser-mucizesi\/\" \/>\n<meta property=\"og:site_name\" content=\"Opr.Dr.Cafer Abbaso\u011flu\" \/>\n<meta name=\"twitter:card\" content=\"summary_large_image\" \/>\n<meta name=\"twitter:label1\" content=\"Est. reading time\" \/>\n\t<meta name=\"twitter:data1\" content=\"6 minutes\" \/>\n<script type=\"application\/ld+json\" class=\"yoast-schema-graph\">{\"@context\":\"https:\/\/schema.org\",\"@graph\":[{\"@type\":\"WebPage\",\"@id\":\"https:\/\/www.caferabbasoglu.com\/diyabetik-ayaklara-dusuk-enerjili-laser-mucizesi\/\",\"url\":\"https:\/\/www.caferabbasoglu.com\/diyabetik-ayaklara-dusuk-enerjili-laser-mucizesi\/\",\"name\":\"Diyabetik ayaklarda d\u00fc\u015f\u00fck enerjili laser tedavisi : - Opr.Dr.Cafer Abbaso\u011flu\",\"isPartOf\":{\"@id\":\"https:\/\/www.caferabbasoglu.com\/#website\"},\"datePublished\":\"2011-01-06T20:00:00+00:00\",\"breadcrumb\":{\"@id\":\"https:\/\/www.caferabbasoglu.com\/diyabetik-ayaklara-dusuk-enerjili-laser-mucizesi\/#breadcrumb\"},\"inLanguage\":\"en-US\",\"potentialAction\":[{\"@type\":\"ReadAction\",\"target\":[\"https:\/\/www.caferabbasoglu.com\/diyabetik-ayaklara-dusuk-enerjili-laser-mucizesi\/\"]}]},{\"@type\":\"BreadcrumbList\",\"@id\":\"https:\/\/www.caferabbasoglu.com\/diyabetik-ayaklara-dusuk-enerjili-laser-mucizesi\/#breadcrumb\",\"itemListElement\":[{\"@type\":\"ListItem\",\"position\":1,\"name\":\"Ana Sayfa\",\"item\":\"https:\/\/www.caferabbasoglu.com\/\"},{\"@type\":\"ListItem\",\"position\":2,\"name\":\"Diyabetik ayaklarda d\u00fc\u015f\u00fck enerjili laser tedavisi :\"}]},{\"@type\":\"WebSite\",\"@id\":\"https:\/\/www.caferabbasoglu.com\/#website\",\"url\":\"https:\/\/www.caferabbasoglu.com\/\",\"name\":\"Opr.Dr.Cafer Abbaso\u011flu\",\"description\":\"Damar Hastal\u0131klar\u0131, Varis ve Diyabet Hakk\u0131nda Bilgiler\",\"publisher\":{\"@id\":\"https:\/\/www.caferabbasoglu.com\/#organization\"},\"potentialAction\":[{\"@type\":\"SearchAction\",\"target\":{\"@type\":\"EntryPoint\",\"urlTemplate\":\"https:\/\/www.caferabbasoglu.com\/?s={search_term_string}\"},\"query-input\":{\"@type\":\"PropertyValueSpecification\",\"valueRequired\":true,\"valueName\":\"search_term_string\"}}],\"inLanguage\":\"en-US\"},{\"@type\":\"Organization\",\"@id\":\"https:\/\/www.caferabbasoglu.com\/#organization\",\"name\":\"Damar Hastal\u0131klar\u0131 ve Varis Tedavileri Merkezi\",\"url\":\"https:\/\/www.caferabbasoglu.com\/\",\"logo\":{\"@type\":\"ImageObject\",\"inLanguage\":\"en-US\",\"@id\":\"https:\/\/www.caferabbasoglu.com\/#\/schema\/logo\/image\/\",\"url\":\"http:\/\/www.caferabbasoglu.com\/wp-content\/uploads\/2010\/08\/imza_eposta.jpg\",\"contentUrl\":\"http:\/\/www.caferabbasoglu.com\/wp-content\/uploads\/2010\/08\/imza_eposta.jpg\",\"width\":640,\"height\":121,\"caption\":\"Damar Hastal\u0131klar\u0131 ve Varis Tedavileri Merkezi\"},\"image\":{\"@id\":\"https:\/\/www.caferabbasoglu.com\/#\/schema\/logo\/image\/\"}}]}<\/script>\n<!-- \/ Yoast SEO plugin. -->","yoast_head_json":{"title":"Diyabetik ayaklarda d\u00fc\u015f\u00fck enerjili laser tedavisi : - Opr.Dr.Cafer Abbaso\u011flu","robots":{"index":"index","follow":"follow","max-snippet":"max-snippet:-1","max-image-preview":"max-image-preview:large","max-video-preview":"max-video-preview:-1"},"canonical":"https:\/\/www.caferabbasoglu.com\/diyabetik-ayaklara-dusuk-enerjili-laser-mucizesi\/","og_locale":"en_US","og_type":"article","og_title":"Diyabetik ayaklarda d\u00fc\u015f\u00fck enerjili laser tedavisi : - Opr.Dr.Cafer Abbaso\u011flu","og_url":"https:\/\/www.caferabbasoglu.com\/diyabetik-ayaklara-dusuk-enerjili-laser-mucizesi\/","og_site_name":"Opr.Dr.Cafer Abbaso\u011flu","twitter_card":"summary_large_image","twitter_misc":{"Est. reading time":"6 minutes"},"schema":{"@context":"https:\/\/schema.org","@graph":[{"@type":"WebPage","@id":"https:\/\/www.caferabbasoglu.com\/diyabetik-ayaklara-dusuk-enerjili-laser-mucizesi\/","url":"https:\/\/www.caferabbasoglu.com\/diyabetik-ayaklara-dusuk-enerjili-laser-mucizesi\/","name":"Diyabetik ayaklarda d\u00fc\u015f\u00fck enerjili laser tedavisi : - Opr.Dr.Cafer Abbaso\u011flu","isPartOf":{"@id":"https:\/\/www.caferabbasoglu.com\/#website"},"datePublished":"2011-01-06T20:00:00+00:00","breadcrumb":{"@id":"https:\/\/www.caferabbasoglu.com\/diyabetik-ayaklara-dusuk-enerjili-laser-mucizesi\/#breadcrumb"},"inLanguage":"en-US","potentialAction":[{"@type":"ReadAction","target":["https:\/\/www.caferabbasoglu.com\/diyabetik-ayaklara-dusuk-enerjili-laser-mucizesi\/"]}]},{"@type":"BreadcrumbList","@id":"https:\/\/www.caferabbasoglu.com\/diyabetik-ayaklara-dusuk-enerjili-laser-mucizesi\/#breadcrumb","itemListElement":[{"@type":"ListItem","position":1,"name":"Ana Sayfa","item":"https:\/\/www.caferabbasoglu.com\/"},{"@type":"ListItem","position":2,"name":"Diyabetik ayaklarda d\u00fc\u015f\u00fck enerjili laser tedavisi :"}]},{"@type":"WebSite","@id":"https:\/\/www.caferabbasoglu.com\/#website","url":"https:\/\/www.caferabbasoglu.com\/","name":"Opr.Dr.Cafer Abbaso\u011flu","description":"Damar Hastal\u0131klar\u0131, Varis ve Diyabet Hakk\u0131nda Bilgiler","publisher":{"@id":"https:\/\/www.caferabbasoglu.com\/#organization"},"potentialAction":[{"@type":"SearchAction","target":{"@type":"EntryPoint","urlTemplate":"https:\/\/www.caferabbasoglu.com\/?s={search_term_string}"},"query-input":{"@type":"PropertyValueSpecification","valueRequired":true,"valueName":"search_term_string"}}],"inLanguage":"en-US"},{"@type":"Organization","@id":"https:\/\/www.caferabbasoglu.com\/#organization","name":"Damar Hastal\u0131klar\u0131 ve Varis Tedavileri Merkezi","url":"https:\/\/www.caferabbasoglu.com\/","logo":{"@type":"ImageObject","inLanguage":"en-US","@id":"https:\/\/www.caferabbasoglu.com\/#\/schema\/logo\/image\/","url":"http:\/\/www.caferabbasoglu.com\/wp-content\/uploads\/2010\/08\/imza_eposta.jpg","contentUrl":"http:\/\/www.caferabbasoglu.com\/wp-content\/uploads\/2010\/08\/imza_eposta.jpg","width":640,"height":121,"caption":"Damar Hastal\u0131klar\u0131 ve Varis Tedavileri Merkezi"},"image":{"@id":"https:\/\/www.caferabbasoglu.com\/#\/schema\/logo\/image\/"}}]}},"_links":{"self":[{"href":"https:\/\/www.caferabbasoglu.com\/en\/wp-json\/wp\/v2\/pages\/38","targetHints":{"allow":["GET"]}}],"collection":[{"href":"https:\/\/www.caferabbasoglu.com\/en\/wp-json\/wp\/v2\/pages"}],"about":[{"href":"https:\/\/www.caferabbasoglu.com\/en\/wp-json\/wp\/v2\/types\/page"}],"author":[{"embeddable":true,"href":"https:\/\/www.caferabbasoglu.com\/en\/wp-json\/wp\/v2\/users\/5"}],"replies":[{"embeddable":true,"href":"https:\/\/www.caferabbasoglu.com\/en\/wp-json\/wp\/v2\/comments?post=38"}],"version-history":[{"count":0,"href":"https:\/\/www.caferabbasoglu.com\/en\/wp-json\/wp\/v2\/pages\/38\/revisions"}],"wp:attachment":[{"href":"https:\/\/www.caferabbasoglu.com\/en\/wp-json\/wp\/v2\/media?parent=38"}],"curies":[{"name":"wp","href":"https:\/\/api.w.org\/{rel}","templated":true}]}}