{"id":41,"date":"2011-01-20T15:28:34","date_gmt":"2011-01-20T13:28:34","guid":{"rendered":"http:\/\/caferabbasoglu.moldibi.com\/the-intravenous-laser-blood-irradiation-introduction-of-a-new-therapy\/"},"modified":"2015-10-27T22:20:12","modified_gmt":"2015-10-27T20:20:12","slug":"ingilizce-lazer-tedavisi-literatur","status":"publish","type":"page","link":"https:\/\/www.caferabbasoglu.com\/en\/ingilizce-lazer-tedavisi-literatur\/","title":{"rendered":"\u0130ngilizce Lazer Tedavisi Literat\u00fcr"},"content":{"rendered":"<h1>The intravenous laser blood irradiation<\/h1>\n<h2>Introduction of a new therapy<\/h2>\n<div><img decoding=\"async\" class=\"wp-image-143 lazyload\" style=\"--smush-placeholder-width: 32px; --smush-placeholder-aspect-ratio: 32\/32;vertical-align: middle;\" data-src=\"http:\/\/caferabbasoglu.moldibi.com\/wp-content\/uploads\/icons\/adobe_pdf_document.png\" alt=\"Adobe PDF d\u00f6k\u00fcman\u0131\" width=\"32\" height=\"32\" src=\"data:image\/gif;base64,R0lGODlhAQABAAAAACH5BAEKAAEALAAAAAABAAEAAAICTAEAOw==\" \/> <a href=\"http:\/\/caferabbasoglu.moldibi.com\/wp-content\/uploads\/2011\/01\/2_chapter_weber__final.pdf\">Makaleyi indirmek i\u00e7in t\u0131klay\u0131n\u0131z<\/a>\u00a0| <a href=\"\/wp-content\/uploads\/2011\/01\/2_chapter_weber__final.pdf\" target=\"_blank\">Please click here to download the article<\/a><\/div>\n","protected":false},"excerpt":{"rendered":"<p>The intravenous laser blood irradiation Introduction of a new therapy Makaleyi indirmek i\u00e7in t\u0131klay\u0131n\u0131z\u00a0| Please click here to download the article<\/p>\n","protected":false},"author":5,"featured_media":0,"parent":0,"menu_order":7,"comment_status":"closed","ping_status":"closed","template":"","meta":{"two_page_speed":[],"footnotes":""},"class_list":["post-41","page","type-page","status-publish","hentry"],"translation":{"provider":"WPGlobus","version":"3.0.0","language":"en","enabled_languages":["tr","en"],"languages":{"tr":{"title":true,"content":true,"excerpt":false},"en":{"title":false,"content":false,"excerpt":false}}},"yoast_head":"<!-- This site is optimized with the Yoast SEO plugin v24.9 - https:\/\/yoast.com\/wordpress\/plugins\/seo\/ -->\n<title>\u0130ngilizce Lazer Tedavisi Literat\u00fcr - Opr.Dr.Cafer Abbaso\u011flu<\/title>\n<meta name=\"robots\" content=\"index, follow, max-snippet:-1, max-image-preview:large, max-video-preview:-1\" \/>\n<link rel=\"canonical\" href=\"https:\/\/www.caferabbasoglu.com\/ingilizce-lazer-tedavisi-literatur\/\" \/>\n<meta property=\"og:locale\" content=\"en_US\" \/>\n<meta property=\"og:type\" content=\"article\" \/>\n<meta property=\"og:title\" content=\"\u0130ngilizce Lazer Tedavisi Literat\u00fcr - Opr.Dr.Cafer Abbaso\u011flu\" \/>\n<meta property=\"og:url\" content=\"https:\/\/www.caferabbasoglu.com\/ingilizce-lazer-tedavisi-literatur\/\" \/>\n<meta property=\"og:site_name\" content=\"Opr.Dr.Cafer Abbaso\u011flu\" \/>\n<meta property=\"article:modified_time\" content=\"2015-10-27T20:20:12+00:00\" \/>\n<meta property=\"og:image\" content=\"http:\/\/caferabbasoglu.moldibi.com\/wp-content\/uploads\/icons\/adobe_pdf_document.png\" \/>\n<meta name=\"twitter:card\" content=\"summary_large_image\" \/>\n<script type=\"application\/ld+json\" class=\"yoast-schema-graph\">{\"@context\":\"https:\/\/schema.org\",\"@graph\":[{\"@type\":\"WebPage\",\"@id\":\"https:\/\/www.caferabbasoglu.com\/ingilizce-lazer-tedavisi-literatur\/\",\"url\":\"https:\/\/www.caferabbasoglu.com\/ingilizce-lazer-tedavisi-literatur\/\",\"name\":\"\u0130ngilizce Lazer Tedavisi Literat\u00fcr - Opr.Dr.Cafer Abbaso\u011flu\",\"isPartOf\":{\"@id\":\"https:\/\/www.caferabbasoglu.com\/#website\"},\"primaryImageOfPage\":{\"@id\":\"https:\/\/www.caferabbasoglu.com\/ingilizce-lazer-tedavisi-literatur\/#primaryimage\"},\"image\":{\"@id\":\"https:\/\/www.caferabbasoglu.com\/ingilizce-lazer-tedavisi-literatur\/#primaryimage\"},\"thumbnailUrl\":\"http:\/\/caferabbasoglu.moldibi.com\/wp-content\/uploads\/icons\/adobe_pdf_document.png\",\"datePublished\":\"2011-01-20T13:28:34+00:00\",\"dateModified\":\"2015-10-27T20:20:12+00:00\",\"breadcrumb\":{\"@id\":\"https:\/\/www.caferabbasoglu.com\/ingilizce-lazer-tedavisi-literatur\/#breadcrumb\"},\"inLanguage\":\"en-US\",\"potentialAction\":[{\"@type\":\"ReadAction\",\"target\":[\"https:\/\/www.caferabbasoglu.com\/ingilizce-lazer-tedavisi-literatur\/\"]}]},{\"@type\":\"ImageObject\",\"inLanguage\":\"en-US\",\"@id\":\"https:\/\/www.caferabbasoglu.com\/ingilizce-lazer-tedavisi-literatur\/#primaryimage\",\"url\":\"http:\/\/caferabbasoglu.moldibi.com\/wp-content\/uploads\/icons\/adobe_pdf_document.png\",\"contentUrl\":\"http:\/\/caferabbasoglu.moldibi.com\/wp-content\/uploads\/icons\/adobe_pdf_document.png\"},{\"@type\":\"BreadcrumbList\",\"@id\":\"https:\/\/www.caferabbasoglu.com\/ingilizce-lazer-tedavisi-literatur\/#breadcrumb\",\"itemListElement\":[{\"@type\":\"ListItem\",\"position\":1,\"name\":\"Ana Sayfa\",\"item\":\"https:\/\/www.caferabbasoglu.com\/\"},{\"@type\":\"ListItem\",\"position\":2,\"name\":\"\u0130ngilizce Lazer Tedavisi Literat\u00fcr\"}]},{\"@type\":\"WebSite\",\"@id\":\"https:\/\/www.caferabbasoglu.com\/#website\",\"url\":\"https:\/\/www.caferabbasoglu.com\/\",\"name\":\"Opr.Dr.Cafer Abbaso\u011flu\",\"description\":\"Damar Hastal\u0131klar\u0131, Varis ve Diyabet Hakk\u0131nda Bilgiler\",\"publisher\":{\"@id\":\"https:\/\/www.caferabbasoglu.com\/#organization\"},\"potentialAction\":[{\"@type\":\"SearchAction\",\"target\":{\"@type\":\"EntryPoint\",\"urlTemplate\":\"https:\/\/www.caferabbasoglu.com\/?s={search_term_string}\"},\"query-input\":{\"@type\":\"PropertyValueSpecification\",\"valueRequired\":true,\"valueName\":\"search_term_string\"}}],\"inLanguage\":\"en-US\"},{\"@type\":\"Organization\",\"@id\":\"https:\/\/www.caferabbasoglu.com\/#organization\",\"name\":\"Damar Hastal\u0131klar\u0131 ve Varis Tedavileri Merkezi\",\"url\":\"https:\/\/www.caferabbasoglu.com\/\",\"logo\":{\"@type\":\"ImageObject\",\"inLanguage\":\"en-US\",\"@id\":\"https:\/\/www.caferabbasoglu.com\/#\/schema\/logo\/image\/\",\"url\":\"http:\/\/www.caferabbasoglu.com\/wp-content\/uploads\/2010\/08\/imza_eposta.jpg\",\"contentUrl\":\"http:\/\/www.caferabbasoglu.com\/wp-content\/uploads\/2010\/08\/imza_eposta.jpg\",\"width\":640,\"height\":121,\"caption\":\"Damar Hastal\u0131klar\u0131 ve Varis Tedavileri Merkezi\"},\"image\":{\"@id\":\"https:\/\/www.caferabbasoglu.com\/#\/schema\/logo\/image\/\"}}]}<\/script>\n<!-- \/ Yoast SEO plugin. -->","yoast_head_json":{"title":"\u0130ngilizce Lazer Tedavisi Literat\u00fcr - Opr.Dr.Cafer Abbaso\u011flu","robots":{"index":"index","follow":"follow","max-snippet":"max-snippet:-1","max-image-preview":"max-image-preview:large","max-video-preview":"max-video-preview:-1"},"canonical":"https:\/\/www.caferabbasoglu.com\/ingilizce-lazer-tedavisi-literatur\/","og_locale":"en_US","og_type":"article","og_title":"\u0130ngilizce Lazer Tedavisi Literat\u00fcr - Opr.Dr.Cafer Abbaso\u011flu","og_url":"https:\/\/www.caferabbasoglu.com\/ingilizce-lazer-tedavisi-literatur\/","og_site_name":"Opr.Dr.Cafer Abbaso\u011flu","article_modified_time":"2015-10-27T20:20:12+00:00","og_image":[{"url":"http:\/\/caferabbasoglu.moldibi.com\/wp-content\/uploads\/icons\/adobe_pdf_document.png","type":"","width":"","height":""}],"twitter_card":"summary_large_image","schema":{"@context":"https:\/\/schema.org","@graph":[{"@type":"WebPage","@id":"https:\/\/www.caferabbasoglu.com\/ingilizce-lazer-tedavisi-literatur\/","url":"https:\/\/www.caferabbasoglu.com\/ingilizce-lazer-tedavisi-literatur\/","name":"\u0130ngilizce Lazer Tedavisi Literat\u00fcr - Opr.Dr.Cafer Abbaso\u011flu","isPartOf":{"@id":"https:\/\/www.caferabbasoglu.com\/#website"},"primaryImageOfPage":{"@id":"https:\/\/www.caferabbasoglu.com\/ingilizce-lazer-tedavisi-literatur\/#primaryimage"},"image":{"@id":"https:\/\/www.caferabbasoglu.com\/ingilizce-lazer-tedavisi-literatur\/#primaryimage"},"thumbnailUrl":"http:\/\/caferabbasoglu.moldibi.com\/wp-content\/uploads\/icons\/adobe_pdf_document.png","datePublished":"2011-01-20T13:28:34+00:00","dateModified":"2015-10-27T20:20:12+00:00","breadcrumb":{"@id":"https:\/\/www.caferabbasoglu.com\/ingilizce-lazer-tedavisi-literatur\/#breadcrumb"},"inLanguage":"en-US","potentialAction":[{"@type":"ReadAction","target":["https:\/\/www.caferabbasoglu.com\/ingilizce-lazer-tedavisi-literatur\/"]}]},{"@type":"ImageObject","inLanguage":"en-US","@id":"https:\/\/www.caferabbasoglu.com\/ingilizce-lazer-tedavisi-literatur\/#primaryimage","url":"http:\/\/caferabbasoglu.moldibi.com\/wp-content\/uploads\/icons\/adobe_pdf_document.png","contentUrl":"http:\/\/caferabbasoglu.moldibi.com\/wp-content\/uploads\/icons\/adobe_pdf_document.png"},{"@type":"BreadcrumbList","@id":"https:\/\/www.caferabbasoglu.com\/ingilizce-lazer-tedavisi-literatur\/#breadcrumb","itemListElement":[{"@type":"ListItem","position":1,"name":"Ana Sayfa","item":"https:\/\/www.caferabbasoglu.com\/"},{"@type":"ListItem","position":2,"name":"\u0130ngilizce Lazer Tedavisi Literat\u00fcr"}]},{"@type":"WebSite","@id":"https:\/\/www.caferabbasoglu.com\/#website","url":"https:\/\/www.caferabbasoglu.com\/","name":"Opr.Dr.Cafer Abbaso\u011flu","description":"Damar Hastal\u0131klar\u0131, Varis ve Diyabet Hakk\u0131nda Bilgiler","publisher":{"@id":"https:\/\/www.caferabbasoglu.com\/#organization"},"potentialAction":[{"@type":"SearchAction","target":{"@type":"EntryPoint","urlTemplate":"https:\/\/www.caferabbasoglu.com\/?s={search_term_string}"},"query-input":{"@type":"PropertyValueSpecification","valueRequired":true,"valueName":"search_term_string"}}],"inLanguage":"en-US"},{"@type":"Organization","@id":"https:\/\/www.caferabbasoglu.com\/#organization","name":"Damar Hastal\u0131klar\u0131 ve Varis Tedavileri Merkezi","url":"https:\/\/www.caferabbasoglu.com\/","logo":{"@type":"ImageObject","inLanguage":"en-US","@id":"https:\/\/www.caferabbasoglu.com\/#\/schema\/logo\/image\/","url":"http:\/\/www.caferabbasoglu.com\/wp-content\/uploads\/2010\/08\/imza_eposta.jpg","contentUrl":"http:\/\/www.caferabbasoglu.com\/wp-content\/uploads\/2010\/08\/imza_eposta.jpg","width":640,"height":121,"caption":"Damar Hastal\u0131klar\u0131 ve Varis Tedavileri Merkezi"},"image":{"@id":"https:\/\/www.caferabbasoglu.com\/#\/schema\/logo\/image\/"}}]}},"_links":{"self":[{"href":"https:\/\/www.caferabbasoglu.com\/en\/wp-json\/wp\/v2\/pages\/41","targetHints":{"allow":["GET"]}}],"collection":[{"href":"https:\/\/www.caferabbasoglu.com\/en\/wp-json\/wp\/v2\/pages"}],"about":[{"href":"https:\/\/www.caferabbasoglu.com\/en\/wp-json\/wp\/v2\/types\/page"}],"author":[{"embeddable":true,"href":"https:\/\/www.caferabbasoglu.com\/en\/wp-json\/wp\/v2\/users\/5"}],"replies":[{"embeddable":true,"href":"https:\/\/www.caferabbasoglu.com\/en\/wp-json\/wp\/v2\/comments?post=41"}],"version-history":[{"count":0,"href":"https:\/\/www.caferabbasoglu.com\/en\/wp-json\/wp\/v2\/pages\/41\/revisions"}],"wp:attachment":[{"href":"https:\/\/www.caferabbasoglu.com\/en\/wp-json\/wp\/v2\/media?parent=41"}],"curies":[{"name":"wp","href":"https:\/\/api.w.org\/{rel}","templated":true}]}}