{"id":45,"date":"2010-11-10T22:00:00","date_gmt":"2010-11-10T20:00:00","guid":{"rendered":"http:\/\/caferabbasoglu.moldibi.com\/hipertansiyon-tedavinde-lac-d-tedavi-yoentemleri\/"},"modified":"2016-03-02T17:50:16","modified_gmt":"2016-03-02T15:50:16","slug":"hipertansiyon-tedavinde-lac-d-tedavi-yoentemleri","status":"publish","type":"page","link":"https:\/\/www.caferabbasoglu.com\/en\/hipertansiyon-tedavinde-lac-d-tedavi-yoentemleri\/","title":{"rendered":"Hipertansiyon Tedavinde \u0130la\u00e7 D\u0131\u015f\u0131 Tedavi Y\u00f6ntemleri"},"content":{"rendered":"<p><img decoding=\"async\" height=\"124\" width=\"170\" data-src=\"http:\/\/www.caferabbasoglu.com\/\/wp-content\/uploads\/2016\/03\/hipertansiyon_yazs.jpg\" alt=\"Hipertansiyon_yazs\" style=\"--smush-placeholder-width: 170px; --smush-placeholder-aspect-ratio: 170\/124;float: left; margin-right: 5px;\" src=\"data:image\/gif;base64,R0lGODlhAQABAAAAACH5BAEKAAEALAAAAAABAAEAAAICTAEAOw==\" class=\"lazyload\" \/>Bilimsel \u00e7al\u0131\u015fmalar ila\u00e7 d\u0131\u015f\u0131 tedavinin hafif ya da labil hipertansiyonda etkili olabilece\u011fini g\u00f6stermi\u015ftir. Fakat kombine tedavi daha etkili olup kan bas\u0131nc\u0131n\u0131 kontrol etmede daha g\u00fc\u00e7l\u00fcd\u00fcr.Bu yaz\u0131da s\u0131ras\u0131yla \u015fu konular ele al\u0131nmaktad\u0131r.<\/p>\n<p><b>&nbsp;<\/b><\/p>\n<p><b>&nbsp;<\/b><\/p>\n<p><b>&nbsp;<\/b><\/p>\n<p>  <!--more-->  <\/p>\n<p>&nbsp;<b>1) Kilo kontrol\u00fc (beden a\u011f\u0131rl\u0131\u011f\u0131n\u0131n normale indirilmesi)<\/b><\/p>\n<p><b>&nbsp;<\/b><b>2) Egzersiz<\/b><\/p>\n<p><b>&nbsp;<\/b><b>3) Sodyum k\u0131s\u0131tlanmas\u0131<\/b><\/p>\n<p><b>&nbsp;<\/b><b>4) Alkol<\/b><\/p>\n<p><b>&nbsp;<\/b><b>5) Sigara<\/b><\/p>\n<p><b>&nbsp;<\/b><b>6) Stressin azalt\u0131lmas\u0131-biofeedback<\/b><\/p>\n<p><b>&nbsp;<\/b><b>7) Di\u011fer diyetle ili\u015fkili de\u011fi\u015fkenler<\/b><\/p>\n<ul>\n<li><i>Potasyum<\/i><\/li>\n<li><i>Kalsiyum<\/i><\/li>\n<li><i>Magnezyum<\/i><\/li>\n<li><i>Ya\u011flar<\/i><\/li>\n<\/ul>\n<p>\u00a0<\/p>\n<p>1) A\u015f\u0131r\u0131 kilonun azalt\u0131lmas\u0131 hem sistolik hem de diastolik kan bas\u0131nc\u0131n\u0131 azalt\u0131r. \u00c7al\u0131\u015fmalar g\u00f6stermi\u015ftir ki 18 ayda 3.8 kg verilmesi sistolik kan bas\u0131nc\u0131n\u0131 2.9 ve diastolik kan bas\u0131nc\u0131n\u0131 2.3 mm Hg azaltmaktad\u0131r.<\/p>\n<p>Kilo vermenin di\u011fer iyi yanlar\u0131 lipid profilinin d\u00fczelmesi, diyabet ve gut geli\u015fiminin \u00f6nlenmesidir. Hastan\u0131n tekrar kilo almas\u0131 halinde hipertansiyon tekrarlayabilir.<\/p>\n<p>\u00a0<\/p>\n<p>2) Kilo verme program\u0131na fizik aktivite de eklenmesi kan bas\u0131nc\u0131n\u0131 daha da azalt\u0131r. Mekanizmada serum norepinefrin seviyelerinin elektrolit dengesinin n\u00f6ral ve barorefleks mekanizmalar\u0131n d\u00fczeltilmeleri rol oynamaktad\u0131r. Fiziksel aktivitenin artmas\u0131 ile birlikte kan bas\u0131nc\u0131 6-7 mmHg d\u00fc\u015fmektedir.<\/p>\n<p>\u00a0<\/p>\n<p>3) Yap\u0131lan \u00e7al\u0131\u015fmalara g\u00f6re tuz k\u0131s\u0131tlamas\u0131 daha \u00e7ok ya\u015fl\u0131 bireylerde kan bas\u0131nc\u0131n\u0131n y\u00fcksek oldu\u011fu tuza hassas bireylerde daha etkili olmaktad\u0131r. Tuz k\u0131s\u0131tlanmas\u0131 kilo kayb\u0131 ile birlikte olsun veya olmas\u0131n antihipertansif ila\u00e7lar\u0131n ihtiyac\u0131 da azalmaktad\u0131r.<\/p>\n<p>\u00a0<\/p>\n<p>4) G\u00fcnde 2 i\u00e7kinin alt\u0131na inilmesi hem kan bas\u0131nc\u0131 normal hem de y\u00fcksek olan ki\u015filerde kan bas\u0131nc\u0131n\u0131 d\u00fc\u015f\u00fcr\u00fcr.<\/p>\n<p>\u00a0<\/p>\n<p>5) Sigara b\u0131rak\u0131lmas\u0131n\u0131n kan bas\u0131nc\u0131 \u00fczerine etkisi konusunda yeterli bulgu yoktur. Ancak kardiovask\u00fcler riski azaltmaktad\u0131r.<\/p>\n<p>6)Potasyum verilmesi kan bas\u0131nc\u0131nda 3-5mmHg d\u00fc\u015fmeye yol a\u00e7maktad\u0131r. Kalsiyum verilmesi ise ancak 0.5 mmHglik bir d\u00fc\u015f\u00fc\u015fe neden olmaktad\u0131r. Magnezyum yararl\u0131 oldu\u011fu g\u00f6sterilememi\u015f olup hatta sindirim sistemi bozukluklar\u0131na yol a\u00e7maktad\u0131r. Tekli veya \u00e7oklu doymu\u015f ya\u011flar\u0131n kan bas\u0131nc\u0131 \u00fczerine etkisi pek g\u00f6r\u00fclmemekle birlikte kardiovaskuler riski azaltt\u0131\u011f\u0131 bilinmektedir. G\u00fcnde 3gr\u2019dan fazla bal\u0131k ya\u011f\u0131 al\u0131nmas\u0131 kan bas\u0131nc\u0131n\u0131 3-5 mmHg d\u00fc\u015f\u00fcrmektedir. (g\u00fcnde 6-10 kaps\u00fcl) ancak gaz \u015fikayeti yapmaktad\u0131r.<\/p>\n<p>Kafein, sar\u0131msak, so\u011fan\u0131n ise bilimsel olarak tesbit edilmi\u015f yararlar\u0131 g\u00f6sterilmemi\u015ftir.<\/p>\n","protected":false},"excerpt":{"rendered":"<p>Bilimsel \u00e7al\u0131\u015fmalar ila\u00e7 d\u0131\u015f\u0131 tedavinin hafif ya da labil hipertansiyonda etkili olabilece\u011fini g\u00f6stermi\u015ftir. Fakat kombine tedavi daha etkili olup kan bas\u0131nc\u0131n\u0131 kontrol etmede daha g\u00fc\u00e7l\u00fcd\u00fcr.Bu yaz\u0131da s\u0131ras\u0131yla \u015fu konular ele al\u0131nmaktad\u0131r. &nbsp; &nbsp; &nbsp;<\/p>\n","protected":false},"author":5,"featured_media":0,"parent":0,"menu_order":5,"comment_status":"closed","ping_status":"closed","template":"","meta":{"two_page_speed":[],"footnotes":""},"class_list":["post-45","page","type-page","status-publish","hentry"],"translation":{"provider":"WPGlobus","version":"3.0.0","language":"en","enabled_languages":["tr","en"],"languages":{"tr":{"title":true,"content":true,"excerpt":false},"en":{"title":false,"content":false,"excerpt":false}}},"yoast_head":"<!-- This site is optimized with the Yoast SEO plugin v24.9 - https:\/\/yoast.com\/wordpress\/plugins\/seo\/ -->\n<title>Hipertansiyon Tedavinde \u0130la\u00e7 D\u0131\u015f\u0131 Tedavi Y\u00f6ntemleri - Opr.Dr.Cafer Abbaso\u011flu<\/title>\n<meta name=\"robots\" content=\"index, follow, max-snippet:-1, max-image-preview:large, max-video-preview:-1\" \/>\n<link rel=\"canonical\" href=\"https:\/\/www.caferabbasoglu.com\/hipertansiyon-tedavinde-lac-d-tedavi-yoentemleri\/\" \/>\n<meta property=\"og:locale\" content=\"en_US\" \/>\n<meta property=\"og:type\" content=\"article\" \/>\n<meta property=\"og:title\" content=\"Hipertansiyon Tedavinde \u0130la\u00e7 D\u0131\u015f\u0131 Tedavi Y\u00f6ntemleri - Opr.Dr.Cafer Abbaso\u011flu\" \/>\n<meta property=\"og:url\" content=\"https:\/\/www.caferabbasoglu.com\/hipertansiyon-tedavinde-lac-d-tedavi-yoentemleri\/\" \/>\n<meta property=\"og:site_name\" content=\"Opr.Dr.Cafer Abbaso\u011flu\" \/>\n<meta property=\"article:modified_time\" content=\"2016-03-02T15:50:16+00:00\" \/>\n<meta property=\"og:image\" content=\"http:\/\/www.caferabbasoglu.com\/\/wp-content\/uploads\/2016\/03\/hipertansiyon_yazs.jpg\" \/>\n<meta name=\"twitter:card\" content=\"summary_large_image\" \/>\n<meta name=\"twitter:label1\" content=\"Est. reading time\" \/>\n\t<meta name=\"twitter:data1\" content=\"2 minutes\" \/>\n<script type=\"application\/ld+json\" class=\"yoast-schema-graph\">{\"@context\":\"https:\/\/schema.org\",\"@graph\":[{\"@type\":\"WebPage\",\"@id\":\"https:\/\/www.caferabbasoglu.com\/hipertansiyon-tedavinde-lac-d-tedavi-yoentemleri\/\",\"url\":\"https:\/\/www.caferabbasoglu.com\/hipertansiyon-tedavinde-lac-d-tedavi-yoentemleri\/\",\"name\":\"Hipertansiyon Tedavinde \u0130la\u00e7 D\u0131\u015f\u0131 Tedavi Y\u00f6ntemleri - Opr.Dr.Cafer Abbaso\u011flu\",\"isPartOf\":{\"@id\":\"https:\/\/www.caferabbasoglu.com\/#website\"},\"primaryImageOfPage\":{\"@id\":\"https:\/\/www.caferabbasoglu.com\/hipertansiyon-tedavinde-lac-d-tedavi-yoentemleri\/#primaryimage\"},\"image\":{\"@id\":\"https:\/\/www.caferabbasoglu.com\/hipertansiyon-tedavinde-lac-d-tedavi-yoentemleri\/#primaryimage\"},\"thumbnailUrl\":\"http:\/\/www.caferabbasoglu.com\/\/wp-content\/uploads\/2016\/03\/hipertansiyon_yazs.jpg\",\"datePublished\":\"2010-11-10T20:00:00+00:00\",\"dateModified\":\"2016-03-02T15:50:16+00:00\",\"breadcrumb\":{\"@id\":\"https:\/\/www.caferabbasoglu.com\/hipertansiyon-tedavinde-lac-d-tedavi-yoentemleri\/#breadcrumb\"},\"inLanguage\":\"en-US\",\"potentialAction\":[{\"@type\":\"ReadAction\",\"target\":[\"https:\/\/www.caferabbasoglu.com\/hipertansiyon-tedavinde-lac-d-tedavi-yoentemleri\/\"]}]},{\"@type\":\"ImageObject\",\"inLanguage\":\"en-US\",\"@id\":\"https:\/\/www.caferabbasoglu.com\/hipertansiyon-tedavinde-lac-d-tedavi-yoentemleri\/#primaryimage\",\"url\":\"http:\/\/www.caferabbasoglu.com\/\/wp-content\/uploads\/2016\/03\/hipertansiyon_yazs.jpg\",\"contentUrl\":\"http:\/\/www.caferabbasoglu.com\/\/wp-content\/uploads\/2016\/03\/hipertansiyon_yazs.jpg\"},{\"@type\":\"BreadcrumbList\",\"@id\":\"https:\/\/www.caferabbasoglu.com\/hipertansiyon-tedavinde-lac-d-tedavi-yoentemleri\/#breadcrumb\",\"itemListElement\":[{\"@type\":\"ListItem\",\"position\":1,\"name\":\"Ana Sayfa\",\"item\":\"https:\/\/www.caferabbasoglu.com\/\"},{\"@type\":\"ListItem\",\"position\":2,\"name\":\"Hipertansiyon Tedavinde \u0130la\u00e7 D\u0131\u015f\u0131 Tedavi Y\u00f6ntemleri\"}]},{\"@type\":\"WebSite\",\"@id\":\"https:\/\/www.caferabbasoglu.com\/#website\",\"url\":\"https:\/\/www.caferabbasoglu.com\/\",\"name\":\"Opr.Dr.Cafer Abbaso\u011flu\",\"description\":\"Damar Hastal\u0131klar\u0131, Varis ve Diyabet Hakk\u0131nda Bilgiler\",\"publisher\":{\"@id\":\"https:\/\/www.caferabbasoglu.com\/#organization\"},\"potentialAction\":[{\"@type\":\"SearchAction\",\"target\":{\"@type\":\"EntryPoint\",\"urlTemplate\":\"https:\/\/www.caferabbasoglu.com\/?s={search_term_string}\"},\"query-input\":{\"@type\":\"PropertyValueSpecification\",\"valueRequired\":true,\"valueName\":\"search_term_string\"}}],\"inLanguage\":\"en-US\"},{\"@type\":\"Organization\",\"@id\":\"https:\/\/www.caferabbasoglu.com\/#organization\",\"name\":\"Damar Hastal\u0131klar\u0131 ve Varis Tedavileri Merkezi\",\"url\":\"https:\/\/www.caferabbasoglu.com\/\",\"logo\":{\"@type\":\"ImageObject\",\"inLanguage\":\"en-US\",\"@id\":\"https:\/\/www.caferabbasoglu.com\/#\/schema\/logo\/image\/\",\"url\":\"http:\/\/www.caferabbasoglu.com\/wp-content\/uploads\/2010\/08\/imza_eposta.jpg\",\"contentUrl\":\"http:\/\/www.caferabbasoglu.com\/wp-content\/uploads\/2010\/08\/imza_eposta.jpg\",\"width\":640,\"height\":121,\"caption\":\"Damar Hastal\u0131klar\u0131 ve Varis Tedavileri Merkezi\"},\"image\":{\"@id\":\"https:\/\/www.caferabbasoglu.com\/#\/schema\/logo\/image\/\"}}]}<\/script>\n<!-- \/ Yoast SEO plugin. -->","yoast_head_json":{"title":"Hipertansiyon Tedavinde \u0130la\u00e7 D\u0131\u015f\u0131 Tedavi Y\u00f6ntemleri - Opr.Dr.Cafer Abbaso\u011flu","robots":{"index":"index","follow":"follow","max-snippet":"max-snippet:-1","max-image-preview":"max-image-preview:large","max-video-preview":"max-video-preview:-1"},"canonical":"https:\/\/www.caferabbasoglu.com\/hipertansiyon-tedavinde-lac-d-tedavi-yoentemleri\/","og_locale":"en_US","og_type":"article","og_title":"Hipertansiyon Tedavinde \u0130la\u00e7 D\u0131\u015f\u0131 Tedavi Y\u00f6ntemleri - Opr.Dr.Cafer Abbaso\u011flu","og_url":"https:\/\/www.caferabbasoglu.com\/hipertansiyon-tedavinde-lac-d-tedavi-yoentemleri\/","og_site_name":"Opr.Dr.Cafer Abbaso\u011flu","article_modified_time":"2016-03-02T15:50:16+00:00","og_image":[{"url":"http:\/\/www.caferabbasoglu.com\/\/wp-content\/uploads\/2016\/03\/hipertansiyon_yazs.jpg","type":"","width":"","height":""}],"twitter_card":"summary_large_image","twitter_misc":{"Est. reading time":"2 minutes"},"schema":{"@context":"https:\/\/schema.org","@graph":[{"@type":"WebPage","@id":"https:\/\/www.caferabbasoglu.com\/hipertansiyon-tedavinde-lac-d-tedavi-yoentemleri\/","url":"https:\/\/www.caferabbasoglu.com\/hipertansiyon-tedavinde-lac-d-tedavi-yoentemleri\/","name":"Hipertansiyon Tedavinde \u0130la\u00e7 D\u0131\u015f\u0131 Tedavi Y\u00f6ntemleri - Opr.Dr.Cafer Abbaso\u011flu","isPartOf":{"@id":"https:\/\/www.caferabbasoglu.com\/#website"},"primaryImageOfPage":{"@id":"https:\/\/www.caferabbasoglu.com\/hipertansiyon-tedavinde-lac-d-tedavi-yoentemleri\/#primaryimage"},"image":{"@id":"https:\/\/www.caferabbasoglu.com\/hipertansiyon-tedavinde-lac-d-tedavi-yoentemleri\/#primaryimage"},"thumbnailUrl":"http:\/\/www.caferabbasoglu.com\/\/wp-content\/uploads\/2016\/03\/hipertansiyon_yazs.jpg","datePublished":"2010-11-10T20:00:00+00:00","dateModified":"2016-03-02T15:50:16+00:00","breadcrumb":{"@id":"https:\/\/www.caferabbasoglu.com\/hipertansiyon-tedavinde-lac-d-tedavi-yoentemleri\/#breadcrumb"},"inLanguage":"en-US","potentialAction":[{"@type":"ReadAction","target":["https:\/\/www.caferabbasoglu.com\/hipertansiyon-tedavinde-lac-d-tedavi-yoentemleri\/"]}]},{"@type":"ImageObject","inLanguage":"en-US","@id":"https:\/\/www.caferabbasoglu.com\/hipertansiyon-tedavinde-lac-d-tedavi-yoentemleri\/#primaryimage","url":"http:\/\/www.caferabbasoglu.com\/\/wp-content\/uploads\/2016\/03\/hipertansiyon_yazs.jpg","contentUrl":"http:\/\/www.caferabbasoglu.com\/\/wp-content\/uploads\/2016\/03\/hipertansiyon_yazs.jpg"},{"@type":"BreadcrumbList","@id":"https:\/\/www.caferabbasoglu.com\/hipertansiyon-tedavinde-lac-d-tedavi-yoentemleri\/#breadcrumb","itemListElement":[{"@type":"ListItem","position":1,"name":"Ana Sayfa","item":"https:\/\/www.caferabbasoglu.com\/"},{"@type":"ListItem","position":2,"name":"Hipertansiyon Tedavinde \u0130la\u00e7 D\u0131\u015f\u0131 Tedavi Y\u00f6ntemleri"}]},{"@type":"WebSite","@id":"https:\/\/www.caferabbasoglu.com\/#website","url":"https:\/\/www.caferabbasoglu.com\/","name":"Opr.Dr.Cafer Abbaso\u011flu","description":"Damar Hastal\u0131klar\u0131, Varis ve Diyabet Hakk\u0131nda Bilgiler","publisher":{"@id":"https:\/\/www.caferabbasoglu.com\/#organization"},"potentialAction":[{"@type":"SearchAction","target":{"@type":"EntryPoint","urlTemplate":"https:\/\/www.caferabbasoglu.com\/?s={search_term_string}"},"query-input":{"@type":"PropertyValueSpecification","valueRequired":true,"valueName":"search_term_string"}}],"inLanguage":"en-US"},{"@type":"Organization","@id":"https:\/\/www.caferabbasoglu.com\/#organization","name":"Damar Hastal\u0131klar\u0131 ve Varis Tedavileri Merkezi","url":"https:\/\/www.caferabbasoglu.com\/","logo":{"@type":"ImageObject","inLanguage":"en-US","@id":"https:\/\/www.caferabbasoglu.com\/#\/schema\/logo\/image\/","url":"http:\/\/www.caferabbasoglu.com\/wp-content\/uploads\/2010\/08\/imza_eposta.jpg","contentUrl":"http:\/\/www.caferabbasoglu.com\/wp-content\/uploads\/2010\/08\/imza_eposta.jpg","width":640,"height":121,"caption":"Damar Hastal\u0131klar\u0131 ve Varis Tedavileri Merkezi"},"image":{"@id":"https:\/\/www.caferabbasoglu.com\/#\/schema\/logo\/image\/"}}]}},"_links":{"self":[{"href":"https:\/\/www.caferabbasoglu.com\/en\/wp-json\/wp\/v2\/pages\/45","targetHints":{"allow":["GET"]}}],"collection":[{"href":"https:\/\/www.caferabbasoglu.com\/en\/wp-json\/wp\/v2\/pages"}],"about":[{"href":"https:\/\/www.caferabbasoglu.com\/en\/wp-json\/wp\/v2\/types\/page"}],"author":[{"embeddable":true,"href":"https:\/\/www.caferabbasoglu.com\/en\/wp-json\/wp\/v2\/users\/5"}],"replies":[{"embeddable":true,"href":"https:\/\/www.caferabbasoglu.com\/en\/wp-json\/wp\/v2\/comments?post=45"}],"version-history":[{"count":2,"href":"https:\/\/www.caferabbasoglu.com\/en\/wp-json\/wp\/v2\/pages\/45\/revisions"}],"predecessor-version":[{"id":331,"href":"https:\/\/www.caferabbasoglu.com\/en\/wp-json\/wp\/v2\/pages\/45\/revisions\/331"}],"wp:attachment":[{"href":"https:\/\/www.caferabbasoglu.com\/en\/wp-json\/wp\/v2\/media?parent=45"}],"curies":[{"name":"wp","href":"https:\/\/api.w.org\/{rel}","templated":true}]}}