{"id":48,"date":"2011-12-21T16:20:01","date_gmt":"2011-12-21T14:20:01","guid":{"rendered":"http:\/\/caferabbasoglu.moldibi.com\/tansiyon-hastalnn-zararlar\/"},"modified":"2016-03-02T17:55:55","modified_gmt":"2016-03-02T15:55:55","slug":"tansiyon-hastalnn-zararlar","status":"publish","type":"page","link":"https:\/\/www.caferabbasoglu.com\/en\/tansiyon-hastalnn-zararlar\/","title":{"rendered":"Tansiyon Hastal\u0131\u011f\u0131n\u0131n Zararlar\u0131"},"content":{"rendered":"<p><img decoding=\"async\" style=\"--smush-placeholder-width: 190px; --smush-placeholder-aspect-ratio: 190\/190;float: left;\" alt=\"Tansiyon Hastala\u0131\u011f\u0131\" height=\"190\" width=\"190\" data-src=\"http:\/\/www.caferabbasoglu.com\/wp-content\/uploads\/2016\/03\/tekli_steteskop.jpg\" src=\"data:image\/gif;base64,R0lGODlhAQABAAAAACH5BAEKAAEALAAAAAABAAEAAAICTAEAOw==\" class=\"lazyload\" \/>Hipertansiyon,kan bas\u0131nc\u0131n\u0131n s\u00fcrekli olarak y\u00fcksek olmas\u0131 durumudur.Pek\u00e7ok hastada belirti vermez fakat bu hastalar b\u00fcy\u00fck \u00f6l\u00e7\u00fcde inme,kalp hastal\u0131klar\u0131,b\u00f6brek yetmezli\u011fi ve g\u00f6rme bozuklu\u011fu gibi riskler ta\u015f\u0131rlar.<\/p>\n<p>Sistolik tansiyon(b\u00fcy\u00fck tansiyon) kalbin damarlara maximum g\u00fc\u00e7le kan pompalad\u0131\u011f\u0131 anda (kalp kas\u0131lmas\u0131) \u00f6l\u00e7\u00fclen bas\u0131n\u00e7t\u0131r.<\/p>\n<p>Diyastolik tansiyon (k\u00fc\u00e7\u00fck tansiyon),kalbin gev\u015femesi s\u0131ras\u0131nda \u00f6l\u00e7\u00fclen bas\u0131n\u00e7t\u0131r.<\/p>\n<p>Kan bas\u0131nc\u0131:Kalp,kan damarlar\u0131 ve b\u00f6brek taraf\u0131ndan kontrol edilir.<\/p>\n<p>Hipertansiyonda kalbin damarlara kan\u0131 pompalama g\u00fcc\u00fc zay\u0131flar.<\/p>\n<p>B\u00fcy\u00fck arterler elastikiyetini kaybeder.<\/p>\n<p>Hiper tansiyona ba\u011fl\u0131 b\u00f6brek yetmezli\u011fi geli\u015febilir.<\/p>\n<p>\u00a0<\/p>\n<p>  <!--more-->  <\/p>\n<p>\u00a0<\/p>\n<p><img decoding=\"async\" data-src=\"http:\/\/www.caferabbasoglu.com\/wp-content\/uploads\/2016\/03\/tansiyon_resim.jpg\" width=\"400\" height=\"346\" alt=\"tansiyon_resim\" src=\"data:image\/gif;base64,R0lGODlhAQABAAAAACH5BAEKAAEALAAAAAABAAEAAAICTAEAOw==\" class=\"lazyload\" style=\"--smush-placeholder-width: 400px; --smush-placeholder-aspect-ratio: 400\/346;\" \/><\/p>\n<p><b>H\u0130PERTANS\u0130YON R\u0130SKLER\u0130 NELERD\u0130R?<\/b><\/p>\n<p>1)\u0130nme<\/p>\n<p>Y\u00fcksek kan bas\u0131nc\u0131 beyne giden damarlara zarar verir ve inmeye(fel\u00e7) yol a\u00e7abilir.<\/p>\n<p>2)Koroner arter hastal\u0131\u011f\u0131<\/p>\n<p>Kalbe giden damarlar\u0131n t\u0131kanmas\u0131 kalp krizine neden olur.<\/p>\n<p>3)Kalp Yetmezli\u011fi<\/p>\n<p>Hipertans\u0131yona\u00a0 ba\u011fl\u0131 olarak kalp kas\u0131n\u0131n zay\u0131flamas\u0131\u00a0 sonucu,kalp\u00a0 v\u00fccuda yeterli\u00a0 kan pompalayamaz.<\/p>\n<p>4)B\u00f6brek Yetmezli\u011fi<\/p>\n<p>B\u00f6bre\u011fi besleyen damarlar\u0131n hasara u\u011framas\u0131 b\u00f6bre\u011fin s\u00fczme mekan\u0131zmas\u0131n\u0131 bozar ve v\u00fccutta at\u0131klar birikeblir.<\/p>\n<p>5)Anevrizma(damar geni\u015flemesi)<\/p>\n<p>Y\u00fcksek kan bas\u0131nc\u0131 ve sigara damarlarda geni\u015flemeye neden olabilir.<\/p>\n<p><b>R\u0130SKLERDEN KORUNMA<\/b><\/p>\n<p>1)Sigaray\u0131 b\u0131rakmak<\/p>\n<p>2)Sa\u011fl\u0131kl\u0131 beslenmek<\/p>\n<p>3)Diyete Uymak<\/p>\n<p>4)Egzersiz Yapmak<\/p>\n<p>5)Kilo Vermek<\/p>\n<p>6)Stresten Uzak Durmak<\/p>\n","protected":false},"excerpt":{"rendered":"<p>Hipertansiyon,kan bas\u0131nc\u0131n\u0131n s\u00fcrekli olarak y\u00fcksek olmas\u0131 durumudur.Pek\u00e7ok hastada belirti vermez fakat bu hastalar b\u00fcy\u00fck \u00f6l\u00e7\u00fcde inme,kalp hastal\u0131klar\u0131,b\u00f6brek yetmezli\u011fi ve g\u00f6rme bozuklu\u011fu gibi riskler ta\u015f\u0131rlar. Sistolik tansiyon(b\u00fcy\u00fck tansiyon) kalbin damarlara maximum g\u00fc\u00e7le kan pompalad\u0131\u011f\u0131 anda (kalp kas\u0131lmas\u0131) \u00f6l\u00e7\u00fclen bas\u0131n\u00e7t\u0131r. Diyastolik tansiyon (k\u00fc\u00e7\u00fck tansiyon),kalbin gev\u015femesi s\u0131ras\u0131nda \u00f6l\u00e7\u00fclen bas\u0131n\u00e7t\u0131r. Kan bas\u0131nc\u0131:Kalp,kan damarlar\u0131 ve b\u00f6brek taraf\u0131ndan kontrol edilir. Hipertansiyonda [&hellip;]<\/p>\n","protected":false},"author":5,"featured_media":0,"parent":0,"menu_order":2,"comment_status":"closed","ping_status":"closed","template":"","meta":{"two_page_speed":[],"footnotes":""},"class_list":["post-48","page","type-page","status-publish","hentry"],"translation":{"provider":"WPGlobus","version":"3.0.0","language":"en","enabled_languages":["tr","en"],"languages":{"tr":{"title":true,"content":true,"excerpt":false},"en":{"title":false,"content":false,"excerpt":false}}},"yoast_head":"<!-- This site is optimized with the Yoast SEO plugin v24.9 - https:\/\/yoast.com\/wordpress\/plugins\/seo\/ -->\n<title>Tansiyon Hastal\u0131\u011f\u0131n\u0131n Zararlar\u0131 - Opr.Dr.Cafer Abbaso\u011flu<\/title>\n<meta name=\"robots\" content=\"index, follow, max-snippet:-1, max-image-preview:large, max-video-preview:-1\" \/>\n<link rel=\"canonical\" href=\"https:\/\/www.caferabbasoglu.com\/tansiyon-hastalnn-zararlar\/\" \/>\n<meta property=\"og:locale\" content=\"en_US\" \/>\n<meta property=\"og:type\" content=\"article\" \/>\n<meta property=\"og:title\" content=\"Tansiyon Hastal\u0131\u011f\u0131n\u0131n Zararlar\u0131 - Opr.Dr.Cafer Abbaso\u011flu\" \/>\n<meta property=\"og:url\" content=\"https:\/\/www.caferabbasoglu.com\/tansiyon-hastalnn-zararlar\/\" \/>\n<meta property=\"og:site_name\" content=\"Opr.Dr.Cafer Abbaso\u011flu\" \/>\n<meta property=\"article:modified_time\" content=\"2016-03-02T15:55:55+00:00\" \/>\n<meta property=\"og:image\" content=\"http:\/\/www.caferabbasoglu.com\/wp-content\/uploads\/2016\/03\/tekli_steteskop.jpg\" \/>\n<meta name=\"twitter:card\" content=\"summary_large_image\" \/>\n<meta name=\"twitter:label1\" content=\"Est. reading time\" \/>\n\t<meta name=\"twitter:data1\" content=\"1 minute\" \/>\n<script type=\"application\/ld+json\" class=\"yoast-schema-graph\">{\"@context\":\"https:\/\/schema.org\",\"@graph\":[{\"@type\":\"WebPage\",\"@id\":\"https:\/\/www.caferabbasoglu.com\/tansiyon-hastalnn-zararlar\/\",\"url\":\"https:\/\/www.caferabbasoglu.com\/tansiyon-hastalnn-zararlar\/\",\"name\":\"Tansiyon Hastal\u0131\u011f\u0131n\u0131n Zararlar\u0131 - Opr.Dr.Cafer Abbaso\u011flu\",\"isPartOf\":{\"@id\":\"https:\/\/www.caferabbasoglu.com\/#website\"},\"primaryImageOfPage\":{\"@id\":\"https:\/\/www.caferabbasoglu.com\/tansiyon-hastalnn-zararlar\/#primaryimage\"},\"image\":{\"@id\":\"https:\/\/www.caferabbasoglu.com\/tansiyon-hastalnn-zararlar\/#primaryimage\"},\"thumbnailUrl\":\"http:\/\/www.caferabbasoglu.com\/wp-content\/uploads\/2016\/03\/tekli_steteskop.jpg\",\"datePublished\":\"2011-12-21T14:20:01+00:00\",\"dateModified\":\"2016-03-02T15:55:55+00:00\",\"breadcrumb\":{\"@id\":\"https:\/\/www.caferabbasoglu.com\/tansiyon-hastalnn-zararlar\/#breadcrumb\"},\"inLanguage\":\"en-US\",\"potentialAction\":[{\"@type\":\"ReadAction\",\"target\":[\"https:\/\/www.caferabbasoglu.com\/tansiyon-hastalnn-zararlar\/\"]}]},{\"@type\":\"ImageObject\",\"inLanguage\":\"en-US\",\"@id\":\"https:\/\/www.caferabbasoglu.com\/tansiyon-hastalnn-zararlar\/#primaryimage\",\"url\":\"http:\/\/www.caferabbasoglu.com\/wp-content\/uploads\/2016\/03\/tekli_steteskop.jpg\",\"contentUrl\":\"http:\/\/www.caferabbasoglu.com\/wp-content\/uploads\/2016\/03\/tekli_steteskop.jpg\"},{\"@type\":\"BreadcrumbList\",\"@id\":\"https:\/\/www.caferabbasoglu.com\/tansiyon-hastalnn-zararlar\/#breadcrumb\",\"itemListElement\":[{\"@type\":\"ListItem\",\"position\":1,\"name\":\"Ana Sayfa\",\"item\":\"https:\/\/www.caferabbasoglu.com\/\"},{\"@type\":\"ListItem\",\"position\":2,\"name\":\"Tansiyon Hastal\u0131\u011f\u0131n\u0131n Zararlar\u0131\"}]},{\"@type\":\"WebSite\",\"@id\":\"https:\/\/www.caferabbasoglu.com\/#website\",\"url\":\"https:\/\/www.caferabbasoglu.com\/\",\"name\":\"Opr.Dr.Cafer Abbaso\u011flu\",\"description\":\"Damar Hastal\u0131klar\u0131, Varis ve Diyabet Hakk\u0131nda Bilgiler\",\"publisher\":{\"@id\":\"https:\/\/www.caferabbasoglu.com\/#organization\"},\"potentialAction\":[{\"@type\":\"SearchAction\",\"target\":{\"@type\":\"EntryPoint\",\"urlTemplate\":\"https:\/\/www.caferabbasoglu.com\/?s={search_term_string}\"},\"query-input\":{\"@type\":\"PropertyValueSpecification\",\"valueRequired\":true,\"valueName\":\"search_term_string\"}}],\"inLanguage\":\"en-US\"},{\"@type\":\"Organization\",\"@id\":\"https:\/\/www.caferabbasoglu.com\/#organization\",\"name\":\"Damar Hastal\u0131klar\u0131 ve Varis Tedavileri Merkezi\",\"url\":\"https:\/\/www.caferabbasoglu.com\/\",\"logo\":{\"@type\":\"ImageObject\",\"inLanguage\":\"en-US\",\"@id\":\"https:\/\/www.caferabbasoglu.com\/#\/schema\/logo\/image\/\",\"url\":\"http:\/\/www.caferabbasoglu.com\/wp-content\/uploads\/2010\/08\/imza_eposta.jpg\",\"contentUrl\":\"http:\/\/www.caferabbasoglu.com\/wp-content\/uploads\/2010\/08\/imza_eposta.jpg\",\"width\":640,\"height\":121,\"caption\":\"Damar Hastal\u0131klar\u0131 ve Varis Tedavileri Merkezi\"},\"image\":{\"@id\":\"https:\/\/www.caferabbasoglu.com\/#\/schema\/logo\/image\/\"}}]}<\/script>\n<!-- \/ Yoast SEO plugin. -->","yoast_head_json":{"title":"Tansiyon Hastal\u0131\u011f\u0131n\u0131n Zararlar\u0131 - Opr.Dr.Cafer Abbaso\u011flu","robots":{"index":"index","follow":"follow","max-snippet":"max-snippet:-1","max-image-preview":"max-image-preview:large","max-video-preview":"max-video-preview:-1"},"canonical":"https:\/\/www.caferabbasoglu.com\/tansiyon-hastalnn-zararlar\/","og_locale":"en_US","og_type":"article","og_title":"Tansiyon Hastal\u0131\u011f\u0131n\u0131n Zararlar\u0131 - Opr.Dr.Cafer Abbaso\u011flu","og_url":"https:\/\/www.caferabbasoglu.com\/tansiyon-hastalnn-zararlar\/","og_site_name":"Opr.Dr.Cafer Abbaso\u011flu","article_modified_time":"2016-03-02T15:55:55+00:00","og_image":[{"url":"http:\/\/www.caferabbasoglu.com\/wp-content\/uploads\/2016\/03\/tekli_steteskop.jpg","type":"","width":"","height":""}],"twitter_card":"summary_large_image","twitter_misc":{"Est. reading time":"1 minute"},"schema":{"@context":"https:\/\/schema.org","@graph":[{"@type":"WebPage","@id":"https:\/\/www.caferabbasoglu.com\/tansiyon-hastalnn-zararlar\/","url":"https:\/\/www.caferabbasoglu.com\/tansiyon-hastalnn-zararlar\/","name":"Tansiyon Hastal\u0131\u011f\u0131n\u0131n Zararlar\u0131 - Opr.Dr.Cafer Abbaso\u011flu","isPartOf":{"@id":"https:\/\/www.caferabbasoglu.com\/#website"},"primaryImageOfPage":{"@id":"https:\/\/www.caferabbasoglu.com\/tansiyon-hastalnn-zararlar\/#primaryimage"},"image":{"@id":"https:\/\/www.caferabbasoglu.com\/tansiyon-hastalnn-zararlar\/#primaryimage"},"thumbnailUrl":"http:\/\/www.caferabbasoglu.com\/wp-content\/uploads\/2016\/03\/tekli_steteskop.jpg","datePublished":"2011-12-21T14:20:01+00:00","dateModified":"2016-03-02T15:55:55+00:00","breadcrumb":{"@id":"https:\/\/www.caferabbasoglu.com\/tansiyon-hastalnn-zararlar\/#breadcrumb"},"inLanguage":"en-US","potentialAction":[{"@type":"ReadAction","target":["https:\/\/www.caferabbasoglu.com\/tansiyon-hastalnn-zararlar\/"]}]},{"@type":"ImageObject","inLanguage":"en-US","@id":"https:\/\/www.caferabbasoglu.com\/tansiyon-hastalnn-zararlar\/#primaryimage","url":"http:\/\/www.caferabbasoglu.com\/wp-content\/uploads\/2016\/03\/tekli_steteskop.jpg","contentUrl":"http:\/\/www.caferabbasoglu.com\/wp-content\/uploads\/2016\/03\/tekli_steteskop.jpg"},{"@type":"BreadcrumbList","@id":"https:\/\/www.caferabbasoglu.com\/tansiyon-hastalnn-zararlar\/#breadcrumb","itemListElement":[{"@type":"ListItem","position":1,"name":"Ana Sayfa","item":"https:\/\/www.caferabbasoglu.com\/"},{"@type":"ListItem","position":2,"name":"Tansiyon Hastal\u0131\u011f\u0131n\u0131n Zararlar\u0131"}]},{"@type":"WebSite","@id":"https:\/\/www.caferabbasoglu.com\/#website","url":"https:\/\/www.caferabbasoglu.com\/","name":"Opr.Dr.Cafer Abbaso\u011flu","description":"Damar Hastal\u0131klar\u0131, Varis ve Diyabet Hakk\u0131nda Bilgiler","publisher":{"@id":"https:\/\/www.caferabbasoglu.com\/#organization"},"potentialAction":[{"@type":"SearchAction","target":{"@type":"EntryPoint","urlTemplate":"https:\/\/www.caferabbasoglu.com\/?s={search_term_string}"},"query-input":{"@type":"PropertyValueSpecification","valueRequired":true,"valueName":"search_term_string"}}],"inLanguage":"en-US"},{"@type":"Organization","@id":"https:\/\/www.caferabbasoglu.com\/#organization","name":"Damar Hastal\u0131klar\u0131 ve Varis Tedavileri Merkezi","url":"https:\/\/www.caferabbasoglu.com\/","logo":{"@type":"ImageObject","inLanguage":"en-US","@id":"https:\/\/www.caferabbasoglu.com\/#\/schema\/logo\/image\/","url":"http:\/\/www.caferabbasoglu.com\/wp-content\/uploads\/2010\/08\/imza_eposta.jpg","contentUrl":"http:\/\/www.caferabbasoglu.com\/wp-content\/uploads\/2010\/08\/imza_eposta.jpg","width":640,"height":121,"caption":"Damar Hastal\u0131klar\u0131 ve Varis Tedavileri Merkezi"},"image":{"@id":"https:\/\/www.caferabbasoglu.com\/#\/schema\/logo\/image\/"}}]}},"_links":{"self":[{"href":"https:\/\/www.caferabbasoglu.com\/en\/wp-json\/wp\/v2\/pages\/48","targetHints":{"allow":["GET"]}}],"collection":[{"href":"https:\/\/www.caferabbasoglu.com\/en\/wp-json\/wp\/v2\/pages"}],"about":[{"href":"https:\/\/www.caferabbasoglu.com\/en\/wp-json\/wp\/v2\/types\/page"}],"author":[{"embeddable":true,"href":"https:\/\/www.caferabbasoglu.com\/en\/wp-json\/wp\/v2\/users\/5"}],"replies":[{"embeddable":true,"href":"https:\/\/www.caferabbasoglu.com\/en\/wp-json\/wp\/v2\/comments?post=48"}],"version-history":[{"count":4,"href":"https:\/\/www.caferabbasoglu.com\/en\/wp-json\/wp\/v2\/pages\/48\/revisions"}],"predecessor-version":[{"id":337,"href":"https:\/\/www.caferabbasoglu.com\/en\/wp-json\/wp\/v2\/pages\/48\/revisions\/337"}],"wp:attachment":[{"href":"https:\/\/www.caferabbasoglu.com\/en\/wp-json\/wp\/v2\/media?parent=48"}],"curies":[{"name":"wp","href":"https:\/\/api.w.org\/{rel}","templated":true}]}}