{"id":49,"date":"2012-09-15T23:23:42","date_gmt":"2012-09-15T20:23:42","guid":{"rendered":"http:\/\/caferabbasoglu.moldibi.com\/vulva-varisleri\/"},"modified":"2016-03-03T11:40:47","modified_gmt":"2016-03-03T09:40:47","slug":"vulva-varisleri","status":"publish","type":"page","link":"https:\/\/www.caferabbasoglu.com\/en\/vulva-varisleri\/","title":{"rendered":"Vulva Varisleri"},"content":{"rendered":"<div id=\"attachment_496\" style=\"width: 235px\" class=\"wp-caption alignleft\"><img decoding=\"async\" aria-describedby=\"caption-attachment-496\" class=\"size-full wp-image-496 lazyload\" data-src=\"http:\/\/www.damartedavileri.com\/wp-content\/uploads\/2015\/10\/vulva-varisleri.jpg\" alt=\"vulva varisleri\" width=\"225\" height=\"300\" src=\"data:image\/gif;base64,R0lGODlhAQABAAAAACH5BAEKAAEALAAAAAABAAEAAAICTAEAOw==\" style=\"--smush-placeholder-width: 225px; --smush-placeholder-aspect-ratio: 225\/300;\" \/><p id=\"caption-attachment-496\" class=\"wp-caption-text\">Vulva Varisleri<\/p><\/div>\n<p>Varis hastal\u0131\u011f\u0131 insan sa\u011fl\u0131\u011f\u0131 a\u00e7\u0131s\u0131ndan \u00e7ok ciddi s\u0131k\u0131nt\u0131lara yol a\u00e7an, baz\u0131 damarlar\u0131n geni\u015fleyip \u015fi\u015ferek fonksiyon d\u0131\u015f\u0131 kalmas\u0131yla ortaya \u00e7\u0131kan toplumsal bir hastal\u0131kt\u0131r.<\/p>\n<p>Varis hastal\u0131\u011f\u0131 insan sa\u011fl\u0131\u011f\u0131 a\u00e7\u0131s\u0131ndan \u00e7ok ciddi s\u0131k\u0131nt\u0131lara yol a\u00e7an, baz\u0131 damarlar\u0131n geni\u015fleyip \u015fi\u015ferek fonksiyon d\u0131\u015f\u0131 kalmas\u0131yla ortaya \u00e7\u0131kan toplumsal bir hastal\u0131kt\u0131r.<\/p>\n<p>Varis ve ona ba\u011fl\u0131 hastal\u0131klar sadece bacaklarda de\u011fil v\u00fccudun farkl\u0131 b\u00f6lgelerinde de olu\u015fabilir.<\/p>\n<p>Bunlar\u0131n ba\u015f\u0131nda \u00f6zellikle kad\u0131nlar\u0131n b\u00fcy\u00fck s\u0131k\u0131nt\u0131 ya\u015fad\u0131\u011f\u0131 vulva,\u00a0 perine ve pubis b\u00f6lgesinde bulunan varisler gelmektedir.<\/p>\n<p>B\u00f6ylesi s\u0131k rastlanan bir rahats\u0131zl\u0131k olmas\u0131na ra\u011fmen nedense \u00fclkemizde vulva varisleri ile ilgili yeterli bir bilgiye ba\u015fta sa\u011fl\u0131k siteleri olmak \u00fczere sa\u011fl\u0131kla ilgili bir \u00e7ok ba\u015fvuru kayna\u011f\u0131nda gereken yer verilmemektedir.<\/p>\n<p>\u0130\u015fte bu y\u00fczden bir\u00e7ok kad\u0131n \u00f6zellikle hamilelik d\u00f6neminde bu ciddi tehlikeden habersiz ya\u015fant\u0131s\u0131n\u0131 s\u00fcrd\u00fcrmektedir.<\/p>\n<p><strong>Vulva Varisleri Nedir? Nas\u0131l Olu\u015fur?<\/strong><\/p>\n<p>Vulva ve perine varisleri,\u00a0 genelde hamilelik esnas\u0131nda bebe\u011fin ana rahminde ana toplar damara bask\u0131 yapmas\u0131yla ortaya \u00e7\u0131kan varislerdir. \u00a0Yani perine, vulva ve kas\u0131k \u00e7evre b\u00f6lgelerdeki y\u00fczeyel varisler y\u00fcksek bas\u0131nca maruz kalarak damarlar geni\u015fler ve artar.<\/p>\n<p>Varisler do\u011fum sonras\u0131nda gerilemeye ba\u015flar ancak asla tamamen kaybolmaz\u2026<\/p>\n<p><img decoding=\"async\" style=\"--smush-placeholder-width: 579px; --smush-placeholder-aspect-ratio: 579\/375;width: 500px; height: 324px;\" data-src=\"\/wp-content\/uploads\/images\/vulva\/image002.jpg\" alt=\"\" src=\"data:image\/gif;base64,R0lGODlhAQABAAAAACH5BAEKAAEALAAAAAABAAEAAAICTAEAOw==\" class=\"lazyload\" \/><\/p>\n<p><strong>Nas\u0131l Farkedilir, Belirtileri Nelerdir??<\/strong><\/p>\n<p>D\u0131\u015far\u0131dan normal g\u00f6zle fark edilebilece\u011fi gibi, elle de anla\u015f\u0131labilir.<\/p>\n<p>A\u011fr\u0131, yanma, ka\u015f\u0131nt\u0131 en s\u0131k g\u00f6r\u00fclen belirtileridir. Genelde \u00e7ok \u00f6nemli olan vulva varisleri hastada y\u00fcr\u00fcrken veya ili\u015fki s\u0131ras\u0131nda\u00a0 a\u011fr\u0131lara neden olmaktad\u0131r.<\/p>\n<p>Makarna, ince k\u0131lcal, mavi damar ve morumsu damar \u015feklinde g\u00f6z\u00fck\u00fcr.<\/p>\n<p><strong>Nedenleri:<\/strong><\/p>\n<div id=\"attachment_380\" style=\"width: 363px\" class=\"wp-caption alignright\"><img decoding=\"async\" aria-describedby=\"caption-attachment-380\" class=\"size-full wp-image-380 lazyload\" data-src=\"http:\/\/www.caferabbasoglu.com\/wp-content\/uploads\/2012\/09\/vulva-varis2.jpg\" alt=\"Vulva Varis\" width=\"353\" height=\"470\" data-srcset=\"https:\/\/www.caferabbasoglu.com\/wp-content\/uploads\/2012\/09\/vulva-varis2.jpg 353w, https:\/\/www.caferabbasoglu.com\/wp-content\/uploads\/2012\/09\/vulva-varis2-225x300.jpg 225w\" data-sizes=\"(max-width: 353px) 100vw, 353px\" src=\"data:image\/gif;base64,R0lGODlhAQABAAAAACH5BAEKAAEALAAAAAABAAEAAAICTAEAOw==\" style=\"--smush-placeholder-width: 353px; --smush-placeholder-aspect-ratio: 353\/470;\" \/><p id=\"caption-attachment-380\" class=\"wp-caption-text\">Vulva Varis<\/p><\/div>\n<p>Hamilelikte bebe\u011fin ana toplardamara bask\u0131s\u0131, kab\u0131zl\u0131k, \u00e7ok \u0131k\u0131nmak ve genetik nedenler<\/p>\n<p>Vulva ve perine varislerinin ba\u015fl\u0131ca sebebidir.<\/p>\n<p>Daha \u00f6nce ge\u00e7irilmi\u015f derin toplar damar trombozu ,<\/p>\n<p>S\u0131k s\u0131k ge\u00e7irilmi\u015f flebit ve trombo flebit sonras\u0131 ,<\/p>\n<p>Alt kar\u0131n b\u00f6lgesi ameliyatlar\u0131 ile kad\u0131n hastal\u0131klar\u0131na ba\u011fl\u0131 ameliyatlar sonras\u0131nda,<\/p>\n<p>Kas\u0131k b\u00f6lgesi ve kad\u0131nl\u0131k organlar\u0131nda olu\u015fan damarsal anomalilerinde g\u00f6r\u00fcl\u00fcr.<\/p>\n<p><strong>Korunmak i\u00e7in:<\/strong><\/p>\n<ul>\n<li>Kab\u0131z olmamaya \u00f6zen g\u00f6stermek, temizlik, \u0131l\u0131k su ile du\u015f almak,<\/li>\n<li>Hamilelikte d\u00fczenli ve bol y\u00fcr\u00fcy\u00fc\u015f yapmak,<\/li>\n<li>Hamilelere mahsus varis \u00e7oraplar\u0131 kullanmak,<\/li>\n<li>Hamilelere \u00f6zel pasif jimnastik hareketleri yapmak,<\/li>\n<li>En \u00f6nemlisi b\u00f6yle bir durumdan \u015f\u00fcphelenildi\u011finde vakit kaybetmeden doktoruna ba\u015fvurmak.<\/li>\n<\/ul>\n<p><strong>Tedavi ihmal edilirse: <\/strong><\/p>\n<p>Vulva ve perine varisleri asl\u0131nda \u00e7ok ciddiye al\u0131nmas\u0131 gereken bir hastal\u0131k t\u00fcr\u00fcd\u00fcr.<\/p>\n<p>Sadece estetik a\u00e7\u0131dan de\u011ferlendirilmemeli. Bir damar anomalisinin belirtisi, kad\u0131nl\u0131k organ\u0131<\/p>\n<p>veya k\u00f6t\u00fc bir hastal\u0131\u011f\u0131n habercisi de olabilece\u011fi ihtimali unutulmamal\u0131d\u0131r.<\/p>\n<p>Hatta g\u00f6r\u00fclm\u00fc\u015ft\u00fcr ki uyku s\u0131ras\u0131nda gayri ihtiyari ka\u015f\u0131malarda t\u0131rna\u011f\u0131n y\u00fczeyel geni\u015flemi\u015f toplardamara ili\u015fmesiyle damar y\u0131rt\u0131larak hayati tehlikeyle sonu\u00e7lanabilen sinsi kanamalar olu\u015fmaktad\u0131r.<\/p>\n<p>\u0130li\u015fki s\u0131ras\u0131nda zararl\u0131 oldu\u011fu gibi, mantar, ak\u0131nt\u0131 ve \u00e7irkin g\u00f6r\u00fcnt\u00fcl\u00fc cilt hastal\u0131klar\u0131na da\u00a0 neden olabilir.<\/p>\n<p>\u00d6zellikle ikinci veya \u00fc\u00e7\u00fcnc\u00fc do\u011fumlarda bebe\u011fin anne rahmine bask\u0131 yapmas\u0131yla vulva ve perinedeki damarlar daha fazla geni\u015fler ve hamilelik s\u0131ras\u0131nda p\u0131ht\u0131la\u015fma tehlikesi olu\u015fturur.<\/p>\n<p>Bu p\u0131ht\u0131la\u015fmalar ana toplar damara ula\u015ft\u0131\u011f\u0131nda bebek ve anne i\u00e7in hayati tehlike s\u00f6z konusudur. Tedavi edilmeyen vulva varisleri do\u011fum s\u0131ras\u0131nda yine hayati tehlike ile sonu\u00e7lanan kanamalara yol a\u00e7abilir.<\/p>\n<p>Hamilelikte do\u011fumda kanamaya neden olaca\u011f\u0131ndan normal do\u011fumlarda da hayati tehlike mevcuttur.<\/p>\n<p>Hekim bazen sezeryan yolunu se\u00e7er ama yine de tehlikelidir.<\/p>\n<p>Kad\u0131nlardaki vulva ve vajina i\u00e7inde olu\u015fan varisler uygun zamanda tedavi edilmezse<\/p>\n<p>varis keselerinin\u00a0 i\u00e7inde g\u00f6llenip biriken kan p\u0131ht\u0131la\u015fma ve tromboza yol a\u00e7ar.<\/p>\n<p>Tromboz ana toplar damara oradan da akci\u011fere ula\u015f\u0131p \u00a0t\u0131kan\u0131kl\u0131k yaratarak hayati tehlike olu\u015fturur.<\/p>\n<p>Bu durum hamilelerde kas\u0131k b\u00f6lgesindeki toplardamarlar i\u00e7inde bas\u0131n\u00e7 daha fazla oldu\u011fundan \u00a0dolay\u0131s\u0131yla risk daha fazla ve \u00e7ok daha \u015fiddetlidir.<\/p>\n<p>Bu y\u00fczden vulva ve \u00e7evresindeki ve perinedeki kad\u0131nl\u0131k organlar\u0131nda y\u00fczeysel damar geni\u015flemelerinin zaman kaybetmeden tedavisi yap\u0131lmal\u0131d\u0131r.<\/p>\n<p>\u0130hmal edilirse \u00f6l\u00fcm tehlikesini atlatmak i\u00e7in\u00a0 kad\u0131nl\u0131k organ\u0131n\u0131 tamamen alma histerektomi gerekebilir.<\/p>\n<p><strong>VULVA VAR\u0130SLER\u0130 MUAYENES\u0130<\/strong><\/p>\n<p><img decoding=\"async\" style=\"--smush-placeholder-width: 494px; --smush-placeholder-aspect-ratio: 494\/303;width: 500px; height: 307px;\" data-src=\"\/wp-content\/uploads\/images\/vulva\/image004.jpg\" alt=\"\" src=\"data:image\/gif;base64,R0lGODlhAQABAAAAACH5BAEKAAEALAAAAAABAAEAAAICTAEAOw==\" class=\"lazyload\" \/><\/p>\n<p><strong>Doppler Ultrason ile Muayene<\/strong><\/p>\n<p>Hasta \u00f6ncelikle bir damar hastal\u0131klar\u0131 uzman\u0131 taraf\u0131ndan doppler ultrason e\u015fli\u011finde b\u00f6lgedeki damarlar\u0131n k\u00f6k bas\u0131n\u00e7lar\u0131 \u00f6l\u00e7\u00fclerek muayene edilir.<\/p>\n<p>Varis keseciklerinin geni\u015flemesinin nedeni bu muayene s\u0131ras\u0131nda anla\u015f\u0131lmaya \u00e7al\u0131\u015f\u0131l\u0131r.<\/p>\n<p>Yani sadece varis mi ya da ba\u015fka bir organ hastal\u0131\u011f\u0131n\u0131n habercisi mi oldu\u011fu hekim taraf\u0131ndan ay\u0131r\u0131c\u0131 tan\u0131s\u0131 yap\u0131l\u0131r.<\/p>\n<p>Gerekli g\u00f6r\u00fcld\u00fc\u011f\u00fc takdirde MR tetkiki de istenebilir.<\/p>\n<p>Kad\u0131n hasta ve hamilelerin, kad\u0131n do\u011fum doktorlar\u0131ndaki rutin kontrol veya muayeneleri esnas\u0131nda da varisleri fark edilebilir. Bu durumda hasta hekim taraf\u0131ndan do\u011frudan bir damar hastal\u0131klar\u0131 ve cerrahisi uzman\u0131na ba\u015fvurmas\u0131 konusunda bilgilendirilir.<\/p>\n<p><strong>VULVA VAR\u0130SLER\u0130N\u0130N TEDAV\u0130S\u0130 <\/strong><\/p>\n<p><strong>Mikro skleroterapi veya Foam Tekni\u011fi:<\/strong><\/p>\n<p>B\u00f6lgedeki y\u00fczeyel varislerin yok olmas\u0131 i\u00e7in mikro skleroterapi veya mikro foam tekni\u011fi uygulan\u0131r.<\/p>\n<p><img decoding=\"async\" style=\"--smush-placeholder-width: 277px; --smush-placeholder-aspect-ratio: 277\/290;width: 200px; height: 209px; float: right;\" data-src=\"\/wp-content\/uploads\/images\/vulva\/image005.jpg\" alt=\"\" src=\"data:image\/gif;base64,R0lGODlhAQABAAAAACH5BAEKAAEALAAAAAABAAEAAAICTAEAOw==\" class=\"lazyload\" \/><\/p>\n<p>Skleroterapi son y\u0131llarda varis hastal\u0131\u011f\u0131n\u0131n tedavisinde kullan\u0131lan ba\u015far\u0131l\u0131 bir y\u00f6ntemdir.<\/p>\n<p>Bu i\u015flemde ki\u015finin cildine uygun sklerozan madde ince bir\u00a0 i\u011fne yard\u0131m\u0131yla\u00a0 damar i\u00e7ine verilerek\u00a0 damar\u0131n kapanmas\u0131 sa\u011flan\u0131r.<\/p>\n<p>B\u00f6ylece damar i\u00e7 cidar\u0131 irrite edilerek, \u015fi\u015firilir ve yok edilir.<\/p>\n<p>B\u00f6lgedeki ila\u00e7 se\u00e7iminin hassasiyeti, konsantrasyonu, \u00e7\u00f6z\u00fcn\u00fcrl\u00fc\u011f\u00fc ve etkinli\u011fi v\u00fccuttaki di\u011fer varis b\u00f6lgelerinden tamamen farkl\u0131d\u0131r. Bu y\u00fczden vulva ve perinedeki y\u00f6ntem mikro skleroterapi veya mikro foam y\u00f6ntemi olarak adland\u0131r\u0131l\u0131r. Yani bacaklardaki varis tedavisinde uygulanan skleroterapi ile vulva varisleri i\u00e7in uygulanan mikro skleroterapi ayn\u0131 de\u011fildir.<\/p>\n<p>Bu tedavi doppler ultrason alt\u0131nda uygulanan bir \u0130\u015flemdir. Tedavinin bu \u015fekilde yap\u0131lmas\u0131n\u0131n avantaj\u0131 ise k\u00f6p\u00fck materyalinin verili\u015fi s\u0131ras\u0131nda hangi damarlar\u0131n yok oldu\u011funun g\u00f6r\u00fclmesidir.<\/p>\n<p>K\u0131saca bu y\u00f6ntemle vulvada, rahim i\u00e7inde, perinede ,pubiste ,kas\u0131k b\u00f6lgesi \u00a0ve \u00e7evre dokularda bulunan \u00a0ve \u00a0geni\u015fleyerek insan sa\u011fl\u0131\u011f\u0131na \u00e7ok kolay zarar verebilecek y\u00fczeyel damarlar\u0131n i\u00e7i doldurularak veya \u015fi\u015firilerek kaybolmas\u0131 sa\u011flan\u0131r.<\/p>\n<p>Doppler tetkiki yap\u0131ld\u0131ktan sonra yine doppler ultrason e\u015fli\u011fi ve rehberli\u011finde 15 dakika s\u00fcren k\u00f6p\u00fck(mikro foam, mikro skleroterapi ) tedavisi y\u00f6ntemi uygulan\u0131r ve tedavi sonland\u0131r\u0131l\u0131r.<\/p>\n<p>Ortalama 15-20 dakikal\u0131k bir s\u00fcrede tamamlanan mikro skleroterapi i\u015flemi sonras\u0131 hastalara bacaktaki toplardamar bas\u0131n\u00e7lar\u0131n\u0131n doppler ultrason neticelerine g\u00f6re uygun varis \u00e7orab\u0131 giydirilir.<\/p>\n<p>Hasta g\u00fcnl\u00fck ya\u015fant\u0131s\u0131n\u0131 aksatmadan, ya\u015fam kalitesini koruyarak normal, sa\u011fl\u0131kl\u0131 ya\u015fant\u0131s\u0131na devam eder.<\/p>\n<p><strong>Tedavinin Avantajlar\u0131: <\/strong><\/p>\n<p><img decoding=\"async\" style=\"--smush-placeholder-width: 333px; --smush-placeholder-aspect-ratio: 333\/438;width: 300px; height: 395px; float: right;\" data-src=\"\/wp-content\/uploads\/images\/vulva\/image006.jpg\" alt=\"\" src=\"data:image\/gif;base64,R0lGODlhAQABAAAAACH5BAEKAAEALAAAAAABAAEAAAICTAEAOw==\" class=\"lazyload\" \/><\/p>\n<p>Tedavi tek seansta sonu\u00e7lanarak hem hasta ve hem de sa\u011fl\u0131k kurumu a\u00e7\u0131s\u0131ndan vakit kayb\u0131 olu\u015fturmaz.<\/p>\n<p>Tedavi esnas\u0131nda anesteziye, hastanede yat\u0131p dinlenmeye gerek yoktur.<\/p>\n<p>Normal bir muayene s\u00fcresi kadar (15-20 dakika)s\u00fcre sonunda hasta g\u00fcnl\u00fck ya\u015fant\u0131s\u0131na devam eder ve hayati tehlike olu\u015fturabilecek riskli durumlardan kurtulmu\u015f olur.<\/p>\n<p>Mikro skleroterapi y\u00f6nteminde ultrason alt\u0131nda verilen \u00a0ila\u00e7 hassasiyet, iz b\u0131rakma, a\u011fr\u0131 ve alerjik komplikasyonlara yol a\u00e7maz.<\/p>\n<p>Maliyeti d\u00fc\u015f\u00fck bir tedavi y\u00f6ntemidir.<\/p>\n<p>K\u0131saca bu y\u00f6ntemle vulvada, rahim i\u00e7inde, perinede, pubiste, kas\u0131k b\u00f6lgesi ve \u00e7evre dokularda bulunan ve geni\u015fleyerek insan sa\u011fl\u0131\u011f\u0131na \u00e7ok kolay zarar verebilecek y\u00fczeysel damarlar\u0131n i\u00e7i doldurularak veya \u015fi\u015firilerek kaybolmas\u0131 sa\u011flan\u0131r.<\/p>\n<p>B\u00f6ylece hastalar genital organlar\u0131ndaki varis \u015fikayetlerinden ve onun gelecekte ya\u015fatabilece\u011fi hayati tehlikelerden \u00e7ok k\u0131sa bir s\u00fcre i\u00e7inde kurtulabilirler.<\/p>\n","protected":false},"excerpt":{"rendered":"<p>Varis hastal\u0131\u011f\u0131 insan sa\u011fl\u0131\u011f\u0131 a\u00e7\u0131s\u0131ndan \u00e7ok ciddi s\u0131k\u0131nt\u0131lara yol a\u00e7an, baz\u0131 damarlar\u0131n geni\u015fleyip \u015fi\u015ferek fonksiyon d\u0131\u015f\u0131 kalmas\u0131yla ortaya \u00e7\u0131kan toplumsal bir hastal\u0131kt\u0131r. Varis hastal\u0131\u011f\u0131 insan sa\u011fl\u0131\u011f\u0131 a\u00e7\u0131s\u0131ndan \u00e7ok ciddi s\u0131k\u0131nt\u0131lara yol a\u00e7an, baz\u0131 damarlar\u0131n geni\u015fleyip \u015fi\u015ferek fonksiyon d\u0131\u015f\u0131 kalmas\u0131yla ortaya \u00e7\u0131kan toplumsal bir hastal\u0131kt\u0131r. Varis ve ona ba\u011fl\u0131 hastal\u0131klar sadece bacaklarda de\u011fil v\u00fccudun farkl\u0131 b\u00f6lgelerinde [&hellip;]<\/p>\n","protected":false},"author":5,"featured_media":0,"parent":0,"menu_order":1,"comment_status":"closed","ping_status":"closed","template":"","meta":{"two_page_speed":[],"footnotes":""},"class_list":["post-49","page","type-page","status-publish","hentry"],"translation":{"provider":"WPGlobus","version":"3.0.0","language":"en","enabled_languages":["tr","en"],"languages":{"tr":{"title":true,"content":true,"excerpt":false},"en":{"title":false,"content":false,"excerpt":false}}},"yoast_head":"<!-- This site is optimized with the Yoast SEO plugin v24.9 - https:\/\/yoast.com\/wordpress\/plugins\/seo\/ -->\n<title>Vulva Varisleri - Opr.Dr.Cafer Abbaso\u011flu<\/title>\n<meta name=\"robots\" content=\"index, follow, max-snippet:-1, max-image-preview:large, max-video-preview:-1\" \/>\n<link rel=\"canonical\" href=\"https:\/\/www.caferabbasoglu.com\/vulva-varisleri\/\" \/>\n<meta property=\"og:locale\" content=\"en_US\" \/>\n<meta property=\"og:type\" content=\"article\" \/>\n<meta property=\"og:title\" content=\"Vulva Varisleri - Opr.Dr.Cafer Abbaso\u011flu\" \/>\n<meta property=\"og:url\" content=\"https:\/\/www.caferabbasoglu.com\/vulva-varisleri\/\" \/>\n<meta property=\"og:site_name\" content=\"Opr.Dr.Cafer Abbaso\u011flu\" \/>\n<meta property=\"article:modified_time\" content=\"2016-03-03T09:40:47+00:00\" \/>\n<meta property=\"og:image\" content=\"http:\/\/www.damartedavileri.com\/wp-content\/uploads\/2015\/10\/vulva-varisleri.jpg\" \/>\n<meta name=\"twitter:card\" content=\"summary_large_image\" \/>\n<meta name=\"twitter:label1\" content=\"Est. reading time\" \/>\n\t<meta name=\"twitter:data1\" content=\"7 minutes\" \/>\n<script type=\"application\/ld+json\" class=\"yoast-schema-graph\">{\"@context\":\"https:\/\/schema.org\",\"@graph\":[{\"@type\":\"WebPage\",\"@id\":\"https:\/\/www.caferabbasoglu.com\/vulva-varisleri\/\",\"url\":\"https:\/\/www.caferabbasoglu.com\/vulva-varisleri\/\",\"name\":\"Vulva Varisleri - Opr.Dr.Cafer Abbaso\u011flu\",\"isPartOf\":{\"@id\":\"https:\/\/www.caferabbasoglu.com\/#website\"},\"primaryImageOfPage\":{\"@id\":\"https:\/\/www.caferabbasoglu.com\/vulva-varisleri\/#primaryimage\"},\"image\":{\"@id\":\"https:\/\/www.caferabbasoglu.com\/vulva-varisleri\/#primaryimage\"},\"thumbnailUrl\":\"http:\/\/www.damartedavileri.com\/wp-content\/uploads\/2015\/10\/vulva-varisleri.jpg\",\"datePublished\":\"2012-09-15T20:23:42+00:00\",\"dateModified\":\"2016-03-03T09:40:47+00:00\",\"breadcrumb\":{\"@id\":\"https:\/\/www.caferabbasoglu.com\/vulva-varisleri\/#breadcrumb\"},\"inLanguage\":\"en-US\",\"potentialAction\":[{\"@type\":\"ReadAction\",\"target\":[\"https:\/\/www.caferabbasoglu.com\/vulva-varisleri\/\"]}]},{\"@type\":\"ImageObject\",\"inLanguage\":\"en-US\",\"@id\":\"https:\/\/www.caferabbasoglu.com\/vulva-varisleri\/#primaryimage\",\"url\":\"http:\/\/www.damartedavileri.com\/wp-content\/uploads\/2015\/10\/vulva-varisleri.jpg\",\"contentUrl\":\"http:\/\/www.damartedavileri.com\/wp-content\/uploads\/2015\/10\/vulva-varisleri.jpg\"},{\"@type\":\"BreadcrumbList\",\"@id\":\"https:\/\/www.caferabbasoglu.com\/vulva-varisleri\/#breadcrumb\",\"itemListElement\":[{\"@type\":\"ListItem\",\"position\":1,\"name\":\"Ana Sayfa\",\"item\":\"https:\/\/www.caferabbasoglu.com\/\"},{\"@type\":\"ListItem\",\"position\":2,\"name\":\"Vulva Varisleri\"}]},{\"@type\":\"WebSite\",\"@id\":\"https:\/\/www.caferabbasoglu.com\/#website\",\"url\":\"https:\/\/www.caferabbasoglu.com\/\",\"name\":\"Opr.Dr.Cafer Abbaso\u011flu\",\"description\":\"Damar Hastal\u0131klar\u0131, Varis ve Diyabet Hakk\u0131nda Bilgiler\",\"publisher\":{\"@id\":\"https:\/\/www.caferabbasoglu.com\/#organization\"},\"potentialAction\":[{\"@type\":\"SearchAction\",\"target\":{\"@type\":\"EntryPoint\",\"urlTemplate\":\"https:\/\/www.caferabbasoglu.com\/?s={search_term_string}\"},\"query-input\":{\"@type\":\"PropertyValueSpecification\",\"valueRequired\":true,\"valueName\":\"search_term_string\"}}],\"inLanguage\":\"en-US\"},{\"@type\":\"Organization\",\"@id\":\"https:\/\/www.caferabbasoglu.com\/#organization\",\"name\":\"Damar Hastal\u0131klar\u0131 ve Varis Tedavileri Merkezi\",\"url\":\"https:\/\/www.caferabbasoglu.com\/\",\"logo\":{\"@type\":\"ImageObject\",\"inLanguage\":\"en-US\",\"@id\":\"https:\/\/www.caferabbasoglu.com\/#\/schema\/logo\/image\/\",\"url\":\"http:\/\/www.caferabbasoglu.com\/wp-content\/uploads\/2010\/08\/imza_eposta.jpg\",\"contentUrl\":\"http:\/\/www.caferabbasoglu.com\/wp-content\/uploads\/2010\/08\/imza_eposta.jpg\",\"width\":640,\"height\":121,\"caption\":\"Damar Hastal\u0131klar\u0131 ve Varis Tedavileri Merkezi\"},\"image\":{\"@id\":\"https:\/\/www.caferabbasoglu.com\/#\/schema\/logo\/image\/\"}}]}<\/script>\n<!-- \/ Yoast SEO plugin. -->","yoast_head_json":{"title":"Vulva Varisleri - Opr.Dr.Cafer Abbaso\u011flu","robots":{"index":"index","follow":"follow","max-snippet":"max-snippet:-1","max-image-preview":"max-image-preview:large","max-video-preview":"max-video-preview:-1"},"canonical":"https:\/\/www.caferabbasoglu.com\/vulva-varisleri\/","og_locale":"en_US","og_type":"article","og_title":"Vulva Varisleri - Opr.Dr.Cafer Abbaso\u011flu","og_url":"https:\/\/www.caferabbasoglu.com\/vulva-varisleri\/","og_site_name":"Opr.Dr.Cafer Abbaso\u011flu","article_modified_time":"2016-03-03T09:40:47+00:00","og_image":[{"url":"http:\/\/www.damartedavileri.com\/wp-content\/uploads\/2015\/10\/vulva-varisleri.jpg","type":"","width":"","height":""}],"twitter_card":"summary_large_image","twitter_misc":{"Est. reading time":"7 minutes"},"schema":{"@context":"https:\/\/schema.org","@graph":[{"@type":"WebPage","@id":"https:\/\/www.caferabbasoglu.com\/vulva-varisleri\/","url":"https:\/\/www.caferabbasoglu.com\/vulva-varisleri\/","name":"Vulva Varisleri - Opr.Dr.Cafer Abbaso\u011flu","isPartOf":{"@id":"https:\/\/www.caferabbasoglu.com\/#website"},"primaryImageOfPage":{"@id":"https:\/\/www.caferabbasoglu.com\/vulva-varisleri\/#primaryimage"},"image":{"@id":"https:\/\/www.caferabbasoglu.com\/vulva-varisleri\/#primaryimage"},"thumbnailUrl":"http:\/\/www.damartedavileri.com\/wp-content\/uploads\/2015\/10\/vulva-varisleri.jpg","datePublished":"2012-09-15T20:23:42+00:00","dateModified":"2016-03-03T09:40:47+00:00","breadcrumb":{"@id":"https:\/\/www.caferabbasoglu.com\/vulva-varisleri\/#breadcrumb"},"inLanguage":"en-US","potentialAction":[{"@type":"ReadAction","target":["https:\/\/www.caferabbasoglu.com\/vulva-varisleri\/"]}]},{"@type":"ImageObject","inLanguage":"en-US","@id":"https:\/\/www.caferabbasoglu.com\/vulva-varisleri\/#primaryimage","url":"http:\/\/www.damartedavileri.com\/wp-content\/uploads\/2015\/10\/vulva-varisleri.jpg","contentUrl":"http:\/\/www.damartedavileri.com\/wp-content\/uploads\/2015\/10\/vulva-varisleri.jpg"},{"@type":"BreadcrumbList","@id":"https:\/\/www.caferabbasoglu.com\/vulva-varisleri\/#breadcrumb","itemListElement":[{"@type":"ListItem","position":1,"name":"Ana Sayfa","item":"https:\/\/www.caferabbasoglu.com\/"},{"@type":"ListItem","position":2,"name":"Vulva Varisleri"}]},{"@type":"WebSite","@id":"https:\/\/www.caferabbasoglu.com\/#website","url":"https:\/\/www.caferabbasoglu.com\/","name":"Opr.Dr.Cafer Abbaso\u011flu","description":"Damar Hastal\u0131klar\u0131, Varis ve Diyabet Hakk\u0131nda Bilgiler","publisher":{"@id":"https:\/\/www.caferabbasoglu.com\/#organization"},"potentialAction":[{"@type":"SearchAction","target":{"@type":"EntryPoint","urlTemplate":"https:\/\/www.caferabbasoglu.com\/?s={search_term_string}"},"query-input":{"@type":"PropertyValueSpecification","valueRequired":true,"valueName":"search_term_string"}}],"inLanguage":"en-US"},{"@type":"Organization","@id":"https:\/\/www.caferabbasoglu.com\/#organization","name":"Damar Hastal\u0131klar\u0131 ve Varis Tedavileri Merkezi","url":"https:\/\/www.caferabbasoglu.com\/","logo":{"@type":"ImageObject","inLanguage":"en-US","@id":"https:\/\/www.caferabbasoglu.com\/#\/schema\/logo\/image\/","url":"http:\/\/www.caferabbasoglu.com\/wp-content\/uploads\/2010\/08\/imza_eposta.jpg","contentUrl":"http:\/\/www.caferabbasoglu.com\/wp-content\/uploads\/2010\/08\/imza_eposta.jpg","width":640,"height":121,"caption":"Damar Hastal\u0131klar\u0131 ve Varis Tedavileri Merkezi"},"image":{"@id":"https:\/\/www.caferabbasoglu.com\/#\/schema\/logo\/image\/"}}]}},"_links":{"self":[{"href":"https:\/\/www.caferabbasoglu.com\/en\/wp-json\/wp\/v2\/pages\/49","targetHints":{"allow":["GET"]}}],"collection":[{"href":"https:\/\/www.caferabbasoglu.com\/en\/wp-json\/wp\/v2\/pages"}],"about":[{"href":"https:\/\/www.caferabbasoglu.com\/en\/wp-json\/wp\/v2\/types\/page"}],"author":[{"embeddable":true,"href":"https:\/\/www.caferabbasoglu.com\/en\/wp-json\/wp\/v2\/users\/5"}],"replies":[{"embeddable":true,"href":"https:\/\/www.caferabbasoglu.com\/en\/wp-json\/wp\/v2\/comments?post=49"}],"version-history":[{"count":3,"href":"https:\/\/www.caferabbasoglu.com\/en\/wp-json\/wp\/v2\/pages\/49\/revisions"}],"predecessor-version":[{"id":382,"href":"https:\/\/www.caferabbasoglu.com\/en\/wp-json\/wp\/v2\/pages\/49\/revisions\/382"}],"wp:attachment":[{"href":"https:\/\/www.caferabbasoglu.com\/en\/wp-json\/wp\/v2\/media?parent=49"}],"curies":[{"name":"wp","href":"https:\/\/api.w.org\/{rel}","templated":true}]}}