{"id":60,"date":"2015-09-09T23:39:38","date_gmt":"2015-09-09T20:39:38","guid":{"rendered":"http:\/\/caferabbasoglu.moldibi.com\/?page_id=60"},"modified":"2023-12-01T09:14:13","modified_gmt":"2023-12-01T06:14:13","slug":"iletisim","status":"publish","type":"page","link":"https:\/\/www.caferabbasoglu.com\/en\/iletisim\/","title":{"rendered":"\u0130leti\u015fim"},"content":{"rendered":"<p><iframe style=\"border: 0;\" data-src=\"https:\/\/www.google.com\/maps\/embed?pb=!1m18!1m12!1m3!1d1504.091531949607!2d28.971132665159132!3d41.06499093432545!2m3!1f0!2f0!3f0!3m2!1i1024!2i768!4f13.1!3m3!1m2!1s0x0%3A0x219cdba9bdb9e1d8!2sOkmeydan%C4%B1+Damar+Merkezi!5e0!3m2!1str!2str!4v1545900066333\" width=\"600\" height=\"450\" frameborder=\"0\" allowfullscreen=\"allowfullscreen\" src=\"data:image\/gif;base64,R0lGODlhAQABAAAAACH5BAEKAAEALAAAAAABAAEAAAICTAEAOw==\" class=\"lazyload\" data-load-mode=\"1\"><\/iframe><\/p>\n<h2>Cafer Abbaso\u011flu<\/h2>\n<p><strong><em>Okmeydan\u0131 Damar Merkezi<\/em><\/strong><\/p>\n<p>Darulaceze Caddesi Ek\u015fio\u011flu \u0130\u015f Merkezi No:36 D:3 K:3<br \/>\n\u015ei\u015fli<br \/>\n\u0130stanbul<br \/>\n34396<br \/>\nT\u00fcrkiye<\/p>\n<p>e-posta: <a href=\"mailto:cafer@varistedavileri.com\">cafer@varistedavileri.com<\/a><br \/>\nTelefon: 0212 320 30 22<br \/>\nFaks: 0212 320 30 55<br \/>\nCep Telefonu Numaras\u0131: 0552 320 30 22<br \/>\n<a href=\"http:\/\/www.varistedavileri.com\" target=\"_blank\" rel=\"noopener\">http:\/\/www.varistedavileri.com<\/a><br \/>\n<a href=\"http:\/\/www.damartedavileri.com\" target=\"_blank\" rel=\"noopener\">http:\/\/www.damartedavileri.com<\/a><\/p>\n\n<div class=\"wpcf7 no-js\" id=\"wpcf7-f112-o1\" lang=\"tr-TR\" dir=\"ltr\" data-wpcf7-id=\"112\">\n<div class=\"screen-reader-response\"><p role=\"status\" aria-live=\"polite\" aria-atomic=\"true\"><\/p> <ul><\/ul><\/div>\n<form action=\"\/en\/wp-json\/wp\/v2\/pages\/60#wpcf7-f112-o1\" method=\"post\" class=\"wpcf7-form init\" aria-label=\"\u0130leti\u015fim Formu\" novalidate=\"novalidate\" data-status=\"init\">\n<div style=\"display: none;\">\n<input type=\"hidden\" name=\"_wpcf7\" value=\"112\" \/>\n<input type=\"hidden\" name=\"_wpcf7_version\" value=\"6.0.6\" \/>\n<input type=\"hidden\" name=\"_wpcf7_locale\" value=\"tr_TR\" \/>\n<input type=\"hidden\" name=\"_wpcf7_unit_tag\" value=\"wpcf7-f112-o1\" \/>\n<input type=\"hidden\" name=\"_wpcf7_container_post\" value=\"0\" \/>\n<input type=\"hidden\" name=\"_wpcf7_posted_data_hash\" value=\"\" \/>\n<\/div>\n<p>Ad\u0131n\u0131z (gerekli)\n<\/p>\n<p><span class=\"wpcf7-form-control-wrap\" data-name=\"your-name\"><input size=\"40\" maxlength=\"400\" class=\"wpcf7-form-control wpcf7-text wpcf7-validates-as-required\" aria-required=\"true\" aria-invalid=\"false\" value=\"\" type=\"text\" name=\"your-name\" \/><\/span>\n<\/p>\n<p>Epostan\u0131z (gerekli)\n<\/p>\n<p><span class=\"wpcf7-form-control-wrap\" data-name=\"your-email\"><input size=\"40\" maxlength=\"400\" class=\"wpcf7-form-control wpcf7-email wpcf7-validates-as-required wpcf7-text wpcf7-validates-as-email\" aria-required=\"true\" aria-invalid=\"false\" value=\"\" type=\"email\" name=\"your-email\" \/><\/span>\n<\/p>\n<p>Konu\n<\/p>\n<p><span class=\"wpcf7-form-control-wrap\" data-name=\"your-subject\"><input size=\"40\" maxlength=\"400\" class=\"wpcf7-form-control wpcf7-text\" aria-invalid=\"false\" value=\"\" type=\"text\" name=\"your-subject\" \/><\/span>\n<\/p>\n<p>\u0130letiniz\n<\/p>\n<p><span class=\"wpcf7-form-control-wrap\" data-name=\"your-message\"><textarea cols=\"40\" rows=\"10\" maxlength=\"2000\" class=\"wpcf7-form-control wpcf7-textarea\" aria-invalid=\"false\" name=\"your-message\"><\/textarea><\/span>\n<\/p>\n<p><input class=\"wpcf7-form-control wpcf7-submit has-spinner\" type=\"submit\" value=\"G\u00f6nder\" \/>\n<\/p><p style=\"display: none !important;\" class=\"akismet-fields-container\" data-prefix=\"_wpcf7_ak_\"><label>&#916;<textarea name=\"_wpcf7_ak_hp_textarea\" cols=\"45\" rows=\"8\" maxlength=\"100\"><\/textarea><\/label><input type=\"hidden\" id=\"ak_js_1\" name=\"_wpcf7_ak_js\" value=\"84\"\/><script>document.getElementById( \"ak_js_1\" ).setAttribute( \"value\", ( new Date() ).getTime() );<\/script><\/p><div class=\"wpcf7-response-output\" aria-hidden=\"true\"><\/div>\n<\/form>\n<\/div>\n\n","protected":false},"excerpt":{"rendered":"<p>Cafer Abbaso\u011flu Okmeydan\u0131 Damar Merkezi Darulaceze Caddesi Ek\u015fio\u011flu \u0130\u015f Merkezi No:36 D:3 K:3 \u015ei\u015fli \u0130stanbul 34396 T\u00fcrkiye e-posta: cafer@varistedavileri.com Telefon: 0212 320 30 22 Faks: 0212 320 30 55 Cep Telefonu Numaras\u0131: 0552 320 30 22 http:\/\/www.varistedavileri.com http:\/\/www.damartedavileri.com<\/p>\n","protected":false},"author":5,"featured_media":0,"parent":0,"menu_order":0,"comment_status":"closed","ping_status":"closed","template":"","meta":{"two_page_speed":[],"footnotes":""},"class_list":["post-60","page","type-page","status-publish","hentry"],"translation":{"provider":"WPGlobus","version":"3.0.0","language":"en","enabled_languages":["tr","en"],"languages":{"tr":{"title":true,"content":true,"excerpt":false},"en":{"title":false,"content":false,"excerpt":false}}},"yoast_head":"<!-- This site is optimized with the Yoast SEO plugin v24.9 - https:\/\/yoast.com\/wordpress\/plugins\/seo\/ -->\n<title>\u0130leti\u015fim - Opr.Dr.Cafer Abbaso\u011flu<\/title>\n<meta name=\"robots\" content=\"index, follow, max-snippet:-1, max-image-preview:large, max-video-preview:-1\" \/>\n<link rel=\"canonical\" href=\"https:\/\/www.caferabbasoglu.com\/iletisim\/\" \/>\n<meta property=\"og:locale\" content=\"en_US\" \/>\n<meta property=\"og:type\" content=\"article\" \/>\n<meta property=\"og:title\" content=\"\u0130leti\u015fim - Opr.Dr.Cafer Abbaso\u011flu\" \/>\n<meta property=\"og:url\" content=\"https:\/\/www.caferabbasoglu.com\/iletisim\/\" \/>\n<meta property=\"og:site_name\" content=\"Opr.Dr.Cafer Abbaso\u011flu\" \/>\n<meta property=\"article:modified_time\" content=\"2023-12-01T06:14:13+00:00\" \/>\n<meta name=\"twitter:card\" content=\"summary_large_image\" \/>\n<meta name=\"twitter:label1\" content=\"Est. reading time\" \/>\n\t<meta name=\"twitter:data1\" content=\"1 minute\" \/>\n<script type=\"application\/ld+json\" class=\"yoast-schema-graph\">{\"@context\":\"https:\/\/schema.org\",\"@graph\":[{\"@type\":\"WebPage\",\"@id\":\"https:\/\/www.caferabbasoglu.com\/iletisim\/\",\"url\":\"https:\/\/www.caferabbasoglu.com\/iletisim\/\",\"name\":\"\u0130leti\u015fim - Opr.Dr.Cafer Abbaso\u011flu\",\"isPartOf\":{\"@id\":\"https:\/\/www.caferabbasoglu.com\/#website\"},\"datePublished\":\"2015-09-09T20:39:38+00:00\",\"dateModified\":\"2023-12-01T06:14:13+00:00\",\"breadcrumb\":{\"@id\":\"https:\/\/www.caferabbasoglu.com\/iletisim\/#breadcrumb\"},\"inLanguage\":\"en-US\",\"potentialAction\":[{\"@type\":\"ReadAction\",\"target\":[\"https:\/\/www.caferabbasoglu.com\/iletisim\/\"]}]},{\"@type\":\"BreadcrumbList\",\"@id\":\"https:\/\/www.caferabbasoglu.com\/iletisim\/#breadcrumb\",\"itemListElement\":[{\"@type\":\"ListItem\",\"position\":1,\"name\":\"Ana Sayfa\",\"item\":\"https:\/\/www.caferabbasoglu.com\/\"},{\"@type\":\"ListItem\",\"position\":2,\"name\":\"\u0130leti\u015fim\"}]},{\"@type\":\"WebSite\",\"@id\":\"https:\/\/www.caferabbasoglu.com\/#website\",\"url\":\"https:\/\/www.caferabbasoglu.com\/\",\"name\":\"Opr.Dr.Cafer Abbaso\u011flu\",\"description\":\"Damar Hastal\u0131klar\u0131, Varis ve Diyabet Hakk\u0131nda Bilgiler\",\"publisher\":{\"@id\":\"https:\/\/www.caferabbasoglu.com\/#organization\"},\"potentialAction\":[{\"@type\":\"SearchAction\",\"target\":{\"@type\":\"EntryPoint\",\"urlTemplate\":\"https:\/\/www.caferabbasoglu.com\/?s={search_term_string}\"},\"query-input\":{\"@type\":\"PropertyValueSpecification\",\"valueRequired\":true,\"valueName\":\"search_term_string\"}}],\"inLanguage\":\"en-US\"},{\"@type\":\"Organization\",\"@id\":\"https:\/\/www.caferabbasoglu.com\/#organization\",\"name\":\"Damar Hastal\u0131klar\u0131 ve Varis Tedavileri Merkezi\",\"url\":\"https:\/\/www.caferabbasoglu.com\/\",\"logo\":{\"@type\":\"ImageObject\",\"inLanguage\":\"en-US\",\"@id\":\"https:\/\/www.caferabbasoglu.com\/#\/schema\/logo\/image\/\",\"url\":\"http:\/\/www.caferabbasoglu.com\/wp-content\/uploads\/2010\/08\/imza_eposta.jpg\",\"contentUrl\":\"http:\/\/www.caferabbasoglu.com\/wp-content\/uploads\/2010\/08\/imza_eposta.jpg\",\"width\":640,\"height\":121,\"caption\":\"Damar Hastal\u0131klar\u0131 ve Varis Tedavileri Merkezi\"},\"image\":{\"@id\":\"https:\/\/www.caferabbasoglu.com\/#\/schema\/logo\/image\/\"}}]}<\/script>\n<!-- \/ Yoast SEO plugin. -->","yoast_head_json":{"title":"\u0130leti\u015fim - Opr.Dr.Cafer Abbaso\u011flu","robots":{"index":"index","follow":"follow","max-snippet":"max-snippet:-1","max-image-preview":"max-image-preview:large","max-video-preview":"max-video-preview:-1"},"canonical":"https:\/\/www.caferabbasoglu.com\/iletisim\/","og_locale":"en_US","og_type":"article","og_title":"\u0130leti\u015fim - Opr.Dr.Cafer Abbaso\u011flu","og_url":"https:\/\/www.caferabbasoglu.com\/iletisim\/","og_site_name":"Opr.Dr.Cafer Abbaso\u011flu","article_modified_time":"2023-12-01T06:14:13+00:00","twitter_card":"summary_large_image","twitter_misc":{"Est. reading time":"1 minute"},"schema":{"@context":"https:\/\/schema.org","@graph":[{"@type":"WebPage","@id":"https:\/\/www.caferabbasoglu.com\/iletisim\/","url":"https:\/\/www.caferabbasoglu.com\/iletisim\/","name":"\u0130leti\u015fim - Opr.Dr.Cafer Abbaso\u011flu","isPartOf":{"@id":"https:\/\/www.caferabbasoglu.com\/#website"},"datePublished":"2015-09-09T20:39:38+00:00","dateModified":"2023-12-01T06:14:13+00:00","breadcrumb":{"@id":"https:\/\/www.caferabbasoglu.com\/iletisim\/#breadcrumb"},"inLanguage":"en-US","potentialAction":[{"@type":"ReadAction","target":["https:\/\/www.caferabbasoglu.com\/iletisim\/"]}]},{"@type":"BreadcrumbList","@id":"https:\/\/www.caferabbasoglu.com\/iletisim\/#breadcrumb","itemListElement":[{"@type":"ListItem","position":1,"name":"Ana Sayfa","item":"https:\/\/www.caferabbasoglu.com\/"},{"@type":"ListItem","position":2,"name":"\u0130leti\u015fim"}]},{"@type":"WebSite","@id":"https:\/\/www.caferabbasoglu.com\/#website","url":"https:\/\/www.caferabbasoglu.com\/","name":"Opr.Dr.Cafer Abbaso\u011flu","description":"Damar Hastal\u0131klar\u0131, Varis ve Diyabet Hakk\u0131nda Bilgiler","publisher":{"@id":"https:\/\/www.caferabbasoglu.com\/#organization"},"potentialAction":[{"@type":"SearchAction","target":{"@type":"EntryPoint","urlTemplate":"https:\/\/www.caferabbasoglu.com\/?s={search_term_string}"},"query-input":{"@type":"PropertyValueSpecification","valueRequired":true,"valueName":"search_term_string"}}],"inLanguage":"en-US"},{"@type":"Organization","@id":"https:\/\/www.caferabbasoglu.com\/#organization","name":"Damar Hastal\u0131klar\u0131 ve Varis Tedavileri Merkezi","url":"https:\/\/www.caferabbasoglu.com\/","logo":{"@type":"ImageObject","inLanguage":"en-US","@id":"https:\/\/www.caferabbasoglu.com\/#\/schema\/logo\/image\/","url":"http:\/\/www.caferabbasoglu.com\/wp-content\/uploads\/2010\/08\/imza_eposta.jpg","contentUrl":"http:\/\/www.caferabbasoglu.com\/wp-content\/uploads\/2010\/08\/imza_eposta.jpg","width":640,"height":121,"caption":"Damar Hastal\u0131klar\u0131 ve Varis Tedavileri Merkezi"},"image":{"@id":"https:\/\/www.caferabbasoglu.com\/#\/schema\/logo\/image\/"}}]}},"_links":{"self":[{"href":"https:\/\/www.caferabbasoglu.com\/en\/wp-json\/wp\/v2\/pages\/60","targetHints":{"allow":["GET"]}}],"collection":[{"href":"https:\/\/www.caferabbasoglu.com\/en\/wp-json\/wp\/v2\/pages"}],"about":[{"href":"https:\/\/www.caferabbasoglu.com\/en\/wp-json\/wp\/v2\/types\/page"}],"author":[{"embeddable":true,"href":"https:\/\/www.caferabbasoglu.com\/en\/wp-json\/wp\/v2\/users\/5"}],"replies":[{"embeddable":true,"href":"https:\/\/www.caferabbasoglu.com\/en\/wp-json\/wp\/v2\/comments?post=60"}],"version-history":[{"count":3,"href":"https:\/\/www.caferabbasoglu.com\/en\/wp-json\/wp\/v2\/pages\/60\/revisions"}],"predecessor-version":[{"id":677,"href":"https:\/\/www.caferabbasoglu.com\/en\/wp-json\/wp\/v2\/pages\/60\/revisions\/677"}],"wp:attachment":[{"href":"https:\/\/www.caferabbasoglu.com\/en\/wp-json\/wp\/v2\/media?parent=60"}],"curies":[{"name":"wp","href":"https:\/\/api.w.org\/{rel}","templated":true}]}}