{"id":64,"date":"2015-09-10T01:33:15","date_gmt":"2015-09-09T22:33:15","guid":{"rendered":"http:\/\/caferabbasoglu.moldibi.com\/?page_id=64"},"modified":"2021-05-11T18:43:13","modified_gmt":"2021-05-11T15:43:13","slug":"basinda-biz","status":"publish","type":"page","link":"https:\/\/www.caferabbasoglu.com\/en\/basinda-biz\/","title":{"rendered":"Bas\u0131nda Biz"},"content":{"rendered":"<h1>AK\u015eAM &#8211; Diyabetik Ayaklara I\u015f\u0131kl\u0131 \u00c7\u00f6z\u00fcm<\/h1>\n<p><a href=\"https:\/\/www.aksam.com.tr\/gunes\/diyabetik-ayaklara-isikli-cozum\/haber-1045374\"><img decoding=\"async\" class=\"aligncenter wp-image-647 size-full lazyload\" data-src=\"http:\/\/www.caferabbasoglu.com\/wp-content\/uploads\/2020\/02\/aksam-200217.jpg\" alt=\"Diyabetik Ayaklara I\u015f\u0131kl\u0131 \u00c7\u00f6z\u00fcm\" width=\"674\" height=\"1064\" data-srcset=\"https:\/\/www.caferabbasoglu.com\/wp-content\/uploads\/2020\/02\/aksam-200217.jpg 674w, https:\/\/www.caferabbasoglu.com\/wp-content\/uploads\/2020\/02\/aksam-200217-190x300.jpg 190w, https:\/\/www.caferabbasoglu.com\/wp-content\/uploads\/2020\/02\/aksam-200217-608x960.jpg 608w\" data-sizes=\"(max-width: 674px) 100vw, 674px\" src=\"data:image\/gif;base64,R0lGODlhAQABAAAAACH5BAEKAAEALAAAAAABAAEAAAICTAEAOw==\" style=\"--smush-placeholder-width: 674px; --smush-placeholder-aspect-ratio: 674\/1064;\" \/><\/a><\/p>\n<p style=\"text-align: center;\">AK\u015eAM &#8211; 17.02.2020<\/p>\n<hr \/>\n<h1>CNN T\u00dcRK &#8211; &#8220;Diyabetik Ayaklara A\u011fr\u0131s\u0131z \u00c7\u00f6z\u00fcm&#8221;<\/h1>\n<p><a href=\"https:\/\/www.cnnturk.com\/saglik\/diyabetik-ayaklara-agrisiz-cozum\"><img decoding=\"async\" class=\"aligncenter size-full wp-image-599 lazyload\" data-src=\"http:\/\/www.caferabbasoglu.com\/wp-content\/uploads\/2020\/01\/cnn-diyabetik-ayak-191123.jpg\" alt=\"\" width=\"705\" height=\"859\" data-srcset=\"https:\/\/www.caferabbasoglu.com\/wp-content\/uploads\/2020\/01\/cnn-diyabetik-ayak-191123.jpg 705w, https:\/\/www.caferabbasoglu.com\/wp-content\/uploads\/2020\/01\/cnn-diyabetik-ayak-191123-246x300.jpg 246w\" data-sizes=\"(max-width: 705px) 100vw, 705px\" src=\"data:image\/gif;base64,R0lGODlhAQABAAAAACH5BAEKAAEALAAAAAABAAEAAAICTAEAOw==\" style=\"--smush-placeholder-width: 705px; --smush-placeholder-aspect-ratio: 705\/859;\" \/><\/a><\/p>\n<p style=\"text-align: center;\">CNNTURK &#8211; 23.11.2019<\/p>\n<hr \/>\n<h1>\u0130HA &#8211; &#8220;Diyabetik Ayaklara A\u011fr\u0131s\u0131z \u00c7\u00f6z\u00fcm&#8221;<\/h1>\n<p><a href=\"https:\/\/www.iha.com.tr\/istanbul-haberleri\/diyabetik-ayaklara-agrisiz-cozum-2458032\/\"><img decoding=\"async\" class=\"aligncenter wp-image-592 size-full lazyload\" data-src=\"http:\/\/www.caferabbasoglu.com\/wp-content\/uploads\/2020\/01\/iha-diyabetik-ayak-191122.jpg\" alt=\"\" width=\"727\" height=\"882\" data-srcset=\"https:\/\/www.caferabbasoglu.com\/wp-content\/uploads\/2020\/01\/iha-diyabetik-ayak-191122.jpg 727w, https:\/\/www.caferabbasoglu.com\/wp-content\/uploads\/2020\/01\/iha-diyabetik-ayak-191122-247x300.jpg 247w\" data-sizes=\"(max-width: 727px) 100vw, 727px\" src=\"data:image\/gif;base64,R0lGODlhAQABAAAAACH5BAEKAAEALAAAAAABAAEAAAICTAEAOw==\" style=\"--smush-placeholder-width: 727px; --smush-placeholder-aspect-ratio: 727\/882;\" \/><\/a><\/p>\n<p style=\"text-align: center;\">\u0130HA &#8211; 22.11.2019<\/p>\n<hr \/>\n<h1>Milliyet Gazetesi Pembenar- &#8220;Sel\u00fclit art\u0131k sadece an\u0131larda ya\u015fayacak!&#8221;<\/h1>\n<p style=\"font-size: 20px;\">Kad\u0131nlar\u0131n ciddi bir sorunu haline gelen sel\u00fclit T\u00fcrkiye\u2019de ilk kez uygulanan &#8216;skleroterapi&#8217; tedavisi ile ortadan kalkacak.<br \/>\nOp. Dr. Cafer Abbaso\u011flu, &#8220;Skleroterapi tedavisi ile sel\u00fclitler tamamen ortadan kalkacak. Sel\u00fclit art\u0131k bacaklarda de\u011fil sadece an\u0131larda ya\u015fayacak&#8221; dedi.<br \/>\nOkmeydan\u0131 Damar Merkezi Kalp ve Damar Cerrahisi Uzman\u0131 Op. Dr. Cafer Abbaso\u011flu, T\u00fcrkiye\u2019de ilk defa uygulanan sel\u00fclit tedavisi metodlar\u0131ndan skleroterapi (k\u00f6p\u00fck) tedavisi hakk\u0131nda bilgi verdi.<\/p>\n<div id=\"attachment_409\" style=\"width: 598px\" class=\"wp-caption aligncenter\"><img decoding=\"async\" aria-describedby=\"caption-attachment-409\" class=\"size-full wp-image-409 lazyload\" data-src=\"http:\/\/www.caferabbasoglu.com\/wp-content\/uploads\/2015\/09\/milliyet-pembenark.jpg\" alt=\"Milliyet Gazetesi - Pembe Nar Kad\u0131n Eki\" width=\"588\" height=\"689\" data-srcset=\"https:\/\/www.caferabbasoglu.com\/wp-content\/uploads\/2015\/09\/milliyet-pembenark.jpg 588w, https:\/\/www.caferabbasoglu.com\/wp-content\/uploads\/2015\/09\/milliyet-pembenark-256x300.jpg 256w\" data-sizes=\"(max-width: 588px) 100vw, 588px\" src=\"data:image\/gif;base64,R0lGODlhAQABAAAAACH5BAEKAAEALAAAAAABAAEAAAICTAEAOw==\" style=\"--smush-placeholder-width: 588px; --smush-placeholder-aspect-ratio: 588\/689;\" \/><p id=\"caption-attachment-409\" class=\"wp-caption-text\">Milliyet Gazetesi &#8211; Pembe Nar Kad\u0131n Eki<\/p><\/div>\n<p><a href=\"http:\/\/www.milliyet.com.tr\/selulit-artik-sadece-anilarda-yasayacak--pembenar-detay-guzellik-1299997\" target=\"_blank\" rel=\"noopener noreferrer\">http:\/\/www.milliyet.com.tr\/selulit-artik-sadece-anilarda-yasayacak&#8211;pembenar-detay-guzellik-1299997<\/a><\/p>\n<hr \/>\n<h1>Tgrt Haber &#8211; Kans\u0131z By-pass Ameliyat\u0131<\/h1>\n<p align=\"center\"><iframe data-src=\"https:\/\/www.dailymotion.com\/embed\/video\/xfn5v9\" width=\"480\" height=\"270\" frameborder=\"0\" allowfullscreen=\"allowfullscreen\" src=\"data:image\/gif;base64,R0lGODlhAQABAAAAACH5BAEKAAEALAAAAAABAAEAAAICTAEAOw==\" class=\"lazyload\" data-load-mode=\"1\"><\/iframe><\/p>\n<h1>ATV Haber &#8211; Lazer Kans\u0131z By-pass Ameliyat\u0131<\/h1>\n<p align=\"center\"><iframe data-src=\"https:\/\/www.dailymotion.com\/embed\/video\/xeh371\" width=\"480\" height=\"270\" frameborder=\"0\" allowfullscreen=\"allowfullscreen\" src=\"data:image\/gif;base64,R0lGODlhAQABAAAAACH5BAEKAAEALAAAAAABAAEAAAICTAEAOw==\" class=\"lazyload\" data-load-mode=\"1\"><\/iframe><\/p>\n<h1>TGRT &#8211; Zeynep&#8217;le Her\u015fey Onda<\/h1>\n<p align=\"center\"><iframe data-src=\"https:\/\/www.dailymotion.com\/embed\/video\/xeh2nw\" width=\"480\" height=\"270\" frameborder=\"0\" allowfullscreen=\"allowfullscreen\" src=\"data:image\/gif;base64,R0lGODlhAQABAAAAACH5BAEKAAEALAAAAAABAAEAAAICTAEAOw==\" class=\"lazyload\" data-load-mode=\"1\"><\/iframe><\/p>\n<h1><\/h1>\n","protected":false},"excerpt":{"rendered":"<p>AK\u015eAM &#8211; Diyabetik Ayaklara I\u015f\u0131kl\u0131 \u00c7\u00f6z\u00fcm AK\u015eAM &#8211; 17.02.2020 CNN T\u00dcRK &#8211; &#8220;Diyabetik Ayaklara A\u011fr\u0131s\u0131z \u00c7\u00f6z\u00fcm&#8221; CNNTURK &#8211; 23.11.2019 \u0130HA &#8211; &#8220;Diyabetik Ayaklara A\u011fr\u0131s\u0131z \u00c7\u00f6z\u00fcm&#8221; \u0130HA &#8211; 22.11.2019 Milliyet Gazetesi Pembenar- &#8220;Sel\u00fclit art\u0131k sadece an\u0131larda ya\u015fayacak!&#8221; Kad\u0131nlar\u0131n ciddi bir sorunu haline gelen sel\u00fclit T\u00fcrkiye\u2019de ilk kez uygulanan &#8216;skleroterapi&#8217; tedavisi ile ortadan kalkacak. Op. Dr. Cafer [&hellip;]<\/p>\n","protected":false},"author":5,"featured_media":0,"parent":0,"menu_order":0,"comment_status":"closed","ping_status":"closed","template":"","meta":{"two_page_speed":[],"footnotes":""},"class_list":["post-64","page","type-page","status-publish","hentry"],"translation":{"provider":"WPGlobus","version":"3.0.0","language":"en","enabled_languages":["tr","en"],"languages":{"tr":{"title":true,"content":true,"excerpt":false},"en":{"title":false,"content":false,"excerpt":false}}},"yoast_head":"<!-- This site is optimized with the Yoast SEO plugin v24.9 - https:\/\/yoast.com\/wordpress\/plugins\/seo\/ -->\n<title>Bas\u0131nda Biz - Opr.Dr.Cafer Abbaso\u011flu<\/title>\n<meta name=\"robots\" content=\"index, follow, max-snippet:-1, max-image-preview:large, max-video-preview:-1\" \/>\n<link rel=\"canonical\" href=\"https:\/\/www.caferabbasoglu.com\/basinda-biz\/\" \/>\n<meta property=\"og:locale\" content=\"en_US\" \/>\n<meta property=\"og:type\" content=\"article\" \/>\n<meta property=\"og:title\" content=\"Bas\u0131nda Biz - Opr.Dr.Cafer Abbaso\u011flu\" \/>\n<meta property=\"og:url\" content=\"https:\/\/www.caferabbasoglu.com\/basinda-biz\/\" \/>\n<meta property=\"og:site_name\" content=\"Opr.Dr.Cafer Abbaso\u011flu\" \/>\n<meta property=\"article:modified_time\" content=\"2021-05-11T15:43:13+00:00\" \/>\n<meta property=\"og:image\" content=\"http:\/\/www.caferabbasoglu.com\/wp-content\/uploads\/2020\/02\/aksam-200217.jpg\" \/>\n<meta name=\"twitter:card\" content=\"summary_large_image\" \/>\n<meta name=\"twitter:label1\" content=\"Est. reading time\" \/>\n\t<meta name=\"twitter:data1\" content=\"2 minutes\" \/>\n<script type=\"application\/ld+json\" class=\"yoast-schema-graph\">{\"@context\":\"https:\/\/schema.org\",\"@graph\":[{\"@type\":\"WebPage\",\"@id\":\"https:\/\/www.caferabbasoglu.com\/basinda-biz\/\",\"url\":\"https:\/\/www.caferabbasoglu.com\/basinda-biz\/\",\"name\":\"Bas\u0131nda Biz - Opr.Dr.Cafer Abbaso\u011flu\",\"isPartOf\":{\"@id\":\"https:\/\/www.caferabbasoglu.com\/#website\"},\"primaryImageOfPage\":{\"@id\":\"https:\/\/www.caferabbasoglu.com\/basinda-biz\/#primaryimage\"},\"image\":{\"@id\":\"https:\/\/www.caferabbasoglu.com\/basinda-biz\/#primaryimage\"},\"thumbnailUrl\":\"http:\/\/www.caferabbasoglu.com\/wp-content\/uploads\/2020\/02\/aksam-200217.jpg\",\"datePublished\":\"2015-09-09T22:33:15+00:00\",\"dateModified\":\"2021-05-11T15:43:13+00:00\",\"breadcrumb\":{\"@id\":\"https:\/\/www.caferabbasoglu.com\/basinda-biz\/#breadcrumb\"},\"inLanguage\":\"en-US\",\"potentialAction\":[{\"@type\":\"ReadAction\",\"target\":[\"https:\/\/www.caferabbasoglu.com\/basinda-biz\/\"]}]},{\"@type\":\"ImageObject\",\"inLanguage\":\"en-US\",\"@id\":\"https:\/\/www.caferabbasoglu.com\/basinda-biz\/#primaryimage\",\"url\":\"http:\/\/www.caferabbasoglu.com\/wp-content\/uploads\/2020\/02\/aksam-200217.jpg\",\"contentUrl\":\"http:\/\/www.caferabbasoglu.com\/wp-content\/uploads\/2020\/02\/aksam-200217.jpg\"},{\"@type\":\"BreadcrumbList\",\"@id\":\"https:\/\/www.caferabbasoglu.com\/basinda-biz\/#breadcrumb\",\"itemListElement\":[{\"@type\":\"ListItem\",\"position\":1,\"name\":\"Ana Sayfa\",\"item\":\"https:\/\/www.caferabbasoglu.com\/\"},{\"@type\":\"ListItem\",\"position\":2,\"name\":\"Bas\u0131nda Biz\"}]},{\"@type\":\"WebSite\",\"@id\":\"https:\/\/www.caferabbasoglu.com\/#website\",\"url\":\"https:\/\/www.caferabbasoglu.com\/\",\"name\":\"Opr.Dr.Cafer Abbaso\u011flu\",\"description\":\"Damar Hastal\u0131klar\u0131, Varis ve Diyabet Hakk\u0131nda Bilgiler\",\"publisher\":{\"@id\":\"https:\/\/www.caferabbasoglu.com\/#organization\"},\"potentialAction\":[{\"@type\":\"SearchAction\",\"target\":{\"@type\":\"EntryPoint\",\"urlTemplate\":\"https:\/\/www.caferabbasoglu.com\/?s={search_term_string}\"},\"query-input\":{\"@type\":\"PropertyValueSpecification\",\"valueRequired\":true,\"valueName\":\"search_term_string\"}}],\"inLanguage\":\"en-US\"},{\"@type\":\"Organization\",\"@id\":\"https:\/\/www.caferabbasoglu.com\/#organization\",\"name\":\"Damar Hastal\u0131klar\u0131 ve Varis Tedavileri Merkezi\",\"url\":\"https:\/\/www.caferabbasoglu.com\/\",\"logo\":{\"@type\":\"ImageObject\",\"inLanguage\":\"en-US\",\"@id\":\"https:\/\/www.caferabbasoglu.com\/#\/schema\/logo\/image\/\",\"url\":\"http:\/\/www.caferabbasoglu.com\/wp-content\/uploads\/2010\/08\/imza_eposta.jpg\",\"contentUrl\":\"http:\/\/www.caferabbasoglu.com\/wp-content\/uploads\/2010\/08\/imza_eposta.jpg\",\"width\":640,\"height\":121,\"caption\":\"Damar Hastal\u0131klar\u0131 ve Varis Tedavileri Merkezi\"},\"image\":{\"@id\":\"https:\/\/www.caferabbasoglu.com\/#\/schema\/logo\/image\/\"}}]}<\/script>\n<!-- \/ Yoast SEO plugin. -->","yoast_head_json":{"title":"Bas\u0131nda Biz - Opr.Dr.Cafer Abbaso\u011flu","robots":{"index":"index","follow":"follow","max-snippet":"max-snippet:-1","max-image-preview":"max-image-preview:large","max-video-preview":"max-video-preview:-1"},"canonical":"https:\/\/www.caferabbasoglu.com\/basinda-biz\/","og_locale":"en_US","og_type":"article","og_title":"Bas\u0131nda Biz - Opr.Dr.Cafer Abbaso\u011flu","og_url":"https:\/\/www.caferabbasoglu.com\/basinda-biz\/","og_site_name":"Opr.Dr.Cafer Abbaso\u011flu","article_modified_time":"2021-05-11T15:43:13+00:00","og_image":[{"url":"http:\/\/www.caferabbasoglu.com\/wp-content\/uploads\/2020\/02\/aksam-200217.jpg","type":"","width":"","height":""}],"twitter_card":"summary_large_image","twitter_misc":{"Est. reading time":"2 minutes"},"schema":{"@context":"https:\/\/schema.org","@graph":[{"@type":"WebPage","@id":"https:\/\/www.caferabbasoglu.com\/basinda-biz\/","url":"https:\/\/www.caferabbasoglu.com\/basinda-biz\/","name":"Bas\u0131nda Biz - Opr.Dr.Cafer Abbaso\u011flu","isPartOf":{"@id":"https:\/\/www.caferabbasoglu.com\/#website"},"primaryImageOfPage":{"@id":"https:\/\/www.caferabbasoglu.com\/basinda-biz\/#primaryimage"},"image":{"@id":"https:\/\/www.caferabbasoglu.com\/basinda-biz\/#primaryimage"},"thumbnailUrl":"http:\/\/www.caferabbasoglu.com\/wp-content\/uploads\/2020\/02\/aksam-200217.jpg","datePublished":"2015-09-09T22:33:15+00:00","dateModified":"2021-05-11T15:43:13+00:00","breadcrumb":{"@id":"https:\/\/www.caferabbasoglu.com\/basinda-biz\/#breadcrumb"},"inLanguage":"en-US","potentialAction":[{"@type":"ReadAction","target":["https:\/\/www.caferabbasoglu.com\/basinda-biz\/"]}]},{"@type":"ImageObject","inLanguage":"en-US","@id":"https:\/\/www.caferabbasoglu.com\/basinda-biz\/#primaryimage","url":"http:\/\/www.caferabbasoglu.com\/wp-content\/uploads\/2020\/02\/aksam-200217.jpg","contentUrl":"http:\/\/www.caferabbasoglu.com\/wp-content\/uploads\/2020\/02\/aksam-200217.jpg"},{"@type":"BreadcrumbList","@id":"https:\/\/www.caferabbasoglu.com\/basinda-biz\/#breadcrumb","itemListElement":[{"@type":"ListItem","position":1,"name":"Ana Sayfa","item":"https:\/\/www.caferabbasoglu.com\/"},{"@type":"ListItem","position":2,"name":"Bas\u0131nda Biz"}]},{"@type":"WebSite","@id":"https:\/\/www.caferabbasoglu.com\/#website","url":"https:\/\/www.caferabbasoglu.com\/","name":"Opr.Dr.Cafer Abbaso\u011flu","description":"Damar Hastal\u0131klar\u0131, Varis ve Diyabet Hakk\u0131nda Bilgiler","publisher":{"@id":"https:\/\/www.caferabbasoglu.com\/#organization"},"potentialAction":[{"@type":"SearchAction","target":{"@type":"EntryPoint","urlTemplate":"https:\/\/www.caferabbasoglu.com\/?s={search_term_string}"},"query-input":{"@type":"PropertyValueSpecification","valueRequired":true,"valueName":"search_term_string"}}],"inLanguage":"en-US"},{"@type":"Organization","@id":"https:\/\/www.caferabbasoglu.com\/#organization","name":"Damar Hastal\u0131klar\u0131 ve Varis Tedavileri Merkezi","url":"https:\/\/www.caferabbasoglu.com\/","logo":{"@type":"ImageObject","inLanguage":"en-US","@id":"https:\/\/www.caferabbasoglu.com\/#\/schema\/logo\/image\/","url":"http:\/\/www.caferabbasoglu.com\/wp-content\/uploads\/2010\/08\/imza_eposta.jpg","contentUrl":"http:\/\/www.caferabbasoglu.com\/wp-content\/uploads\/2010\/08\/imza_eposta.jpg","width":640,"height":121,"caption":"Damar Hastal\u0131klar\u0131 ve Varis Tedavileri Merkezi"},"image":{"@id":"https:\/\/www.caferabbasoglu.com\/#\/schema\/logo\/image\/"}}]}},"_links":{"self":[{"href":"https:\/\/www.caferabbasoglu.com\/en\/wp-json\/wp\/v2\/pages\/64","targetHints":{"allow":["GET"]}}],"collection":[{"href":"https:\/\/www.caferabbasoglu.com\/en\/wp-json\/wp\/v2\/pages"}],"about":[{"href":"https:\/\/www.caferabbasoglu.com\/en\/wp-json\/wp\/v2\/types\/page"}],"author":[{"embeddable":true,"href":"https:\/\/www.caferabbasoglu.com\/en\/wp-json\/wp\/v2\/users\/5"}],"replies":[{"embeddable":true,"href":"https:\/\/www.caferabbasoglu.com\/en\/wp-json\/wp\/v2\/comments?post=64"}],"version-history":[{"count":31,"href":"https:\/\/www.caferabbasoglu.com\/en\/wp-json\/wp\/v2\/pages\/64\/revisions"}],"predecessor-version":[{"id":692,"href":"https:\/\/www.caferabbasoglu.com\/en\/wp-json\/wp\/v2\/pages\/64\/revisions\/692"}],"wp:attachment":[{"href":"https:\/\/www.caferabbasoglu.com\/en\/wp-json\/wp\/v2\/media?parent=64"}],"curies":[{"name":"wp","href":"https:\/\/api.w.org\/{rel}","templated":true}]}}