{"id":9,"date":"2010-07-27T18:59:57","date_gmt":"2010-07-27T15:59:57","guid":{"rendered":"http:\/\/caferabbasoglu.moldibi.com\/varis-tipleri\/"},"modified":"2015-10-24T10:41:36","modified_gmt":"2015-10-24T07:41:36","slug":"varis-tipleri","status":"publish","type":"page","link":"https:\/\/www.caferabbasoglu.com\/en\/varis-tipleri\/","title":{"rendered":"Varis tipleri"},"content":{"rendered":"<ol>\n<li>Cilt i\u00e7i k\u0131lcal damarlar. A\u011f gibi ince k\u0131rm\u0131z\u0131-mor \u00e7izgiler halinde varisler<\/li>\n<li>Cilt alt\u0131nda daha geni\u015f ince k\u00fc\u00e7\u00fck damarlar\u0131n varisi<\/li>\n<li>Ana toplar damarda varis &#8230;.<\/li>\n<\/ol>\n<p>Birinci ve ikinci tip varisler sadece kozmatik sorun olu\u015fturur ve hastalar\u0131n \u015fikayetleri hafifdir.<br \/>\nAncak 3.tip varisler ayak ve bacaklarda cilt problemlerinin yan\u0131 s\u0131ra her iki alt ekstremitede kramp, a\u011fr\u0131, s\u0131z\u0131 , s\u0131cakl\u0131k duygusu , \u00f6dem , varis ekzemas\u0131, pigmantasyon , varis \u00fclseri, troboflebit ,derin ven trombozu ve akci\u011fer embolisi olu\u015fturabilir.<\/p>\n<p style=\"text-align: center;\"><strong>Tip 1<\/strong><\/p>\n<table border=\"0\" cellspacing=\"0\" cellpadding=\"0\" align=\"center\">\n<tbody>\n<tr>\n<td style=\"text-align: center;\"><img decoding=\"async\" class=\"size-full wp-image-3 lazyload\" style=\"--smush-placeholder-width: 162px; --smush-placeholder-aspect-ratio: 162\/288;width: 162px; height: 288px;\" data-src=\"\/wp-content\/uploads\/2010\/07\/1.jpg\" alt=\"\" width=\"162\" height=\"288\" src=\"data:image\/gif;base64,R0lGODlhAQABAAAAACH5BAEKAAEALAAAAAABAAEAAAICTAEAOw==\" \/><\/td>\n<td style=\"text-align: center;\"><img decoding=\"async\" class=\"size-full wp-image-4 lazyload\" style=\"--smush-placeholder-width: 162px; --smush-placeholder-aspect-ratio: 162\/217;height: 288px; width: 215px;\" data-src=\"\/wp-content\/uploads\/2010\/07\/11.jpg\" alt=\"\" width=\"162\" height=\"217\" src=\"data:image\/gif;base64,R0lGODlhAQABAAAAACH5BAEKAAEALAAAAAABAAEAAAICTAEAOw==\" \/><\/td>\n<\/tr>\n<tr>\n<td style=\"text-align: center;\"><\/td>\n<td style=\"text-align: center;\"><\/td>\n<\/tr>\n<\/tbody>\n<\/table>\n<p style=\"text-align: center;\">Cilt i\u00e7i k\u0131l\u00e7al varisler; A\u011f gibi ince k\u0131rm\u0131z\u0131-mor \u00e7izgiler halinde varisler.<\/p>\n<p style=\"text-align: center;\"><strong>Tip 2<\/strong><\/p>\n<table border=\"0\" cellspacing=\"0\" cellpadding=\"0\" align=\"center\">\n<tbody>\n<tr>\n<td style=\"text-align: center;\"><img decoding=\"async\" class=\"size-full wp-image-5 lazyload\" style=\"--smush-placeholder-width: 162px; --smush-placeholder-aspect-ratio: 162\/288;width: 162px; height: 288px;\" data-src=\"\/wp-content\/uploads\/2010\/07\/2.jpg\" alt=\"\" width=\"162\" height=\"288\" src=\"data:image\/gif;base64,R0lGODlhAQABAAAAACH5BAEKAAEALAAAAAABAAEAAAICTAEAOw==\" \/><\/td>\n<td style=\"text-align: center;\"><img decoding=\"async\" class=\"size-full wp-image-6 lazyload\" style=\"--smush-placeholder-width: 162px; --smush-placeholder-aspect-ratio: 162\/216;height: 288px; width: 215px;\" data-src=\"\/wp-content\/uploads\/2010\/07\/22.jpg\" alt=\"\" width=\"162\" height=\"216\" src=\"data:image\/gif;base64,R0lGODlhAQABAAAAACH5BAEKAAEALAAAAAABAAEAAAICTAEAOw==\" \/><\/td>\n<\/tr>\n<tr>\n<td style=\"text-align: center;\"><\/td>\n<td style=\"text-align: center;\"><\/td>\n<\/tr>\n<\/tbody>\n<\/table>\n<p style=\"text-align: center;\">Cilt alt\u0131nda nispeten daha geni\u015f ancak ince k\u00fc\u00e7\u00fck damarlar\u0131n varisleri.<\/p>\n<p style=\"text-align: center;\"><strong>Tip 3<\/strong><\/p>\n<table border=\"0\" cellspacing=\"0\" cellpadding=\"0\" align=\"center\">\n<tbody>\n<tr>\n<td><img decoding=\"async\" class=\"size-full wp-image-7 lazyload\" style=\"--smush-placeholder-width: 162px; --smush-placeholder-aspect-ratio: 162\/165;width: 162px; height: 288px;\" data-src=\"\/wp-content\/uploads\/2010\/07\/333.jpg\" alt=\"\" width=\"162\" height=\"165\" src=\"data:image\/gif;base64,R0lGODlhAQABAAAAACH5BAEKAAEALAAAAAABAAEAAAICTAEAOw==\" \/><\/td>\n<td><img decoding=\"async\" class=\"size-full wp-image-8 lazyload\" style=\"--smush-placeholder-width: 162px; --smush-placeholder-aspect-ratio: 162\/216;height: 288px; width: 215px;\" data-src=\"\/wp-content\/uploads\/2010\/07\/33.jpg\" alt=\"\" width=\"162\" height=\"216\" src=\"data:image\/gif;base64,R0lGODlhAQABAAAAACH5BAEKAAEALAAAAAABAAEAAAICTAEAOw==\" \/><\/td>\n<\/tr>\n<tr>\n<td><\/td>\n<td><\/td>\n<\/tr>\n<\/tbody>\n<\/table>\n<p style=\"text-align: center;\">Bir ana toplar damar\u0131n ve\/veya bir dal\u0131n\u0131n geni\u015flemesi vena safena magna varisi.<\/p>\n","protected":false},"excerpt":{"rendered":"<p>Cilt i\u00e7i k\u0131lcal damarlar. A\u011f gibi ince k\u0131rm\u0131z\u0131-mor \u00e7izgiler halinde varisler Cilt alt\u0131nda daha geni\u015f ince k\u00fc\u00e7\u00fck damarlar\u0131n varisi Ana toplar damarda varis &#8230;. Birinci ve ikinci tip varisler sadece kozmatik sorun olu\u015fturur ve hastalar\u0131n \u015fikayetleri hafifdir. Ancak 3.tip varisler ayak ve bacaklarda cilt problemlerinin yan\u0131 s\u0131ra her iki alt ekstremitede kramp, a\u011fr\u0131, s\u0131z\u0131 , [&hellip;]<\/p>\n","protected":false},"author":5,"featured_media":0,"parent":0,"menu_order":6,"comment_status":"closed","ping_status":"closed","template":"","meta":{"two_page_speed":[],"footnotes":""},"class_list":["post-9","page","type-page","status-publish","hentry"],"translation":{"provider":"WPGlobus","version":"3.0.0","language":"en","enabled_languages":["tr","en"],"languages":{"tr":{"title":true,"content":true,"excerpt":false},"en":{"title":false,"content":false,"excerpt":false}}},"yoast_head":"<!-- This site is optimized with the Yoast SEO plugin v24.9 - https:\/\/yoast.com\/wordpress\/plugins\/seo\/ -->\n<title>Varis tipleri - Opr.Dr.Cafer Abbaso\u011flu<\/title>\n<meta name=\"robots\" content=\"index, follow, max-snippet:-1, max-image-preview:large, max-video-preview:-1\" \/>\n<link rel=\"canonical\" href=\"https:\/\/www.caferabbasoglu.com\/varis-tipleri\/\" \/>\n<meta property=\"og:locale\" content=\"en_US\" \/>\n<meta property=\"og:type\" content=\"article\" \/>\n<meta property=\"og:title\" content=\"Varis tipleri - Opr.Dr.Cafer Abbaso\u011flu\" \/>\n<meta property=\"og:url\" content=\"https:\/\/www.caferabbasoglu.com\/varis-tipleri\/\" \/>\n<meta property=\"og:site_name\" content=\"Opr.Dr.Cafer Abbaso\u011flu\" \/>\n<meta property=\"article:modified_time\" content=\"2015-10-24T07:41:36+00:00\" \/>\n<meta name=\"twitter:card\" content=\"summary_large_image\" \/>\n<meta name=\"twitter:label1\" content=\"Est. reading time\" \/>\n\t<meta name=\"twitter:data1\" content=\"1 minute\" \/>\n<script type=\"application\/ld+json\" class=\"yoast-schema-graph\">{\"@context\":\"https:\/\/schema.org\",\"@graph\":[{\"@type\":\"WebPage\",\"@id\":\"https:\/\/www.caferabbasoglu.com\/varis-tipleri\/\",\"url\":\"https:\/\/www.caferabbasoglu.com\/varis-tipleri\/\",\"name\":\"Varis tipleri - Opr.Dr.Cafer Abbaso\u011flu\",\"isPartOf\":{\"@id\":\"https:\/\/www.caferabbasoglu.com\/#website\"},\"datePublished\":\"2010-07-27T15:59:57+00:00\",\"dateModified\":\"2015-10-24T07:41:36+00:00\",\"breadcrumb\":{\"@id\":\"https:\/\/www.caferabbasoglu.com\/varis-tipleri\/#breadcrumb\"},\"inLanguage\":\"en-US\",\"potentialAction\":[{\"@type\":\"ReadAction\",\"target\":[\"https:\/\/www.caferabbasoglu.com\/varis-tipleri\/\"]}]},{\"@type\":\"BreadcrumbList\",\"@id\":\"https:\/\/www.caferabbasoglu.com\/varis-tipleri\/#breadcrumb\",\"itemListElement\":[{\"@type\":\"ListItem\",\"position\":1,\"name\":\"Ana Sayfa\",\"item\":\"https:\/\/www.caferabbasoglu.com\/\"},{\"@type\":\"ListItem\",\"position\":2,\"name\":\"Varis tipleri\"}]},{\"@type\":\"WebSite\",\"@id\":\"https:\/\/www.caferabbasoglu.com\/#website\",\"url\":\"https:\/\/www.caferabbasoglu.com\/\",\"name\":\"Opr.Dr.Cafer Abbaso\u011flu\",\"description\":\"Damar Hastal\u0131klar\u0131, Varis ve Diyabet Hakk\u0131nda Bilgiler\",\"publisher\":{\"@id\":\"https:\/\/www.caferabbasoglu.com\/#organization\"},\"potentialAction\":[{\"@type\":\"SearchAction\",\"target\":{\"@type\":\"EntryPoint\",\"urlTemplate\":\"https:\/\/www.caferabbasoglu.com\/?s={search_term_string}\"},\"query-input\":{\"@type\":\"PropertyValueSpecification\",\"valueRequired\":true,\"valueName\":\"search_term_string\"}}],\"inLanguage\":\"en-US\"},{\"@type\":\"Organization\",\"@id\":\"https:\/\/www.caferabbasoglu.com\/#organization\",\"name\":\"Damar Hastal\u0131klar\u0131 ve Varis Tedavileri Merkezi\",\"url\":\"https:\/\/www.caferabbasoglu.com\/\",\"logo\":{\"@type\":\"ImageObject\",\"inLanguage\":\"en-US\",\"@id\":\"https:\/\/www.caferabbasoglu.com\/#\/schema\/logo\/image\/\",\"url\":\"http:\/\/www.caferabbasoglu.com\/wp-content\/uploads\/2010\/08\/imza_eposta.jpg\",\"contentUrl\":\"http:\/\/www.caferabbasoglu.com\/wp-content\/uploads\/2010\/08\/imza_eposta.jpg\",\"width\":640,\"height\":121,\"caption\":\"Damar Hastal\u0131klar\u0131 ve Varis Tedavileri Merkezi\"},\"image\":{\"@id\":\"https:\/\/www.caferabbasoglu.com\/#\/schema\/logo\/image\/\"}}]}<\/script>\n<!-- \/ Yoast SEO plugin. -->","yoast_head_json":{"title":"Varis tipleri - Opr.Dr.Cafer Abbaso\u011flu","robots":{"index":"index","follow":"follow","max-snippet":"max-snippet:-1","max-image-preview":"max-image-preview:large","max-video-preview":"max-video-preview:-1"},"canonical":"https:\/\/www.caferabbasoglu.com\/varis-tipleri\/","og_locale":"en_US","og_type":"article","og_title":"Varis tipleri - Opr.Dr.Cafer Abbaso\u011flu","og_url":"https:\/\/www.caferabbasoglu.com\/varis-tipleri\/","og_site_name":"Opr.Dr.Cafer Abbaso\u011flu","article_modified_time":"2015-10-24T07:41:36+00:00","twitter_card":"summary_large_image","twitter_misc":{"Est. reading time":"1 minute"},"schema":{"@context":"https:\/\/schema.org","@graph":[{"@type":"WebPage","@id":"https:\/\/www.caferabbasoglu.com\/varis-tipleri\/","url":"https:\/\/www.caferabbasoglu.com\/varis-tipleri\/","name":"Varis tipleri - Opr.Dr.Cafer Abbaso\u011flu","isPartOf":{"@id":"https:\/\/www.caferabbasoglu.com\/#website"},"datePublished":"2010-07-27T15:59:57+00:00","dateModified":"2015-10-24T07:41:36+00:00","breadcrumb":{"@id":"https:\/\/www.caferabbasoglu.com\/varis-tipleri\/#breadcrumb"},"inLanguage":"en-US","potentialAction":[{"@type":"ReadAction","target":["https:\/\/www.caferabbasoglu.com\/varis-tipleri\/"]}]},{"@type":"BreadcrumbList","@id":"https:\/\/www.caferabbasoglu.com\/varis-tipleri\/#breadcrumb","itemListElement":[{"@type":"ListItem","position":1,"name":"Ana Sayfa","item":"https:\/\/www.caferabbasoglu.com\/"},{"@type":"ListItem","position":2,"name":"Varis tipleri"}]},{"@type":"WebSite","@id":"https:\/\/www.caferabbasoglu.com\/#website","url":"https:\/\/www.caferabbasoglu.com\/","name":"Opr.Dr.Cafer Abbaso\u011flu","description":"Damar Hastal\u0131klar\u0131, Varis ve Diyabet Hakk\u0131nda Bilgiler","publisher":{"@id":"https:\/\/www.caferabbasoglu.com\/#organization"},"potentialAction":[{"@type":"SearchAction","target":{"@type":"EntryPoint","urlTemplate":"https:\/\/www.caferabbasoglu.com\/?s={search_term_string}"},"query-input":{"@type":"PropertyValueSpecification","valueRequired":true,"valueName":"search_term_string"}}],"inLanguage":"en-US"},{"@type":"Organization","@id":"https:\/\/www.caferabbasoglu.com\/#organization","name":"Damar Hastal\u0131klar\u0131 ve Varis Tedavileri Merkezi","url":"https:\/\/www.caferabbasoglu.com\/","logo":{"@type":"ImageObject","inLanguage":"en-US","@id":"https:\/\/www.caferabbasoglu.com\/#\/schema\/logo\/image\/","url":"http:\/\/www.caferabbasoglu.com\/wp-content\/uploads\/2010\/08\/imza_eposta.jpg","contentUrl":"http:\/\/www.caferabbasoglu.com\/wp-content\/uploads\/2010\/08\/imza_eposta.jpg","width":640,"height":121,"caption":"Damar Hastal\u0131klar\u0131 ve Varis Tedavileri Merkezi"},"image":{"@id":"https:\/\/www.caferabbasoglu.com\/#\/schema\/logo\/image\/"}}]}},"_links":{"self":[{"href":"https:\/\/www.caferabbasoglu.com\/en\/wp-json\/wp\/v2\/pages\/9","targetHints":{"allow":["GET"]}}],"collection":[{"href":"https:\/\/www.caferabbasoglu.com\/en\/wp-json\/wp\/v2\/pages"}],"about":[{"href":"https:\/\/www.caferabbasoglu.com\/en\/wp-json\/wp\/v2\/types\/page"}],"author":[{"embeddable":true,"href":"https:\/\/www.caferabbasoglu.com\/en\/wp-json\/wp\/v2\/users\/5"}],"replies":[{"embeddable":true,"href":"https:\/\/www.caferabbasoglu.com\/en\/wp-json\/wp\/v2\/comments?post=9"}],"version-history":[{"count":0,"href":"https:\/\/www.caferabbasoglu.com\/en\/wp-json\/wp\/v2\/pages\/9\/revisions"}],"wp:attachment":[{"href":"https:\/\/www.caferabbasoglu.com\/en\/wp-json\/wp\/v2\/media?parent=9"}],"curies":[{"name":"wp","href":"https:\/\/api.w.org\/{rel}","templated":true}]}}